{"id":10440,"date":"2024-01-23T13:47:41","date_gmt":"2024-01-23T13:47:41","guid":{"rendered":"https:\/\/butterflies4events.com\/shop\/eliberarea-fluturelui-personal\/"},"modified":"2026-02-10T16:56:12","modified_gmt":"2026-02-10T16:56:12","slug":"eliberarea-fluturelui-personal","status":"publish","type":"product","link":"https:\/\/butterflies4events.com\/ro\/shop\/eliberarea-fluturelui-personal\/","title":{"rendered":"Eliberare personal\u0103"},"content":{"rendered":"\t\t<div data-elementor-type=\"product-post\" data-elementor-id=\"10440\" class=\"elementor elementor-10440 elementor-1169\" data-elementor-post-type=\"product\">\n\t\t\t\t<div class=\"elementor-element elementor-element-2fe6b0aa e-flex e-con-boxed e-con e-parent\" data-id=\"2fe6b0aa\" data-element_type=\"container\" data-e-type=\"container\">\n\t\t\t\t\t<div class=\"e-con-inner\">\n\t\t\t\t<div class=\"elementor-element elementor-element-4eb76a41 elementor-widget elementor-widget-text-editor\" data-id=\"4eb76a41\" data-element_type=\"widget\" data-e-type=\"widget\" data-widget_type=\"text-editor.default\">\n\t\t\t\t<div class=\"elementor-widget-container\">\n\t\t\t\t\t\t\t\t\t<p data-start=\"132\" data-end=\"505\"><strong>Eliberarea personal\u0103 (de fluturi)<\/strong> ofer\u0103 o experien\u021b\u0103 cu adev\u0103rat exclusiv\u0103, permi\u021b\u00e2nd fiec\u0103rui invitat s\u0103 elibereze propriul fluture dintr-o cutiu\u021b\u0103 individual\u0103. Acest lucru creeaz\u0103 o leg\u0103tur\u0103 direct\u0103 \u00eentre fluture \u0219i persoan\u0103, f\u0103c\u00e2nd momentul \u0219i mai emo\u021bionant \u0219i memorabil. \u00cen special copiii vor aprecia momentul \u0219i vor fi fascina\u021bi de frumuse\u021bea fluturilor.  <\/p>\t\t\t\t\t\t\t\t<\/div>\n\t\t\t\t<\/div>\n\t\t\t\t<div class=\"elementor-element elementor-element-7b65c56 elementor-widget elementor-widget-text-editor\" data-id=\"7b65c56\" data-element_type=\"widget\" data-e-type=\"widget\" data-widget_type=\"text-editor.default\">\n\t\t\t\t<div class=\"elementor-widget-container\">\n\t\t\t\t\t\t\t\t\t<p data-start=\"507\" data-end=\"620\"><strong data-start=\"507\" data-end=\"618\">Comanda\u021bi acum \u0219i crea\u021bi un moment unic \u0219i de neuitat pentru invita\u021bii dumneavoastr\u0103 cu Eliberarea personal\u0103 de fluturi!<\/strong><\/p>\t\t\t\t\t\t\t\t<\/div>\n\t\t\t\t<\/div>\n\t\t<div class=\"elementor-element elementor-element-d7e02e8 e-con-full e-flex e-con e-child\" data-id=\"d7e02e8\" data-element_type=\"container\" data-e-type=\"container\">\n\t\t\t\t<div class=\"elementor-element elementor-element-384a591 elementor-widget elementor-widget-video\" data-id=\"384a591\" data-element_type=\"widget\" data-e-type=\"widget\" data-settings=\"{&quot;youtube_url&quot;:&quot;https:\\\/\\\/youtube.com\\\/shorts\\\/6AVNq4dbljU&quot;,&quot;autoplay&quot;:&quot;yes&quot;,&quot;play_on_mobile&quot;:&quot;yes&quot;,&quot;mute&quot;:&quot;yes&quot;,&quot;loop&quot;:&quot;yes&quot;,&quot;cc_load_policy&quot;:&quot;yes&quot;,&quot;yt_privacy&quot;:&quot;yes&quot;,&quot;lazy_load&quot;:&quot;yes&quot;,&quot;video_type&quot;:&quot;youtube&quot;,&quot;controls&quot;:&quot;yes&quot;}\" data-widget_type=\"video.default\">\n\t\t\t\t<div class=\"elementor-widget-container\">\n\t\t\t\t\t\t\t<div class=\"elementor-wrapper elementor-open-inline\">\n\t\t\t<div class=\"elementor-video\"><\/div>\t\t<\/div>\n\t\t\t\t\t\t<\/div>\n\t\t\t\t<\/div>\n\t\t\t\t<div class=\"elementor-element elementor-element-b7dc2c6 elementor-widget elementor-widget-video\" data-id=\"b7dc2c6\" data-element_type=\"widget\" data-e-type=\"widget\" data-settings=\"{&quot;youtube_url&quot;:&quot;https:\\\/\\\/youtube.com\\\/shorts\\\/i0pTmB8daB0&quot;,&quot;autoplay&quot;:&quot;yes&quot;,&quot;play_on_mobile&quot;:&quot;yes&quot;,&quot;mute&quot;:&quot;yes&quot;,&quot;loop&quot;:&quot;yes&quot;,&quot;cc_load_policy&quot;:&quot;yes&quot;,&quot;yt_privacy&quot;:&quot;yes&quot;,&quot;lazy_load&quot;:&quot;yes&quot;,&quot;video_type&quot;:&quot;youtube&quot;,&quot;controls&quot;:&quot;yes&quot;}\" data-widget_type=\"video.default\">\n\t\t\t\t<div class=\"elementor-widget-container\">\n\t\t\t\t\t\t\t<div class=\"elementor-wrapper elementor-open-inline\">\n\t\t\t<div class=\"elementor-video\"><\/div>\t\t<\/div>\n\t\t\t\t\t\t<\/div>\n\t\t\t\t<\/div>\n\t\t\t\t<\/div>\n\t\t<div class=\"elementor-element elementor-element-58bd755 e-con-full e-flex e-con e-child\" data-id=\"58bd755\" data-element_type=\"container\" data-e-type=\"container\">\n\t\t\t\t<div class=\"elementor-element elementor-element-55da154 elementor-widget elementor-widget-text-editor\" data-id=\"55da154\" data-element_type=\"widget\" data-e-type=\"widget\" data-widget_type=\"text-editor.default\">\n\t\t\t\t<div class=\"elementor-widget-container\">\n\t\t\t\t\t\t\t\t\t<p>Caracteristici principale<\/p>\t\t\t\t\t\t\t\t<\/div>\n\t\t\t\t<\/div>\n\t\t\t\t<div class=\"elementor-element elementor-element-1b1e15c elementor-widget elementor-widget-text-editor\" data-id=\"1b1e15c\" data-element_type=\"widget\" data-e-type=\"widget\" data-widget_type=\"text-editor.default\">\n\t\t\t\t<div class=\"elementor-widget-container\">\n\t\t\t\t\t\t\t\t\t<p><strong>Participare exclusiv\u0103<\/strong><\/p><p>Un moment unic, perfect pentru implicarea persoanelor de toate v\u00e2rstele. Fiecare oaspete devine protagonist prin eliberarea unui fluture, f\u0103c\u00e2nd experien\u021ba profund personal\u0103 \u0219i de neuitat. <\/p>\t\t\t\t\t\t\t\t<\/div>\n\t\t\t\t<\/div>\n\t\t\t\t<div class=\"elementor-element elementor-element-2eba8d9 elementor-widget elementor-widget-text-editor\" data-id=\"2eba8d9\" data-element_type=\"widget\" data-e-type=\"widget\" data-widget_type=\"text-editor.default\">\n\t\t\t\t<div class=\"elementor-widget-container\">\n\t\t\t\t\t\t\t\t\t<p><strong>Personalizare<\/strong><\/p><p>Alege\u021bi dintre diferite specii de fluturi \u0219i num\u0103rul de cutii individuale pentru a potrivi perfect lansarea la evenimentul dvs.<\/p>\t\t\t\t\t\t\t\t<\/div>\n\t\t\t\t<\/div>\n\t\t\t\t<div class=\"elementor-element elementor-element-e9a7f9d elementor-widget elementor-widget-text-editor\" data-id=\"e9a7f9d\" data-element_type=\"widget\" data-e-type=\"widget\" data-widget_type=\"text-editor.default\">\n\t\t\t\t<div class=\"elementor-widget-container\">\n\t\t\t\t\t\t\t\t\t<p><strong>O alegere etic\u0103 \u0219i durabil\u0103<\/strong><\/p><p data-start=\"1017\" data-end=\"1458\">Nu numai c\u0103 eliberarea va face ca s\u0103rb\u0103toarea dvs. s\u0103 fie unic\u0103, dar va contribui \u0219i la protejarea biodiversit\u0103\u021bii, deoarece fluturii sunt polenizatori importan\u021bi. Odat\u0103 elibera\u021bi, fluturii \u00ee\u0219i vor continua ciclul natural de via\u021b\u0103 \u00een s\u0103lb\u0103ticie. Ace\u0219tia sunt transporta\u021bi \u00een siguran\u021b\u0103 \u00een ambalaje cu temperatur\u0103 stabilizat\u0103. Pentru a respecta ciclul lor biologic, este posibil ca anumite specii s\u0103 nu fie disponibile \u00een func\u021bie de anotimpul evenimentului dvs.   <\/p>\t\t\t\t\t\t\t\t<\/div>\n\t\t\t\t<\/div>\n\t\t\t\t<\/div>\n\t\t\t\t\t<\/div>\n\t\t\t\t<\/div>\n\t\t\t\t<\/div>\n\t\t","protected":false},"excerpt":{"rendered":"<p><span style=\"font-weight: 400;\">Nel Rilascio Personale ogni ospite sar\u00e0 omaggiato con una scatolina contenente una singola farfalla, pronta ad alzare il volo nel momento dell&#8217;evento. Il Rilascio Personale pu\u00f2 essere accoppiato al Rilascio a Nuvola. <\/span><\/p>\n","protected":false},"featured_media":10897,"comment_status":"open","ping_status":"closed","template":"","meta":{"_acf_changed":false},"product_brand":[],"product_cat":[164],"product_tag":[],"class_list":{"0":"post-10440","1":"product","2":"type-product","3":"status-publish","4":"has-post-thumbnail","6":"product_cat-selectiile-noastre","7":"product_shipping_class-transport-cu-temperatura-controlata","9":"first","10":"instock","11":"taxable","12":"shipping-taxable","13":"product-type-variable","14":"wvs-archive-product-wrapper"},"acf":{"custom_text_a":"Romeo \u0219i Julieta\n20 iunie 2020","custom_text_a_source":{"label":"Custom Text A","type":"textarea","formatted_value":"Romeo \u0219i Julieta\n20 iunie 2020"},"custom_text_b":"Nu-\u021bi irosi dragostea pentru cineva care nu o pre\u021buie\u0219te.","custom_text_b_source":{"label":"Custom Text B","type":"textarea","formatted_value":"Nu-\u021bi irosi dragostea pentru cineva care nu o pre\u021buie\u0219te."}},"_links":{"self":[{"href":"https:\/\/butterflies4events.com\/ro\/wp-json\/wp\/v2\/product\/10440","targetHints":{"allow":["GET"]}}],"collection":[{"href":"https:\/\/butterflies4events.com\/ro\/wp-json\/wp\/v2\/product"}],"about":[{"href":"https:\/\/butterflies4events.com\/ro\/wp-json\/wp\/v2\/types\/product"}],"replies":[{"embeddable":true,"href":"https:\/\/butterflies4events.com\/ro\/wp-json\/wp\/v2\/comments?post=10440"}],"version-history":[{"count":5,"href":"https:\/\/butterflies4events.com\/ro\/wp-json\/wp\/v2\/product\/10440\/revisions"}],"predecessor-version":[{"id":13112,"href":"https:\/\/butterflies4events.com\/ro\/wp-json\/wp\/v2\/product\/10440\/revisions\/13112"}],"wp:featuredmedia":[{"embeddable":true,"href":"https:\/\/butterflies4events.com\/ro\/wp-json\/wp\/v2\/media\/10897"}],"wp:attachment":[{"href":"https:\/\/butterflies4events.com\/ro\/wp-json\/wp\/v2\/media?parent=10440"}],"wp:term":[{"taxonomy":"product_brand","embeddable":true,"href":"https:\/\/butterflies4events.com\/ro\/wp-json\/wp\/v2\/product_brand?post=10440"},{"taxonomy":"product_cat","embeddable":true,"href":"https:\/\/butterflies4events.com\/ro\/wp-json\/wp\/v2\/product_cat?post=10440"},{"taxonomy":"product_tag","embeddable":true,"href":"https:\/\/butterflies4events.com\/ro\/wp-json\/wp\/v2\/product_tag?post=10440"}],"curies":[{"name":"wp","href":"https:\/\/api.w.org\/{rel}","templated":true}]}}