{"id":10352,"date":"2024-01-23T13:52:37","date_gmt":"2024-01-23T13:52:37","guid":{"rendered":"https:\/\/butterflies4events.com\/shop\/eliberarea-fluturelui-nor\/"},"modified":"2026-01-19T17:00:02","modified_gmt":"2026-01-19T17:00:02","slug":"eliberarea-fluturelui-nor","status":"publish","type":"product","link":"https:\/\/butterflies4events.com\/ro\/shop\/eliberarea-fluturelui-nor\/","title":{"rendered":"Eliberare \u00een nori"},"content":{"rendered":"\t\t<div data-elementor-type=\"product-post\" data-elementor-id=\"10352\" class=\"elementor elementor-10352 elementor-1162\" data-elementor-post-type=\"product\">\n\t\t\t\t<div class=\"elementor-element elementor-element-8ecce4f e-flex e-con-boxed e-con e-parent\" data-id=\"8ecce4f\" data-element_type=\"container\" data-e-type=\"container\">\n\t\t\t\t\t<div class=\"e-con-inner\">\n\t\t\t\t<div class=\"elementor-element elementor-element-dcec4dd elementor-widget elementor-widget-text-editor\" data-id=\"dcec4dd\" data-element_type=\"widget\" data-e-type=\"widget\" data-widget_type=\"text-editor.default\">\n\t\t\t\t<div class=\"elementor-widget-container\">\n\t\t\t\t\t\t\t\t\t<p><strong>Eliberarea de nori (fluturi)<\/strong> este perfect\u0103 pentru cei care doresc s\u0103 \u00ee\u0219i impresioneze invita\u021bii. \u00cen momentul Eliber\u0103rii, to\u021bi fluturii \u00ee\u0219i deschid aripile \u0219i zboar\u0103 dintr-o singur\u0103 cutie, cre\u00e2nd un &#8222;efect de nor&#8221; magic care va surprinde \u0219i va \u00eenc\u00e2nta to\u021bi participan\u021bii. <\/p>\t\t\t\t\t\t\t\t<\/div>\n\t\t\t\t<\/div>\n\t\t\t\t<div class=\"elementor-element elementor-element-ae31dcd elementor-widget elementor-widget-text-editor\" data-id=\"ae31dcd\" data-element_type=\"widget\" data-e-type=\"widget\" data-widget_type=\"text-editor.default\">\n\t\t\t\t<div class=\"elementor-widget-container\">\n\t\t\t\t\t\t\t\t\t<p data-start=\"374\" data-end=\"462\"><strong data-start=\"374\" data-end=\"460\">Comand\u0103 acum \u0219i \u00eenc\u00e2nt\u0103-\u021bi evenimentul cu Eliberarea \u00een nori!<\/strong><\/p>\t\t\t\t\t\t\t\t<\/div>\n\t\t\t\t<\/div>\n\t\t<div class=\"elementor-element elementor-element-1e143c1 e-con-full e-flex e-con e-child\" data-id=\"1e143c1\" data-element_type=\"container\" data-e-type=\"container\">\n\t\t\t\t<div class=\"elementor-element elementor-element-2695c78 elementor-widget elementor-widget-text-editor\" data-id=\"2695c78\" data-element_type=\"widget\" data-e-type=\"widget\" data-widget_type=\"text-editor.default\">\n\t\t\t\t<div class=\"elementor-widget-container\">\n\t\t\t\t\t\t\t\t\t<h3 data-start=\"469\" data-end=\"487\">Caracteristici principale<\/h3>\t\t\t\t\t\t\t\t<\/div>\n\t\t\t\t<\/div>\n\t\t\t\t<div class=\"elementor-element elementor-element-2c54db1 elementor-widget elementor-widget-text-editor\" data-id=\"2c54db1\" data-element_type=\"widget\" data-e-type=\"widget\" data-widget_type=\"text-editor.default\">\n\t\t\t\t<div class=\"elementor-widget-container\">\n\t\t\t\t\t\t\t\t\t<p><strong data-start=\"489\" data-end=\"517\">O amintire care dureaz\u0103 pentru totdeauna<\/strong><\/p>\n<p style=\"font-weight: 400;\">To\u021bi participan\u021bii vor fi uimi\u021bi de puternica \u0219i emo\u021bionanta (impresie) datorat\u0103 zborului simultan al fluturilor to\u021bi \u00eempreun\u0103 \u00een aer.<\/p>\n<p>Un efect vizual spectaculos c\u00e2nd zeci de fluturi se ridic\u0103 \u00een aer deodat\u0103. Impactul este emo\u021bional, puternic \u0219i de neuitat. <\/p>\t\t\t\t\t\t\t\t<\/div>\n\t\t\t\t<\/div>\n\t\t\t\t<div class=\"elementor-element elementor-element-f6567b3 elementor-widget elementor-widget-text-editor\" data-id=\"f6567b3\" data-element_type=\"widget\" data-e-type=\"widget\" data-widget_type=\"text-editor.default\">\n\t\t\t\t<div class=\"elementor-widget-container\">\n\t\t\t\t\t\t\t\t\t<p><strong data-start=\"661\" data-end=\"678\">Personalizare<\/strong><\/p><p>Alege num\u0103rul de fluturi, specia \u0219i culoarea panglicii pentru a se potrivi perfect evenimentului t\u0103u.<\/p>\t\t\t\t\t\t\t\t<\/div>\n\t\t\t\t<\/div>\n\t\t\t\t<div class=\"elementor-element elementor-element-1b437e9 elementor-widget elementor-widget-text-editor\" data-id=\"1b437e9\" data-element_type=\"widget\" data-e-type=\"widget\" data-widget_type=\"text-editor.default\">\n\t\t\t\t<div class=\"elementor-widget-container\">\n\t\t\t\t\t\t\t\t\t<p><strong data-start=\"783\" data-end=\"820\">O alegere etic\u0103 \u0219i durabil\u0103<\/strong><\/p><p>Eliberarea dumneavoastr\u0103 contribuie la sus\u021binerea speciilor europene de fluturi, dintre care multe sunt \u00een declin. Odat\u0103 elibera\u021bi, fluturii \u00ee\u0219i vor continua ciclul natural de via\u021b\u0103 \u00een s\u0103lb\u0103ticie. Ace\u0219tia sunt transporta\u021bi \u00een siguran\u021b\u0103 \u00een ambalaje cu temperatur\u0103 stabilizat\u0103. Pentru a respecta ciclul lor biologic, disponibilitatea anumitor specii poate varia \u00een func\u021bie de anotimpul evenimentului dvs.   <\/p>\t\t\t\t\t\t\t\t<\/div>\n\t\t\t\t<\/div>\n\t\t\t\t<\/div>\n\t\t\t\t\t<\/div>\n\t\t\t\t<\/div>\n\t\t<div class=\"elementor-element elementor-element-d0b9a1d e-flex e-con-boxed e-con e-parent\" data-id=\"d0b9a1d\" data-element_type=\"container\" data-e-type=\"container\" data-settings=\"{&quot;background_background&quot;:&quot;classic&quot;}\">\n\t\t\t\t\t<div class=\"e-con-inner\">\n\t\t<div class=\"elementor-element elementor-element-95c7af0 e-con-full e-flex e-con e-child\" data-id=\"95c7af0\" data-element_type=\"container\" data-e-type=\"container\" data-settings=\"{&quot;background_background&quot;:&quot;classic&quot;}\">\n\t\t\t\t<div class=\"elementor-element elementor-element-037f898 elementor-widget elementor-widget-text-editor\" data-id=\"037f898\" data-element_type=\"widget\" data-e-type=\"widget\" data-widget_type=\"text-editor.default\">\n\t\t\t\t<div class=\"elementor-widget-container\">\n\t\t\t\t\t\t\t\t\t<p>Eliberare nor<br><strong>50 fluturi mari albi<\/strong><\/p>\t\t\t\t\t\t\t\t<\/div>\n\t\t\t\t<\/div>\n\t\t\t\t<div class=\"elementor-element elementor-element-166418a elementor-widget elementor-widget-video\" data-id=\"166418a\" data-element_type=\"widget\" data-e-type=\"widget\" data-settings=\"{&quot;autoplay&quot;:&quot;yes&quot;,&quot;play_on_mobile&quot;:&quot;yes&quot;,&quot;mute&quot;:&quot;yes&quot;,&quot;loop&quot;:&quot;yes&quot;,&quot;video_type&quot;:&quot;hosted&quot;}\" data-widget_type=\"video.default\">\n\t\t\t\t<div class=\"elementor-widget-container\">\n\t\t\t\t\t\t\t<div class=\"e-hosted-video elementor-wrapper elementor-open-inline\">\n\t\t\t\t\t<video class=\"elementor-video\" src=\"https:\/\/butterflies4events.com\/wp-content\/uploads\/2024\/01\/FxE-50-cav.mp4\" autoplay=\"\" loop=\"\" muted=\"muted\" playsinline=\"\" controlsList=\"nodownload\"><\/video>\n\t\t\t\t<\/div>\n\t\t\t\t\t\t<\/div>\n\t\t\t\t<\/div>\n\t\t\t\t<\/div>\n\t\t<div class=\"elementor-element elementor-element-e8350ed e-con-full e-flex e-con e-child\" data-id=\"e8350ed\" data-element_type=\"container\" data-e-type=\"container\" data-settings=\"{&quot;background_background&quot;:&quot;classic&quot;}\">\n\t\t\t\t<div class=\"elementor-element elementor-element-205235e elementor-widget elementor-widget-text-editor\" data-id=\"205235e\" data-element_type=\"widget\" data-e-type=\"widget\" data-widget_type=\"text-editor.default\">\n\t\t\t\t<div class=\"elementor-widget-container\">\n\t\t\t\t\t\t\t\t\t<p>Eliberare nor<br><strong>100 fluturi mari albi<\/strong><\/p>\t\t\t\t\t\t\t\t<\/div>\n\t\t\t\t<\/div>\n\t\t\t\t<div class=\"elementor-element elementor-element-c05e554 elementor-widget elementor-widget-video\" data-id=\"c05e554\" data-element_type=\"widget\" data-e-type=\"widget\" data-settings=\"{&quot;autoplay&quot;:&quot;yes&quot;,&quot;play_on_mobile&quot;:&quot;yes&quot;,&quot;mute&quot;:&quot;yes&quot;,&quot;loop&quot;:&quot;yes&quot;,&quot;video_type&quot;:&quot;hosted&quot;}\" data-widget_type=\"video.default\">\n\t\t\t\t<div class=\"elementor-widget-container\">\n\t\t\t\t\t\t\t<div class=\"e-hosted-video elementor-wrapper elementor-open-inline\">\n\t\t\t\t\t<video class=\"elementor-video\" src=\"https:\/\/butterflies4events.com\/wp-content\/uploads\/2024\/01\/FxE-100-cav.mp4\" autoplay=\"\" loop=\"\" muted=\"muted\" playsinline=\"\" controlsList=\"nodownload\"><\/video>\n\t\t\t\t<\/div>\n\t\t\t\t\t\t<\/div>\n\t\t\t\t<\/div>\n\t\t\t\t<\/div>\n\t\t<div class=\"elementor-element elementor-element-0450713 e-con-full e-flex e-con e-child\" data-id=\"0450713\" data-element_type=\"container\" data-e-type=\"container\" data-settings=\"{&quot;background_background&quot;:&quot;classic&quot;}\">\n\t\t\t\t<div class=\"elementor-element elementor-element-e8c1fa8 elementor-widget elementor-widget-text-editor\" data-id=\"e8c1fa8\" data-element_type=\"widget\" data-e-type=\"widget\" data-widget_type=\"text-editor.default\">\n\t\t\t\t<div class=\"elementor-widget-container\">\n\t\t\t\t\t\t\t\t\t<p>Eliberare nor<br><strong>150 fluturi mari albi<\/strong><\/p>\t\t\t\t\t\t\t\t<\/div>\n\t\t\t\t<\/div>\n\t\t\t\t<div class=\"elementor-element elementor-element-6dcbbdc elementor-widget elementor-widget-video\" data-id=\"6dcbbdc\" data-element_type=\"widget\" data-e-type=\"widget\" data-settings=\"{&quot;autoplay&quot;:&quot;yes&quot;,&quot;play_on_mobile&quot;:&quot;yes&quot;,&quot;mute&quot;:&quot;yes&quot;,&quot;loop&quot;:&quot;yes&quot;,&quot;video_type&quot;:&quot;hosted&quot;}\" data-widget_type=\"video.default\">\n\t\t\t\t<div class=\"elementor-widget-container\">\n\t\t\t\t\t\t\t<div class=\"e-hosted-video elementor-wrapper elementor-open-inline\">\n\t\t\t\t\t<video class=\"elementor-video\" src=\"https:\/\/butterflies4events.com\/wp-content\/uploads\/2024\/01\/FxE-150-cav.mp4\" autoplay=\"\" loop=\"\" muted=\"muted\" playsinline=\"\" controlsList=\"nodownload\"><\/video>\n\t\t\t\t<\/div>\n\t\t\t\t\t\t<\/div>\n\t\t\t\t<\/div>\n\t\t\t\t<\/div>\n\t\t\t\t\t<\/div>\n\t\t\t\t<\/div>\n\t\t\t\t<\/div>\n\t\t","protected":false},"excerpt":{"rendered":"<p>Eliberarea de nori (fluturi) este perfect\u0103 pentru cei care doresc s\u0103 \u00ee\u0219i impresioneze invita\u021bii. \u00cen momentul Eliber\u0103rii, to\u021bi fluturii \u00ee\u0219i deschid aripile \u0219i zboar\u0103 dintr-o singur\u0103 cutie, cre\u00e2nd un &#8222;efect de nor&#8221; magic care va surprinde \u0219i va \u00eenc\u00e2nta to\u021bi participan\u021bii. Comand\u0103 acum \u0219i \u00eenc\u00e2nt\u0103-\u021bi evenimentul cu Eliberarea \u00een nori! Caracteristici principale O amintire care [&hellip;]<\/p>\n","protected":false},"featured_media":10886,"comment_status":"open","ping_status":"closed","template":"","meta":{"_acf_changed":false},"product_brand":[],"product_cat":[164],"product_tag":[],"class_list":{"0":"post-10352","1":"product","2":"type-product","3":"status-publish","4":"has-post-thumbnail","6":"product_cat-selectiile-noastre","7":"product_shipping_class-transport-cu-temperatura-controlata","9":"first","10":"instock","11":"taxable","12":"shipping-taxable","13":"product-type-variable","14":"wvs-archive-product-wrapper"},"acf":{"custom_text_a":"Romeo \u0219i Julieta\n20 iunie 2020","custom_text_a_source":{"label":"Custom Text A","type":"textarea","formatted_value":"Romeo \u0219i Julieta\n20 iunie 2020"},"custom_text_b":"Nu-\u021bi irosi dragostea pentru cineva care nu o pre\u021buie\u0219te.","custom_text_b_source":{"label":"Custom Text B","type":"textarea","formatted_value":"Nu-\u021bi irosi dragostea pentru cineva care nu o pre\u021buie\u0219te."}},"_links":{"self":[{"href":"https:\/\/butterflies4events.com\/ro\/wp-json\/wp\/v2\/product\/10352","targetHints":{"allow":["GET"]}}],"collection":[{"href":"https:\/\/butterflies4events.com\/ro\/wp-json\/wp\/v2\/product"}],"about":[{"href":"https:\/\/butterflies4events.com\/ro\/wp-json\/wp\/v2\/types\/product"}],"replies":[{"embeddable":true,"href":"https:\/\/butterflies4events.com\/ro\/wp-json\/wp\/v2\/comments?post=10352"}],"version-history":[{"count":6,"href":"https:\/\/butterflies4events.com\/ro\/wp-json\/wp\/v2\/product\/10352\/revisions"}],"predecessor-version":[{"id":11847,"href":"https:\/\/butterflies4events.com\/ro\/wp-json\/wp\/v2\/product\/10352\/revisions\/11847"}],"wp:featuredmedia":[{"embeddable":true,"href":"https:\/\/butterflies4events.com\/ro\/wp-json\/wp\/v2\/media\/10886"}],"wp:attachment":[{"href":"https:\/\/butterflies4events.com\/ro\/wp-json\/wp\/v2\/media?parent=10352"}],"wp:term":[{"taxonomy":"product_brand","embeddable":true,"href":"https:\/\/butterflies4events.com\/ro\/wp-json\/wp\/v2\/product_brand?post=10352"},{"taxonomy":"product_cat","embeddable":true,"href":"https:\/\/butterflies4events.com\/ro\/wp-json\/wp\/v2\/product_cat?post=10352"},{"taxonomy":"product_tag","embeddable":true,"href":"https:\/\/butterflies4events.com\/ro\/wp-json\/wp\/v2\/product_tag?post=10352"}],"curies":[{"name":"wp","href":"https:\/\/api.w.org\/{rel}","templated":true}]}}