{"id":10325,"date":"2024-12-03T11:35:37","date_gmt":"2024-12-03T11:35:37","guid":{"rendered":"https:\/\/butterflies4events.com\/shop\/butterfly-dream-favor\/"},"modified":"2026-01-19T17:00:23","modified_gmt":"2026-01-19T17:00:23","slug":"butterfly-dream-favor","status":"publish","type":"product","link":"https:\/\/butterflies4events.com\/ro\/shop\/butterfly-dream-favor\/","title":{"rendered":"Butterfly Dream Bomboniera"},"content":{"rendered":"\t\t<div data-elementor-type=\"product-post\" data-elementor-id=\"10325\" class=\"elementor elementor-10325 elementor-7321\" data-elementor-post-type=\"product\">\n\t\t\t\t<div class=\"elementor-element elementor-element-7d55c94 e-flex e-con-boxed e-con e-parent\" data-id=\"7d55c94\" data-element_type=\"container\" data-e-type=\"container\">\n\t\t\t\t\t<div class=\"e-con-inner\">\n\t\t\t\t<div class=\"elementor-element elementor-element-97ac4a7 elementor-widget elementor-widget-text-editor\" data-id=\"97ac4a7\" data-element_type=\"widget\" data-e-type=\"widget\" data-widget_type=\"text-editor.default\">\n\t\t\t\t<div class=\"elementor-widget-container\">\n\t\t\t\t\t\t\t\t\t<p><strong data-start=\"140\" data-end=\"165\">Bonboniera Butterfly Dream<\/strong> este o alegere original\u0103 \u0219i ecologic\u0103, perfect\u0103 pentru cei care doresc s\u0103 \u00ee\u0219i surprind\u0103 invita\u021bii cu un cadou exclusiv. \u00cen interiorul fiec\u0103rei bonboniere se afl\u0103 o crisalid\u0103 care se va transforma \u00eentr-un fluture frumos la doar c\u00e2teva zile dup\u0103 eveniment. Invita\u021bii vor avea ocazia s\u0103 experimenteze minunea de a-\u0219i elibera fluturele acas\u0103, retr\u0103ind bucuria zilei voastre speciale.  <\/p>\t\t\t\t\t\t\t\t<\/div>\n\t\t\t\t<\/div>\n\t\t\t\t<div class=\"elementor-element elementor-element-c64ba65 elementor-widget elementor-widget-text-editor\" data-id=\"c64ba65\" data-element_type=\"widget\" data-e-type=\"widget\" data-widget_type=\"text-editor.default\">\n\t\t\t\t<div class=\"elementor-widget-container\">\n\t\t\t\t\t\t\t\t\t<p><strong>Comanda\u021bi acum o bombonier\u0103 care nu va aduna praf pe un raft. Emo\u021biile provocate de Butterfly Dream sunt cu adev\u0103rat de neuitat. <\/strong><\/p>\t\t\t\t\t\t\t\t<\/div>\n\t\t\t\t<\/div>\n\t\t<div class=\"elementor-element elementor-element-2052f4e e-con-full e-flex e-con e-child\" data-id=\"2052f4e\" data-element_type=\"container\" data-e-type=\"container\">\n\t\t\t\t<div class=\"elementor-element elementor-element-bcf330b elementor-widget elementor-widget-text-editor\" data-id=\"bcf330b\" data-element_type=\"widget\" data-e-type=\"widget\" data-widget_type=\"text-editor.default\">\n\t\t\t\t<div class=\"elementor-widget-container\">\n\t\t\t\t\t\t\t\t\t<p>Caracteristici principale<\/p>\t\t\t\t\t\t\t\t<\/div>\n\t\t\t\t<\/div>\n\t\t\t\t<div class=\"elementor-element elementor-element-2badc76 elementor-widget elementor-widget-text-editor\" data-id=\"2badc76\" data-element_type=\"widget\" data-e-type=\"widget\" data-widget_type=\"text-editor.default\">\n\t\t\t\t<div class=\"elementor-widget-container\">\n\t\t\t\t\t\t\t\t\t<p><strong>Un cadou memorabil<\/strong><\/p><p data-start=\"680\" data-end=\"790\">Fiecare oaspete va lua parte la magia naturii datorit\u0103 acestei favoruri unice.<\/p>\t\t\t\t\t\t\t\t<\/div>\n\t\t\t\t<\/div>\n\t\t\t\t<div class=\"elementor-element elementor-element-37bdc74 elementor-widget elementor-widget-text-editor\" data-id=\"37bdc74\" data-element_type=\"widget\" data-e-type=\"widget\" data-widget_type=\"text-editor.default\">\n\t\t\t\t<div class=\"elementor-widget-container\">\n\t\t\t\t\t\t\t\t\t<p><strong>U\u0219or de asamblat<\/strong><\/p><p>Pur \u0219i simplu \u00eenchide\u021bi cutia bonbonni\u00e8re (adezivul este deja inclus \u0219i preaplicat), ad\u0103uga\u021bi migdale dulci (nu sunt incluse) \u0219i pune\u021bi crisalida \u00een interior. La cerere, putem expedia \u0219i bonbonni\u00e8re-ul deja asamblat. <\/p>\t\t\t\t\t\t\t\t<\/div>\n\t\t\t\t<\/div>\n\t\t\t\t<div class=\"elementor-element elementor-element-07a64a3 elementor-widget elementor-widget-text-editor\" data-id=\"07a64a3\" data-element_type=\"widget\" data-e-type=\"widget\" data-widget_type=\"text-editor.default\">\n\t\t\t\t<div class=\"elementor-widget-container\">\n\t\t\t\t\t\t\t\t\t<p><strong>Durabil<\/strong><\/p><p>Fabricat \u00een \u00eentregime din h\u00e2rtie \u0219i conceput \u021bin\u00e2nd cont de mediul \u00eenconjur\u0103tor. Fiecare omid\u0103 este crescut\u0103 cu grij\u0103 \u0219i respect. Pentru a le p\u0103stra ciclul natural, este posibil ca unele specii s\u0103 nu fie disponibile \u00een func\u021bie de anotimpul evenimentului dvs. Odat\u0103 eliberat, fluturele va contribui la polenizarea a sute de flori, sus\u021bin\u00e2nd biodiversitatea.   <\/p>\t\t\t\t\t\t\t\t<\/div>\n\t\t\t\t<\/div>\n\t\t\t\t<\/div>\n\t\t\t\t\t<\/div>\n\t\t\t\t<\/div>\n\t\t\t\t<\/div>\n\t\t","protected":false},"excerpt":{"rendered":"<p>Bonboniera Butterfly Dream este o alegere original\u0103 \u0219i ecologic\u0103, perfect\u0103 pentru cei care doresc s\u0103 \u00ee\u0219i surprind\u0103 invita\u021bii cu un cadou exclusiv. \u00cen interiorul fiec\u0103rei bonboniere se afl\u0103 o crisalid\u0103 care se va transforma \u00eentr-un fluture frumos la doar c\u00e2teva zile dup\u0103 eveniment. Invita\u021bii vor avea ocazia s\u0103 experimenteze minunea de a-\u0219i elibera fluturele acas\u0103, [&hellip;]<\/p>\n","protected":false},"featured_media":11991,"comment_status":"closed","ping_status":"closed","template":"","meta":{"_acf_changed":false},"product_brand":[],"product_cat":[164],"product_tag":[],"class_list":{"0":"post-10325","1":"product","2":"type-product","3":"status-publish","4":"has-post-thumbnail","6":"product_cat-selectiile-noastre","7":"product_shipping_class-transport-cu-temperatura-controlata","9":"first","10":"instock","11":"taxable","12":"shipping-taxable","13":"product-type-variable","14":"wvs-archive-product-wrapper"},"acf":{"custom_text_a":"Romeo \u0219i Julieta\n20 iunie 2020","custom_text_a_source":{"label":"Custom Text A","type":"textarea","formatted_value":"Romeo \u0219i Julieta\n20 iunie 2020"},"custom_text_b":"Nu-\u021bi irosi dragostea pentru cineva care nu o pre\u021buie\u0219te.","custom_text_b_source":{"label":"Custom Text B","type":"textarea","formatted_value":"Nu-\u021bi irosi dragostea pentru cineva care nu o pre\u021buie\u0219te."}},"_links":{"self":[{"href":"https:\/\/butterflies4events.com\/ro\/wp-json\/wp\/v2\/product\/10325","targetHints":{"allow":["GET"]}}],"collection":[{"href":"https:\/\/butterflies4events.com\/ro\/wp-json\/wp\/v2\/product"}],"about":[{"href":"https:\/\/butterflies4events.com\/ro\/wp-json\/wp\/v2\/types\/product"}],"replies":[{"embeddable":true,"href":"https:\/\/butterflies4events.com\/ro\/wp-json\/wp\/v2\/comments?post=10325"}],"version-history":[{"count":7,"href":"https:\/\/butterflies4events.com\/ro\/wp-json\/wp\/v2\/product\/10325\/revisions"}],"predecessor-version":[{"id":11861,"href":"https:\/\/butterflies4events.com\/ro\/wp-json\/wp\/v2\/product\/10325\/revisions\/11861"}],"wp:featuredmedia":[{"embeddable":true,"href":"https:\/\/butterflies4events.com\/ro\/wp-json\/wp\/v2\/media\/11991"}],"wp:attachment":[{"href":"https:\/\/butterflies4events.com\/ro\/wp-json\/wp\/v2\/media?parent=10325"}],"wp:term":[{"taxonomy":"product_brand","embeddable":true,"href":"https:\/\/butterflies4events.com\/ro\/wp-json\/wp\/v2\/product_brand?post=10325"},{"taxonomy":"product_cat","embeddable":true,"href":"https:\/\/butterflies4events.com\/ro\/wp-json\/wp\/v2\/product_cat?post=10325"},{"taxonomy":"product_tag","embeddable":true,"href":"https:\/\/butterflies4events.com\/ro\/wp-json\/wp\/v2\/product_tag?post=10325"}],"curies":[{"name":"wp","href":"https:\/\/api.w.org\/{rel}","templated":true}]}}