{"id":10614,"date":"2024-05-16T15:25:30","date_gmt":"2024-05-16T15:25:30","guid":{"rendered":"https:\/\/butterflies4events.com\/politica-privind-cookie-urile\/"},"modified":"2026-01-19T17:00:20","modified_gmt":"2026-01-19T17:00:20","slug":"politica-privind-cookie-urile","status":"publish","type":"page","link":"https:\/\/butterflies4events.com\/ro\/politica-privind-cookie-urile\/","title":{"rendered":"Politica privind cookie-urile"},"content":{"rendered":"\t\t<div data-elementor-type=\"wp-page\" data-elementor-id=\"10614\" class=\"elementor elementor-10614 elementor-2444\" data-elementor-post-type=\"page\">\n\t\t\t\t<div class=\"elementor-element elementor-element-1c4f99d e-flex e-con-boxed e-con e-parent\" data-id=\"1c4f99d\" data-element_type=\"container\" data-e-type=\"container\">\n\t\t\t\t\t<div class=\"e-con-inner\">\n\t\t\t\t<div class=\"elementor-element elementor-element-6224cb1f elementor-widget elementor-widget-text-editor\" data-id=\"6224cb1f\" data-element_type=\"widget\" data-e-type=\"widget\" data-widget_type=\"text-editor.default\">\n\t\t\t\t<div class=\"elementor-widget-container\">\n\t\t\t\t\t\t\t\t\t<h1>Politica privind cookie-urile<\/h1>\t\t\t\t\t\t\t\t<\/div>\n\t\t\t\t<\/div>\n\t\t\t\t<div class=\"elementor-element elementor-element-16c17c4 elementor-widget elementor-widget-text-editor\" data-id=\"16c17c4\" data-element_type=\"widget\" data-e-type=\"widget\" data-widget_type=\"text-editor.default\">\n\t\t\t\t<div class=\"elementor-widget-container\">\n\t\t\t\t\t\t\t\t\t<p><em>V\u0103 rug\u0103m s\u0103 re\u021bine\u021bi c\u0103 acest document este doar o traducere \u00een scop informativ. Versiunea oficial\u0103 \u0219i obligatorie din punct de vedere juridic este cea italian\u0103. <\/em><\/p><h3 data-start=\"168\" data-end=\"189\"> <\/h3><h3 data-start=\"168\" data-end=\"189\">Ce sunt fursecurile?<\/h3><p data-start=\"191\" data-end=\"391\">Operatorul de date pentru datele cu caracter personal colectate prin intermediul acestui site web este SmartBugs s.s. (&#8222;SB&#8221;), cu sediul social la Via Cave, 66 - 31020 Villorba (TV), Italia. Persoan\u0103 de contact: <a class=\"cursor-pointer\" rel=\"noopener\" data-start=\"364\" data-end=\"388\">info.smartbugs@gmail.com.<\/a> <\/p><p data-start=\"393\" data-end=\"732\">Acest site utilizeaz\u0103 module cookie \u0219i tehnologii similare pentru a \u00eembun\u0103t\u0103\u021bi experien\u021ba de navigare a utilizatorului, f\u0103c\u00e2nd serviciile sale simple \u0219i eficiente. Atunci c\u00e2nd utilizatorii acceseaz\u0103 site-ul web, pe dispozitivele lor sunt stocate mici fi\u0219iere text denumite &#8222;cookie-uri&#8221; (de obicei \u00een cadrul browserului web). Exist\u0103 diferite tipuri de module cookie utilizate pe acest site, dup\u0103 cum se explic\u0103 mai jos.  <\/p><h5> <\/h5><h5>Module cookie de la proprietarul site-ului web<\/h5><p data-start=\"775\" data-end=\"960\">Site-ul utilizeaz\u0103 \u00een principal module cookie pentru a permite navigarea \u0219i utilizarea serviciilor sale. Aceste module cookie sunt a\u0219a-numitele &#8222;module cookie tehnice&#8221; \u0219i nu necesit\u0103 consim\u021b\u0103m\u00e2ntul utilizatorului. Acestea includ:  <\/p><ul data-start=\"962\" data-end=\"1563\"><li data-start=\"962\" data-end=\"1212\"><p data-start=\"964\" data-end=\"1212\"><strong data-start=\"964\" data-end=\"998\">Cookie-uri de navigare sau de sesiune:<\/strong> asigur\u0103 navigarea \u0219i func\u021bionalitatea normal\u0103 a site-ului web. Modulele cookie de sesiune sunt temporare \u0219i \u0219terse atunci c\u00e2nd browserul este \u00eenchis. Acestea transmit anonim identificatorii de sesiune \u0219i nu stocheaz\u0103 informa\u021bii personale.  <\/p><\/li><li data-start=\"1214\" data-end=\"1404\"><p data-start=\"1216\" data-end=\"1404\"><strong data-start=\"1216\" data-end=\"1242\">Cookie-uri de func\u021bionalitate:<\/strong> de obicei cookie-uri persistente care amintesc preferin\u021bele \u0219i ac\u021biunile utilizatorului (de exemplu, set\u0103rile de limb\u0103 sau con\u021binutul co\u0219ului de cump\u0103r\u0103turi) \u00een timpul sesiunii sau la vizitele ulterioare.<\/p><\/li><li data-start=\"1406\" data-end=\"1563\"><p data-start=\"1408\" data-end=\"1563\"><strong data-start=\"1408\" data-end=\"1431\">Cookie-uri analitice:<\/strong> utilizate exclusiv de c\u0103tre proprietarul site-ului pentru a colecta date agregate \u0219i anonime despre num\u0103rul de utilizatori \u0219i utilizarea site-ului de c\u0103tre ace\u0219tia.<\/p><\/li><\/ul><h5> <\/h5><h5>Module cookie ter\u021b\u0103 parte<\/h5><p style=\"padding-left: 40px;\"><strong><em>Cookie-uri de analiz\u0103 de la servicii ter\u021be<\/em><\/strong><\/p><p data-start=\"1645\" data-end=\"1911\">Aceste module cookie colecteaz\u0103 informa\u021bii anonime despre modul \u00een care utilizatorii interac\u021bioneaz\u0103 cu site-ul web (pagini vizitate, durat\u0103, surse de trafic, origine geografic\u0103, v\u00e2rst\u0103, sex \u0219i interese \u00een scopuri de marketing). Aceste module cookie sunt setate de domenii ter\u021be din afara acestui site web. <\/p><p data-start=\"1913\" data-end=\"2378\">Pentru a \u00een\u021belege mai bine utilizatorii no\u0219tri, SB utilizeaz\u0103 Google Analytics, un serviciu al Google Inc. care analizeaz\u0103 traficul de pe site. Google Analytics colecteaz\u0103, agreg\u0103 \u0219i analizeaz\u0103 date anonime pentru a genera rapoarte \u0219i statistici privind utilizarea Site-ului web. Pentru mai multe detalii despre modul \u00een care Google protejeaz\u0103 datele Utilizatorilor \u0219i gestioneaz\u0103 analizele, consulta\u021bi: <a class=\"\" href=\"http:\/\/www.google.com\/analytics\/terms\/it.html\" target=\"_new\" rel=\"noopener\" data-start=\"2228\" data-end=\"2273\">http:\/\/www.google.com\/analytics\/terms\/it.html.<\/a> Pentru a dezactiva cookie-urile analitice, urma\u021bi instruc\u021biunile de aici: <a class=\"cursor-pointer\" target=\"_new\" rel=\"noopener\" data-start=\"2331\" data-end=\"2377\">https:\/\/tools.google.com\/dlpage\/gaoptout?hl=en.<\/a>   <\/p><p data-start=\"2380\" data-end=\"2631\">\u00cen conformitate cu Autoritatea italian\u0103 pentru protec\u021bia datelor, SB a configurat Google Analytics pentru (a) a preveni partajarea datelor cu alte servicii Google \u0219i (b) a activa anonimizarea IP, care elimin\u0103 o parte din adresa IP a utilizatorului \u00eenainte de stocare \u0219i utilizare.  <\/p><p style=\"padding-left: 40px;\"><em><strong>Cookie-uri de profilare ale ter\u021bilor<\/strong><\/em><\/p><p data-start=\"2669\" data-end=\"3013\">Aceste module cookie sunt setate de p\u0103r\u021bi ter\u021be prin intermediul site-ului web pentru a crea profiluri de utilizator \u0219i pentru a furniza publicitate direc\u021bionat\u0103 pe baza intereselor utilizatorului (servicii de retargetare). Furnizorii de servicii de retargetare salveaz\u0103 module cookie pe dispozitivul utilizatorului pentru a afi\u0219a reclame aliniate preferin\u021belor de navigare pe alte site-uri web. Acest site web nu utilizeaz\u0103 module cookie de profilare proprietare.  <\/p><p data-start=\"3015\" data-end=\"3245\">\u00cen mod specific, acest site web utilizeaz\u0103 Google Ads \u0219i Facebook Ads, care seteaz\u0103 module cookie pentru \u00eembun\u0103t\u0103\u021birea publicit\u0103\u021bii prin retargetare, oferind anun\u021buri utilizatorilor \u00een func\u021bie de vizitele lor pe site \u0219i de c\u0103ut\u0103rile legate de produsele sau serviciile SB.<\/p><p data-start=\"3247\" data-end=\"3312\">Pentru a renun\u021ba la aceste module cookie, v\u0103 rug\u0103m s\u0103 urma\u021bi instruc\u021biunile de aici:<\/p><ul data-start=\"3314\" data-end=\"3452\"><li data-start=\"3314\" data-end=\"3381\"><p data-start=\"3316\" data-end=\"3381\">Anun\u021buri Google: <a class=\"\" href=\"https:\/\/support.google.com\/ads\/answer\/2662922?hl=en\" target=\"_new\" rel=\"noopener\" data-start=\"3328\" data-end=\"3379\">https:\/\/support.google.com\/ads\/answer\/2662922?hl=en<\/a><\/p><\/li><li data-start=\"3382\" data-end=\"3452\"><p data-start=\"3384\" data-end=\"3452\">Facebook Ads: <a class=\"\" href=\"https:\/\/www.facebook.com\/ads\/website_custom_audiences\/\" target=\"_new\" rel=\"noopener\" data-start=\"3398\" data-end=\"3452\">https:\/\/www.facebook.com\/ads\/website_custom_audiences\/<\/a><\/p><\/li><\/ul><h3> <\/h3><h3>Gestionarea modulelor cookie \u0219i a op\u021biunilor browserului<\/h3><p data-start=\"3501\" data-end=\"3718\">Utilizatorii pot refuza cookie-urile prin configurarea set\u0103rilor browserului lor. Continuarea utiliz\u0103rii site-ului f\u0103r\u0103 modificarea set\u0103rilor browserului implic\u0103 consim\u021b\u0103m\u00e2ntul pentru toate modulele cookie utilizate de site \u0219i accesul la toate func\u021bionalit\u0103\u021bile acestuia. <\/p><p data-start=\"3720\" data-end=\"3793\">Mai jos g\u0103si\u021bi linkuri cu instruc\u021biuni pentru gestionarea cookie-urilor \u00een browserele principale:<\/p><ul data-start=\"3795\" data-end=\"3881\"><li data-start=\"3795\" data-end=\"3826\"><p data-start=\"3797\" data-end=\"3826\"><a href=\"http:\/\/windows.microsoft.com\/en-us\/windows-vista\/block-or-allow-cookies\">Microsoft Internet Explorer<\/a><\/p><\/li><li data-start=\"3827\" data-end=\"3844\"><p data-start=\"3829\" data-end=\"3844\"><a href=\"https:\/\/support.google.com\/chrome\/answer\/95647?hl=en&amp;p=cpn_cookies\">Google Chrome<\/a><\/p><\/li><li data-start=\"3845\" data-end=\"3864\"><p data-start=\"3847\" data-end=\"3864\"><a href=\"https:\/\/support.mozilla.org\/en-US\/kb\/enable-and-disable-cookies-website-preferences\">Mozilla Firefox<\/a><\/p><\/li><li data-start=\"3865\" data-end=\"3881\"><p data-start=\"3867\" data-end=\"3881\"><a href=\"http:\/\/www.apple.com\/legal\/privacy\/it\/cookies\/\">Apple Safari<\/a><\/p><\/li><\/ul><p data-start=\"3883\" data-end=\"3972\">Pentru mai multe informa\u021bii privind gestionarea modulelor cookie, v\u0103 rug\u0103m s\u0103 vizita\u021bi: <a class=\"\" href=\"http:\/\/www.youronlinechoices.eu\" target=\"_new\" rel=\"noopener\" data-start=\"3940\" data-end=\"3971\">http:\/\/www.youronlinechoices.eu.<\/a><\/p>\t\t\t\t\t\t\t\t<\/div>\n\t\t\t\t<\/div>\n\t\t<div class=\"elementor-element elementor-element-084ea98 e-con-full e-flex e-con e-child\" data-id=\"084ea98\" data-element_type=\"container\" data-e-type=\"container\" data-settings=\"{&quot;background_background&quot;:&quot;classic&quot;}\">\n\t\t\t\t<div class=\"elementor-element elementor-element-7ae2cd9 elementor-widget elementor-widget-html\" data-id=\"7ae2cd9\" data-element_type=\"widget\" data-e-type=\"widget\" data-widget_type=\"html.default\">\n\t\t\t\t<div class=\"elementor-widget-container\">\n\t\t\t\t\t<script id=\"CookieDeclaration\" src=\"https:\/\/consent.cookiebot.com\/6438627e-f0e4-46f1-b501-8a4c1cc7be72\/cd.js\" type=\"text\/javascript\" async><\/script>\t\t\t\t<\/div>\n\t\t\t\t<\/div>\n\t\t\t\t<\/div>\n\t\t\t\t\t<\/div>\n\t\t\t\t<\/div>\n\t\t\t\t<\/div>\n\t\t","protected":false},"excerpt":{"rendered":"<p>Politica privind cookie-urile V\u0103 rug\u0103m s\u0103 re\u021bine\u021bi c\u0103 acest document este doar o traducere \u00een scop informativ. Versiunea oficial\u0103 \u0219i obligatorie din punct de vedere juridic este cea italian\u0103. Ce sunt fursecurile? Operatorul de date pentru datele cu caracter personal colectate prin intermediul acestui site web este SmartBugs s.s. (&#8222;SB&#8221;), cu sediul social la Via [&hellip;]<\/p>\n","protected":false},"author":1,"featured_media":0,"parent":0,"menu_order":0,"comment_status":"closed","ping_status":"closed","template":"","meta":{"_acf_changed":false,"footnotes":""},"folder":[259],"class_list":["post-10614","page","type-page","status-publish","hentry"],"acf":[],"_links":{"self":[{"href":"https:\/\/butterflies4events.com\/ro\/wp-json\/wp\/v2\/pages\/10614","targetHints":{"allow":["GET"]}}],"collection":[{"href":"https:\/\/butterflies4events.com\/ro\/wp-json\/wp\/v2\/pages"}],"about":[{"href":"https:\/\/butterflies4events.com\/ro\/wp-json\/wp\/v2\/types\/page"}],"author":[{"embeddable":true,"href":"https:\/\/butterflies4events.com\/ro\/wp-json\/wp\/v2\/users\/1"}],"replies":[{"embeddable":true,"href":"https:\/\/butterflies4events.com\/ro\/wp-json\/wp\/v2\/comments?post=10614"}],"version-history":[{"count":3,"href":"https:\/\/butterflies4events.com\/ro\/wp-json\/wp\/v2\/pages\/10614\/revisions"}],"predecessor-version":[{"id":12075,"href":"https:\/\/butterflies4events.com\/ro\/wp-json\/wp\/v2\/pages\/10614\/revisions\/12075"}],"wp:attachment":[{"href":"https:\/\/butterflies4events.com\/ro\/wp-json\/wp\/v2\/media?parent=10614"}],"wp:term":[{"taxonomy":"folder","embeddable":true,"href":"https:\/\/butterflies4events.com\/ro\/wp-json\/wp\/v2\/folder?post=10614"}],"curies":[{"name":"wp","href":"https:\/\/api.w.org\/{rel}","templated":true}]}}