{"id":10316,"date":"2023-12-22T12:02:00","date_gmt":"2023-12-22T12:02:00","guid":{"rendered":"https:\/\/butterflies4events.com\/botezuri\/"},"modified":"2026-01-19T17:00:16","modified_gmt":"2026-01-19T17:00:16","slug":"botezuri","status":"publish","type":"page","link":"https:\/\/butterflies4events.com\/ro\/botezuri\/","title":{"rendered":"Botezuri"},"content":{"rendered":"\t\t<div data-elementor-type=\"wp-page\" data-elementor-id=\"10316\" class=\"elementor elementor-10316 elementor-599\" data-elementor-post-type=\"page\">\n\t\t\t\t<div class=\"elementor-element elementor-element-5d6fc06 e-con-full e-flex e-con e-parent\" data-id=\"5d6fc06\" data-element_type=\"container\" data-e-type=\"container\" data-settings=\"{&quot;background_background&quot;:&quot;classic&quot;}\">\n\t\t<div class=\"elementor-element elementor-element-d7890f8 e-con-full e-flex e-con e-child\" data-id=\"d7890f8\" data-element_type=\"container\" data-e-type=\"container\" data-settings=\"{&quot;background_background&quot;:&quot;classic&quot;}\">\n\t\t\t\t<div class=\"elementor-element elementor-element-0e808b0 elementor-widget elementor-widget-text-editor\" data-id=\"0e808b0\" data-element_type=\"widget\" data-e-type=\"widget\" data-widget_type=\"text-editor.default\">\n\t\t\t\t<div class=\"elementor-widget-container\">\n\t\t\t\t\t\t\t\t\t<h4>Alege Fluturi<\/h4><h2>Pentru un botez<\/h2>\t\t\t\t\t\t\t\t<\/div>\n\t\t\t\t<\/div>\n\t\t\t\t<\/div>\n\t\t<div class=\"elementor-element elementor-element-0ea20fa e-con-full e-flex e-con e-child\" data-id=\"0ea20fa\" data-element_type=\"container\" data-e-type=\"container\" data-settings=\"{&quot;background_background&quot;:&quot;classic&quot;}\">\n\t\t\t\t<\/div>\n\t\t\t\t<\/div>\n\t\t<div class=\"elementor-element elementor-element-bddef4e e-flex e-con-boxed e-con e-parent\" data-id=\"bddef4e\" data-element_type=\"container\" data-e-type=\"container\" data-settings=\"{&quot;background_background&quot;:&quot;classic&quot;}\">\n\t\t\t\t\t<div class=\"e-con-inner\">\n\t\t\t\t<div class=\"elementor-element elementor-element-488b882 elementor-widget elementor-widget-text-editor\" data-id=\"488b882\" data-element_type=\"widget\" data-e-type=\"widget\" data-widget_type=\"text-editor.default\">\n\t\t\t\t<div class=\"elementor-widget-container\">\n\t\t\t\t\t\t\t\t\t<h3 style=\"font-family: var( --e-global-typography-secondary-font-family ), Sans-serif; font-weight: var( --e-global-typography-secondary-font-weight ); line-height: var( --e-global-typography-secondary-line-height ); font-size: var( --e-global-typography-secondary-font-size ); font-style: normal;\">ELIBERARE FLUTURI &amp; FAVORURI<\/h3><p data-start=\"183\" data-end=\"446\">Botezul este o etap\u0103 semnificativ\u0103 \u00een via\u021ba unui copil \u0219i a familiei sale. Eliberarea fluturilor simbolizeaz\u0103 puritatea \u0219i noile \u00eenceputuri. Privirea fluturilor care \u00ee\u0219i iau zborul \u00eentr-o zi at\u00e2t de special\u0103 adaug\u0103 o not\u0103 de uimire \u0219i bucurie.  <\/p><p data-start=\"448\" data-end=\"652\">Pentru a face acest moment \u0219i mai memorabil, alege\u021bi pentru invita\u021bii dvs. bomboane Butterfly Dream. Fiecare favor con\u021bine o crisalid\u0103 care se va transforma \u00eentr-un fluture frumos la c\u00e2teva zile dup\u0103 s\u0103rb\u0103toare. <\/p>\t\t\t\t\t\t\t\t<\/div>\n\t\t\t\t<\/div>\n\t\t<div class=\"elementor-element elementor-element-7416ca5 e-con-full e-flex e-con e-child\" data-id=\"7416ca5\" data-element_type=\"container\" data-e-type=\"container\">\n\t\t\t\t<div class=\"elementor-element elementor-element-99497f4 elementor-widget elementor-widget-image\" data-id=\"99497f4\" data-element_type=\"widget\" data-e-type=\"widget\" data-widget_type=\"image.default\">\n\t\t\t\t<div class=\"elementor-widget-container\">\n\t\t\t\t\t\t\t\t\t\t\t\t\t\t\t<img fetchpriority=\"high\" decoding=\"async\" width=\"800\" height=\"800\" src=\"https:\/\/butterflies4events.com\/wp-content\/uploads\/2024\/08\/3-1-1024x1024.png\" class=\"attachment-large size-large wp-image-10903 wvs-archive-product-image\" alt=\"\" srcset=\"https:\/\/butterflies4events.com\/wp-content\/uploads\/2024\/08\/3-1-1024x1024.png 1024w, https:\/\/butterflies4events.com\/wp-content\/uploads\/2024\/08\/3-1-300x300.png 300w, https:\/\/butterflies4events.com\/wp-content\/uploads\/2024\/08\/3-1-100x100.png 100w, https:\/\/butterflies4events.com\/wp-content\/uploads\/2024\/08\/3-1-600x600.png 600w, https:\/\/butterflies4events.com\/wp-content\/uploads\/2024\/08\/3-1-150x150.png 150w, https:\/\/butterflies4events.com\/wp-content\/uploads\/2024\/08\/3-1-768x768.png 768w, https:\/\/butterflies4events.com\/wp-content\/uploads\/2024\/08\/3-1-1536x1536.png 1536w, https:\/\/butterflies4events.com\/wp-content\/uploads\/2024\/08\/3-1-50x50.png 50w, https:\/\/butterflies4events.com\/wp-content\/uploads\/2024\/08\/3-1-32x32.png 32w, https:\/\/butterflies4events.com\/wp-content\/uploads\/2024\/08\/3-1.png 1620w\" sizes=\"(max-width: 800px) 100vw, 800px\" \/>\t\t\t\t\t\t\t\t\t\t\t\t\t\t\t<\/div>\n\t\t\t\t<\/div>\n\t\t\t\t<div class=\"elementor-element elementor-element-c16145b elementor-widget elementor-widget-text-editor\" data-id=\"c16145b\" data-element_type=\"widget\" data-e-type=\"widget\" data-widget_type=\"text-editor.default\">\n\t\t\t\t<div class=\"elementor-widget-container\">\n\t\t\t\t\t\t\t\t\t<h3>Pentru un botez perfect<\/h3><p>Fericirea dumneavoastr\u0103 este prioritatea noastr\u0103. Cu ani de experien\u021b\u0103, \u0219tim cum s\u0103 v\u0103 facem ziua botezului cu adev\u0103rat de neuitat! <\/p><p>V\u0103 recomand\u0103m:<\/p><ul><li><h5><a href=\"https:\/\/butterflies4events.com\/shop\/personal-butterfly-release\/\">Eliberare personal\u0103<\/a><\/h5><\/li><\/ul><p style=\"padding-left: 80px;\"><strong>Fluture colorat (<em data-start=\"870\" data-end=\"887\">Papilio machaon<\/em>):<\/strong> unul dintre cei mai mari fluturi din Europa, perfect de admirat de aproape. Aceasta creeaz\u0103 o leg\u0103tur\u0103 direct\u0103 \u00eentre fluture \u0219i persoana care \u00eel elibereaz\u0103, f\u0103c\u00e2nd momentul profund captivant. Iubit \u00een special de copii.<\/p><ul><li><h5><a href=\"https:\/\/butterflies4events.com\/shop\/butterfly-dream-favor\/\">Butterfly Dream Bomboniere<\/a><\/h5><\/li><\/ul><p style=\"padding-left: 80px;\"><strong>Fluture colorat (<em data-start=\"1155\" data-end=\"1172\">Papilio machaon<\/em>) cu o cutie de favoruri roz sau albastr\u0103:<\/strong> o alegere original\u0103 \u0219i ecologic\u0103, ideal\u0103 pentru a surprinde oaspe\u021bii cu un cadou personalizat. Culorile moi sunt perfect potrivite pentru orice botez. Crisalida din interior se va transforma \u00eentr-un fluture uimitor.<\/p>\t\t\t\t\t\t\t\t<\/div>\n\t\t\t\t<\/div>\n\t\t\t\t<\/div>\n\t\t\t\t\t<\/div>\n\t\t\t\t<\/div>\n\t\t<div class=\"elementor-element elementor-element-5b8c279 e-con-full e-flex e-con e-parent\" data-id=\"5b8c279\" data-element_type=\"container\" data-e-type=\"container\" data-settings=\"{&quot;background_background&quot;:&quot;classic&quot;}\">\n\t\t\t\t<div class=\"elementor-element elementor-element-60ec7c1 elementor-widget elementor-widget-shortcode\" data-id=\"60ec7c1\" data-element_type=\"widget\" data-e-type=\"widget\" data-widget_type=\"shortcode.default\">\n\t\t\t\t<div class=\"elementor-widget-container\">\n\t\t\t\t\t\t\t<div class=\"elementor-shortcode\">\t\t<div data-elementor-type=\"container\" data-elementor-id=\"10543\" class=\"elementor elementor-10543 elementor-2624 elementor-2624\" data-elementor-post-type=\"elementor_library\">\n\t\t\t\t<div class=\"elementor-element elementor-element-b43722c e-con-full e-flex e-con e-parent\" data-id=\"b43722c\" data-element_type=\"container\" data-e-type=\"container\" data-settings=\"{&quot;background_background&quot;:&quot;classic&quot;}\">\n\t\t\t\t<div class=\"elementor-element elementor-element-c6df457 elementor-widget__width-inherit elementor-widget elementor-widget-text-editor\" data-id=\"c6df457\" data-element_type=\"widget\" data-e-type=\"widget\" data-widget_type=\"text-editor.default\">\n\t\t\t\t<div class=\"elementor-widget-container\">\n\t\t\t\t\t\t\t\t\t<h2 style=\"text-align: center;\">Vede\u021bi ce oferim<\/h2>\t\t\t\t\t\t\t\t<\/div>\n\t\t\t\t<\/div>\n\t\t\t\t<div class=\"elementor-element elementor-element-c9488b7 elementor-product-loop-item--align-center elementor-grid-2 elementor-widget__width-auto elementor-grid-mobile-1 elementor-grid-tablet-3 elementor-products-grid elementor-wc-products elementor-show-pagination-border-yes elementor-widget elementor-widget-woocommerce-products\" data-id=\"c9488b7\" data-element_type=\"widget\" data-e-type=\"widget\" data-widget_type=\"woocommerce-products.default\">\n\t\t\t\t<div class=\"elementor-widget-container\">\n\t\t\t\t\t<div class=\"woocommerce columns-2 \"><div class=\"woocommerce-notices-wrapper\"><\/div><ul class=\"products elementor-grid columns-2\">\n<li class=\"wvs-archive-product-wrapper product type-product post-10352 status-publish first instock product_cat-selectiile-noastre has-post-thumbnail taxable shipping-taxable product-type-variable\">\n\t<a href=\"https:\/\/butterflies4events.com\/ro\/shop\/eliberarea-fluturelui-nor\/\" class=\"woocommerce-LoopProduct-link woocommerce-loop-product__link\"><img decoding=\"async\" width=\"300\" height=\"300\" src=\"https:\/\/butterflies4events.com\/wp-content\/uploads\/2024\/06\/1-300x300.jpg?wsr\" class=\"attachment-woocommerce_thumbnail size-woocommerce_thumbnail wvs-archive-product-image\" alt=\"Eliberare \u00een nori\" srcset=\"https:\/\/butterflies4events.com\/wp-content\/uploads\/2024\/06\/1-300x300.jpg 300w, https:\/\/butterflies4events.com\/wp-content\/uploads\/2024\/06\/1-100x100.jpg 100w, https:\/\/butterflies4events.com\/wp-content\/uploads\/2024\/06\/1-600x600.jpg 600w, https:\/\/butterflies4events.com\/wp-content\/uploads\/2024\/06\/1-1024x1024.jpg 1024w, https:\/\/butterflies4events.com\/wp-content\/uploads\/2024\/06\/1-150x150.jpg 150w, https:\/\/butterflies4events.com\/wp-content\/uploads\/2024\/06\/1-768x768.jpg 768w, https:\/\/butterflies4events.com\/wp-content\/uploads\/2024\/06\/1-1536x1536.jpg 1536w, https:\/\/butterflies4events.com\/wp-content\/uploads\/2024\/06\/1-2048x2048.jpg 2048w, https:\/\/butterflies4events.com\/wp-content\/uploads\/2024\/06\/1-50x50.jpg 50w, https:\/\/butterflies4events.com\/wp-content\/uploads\/2024\/06\/1-32x32.jpg 32w\" sizes=\"(max-width: 300px) 100vw, 300px\" \/><h2 class=\"woocommerce-loop-product__title\">Eliberare \u00een nori<\/h2>\n<\/a><div class=\"woocommerce-loop-product__buttons\"><a href=\"https:\/\/butterflies4events.com\/ro\/shop\/eliberarea-fluturelui-nor\/\" aria-describedby=\"woocommerce_loop_add_to_cart_link_describedby_10352\" data-quantity=\"1\" class=\"button product_type_variable\" data-product_id=\"10352\" data-product_sku=\"\" aria-label=\"Selecteaz\u0103 op\u021biunile pentru &bdquo;Eliberare \u00een nori&rdquo;\" rel=\"nofollow\">Descoperi\u021bi<\/a><\/div>\t<span id=\"woocommerce_loop_add_to_cart_link_describedby_10352\" class=\"screen-reader-text\">\n\t\t\t<\/span>\n<\/li>\n<li class=\"wvs-archive-product-wrapper product type-product post-10440 status-publish last instock product_cat-selectiile-noastre has-post-thumbnail taxable shipping-taxable product-type-variable\">\n\t<a href=\"https:\/\/butterflies4events.com\/ro\/shop\/eliberarea-fluturelui-personal\/\" class=\"woocommerce-LoopProduct-link woocommerce-loop-product__link\"><img decoding=\"async\" width=\"300\" height=\"300\" src=\"https:\/\/butterflies4events.com\/wp-content\/uploads\/2024\/08\/1-1-300x300.png?wsr\" class=\"attachment-woocommerce_thumbnail size-woocommerce_thumbnail wvs-archive-product-image\" alt=\"Eliberare personal\u0103\" srcset=\"https:\/\/butterflies4events.com\/wp-content\/uploads\/2024\/08\/1-1-300x300.png 300w, https:\/\/butterflies4events.com\/wp-content\/uploads\/2024\/08\/1-1-100x100.png 100w, https:\/\/butterflies4events.com\/wp-content\/uploads\/2024\/08\/1-1-600x600.png 600w, https:\/\/butterflies4events.com\/wp-content\/uploads\/2024\/08\/1-1-1024x1024.png 1024w, https:\/\/butterflies4events.com\/wp-content\/uploads\/2024\/08\/1-1-150x150.png 150w, https:\/\/butterflies4events.com\/wp-content\/uploads\/2024\/08\/1-1-768x768.png 768w, https:\/\/butterflies4events.com\/wp-content\/uploads\/2024\/08\/1-1-1536x1536.png 1536w, https:\/\/butterflies4events.com\/wp-content\/uploads\/2024\/08\/1-1-50x50.png 50w, https:\/\/butterflies4events.com\/wp-content\/uploads\/2024\/08\/1-1-32x32.png 32w, https:\/\/butterflies4events.com\/wp-content\/uploads\/2024\/08\/1-1.png 1620w\" sizes=\"(max-width: 300px) 100vw, 300px\" \/><h2 class=\"woocommerce-loop-product__title\">Eliberare personal\u0103<\/h2>\n<\/a><div class=\"woocommerce-loop-product__buttons\"><a href=\"https:\/\/butterflies4events.com\/ro\/shop\/eliberarea-fluturelui-personal\/\" aria-describedby=\"woocommerce_loop_add_to_cart_link_describedby_10440\" data-quantity=\"1\" class=\"button product_type_variable\" data-product_id=\"10440\" data-product_sku=\"\" aria-label=\"Selecteaz\u0103 op\u021biunile pentru &bdquo;Eliberare personal\u0103&rdquo;\" rel=\"nofollow\">Descoperi\u021bi<\/a><\/div>\t<span id=\"woocommerce_loop_add_to_cart_link_describedby_10440\" class=\"screen-reader-text\">\n\t\t\t<\/span>\n<\/li>\n<\/ul>\n<\/div>\t\t\t\t<\/div>\n\t\t\t\t<\/div>\n\t\t\t\t<div class=\"elementor-element elementor-element-3cf6ff1 elementor-widget elementor-widget-shortcode\" data-id=\"3cf6ff1\" data-element_type=\"widget\" data-e-type=\"widget\" data-widget_type=\"shortcode.default\">\n\t\t\t\t<div class=\"elementor-widget-container\">\n\t\t\t\t\t\t\t<div class=\"elementor-shortcode\">\t\t<div data-elementor-type=\"container\" data-elementor-id=\"10751\" class=\"elementor elementor-10751 elementor-9971 elementor-9971 elementor-9971\" data-elementor-post-type=\"elementor_library\">\n\t\t\t\t<div class=\"elementor-element elementor-element-110602d e-con-full e-flex e-con e-parent\" data-id=\"110602d\" data-element_type=\"container\" data-e-type=\"container\">\n\t\t\t\t<div class=\"elementor-element elementor-element-b45cbf3 elementor-align-center elementor-widget elementor-widget-button\" data-id=\"b45cbf3\" data-element_type=\"widget\" data-e-type=\"widget\" data-widget_type=\"button.default\">\n\t\t\t\t<div class=\"elementor-widget-container\">\n\t\t\t\t\t\t\t\t\t<div class=\"elementor-button-wrapper\">\n\t\t\t\t\t<a class=\"elementor-button elementor-button-link elementor-size-sm\" href=\"#elementor-action%3Aaction%3Dpopup%3Aopen%26settings%3DeyJpZCI6MTA1MjMsInRvZ2dsZSI6ZmFsc2V9\">\n\t\t\t\t\t\t<span class=\"elementor-button-content-wrapper\">\n\t\t\t\t\t\t\t\t\t<span class=\"elementor-button-text\">Conecta\u021bi-v\u0103 pentru a vedea pre\u021burile<\/span>\n\t\t\t\t\t<\/span>\n\t\t\t\t\t<\/a>\n\t\t\t\t<\/div>\n\t\t\t\t\t\t\t\t<\/div>\n\t\t\t\t<\/div>\n\t\t\t\t<\/div>\n\t\t\t\t<\/div>\n\t\t<\/div>\n\t\t\t\t\t\t<\/div>\n\t\t\t\t<\/div>\n\t\t\t\t<\/div>\n\t\t\t\t<\/div>\n\t\t<\/div>\n\t\t\t\t\t\t<\/div>\n\t\t\t\t<\/div>\n\t\t\t\t<\/div>\n\t\t<div class=\"elementor-element elementor-element-7b5a4a7 e-con-full e-flex e-con e-parent\" data-id=\"7b5a4a7\" data-element_type=\"container\" data-e-type=\"container\">\n\t\t\t\t<div class=\"elementor-element elementor-element-afae970 elementor-widget elementor-widget-shortcode\" data-id=\"afae970\" data-element_type=\"widget\" data-e-type=\"widget\" data-widget_type=\"shortcode.default\">\n\t\t\t\t<div class=\"elementor-widget-container\">\n\t\t\t\t\t\t\t<div class=\"elementor-shortcode\">\t\t<div data-elementor-type=\"container\" data-elementor-id=\"10530\" class=\"elementor elementor-10530 elementor-9478 elementor-9478\" data-elementor-post-type=\"elementor_library\">\n\t\t\t\t<div class=\"elementor-element elementor-element-41f4cae e-flex e-con-boxed e-con e-child\" data-id=\"41f4cae\" data-element_type=\"container\" data-e-type=\"container\" data-settings=\"{&quot;background_background&quot;:&quot;classic&quot;}\">\n\t\t\t\t\t<div class=\"e-con-inner\">\n\t\t\t\t<div class=\"elementor-element elementor-element-0cb4b32 elementor-align-justify elementor-widget elementor-widget-button\" data-id=\"0cb4b32\" data-element_type=\"widget\" data-e-type=\"widget\" data-widget_type=\"button.default\">\n\t\t\t\t<div class=\"elementor-widget-container\">\n\t\t\t\t\t\t\t\t\t<div class=\"elementor-button-wrapper\">\n\t\t\t\t\t<a class=\"elementor-button elementor-button-link elementor-size-md\" href=\"https:\/\/butterflies4events.com\/ro\/cum-functioneaza\/\">\n\t\t\t\t\t\t<span class=\"elementor-button-content-wrapper\">\n\t\t\t\t\t\t\t\t\t<span class=\"elementor-button-text\">Cum s\u0103 v\u0103 primi\u021bi fluturii<\/span>\n\t\t\t\t\t<\/span>\n\t\t\t\t\t<\/a>\n\t\t\t\t<\/div>\n\t\t\t\t\t\t\t\t<\/div>\n\t\t\t\t<\/div>\n\t\t\t\t<div class=\"elementor-element elementor-element-2f7852c elementor-align-center elementor-widget elementor-widget-button\" data-id=\"2f7852c\" data-element_type=\"widget\" data-e-type=\"widget\" data-widget_type=\"button.default\">\n\t\t\t\t<div class=\"elementor-widget-container\">\n\t\t\t\t\t\t\t\t\t<div class=\"elementor-button-wrapper\">\n\t\t\t\t\t<a class=\"elementor-button elementor-button-link elementor-size-md\" href=\"https:\/\/butterflies4events.com\/ro\/sfaturi-foto-si-video\/\">\n\t\t\t\t\t\t<span class=\"elementor-button-content-wrapper\">\n\t\t\t\t\t\t\t\t\t<span class=\"elementor-button-text\">Descoperi\u021bi sfaturile noastre pentru fotografii \u0219i videoclipuri de neuitat<\/span>\n\t\t\t\t\t<\/span>\n\t\t\t\t\t<\/a>\n\t\t\t\t<\/div>\n\t\t\t\t\t\t\t\t<\/div>\n\t\t\t\t<\/div>\n\t\t\t\t\t<\/div>\n\t\t\t\t<\/div>\n\t\t\t\t<\/div>\n\t\t<\/div>\n\t\t\t\t\t\t<\/div>\n\t\t\t\t<\/div>\n\t\t\t\t<\/div>\n\t\t\t\t<\/div>\n\t\t","protected":false},"excerpt":{"rendered":"<p>Alege Fluturi Pentru un botez ELIBERARE FLUTURI &amp; FAVORURI Botezul este o etap\u0103 semnificativ\u0103 \u00een via\u021ba unui copil \u0219i a familiei sale. Eliberarea fluturilor simbolizeaz\u0103 puritatea \u0219i noile \u00eenceputuri. Privirea fluturilor care \u00ee\u0219i iau zborul \u00eentr-o zi at\u00e2t de special\u0103 adaug\u0103 o not\u0103 de uimire \u0219i bucurie. Pentru a face acest moment \u0219i mai memorabil, [&hellip;]<\/p>\n","protected":false},"author":1,"featured_media":0,"parent":0,"menu_order":0,"comment_status":"closed","ping_status":"closed","template":"elementor_header_footer","meta":{"_acf_changed":false,"footnotes":""},"folder":[257],"class_list":["post-10316","page","type-page","status-publish","hentry"],"acf":[],"_links":{"self":[{"href":"https:\/\/butterflies4events.com\/ro\/wp-json\/wp\/v2\/pages\/10316","targetHints":{"allow":["GET"]}}],"collection":[{"href":"https:\/\/butterflies4events.com\/ro\/wp-json\/wp\/v2\/pages"}],"about":[{"href":"https:\/\/butterflies4events.com\/ro\/wp-json\/wp\/v2\/types\/page"}],"author":[{"embeddable":true,"href":"https:\/\/butterflies4events.com\/ro\/wp-json\/wp\/v2\/users\/1"}],"replies":[{"embeddable":true,"href":"https:\/\/butterflies4events.com\/ro\/wp-json\/wp\/v2\/comments?post=10316"}],"version-history":[{"count":9,"href":"https:\/\/butterflies4events.com\/ro\/wp-json\/wp\/v2\/pages\/10316\/revisions"}],"predecessor-version":[{"id":12129,"href":"https:\/\/butterflies4events.com\/ro\/wp-json\/wp\/v2\/pages\/10316\/revisions\/12129"}],"wp:attachment":[{"href":"https:\/\/butterflies4events.com\/ro\/wp-json\/wp\/v2\/media?parent=10316"}],"wp:term":[{"taxonomy":"folder","embeddable":true,"href":"https:\/\/butterflies4events.com\/ro\/wp-json\/wp\/v2\/folder?post=10316"}],"curies":[{"name":"wp","href":"https:\/\/api.w.org\/{rel}","templated":true}]}}