{"id":10307,"date":"2024-01-02T15:49:20","date_gmt":"2024-01-02T15:49:20","guid":{"rendered":"https:\/\/butterflies4events.com\/comuniuni\/"},"modified":"2026-01-19T17:00:16","modified_gmt":"2026-01-19T17:00:16","slug":"comuniuni","status":"publish","type":"page","link":"https:\/\/butterflies4events.com\/ro\/comuniuni\/","title":{"rendered":"Comuniuni"},"content":{"rendered":"\t\t<div data-elementor-type=\"wp-page\" data-elementor-id=\"10307\" class=\"elementor elementor-10307 elementor-654\" data-elementor-post-type=\"page\">\n\t\t\t\t<div class=\"elementor-element elementor-element-6f102cd e-con-full e-flex e-con e-parent\" data-id=\"6f102cd\" data-element_type=\"container\" data-e-type=\"container\" data-settings=\"{&quot;background_background&quot;:&quot;classic&quot;}\">\n\t\t<div class=\"elementor-element elementor-element-15589f1 e-con-full e-flex e-con e-child\" data-id=\"15589f1\" data-element_type=\"container\" data-e-type=\"container\" data-settings=\"{&quot;background_background&quot;:&quot;classic&quot;}\">\n\t\t\t\t<div class=\"elementor-element elementor-element-3215109 elementor-widget elementor-widget-text-editor\" data-id=\"3215109\" data-element_type=\"widget\" data-e-type=\"widget\" data-widget_type=\"text-editor.default\">\n\t\t\t\t<div class=\"elementor-widget-container\">\n\t\t\t\t\t\t\t\t\t<h4>Alege Fluturi<\/h4><h2>Pentru o prim\u0103 comuniune<\/h2>\t\t\t\t\t\t\t\t<\/div>\n\t\t\t\t<\/div>\n\t\t\t\t<\/div>\n\t\t<div class=\"elementor-element elementor-element-03a20e4 e-con-full e-flex e-con e-child\" data-id=\"03a20e4\" data-element_type=\"container\" data-e-type=\"container\" data-settings=\"{&quot;background_background&quot;:&quot;classic&quot;}\">\n\t\t\t\t<\/div>\n\t\t\t\t<\/div>\n\t\t<div class=\"elementor-element elementor-element-3f87f0c e-flex e-con-boxed e-con e-parent\" data-id=\"3f87f0c\" data-element_type=\"container\" data-e-type=\"container\" data-settings=\"{&quot;background_background&quot;:&quot;classic&quot;}\">\n\t\t\t\t\t<div class=\"e-con-inner\">\n\t\t\t\t<div class=\"elementor-element elementor-element-bf5e171 elementor-widget elementor-widget-text-editor\" data-id=\"bf5e171\" data-element_type=\"widget\" data-e-type=\"widget\" data-widget_type=\"text-editor.default\">\n\t\t\t\t<div class=\"elementor-widget-container\">\n\t\t\t\t\t\t\t\t\t<h3 style=\"font-family: var( --e-global-typography-secondary-font-family ), Sans-serif; font-weight: var( --e-global-typography-secondary-font-weight ); line-height: var( --e-global-typography-secondary-line-height ); font-size: var( --e-global-typography-secondary-font-size ); font-style: normal;\">ELIBERARE FLUTURI &amp; FAVORURI<\/h3><p data-start=\"178\" data-end=\"406\">Prima \u00eemp\u0103rt\u0103\u0219anie este o etap\u0103 sacr\u0103 \u00een via\u021ba unui copil, marc\u00e2nd un pas important \u00een c\u0103l\u0103toria sa spiritual\u0103. Lansarea fluturilor adaug\u0103 puritate \u0219i gra\u021bie acestei s\u0103rb\u0103tori semnificative. <\/p><p data-start=\"408\" data-end=\"559\">Imagina\u021bi-v\u0103 bucuria \u0219i mirarea de pe fe\u021bele copiilor \u00een timp ce privesc fluturii cum \u00ee\u0219i iau zborul. Este o amintire care va r\u0103m\u00e2ne pentru totdeauna \u00een inimile lor. <\/p><p data-start=\"561\" data-end=\"813\">Cu bomboanele Butterfly Dream, le pute\u021bi oferi oaspe\u021bilor dvs. \u0219i o amintire cu adev\u0103rat special\u0103. Fiecare favor con\u021bine o crisalid\u0103 care se va transforma \u00eentr-un fluture frumos. Odat\u0103 eliberat, acesta va ajuta la polenizarea a sute de flori, sus\u021bin\u00e2nd biodiversitatea.  <\/p>\t\t\t\t\t\t\t\t<\/div>\n\t\t\t\t<\/div>\n\t\t<div class=\"elementor-element elementor-element-9861cef e-con-full e-flex e-con e-child\" data-id=\"9861cef\" data-element_type=\"container\" data-e-type=\"container\">\n\t\t\t\t<div class=\"elementor-element elementor-element-06d49b1 elementor-widget elementor-widget-image\" data-id=\"06d49b1\" data-element_type=\"widget\" data-e-type=\"widget\" data-widget_type=\"image.default\">\n\t\t\t\t<div class=\"elementor-widget-container\">\n\t\t\t\t\t\t\t\t\t\t\t\t\t\t\t<img fetchpriority=\"high\" decoding=\"async\" width=\"800\" height=\"800\" src=\"https:\/\/butterflies4events.com\/wp-content\/uploads\/2025\/08\/vlcsnap-2025-03-12-13h20m31s767-1.png\" class=\"attachment-large size-large wp-image-10596 wvs-archive-product-image\" alt=\"\" srcset=\"https:\/\/butterflies4events.com\/wp-content\/uploads\/2025\/08\/vlcsnap-2025-03-12-13h20m31s767-1.png 1014w, https:\/\/butterflies4events.com\/wp-content\/uploads\/2025\/08\/vlcsnap-2025-03-12-13h20m31s767-1-300x300.png 300w, https:\/\/butterflies4events.com\/wp-content\/uploads\/2025\/08\/vlcsnap-2025-03-12-13h20m31s767-1-100x100.png 100w, https:\/\/butterflies4events.com\/wp-content\/uploads\/2025\/08\/vlcsnap-2025-03-12-13h20m31s767-1-600x600.png 600w, https:\/\/butterflies4events.com\/wp-content\/uploads\/2025\/08\/vlcsnap-2025-03-12-13h20m31s767-1-150x150.png 150w, https:\/\/butterflies4events.com\/wp-content\/uploads\/2025\/08\/vlcsnap-2025-03-12-13h20m31s767-1-768x768.png 768w, https:\/\/butterflies4events.com\/wp-content\/uploads\/2025\/08\/vlcsnap-2025-03-12-13h20m31s767-1-50x50.png 50w, https:\/\/butterflies4events.com\/wp-content\/uploads\/2025\/08\/vlcsnap-2025-03-12-13h20m31s767-1-32x32.png 32w\" sizes=\"(max-width: 800px) 100vw, 800px\" \/>\t\t\t\t\t\t\t\t\t\t\t\t\t\t\t<\/div>\n\t\t\t\t<\/div>\n\t\t\t\t<div class=\"elementor-element elementor-element-89d7093 elementor-widget elementor-widget-text-editor\" data-id=\"89d7093\" data-element_type=\"widget\" data-e-type=\"widget\" data-widget_type=\"text-editor.default\">\n\t\t\t\t<div class=\"elementor-widget-container\">\n\t\t\t\t\t\t\t\t\t<h3>Pentru o prim\u0103 comuniune perfect\u0103<\/h3><p>Cu experien\u021ba noastr\u0103 \u00eendelungat\u0103, \u0219tim exact de ce este nevoie pentru a face aceast\u0103 zi de neuitat!<\/p><p>V\u0103 recomand\u0103m:<\/p><ul><li><h5><a href=\"https:\/\/butterflies4events.com\/shop\/personal-butterfly-release\/\">Eliberare personal\u0103<\/a><\/h5><\/li><\/ul><p style=\"padding-left: 80px;\"><strong>Fluture alb (<em data-start=\"1017\" data-end=\"1035\">Pieris brassicae<\/em>):<\/strong> un mic fluture alb delicat care creeaz\u0103 o leg\u0103tur\u0103 direct\u0103 \u00eentre copil \u0219i natur\u0103. Puritatea \u0219i gra\u021bia sa fac din lansare o experien\u021b\u0103 deosebit de emo\u021bionant\u0103, apreciat\u0103 \u00een special de copii.<\/p><ul><li><h5><a href=\"https:\/\/butterflies4events.com\/shop\/butterfly-dream-favor\/\">Butterfly Dream Bomboniere<\/a><\/h5><\/li><\/ul><p style=\"padding-left: 80px;\"><strong>Fluture colorat (<em data-start=\"1298\" data-end=\"1315\">Papilio machaon<\/em>) cu cutie de favoruri de filde\u0219:<\/strong> o alegere original\u0103 \u0219i ecologic\u0103, perfect\u0103 pentru a v\u0103 surprinde oaspe\u021bii cu un cadou exclusiv. Crisalida din interior se va transforma \u00een cur\u00e2nd \u00eentr-un fluture uimitor.<\/p>\t\t\t\t\t\t\t\t<\/div>\n\t\t\t\t<\/div>\n\t\t\t\t<\/div>\n\t\t\t\t\t<\/div>\n\t\t\t\t<\/div>\n\t\t<div class=\"elementor-element elementor-element-8118172 e-con-full e-flex e-con e-parent\" data-id=\"8118172\" data-element_type=\"container\" data-e-type=\"container\" data-settings=\"{&quot;background_background&quot;:&quot;classic&quot;}\">\n\t\t\t\t<div class=\"elementor-element elementor-element-ca53c23 elementor-widget elementor-widget-shortcode\" data-id=\"ca53c23\" data-element_type=\"widget\" data-e-type=\"widget\" data-widget_type=\"shortcode.default\">\n\t\t\t\t<div class=\"elementor-widget-container\">\n\t\t\t\t\t\t\t<div class=\"elementor-shortcode\">\t\t<div data-elementor-type=\"container\" data-elementor-id=\"10543\" class=\"elementor elementor-10543 elementor-2624 elementor-2624\" data-elementor-post-type=\"elementor_library\">\n\t\t\t\t<div class=\"elementor-element elementor-element-b43722c e-con-full e-flex e-con e-parent\" data-id=\"b43722c\" data-element_type=\"container\" data-e-type=\"container\" data-settings=\"{&quot;background_background&quot;:&quot;classic&quot;}\">\n\t\t\t\t<div class=\"elementor-element elementor-element-c6df457 elementor-widget__width-inherit elementor-widget elementor-widget-text-editor\" data-id=\"c6df457\" data-element_type=\"widget\" data-e-type=\"widget\" data-widget_type=\"text-editor.default\">\n\t\t\t\t<div class=\"elementor-widget-container\">\n\t\t\t\t\t\t\t\t\t<h2 style=\"text-align: center;\">Vede\u021bi ce oferim<\/h2>\t\t\t\t\t\t\t\t<\/div>\n\t\t\t\t<\/div>\n\t\t\t\t<div class=\"elementor-element elementor-element-c9488b7 elementor-product-loop-item--align-center elementor-grid-2 elementor-widget__width-auto elementor-grid-mobile-1 elementor-grid-tablet-3 elementor-products-grid elementor-wc-products elementor-show-pagination-border-yes elementor-widget elementor-widget-woocommerce-products\" data-id=\"c9488b7\" data-element_type=\"widget\" data-e-type=\"widget\" data-widget_type=\"woocommerce-products.default\">\n\t\t\t\t<div class=\"elementor-widget-container\">\n\t\t\t\t\t<div class=\"woocommerce columns-2 \"><div class=\"woocommerce-notices-wrapper\"><\/div><ul class=\"products elementor-grid columns-2\">\n<li class=\"wvs-archive-product-wrapper product type-product post-10352 status-publish first instock product_cat-selectiile-noastre has-post-thumbnail taxable shipping-taxable product-type-variable\">\n\t<a href=\"https:\/\/butterflies4events.com\/ro\/shop\/eliberarea-fluturelui-nor\/\" class=\"woocommerce-LoopProduct-link woocommerce-loop-product__link\"><img decoding=\"async\" width=\"300\" height=\"300\" src=\"https:\/\/butterflies4events.com\/wp-content\/uploads\/2024\/06\/1-300x300.jpg?wsr\" class=\"attachment-woocommerce_thumbnail size-woocommerce_thumbnail wvs-archive-product-image\" alt=\"Eliberare \u00een nori\" srcset=\"https:\/\/butterflies4events.com\/wp-content\/uploads\/2024\/06\/1-300x300.jpg 300w, https:\/\/butterflies4events.com\/wp-content\/uploads\/2024\/06\/1-100x100.jpg 100w, https:\/\/butterflies4events.com\/wp-content\/uploads\/2024\/06\/1-600x600.jpg 600w, https:\/\/butterflies4events.com\/wp-content\/uploads\/2024\/06\/1-1024x1024.jpg 1024w, https:\/\/butterflies4events.com\/wp-content\/uploads\/2024\/06\/1-150x150.jpg 150w, https:\/\/butterflies4events.com\/wp-content\/uploads\/2024\/06\/1-768x768.jpg 768w, https:\/\/butterflies4events.com\/wp-content\/uploads\/2024\/06\/1-1536x1536.jpg 1536w, https:\/\/butterflies4events.com\/wp-content\/uploads\/2024\/06\/1-2048x2048.jpg 2048w, https:\/\/butterflies4events.com\/wp-content\/uploads\/2024\/06\/1-50x50.jpg 50w, https:\/\/butterflies4events.com\/wp-content\/uploads\/2024\/06\/1-32x32.jpg 32w\" sizes=\"(max-width: 300px) 100vw, 300px\" \/><h2 class=\"woocommerce-loop-product__title\">Eliberare \u00een nori<\/h2>\n<\/a><div class=\"woocommerce-loop-product__buttons\"><a href=\"https:\/\/butterflies4events.com\/ro\/shop\/eliberarea-fluturelui-nor\/\" aria-describedby=\"woocommerce_loop_add_to_cart_link_describedby_10352\" data-quantity=\"1\" class=\"button product_type_variable\" data-product_id=\"10352\" data-product_sku=\"\" aria-label=\"Selecteaz\u0103 op\u021biunile pentru &bdquo;Eliberare \u00een nori&rdquo;\" rel=\"nofollow\">Descoperi\u021bi<\/a><\/div>\t<span id=\"woocommerce_loop_add_to_cart_link_describedby_10352\" class=\"screen-reader-text\">\n\t\t\t<\/span>\n<\/li>\n<li class=\"wvs-archive-product-wrapper product type-product post-10440 status-publish last instock product_cat-selectiile-noastre has-post-thumbnail taxable shipping-taxable product-type-variable\">\n\t<a href=\"https:\/\/butterflies4events.com\/ro\/shop\/eliberarea-fluturelui-personal\/\" class=\"woocommerce-LoopProduct-link woocommerce-loop-product__link\"><img decoding=\"async\" width=\"300\" height=\"300\" src=\"https:\/\/butterflies4events.com\/wp-content\/uploads\/2024\/08\/1-1-300x300.png?wsr\" class=\"attachment-woocommerce_thumbnail size-woocommerce_thumbnail wvs-archive-product-image\" alt=\"Eliberare personal\u0103\" srcset=\"https:\/\/butterflies4events.com\/wp-content\/uploads\/2024\/08\/1-1-300x300.png 300w, https:\/\/butterflies4events.com\/wp-content\/uploads\/2024\/08\/1-1-100x100.png 100w, https:\/\/butterflies4events.com\/wp-content\/uploads\/2024\/08\/1-1-600x600.png 600w, https:\/\/butterflies4events.com\/wp-content\/uploads\/2024\/08\/1-1-1024x1024.png 1024w, https:\/\/butterflies4events.com\/wp-content\/uploads\/2024\/08\/1-1-150x150.png 150w, https:\/\/butterflies4events.com\/wp-content\/uploads\/2024\/08\/1-1-768x768.png 768w, https:\/\/butterflies4events.com\/wp-content\/uploads\/2024\/08\/1-1-1536x1536.png 1536w, https:\/\/butterflies4events.com\/wp-content\/uploads\/2024\/08\/1-1-50x50.png 50w, https:\/\/butterflies4events.com\/wp-content\/uploads\/2024\/08\/1-1-32x32.png 32w, https:\/\/butterflies4events.com\/wp-content\/uploads\/2024\/08\/1-1.png 1620w\" sizes=\"(max-width: 300px) 100vw, 300px\" \/><h2 class=\"woocommerce-loop-product__title\">Eliberare personal\u0103<\/h2>\n<\/a><div class=\"woocommerce-loop-product__buttons\"><a href=\"https:\/\/butterflies4events.com\/ro\/shop\/eliberarea-fluturelui-personal\/\" aria-describedby=\"woocommerce_loop_add_to_cart_link_describedby_10440\" data-quantity=\"1\" class=\"button product_type_variable\" data-product_id=\"10440\" data-product_sku=\"\" aria-label=\"Selecteaz\u0103 op\u021biunile pentru &bdquo;Eliberare personal\u0103&rdquo;\" rel=\"nofollow\">Descoperi\u021bi<\/a><\/div>\t<span id=\"woocommerce_loop_add_to_cart_link_describedby_10440\" class=\"screen-reader-text\">\n\t\t\t<\/span>\n<\/li>\n<\/ul>\n<\/div>\t\t\t\t<\/div>\n\t\t\t\t<\/div>\n\t\t\t\t<div class=\"elementor-element elementor-element-3cf6ff1 elementor-widget elementor-widget-shortcode\" data-id=\"3cf6ff1\" data-element_type=\"widget\" data-e-type=\"widget\" data-widget_type=\"shortcode.default\">\n\t\t\t\t<div class=\"elementor-widget-container\">\n\t\t\t\t\t\t\t<div class=\"elementor-shortcode\">\t\t<div data-elementor-type=\"container\" data-elementor-id=\"10751\" class=\"elementor elementor-10751 elementor-9971 elementor-9971 elementor-9971\" data-elementor-post-type=\"elementor_library\">\n\t\t\t\t<div class=\"elementor-element elementor-element-110602d e-con-full e-flex e-con e-parent\" data-id=\"110602d\" data-element_type=\"container\" data-e-type=\"container\">\n\t\t\t\t<div class=\"elementor-element elementor-element-b45cbf3 elementor-align-center elementor-widget elementor-widget-button\" data-id=\"b45cbf3\" data-element_type=\"widget\" data-e-type=\"widget\" data-widget_type=\"button.default\">\n\t\t\t\t<div class=\"elementor-widget-container\">\n\t\t\t\t\t\t\t\t\t<div class=\"elementor-button-wrapper\">\n\t\t\t\t\t<a class=\"elementor-button elementor-button-link elementor-size-sm\" href=\"#elementor-action%3Aaction%3Dpopup%3Aopen%26settings%3DeyJpZCI6MTA1MjMsInRvZ2dsZSI6ZmFsc2V9\">\n\t\t\t\t\t\t<span class=\"elementor-button-content-wrapper\">\n\t\t\t\t\t\t\t\t\t<span class=\"elementor-button-text\">Conecta\u021bi-v\u0103 pentru a vedea pre\u021burile<\/span>\n\t\t\t\t\t<\/span>\n\t\t\t\t\t<\/a>\n\t\t\t\t<\/div>\n\t\t\t\t\t\t\t\t<\/div>\n\t\t\t\t<\/div>\n\t\t\t\t<\/div>\n\t\t\t\t<\/div>\n\t\t<\/div>\n\t\t\t\t\t\t<\/div>\n\t\t\t\t<\/div>\n\t\t\t\t<\/div>\n\t\t\t\t<\/div>\n\t\t<\/div>\n\t\t\t\t\t\t<\/div>\n\t\t\t\t<\/div>\n\t\t\t\t<\/div>\n\t\t<div class=\"elementor-element elementor-element-afddbbe e-con-full e-flex e-con e-parent\" data-id=\"afddbbe\" data-element_type=\"container\" data-e-type=\"container\">\n\t\t\t\t<div class=\"elementor-element elementor-element-2092786 elementor-widget elementor-widget-shortcode\" data-id=\"2092786\" data-element_type=\"widget\" data-e-type=\"widget\" data-widget_type=\"shortcode.default\">\n\t\t\t\t<div class=\"elementor-widget-container\">\n\t\t\t\t\t\t\t<div class=\"elementor-shortcode\">\t\t<div data-elementor-type=\"container\" data-elementor-id=\"10530\" class=\"elementor elementor-10530 elementor-9478 elementor-9478\" data-elementor-post-type=\"elementor_library\">\n\t\t\t\t<div class=\"elementor-element elementor-element-41f4cae e-flex e-con-boxed e-con e-child\" data-id=\"41f4cae\" data-element_type=\"container\" data-e-type=\"container\" data-settings=\"{&quot;background_background&quot;:&quot;classic&quot;}\">\n\t\t\t\t\t<div class=\"e-con-inner\">\n\t\t\t\t<div class=\"elementor-element elementor-element-0cb4b32 elementor-align-justify elementor-widget elementor-widget-button\" data-id=\"0cb4b32\" data-element_type=\"widget\" data-e-type=\"widget\" data-widget_type=\"button.default\">\n\t\t\t\t<div class=\"elementor-widget-container\">\n\t\t\t\t\t\t\t\t\t<div class=\"elementor-button-wrapper\">\n\t\t\t\t\t<a class=\"elementor-button elementor-button-link elementor-size-md\" href=\"https:\/\/butterflies4events.com\/ro\/cum-functioneaza\/\">\n\t\t\t\t\t\t<span class=\"elementor-button-content-wrapper\">\n\t\t\t\t\t\t\t\t\t<span class=\"elementor-button-text\">Cum s\u0103 v\u0103 primi\u021bi fluturii<\/span>\n\t\t\t\t\t<\/span>\n\t\t\t\t\t<\/a>\n\t\t\t\t<\/div>\n\t\t\t\t\t\t\t\t<\/div>\n\t\t\t\t<\/div>\n\t\t\t\t<div class=\"elementor-element elementor-element-2f7852c elementor-align-center elementor-widget elementor-widget-button\" data-id=\"2f7852c\" data-element_type=\"widget\" data-e-type=\"widget\" data-widget_type=\"button.default\">\n\t\t\t\t<div class=\"elementor-widget-container\">\n\t\t\t\t\t\t\t\t\t<div class=\"elementor-button-wrapper\">\n\t\t\t\t\t<a class=\"elementor-button elementor-button-link elementor-size-md\" href=\"https:\/\/butterflies4events.com\/ro\/sfaturi-foto-si-video\/\">\n\t\t\t\t\t\t<span class=\"elementor-button-content-wrapper\">\n\t\t\t\t\t\t\t\t\t<span class=\"elementor-button-text\">Descoperi\u021bi sfaturile noastre pentru fotografii \u0219i videoclipuri de neuitat<\/span>\n\t\t\t\t\t<\/span>\n\t\t\t\t\t<\/a>\n\t\t\t\t<\/div>\n\t\t\t\t\t\t\t\t<\/div>\n\t\t\t\t<\/div>\n\t\t\t\t\t<\/div>\n\t\t\t\t<\/div>\n\t\t\t\t<\/div>\n\t\t<\/div>\n\t\t\t\t\t\t<\/div>\n\t\t\t\t<\/div>\n\t\t\t\t<\/div>\n\t\t\t\t<\/div>\n\t\t","protected":false},"excerpt":{"rendered":"<p>Alege Fluturi Pentru o prim\u0103 comuniune ELIBERARE FLUTURI &amp; FAVORURI Prima \u00eemp\u0103rt\u0103\u0219anie este o etap\u0103 sacr\u0103 \u00een via\u021ba unui copil, marc\u00e2nd un pas important \u00een c\u0103l\u0103toria sa spiritual\u0103. Lansarea fluturilor adaug\u0103 puritate \u0219i gra\u021bie acestei s\u0103rb\u0103tori semnificative. Imagina\u021bi-v\u0103 bucuria \u0219i mirarea de pe fe\u021bele copiilor \u00een timp ce privesc fluturii cum \u00ee\u0219i iau zborul. Este [&hellip;]<\/p>\n","protected":false},"author":1,"featured_media":0,"parent":0,"menu_order":0,"comment_status":"closed","ping_status":"closed","template":"elementor_header_footer","meta":{"_acf_changed":false,"footnotes":""},"folder":[257],"class_list":["post-10307","page","type-page","status-publish","hentry"],"acf":[],"_links":{"self":[{"href":"https:\/\/butterflies4events.com\/ro\/wp-json\/wp\/v2\/pages\/10307","targetHints":{"allow":["GET"]}}],"collection":[{"href":"https:\/\/butterflies4events.com\/ro\/wp-json\/wp\/v2\/pages"}],"about":[{"href":"https:\/\/butterflies4events.com\/ro\/wp-json\/wp\/v2\/types\/page"}],"author":[{"embeddable":true,"href":"https:\/\/butterflies4events.com\/ro\/wp-json\/wp\/v2\/users\/1"}],"replies":[{"embeddable":true,"href":"https:\/\/butterflies4events.com\/ro\/wp-json\/wp\/v2\/comments?post=10307"}],"version-history":[{"count":11,"href":"https:\/\/butterflies4events.com\/ro\/wp-json\/wp\/v2\/pages\/10307\/revisions"}],"predecessor-version":[{"id":12130,"href":"https:\/\/butterflies4events.com\/ro\/wp-json\/wp\/v2\/pages\/10307\/revisions\/12130"}],"wp:attachment":[{"href":"https:\/\/butterflies4events.com\/ro\/wp-json\/wp\/v2\/media?parent=10307"}],"wp:term":[{"taxonomy":"folder","embeddable":true,"href":"https:\/\/butterflies4events.com\/ro\/wp-json\/wp\/v2\/folder?post=10307"}],"curies":[{"name":"wp","href":"https:\/\/api.w.org\/{rel}","templated":true}]}}