{"id":10306,"date":"2024-01-02T15:51:56","date_gmt":"2024-01-02T15:51:56","guid":{"rendered":"https:\/\/butterflies4events.com\/absolviri\/"},"modified":"2026-01-19T17:00:17","modified_gmt":"2026-01-19T17:00:17","slug":"absolviri","status":"publish","type":"page","link":"https:\/\/butterflies4events.com\/ro\/absolviri\/","title":{"rendered":"Absolviri"},"content":{"rendered":"\t\t<div data-elementor-type=\"wp-page\" data-elementor-id=\"10306\" class=\"elementor elementor-10306 elementor-660\" data-elementor-post-type=\"page\">\n\t\t\t\t<div class=\"elementor-element elementor-element-11b140f e-con-full e-flex e-con e-parent\" data-id=\"11b140f\" data-element_type=\"container\" data-e-type=\"container\" data-settings=\"{&quot;background_background&quot;:&quot;classic&quot;}\">\n\t\t<div class=\"elementor-element elementor-element-3b45462 e-con-full e-flex e-con e-child\" data-id=\"3b45462\" data-element_type=\"container\" data-e-type=\"container\" data-settings=\"{&quot;background_background&quot;:&quot;classic&quot;}\">\n\t\t\t\t<div class=\"elementor-element elementor-element-e5ac559 elementor-widget elementor-widget-text-editor\" data-id=\"e5ac559\" data-element_type=\"widget\" data-e-type=\"widget\" data-widget_type=\"text-editor.default\">\n\t\t\t\t<div class=\"elementor-widget-container\">\n\t\t\t\t\t\t\t\t\t<h4>Alege Fluturi<\/h4><h2>Pentru absolvirea ta<\/h2>\t\t\t\t\t\t\t\t<\/div>\n\t\t\t\t<\/div>\n\t\t\t\t<\/div>\n\t\t<div class=\"elementor-element elementor-element-57a5e91 e-con-full e-flex e-con e-child\" data-id=\"57a5e91\" data-element_type=\"container\" data-e-type=\"container\" data-settings=\"{&quot;background_background&quot;:&quot;classic&quot;}\">\n\t\t\t\t<\/div>\n\t\t\t\t<\/div>\n\t\t<div class=\"elementor-element elementor-element-97039fb e-flex e-con-boxed e-con e-parent\" data-id=\"97039fb\" data-element_type=\"container\" data-e-type=\"container\" data-settings=\"{&quot;background_background&quot;:&quot;classic&quot;}\">\n\t\t\t\t\t<div class=\"e-con-inner\">\n\t\t\t\t<div class=\"elementor-element elementor-element-6c5835f elementor-widget elementor-widget-text-editor\" data-id=\"6c5835f\" data-element_type=\"widget\" data-e-type=\"widget\" data-widget_type=\"text-editor.default\">\n\t\t\t\t<div class=\"elementor-widget-container\">\n\t\t\t\t\t\t\t\t\t<h3 style=\"font-family: var( --e-global-typography-secondary-font-family ), Sans-serif; font-weight: var( --e-global-typography-secondary-font-weight ); line-height: var( --e-global-typography-secondary-line-height ); font-size: var( --e-global-typography-secondary-font-size ); font-style: normal;\">ELIBERARE FLUTURI &amp; FAVORURI<\/h3><p data-start=\"172\" data-end=\"416\">Absolvirea este o realizare important\u0103 - un moment de m\u00e2ndrie \u0219i \u00eemplinire. O eliberare de fluturi \u00een aceast\u0103 zi special\u0103 nu numai c\u0103 s\u0103rb\u0103tore\u0219te succesul academic, dar simbolizeaz\u0103 \u0219i \u00eenceputul unui nou capitol \u00een via\u021b\u0103. <\/p><p data-start=\"418\" data-end=\"635\">Fluturii, cu zborul lor gra\u021bios \u0219i colorat, reprezint\u0103 \u00een\u0103l\u021barea c\u0103tre noi orizonturi \u0219i oportunit\u0103\u021bi. Eliberarea fluturilor \u00een timpul unei ceremonii de absolvire sau al unei festivit\u0103\u021bi adaug\u0103 o not\u0103 de uimire \u0219i inspira\u021bie. <\/p><p data-start=\"637\" data-end=\"741\">Cu bomboanele personalizate Butterfly Dream, fiecare invitat va primi o amintire memorabil\u0103 a evenimentului.<\/p>\t\t\t\t\t\t\t\t<\/div>\n\t\t\t\t<\/div>\n\t\t<div class=\"elementor-element elementor-element-bb5076b e-con-full e-flex e-con e-child\" data-id=\"bb5076b\" data-element_type=\"container\" data-e-type=\"container\">\n\t\t\t\t<div class=\"elementor-element elementor-element-54d30b9 elementor-widget__width-initial elementor-widget-tablet__width-initial elementor-widget-mobile__width-inherit elementor-widget elementor-widget-video\" data-id=\"54d30b9\" data-element_type=\"widget\" data-e-type=\"widget\" data-settings=\"{&quot;video_type&quot;:&quot;hosted&quot;,&quot;mute&quot;:&quot;yes&quot;,&quot;loop&quot;:&quot;yes&quot;,&quot;autoplay&quot;:&quot;yes&quot;,&quot;play_on_mobile&quot;:&quot;yes&quot;}\" data-widget_type=\"video.default\">\n\t\t\t\t<div class=\"elementor-widget-container\">\n\t\t\t\t\t\t\t<div class=\"e-hosted-video elementor-wrapper elementor-open-inline\">\n\t\t\t\t\t<video class=\"elementor-video\" src=\"https:\/\/butterflies4events.com\/wp-content\/uploads\/2025\/08\/208909866_229388628795911_2777012663318855131_n.mp4\" autoplay=\"\" loop=\"\" muted=\"muted\" playsinline=\"\" controlsList=\"nodownload\"><\/video>\n\t\t\t\t<\/div>\n\t\t\t\t\t\t<\/div>\n\t\t\t\t<\/div>\n\t\t\t\t<div class=\"elementor-element elementor-element-4be9864 elementor-widget elementor-widget-text-editor\" data-id=\"4be9864\" data-element_type=\"widget\" data-e-type=\"widget\" data-widget_type=\"text-editor.default\">\n\t\t\t\t<div class=\"elementor-widget-container\">\n\t\t\t\t\t\t\t\t\t<h3>Pentru o absolvire perfect\u0103<\/h3><p data-start=\"748\" data-end=\"899\">Fericirea ta este prioritatea noastr\u0103. Cu ani de experien\u021b\u0103, \u0219tim cum s\u0103 v\u0103 facem ziua absolvirii cu adev\u0103rat de neuitat! <\/p><p data-start=\"901\" data-end=\"920\">V\u0103 recomand\u0103m:<\/p><ul><li><h5><a href=\"https:\/\/butterflies4events.com\/shop\/cloud-butterfly-release\/\">Eliberare \u00een nori<\/a><\/h5><\/li><\/ul><p style=\"padding-left: 80px;\"><strong>50 de fluturi albi (<em data-start=\"964\" data-end=\"982\">Pieris brassicae<\/em>) cu panglic\u0103 burgundy:<\/strong> de dimensiuni mici, dar care reflect\u0103 frumos lumina, cre\u00e2nd un efect scenic remarcabil. Un num\u0103r mai mare de fluturi va crea un &#8222;nor&#8221; spectaculos care \u00eei va uimi pe to\u021bi cei prezen\u021bi.<\/p><ul><li><h5><a href=\"https:\/\/butterflies4events.com\/shop\/butterfly-dream-favor\/\">Butterfly Dream Bomboniere<\/a><\/h5><\/li><\/ul><p style=\"padding-left: 80px;\"><strong>Fluture colorat (<em data-start=\"1235\" data-end=\"1252\">Papilio machaon<\/em>) cu o cutie de favoruri ro\u0219ie:<\/strong> o alegere original\u0103 \u0219i durabil\u0103, perfect\u0103 pentru a surprinde oaspe\u021bii cu un cadou personalizat. Ro\u0219ul a fost \u00eentotdeauna un simbol al prestigiului \u0219i al succesului. Crisalida din interior se va transforma \u00eentr-un fluture frumos.<\/p>\t\t\t\t\t\t\t\t<\/div>\n\t\t\t\t<\/div>\n\t\t\t\t<\/div>\n\t\t\t\t\t<\/div>\n\t\t\t\t<\/div>\n\t\t<div class=\"elementor-element elementor-element-ffb67cb e-con-full e-flex e-con e-parent\" data-id=\"ffb67cb\" data-element_type=\"container\" data-e-type=\"container\" data-settings=\"{&quot;background_background&quot;:&quot;classic&quot;}\">\n\t\t\t\t<div class=\"elementor-element elementor-element-e3926ad elementor-widget elementor-widget-shortcode\" data-id=\"e3926ad\" data-element_type=\"widget\" data-e-type=\"widget\" data-widget_type=\"shortcode.default\">\n\t\t\t\t<div class=\"elementor-widget-container\">\n\t\t\t\t\t\t\t<div class=\"elementor-shortcode\">\t\t<div data-elementor-type=\"container\" data-elementor-id=\"10543\" class=\"elementor elementor-10543 elementor-2624 elementor-2624\" data-elementor-post-type=\"elementor_library\">\n\t\t\t\t<div class=\"elementor-element elementor-element-b43722c e-con-full e-flex e-con e-parent\" data-id=\"b43722c\" data-element_type=\"container\" data-e-type=\"container\" data-settings=\"{&quot;background_background&quot;:&quot;classic&quot;}\">\n\t\t\t\t<div class=\"elementor-element elementor-element-c6df457 elementor-widget__width-inherit elementor-widget elementor-widget-text-editor\" data-id=\"c6df457\" data-element_type=\"widget\" data-e-type=\"widget\" data-widget_type=\"text-editor.default\">\n\t\t\t\t<div class=\"elementor-widget-container\">\n\t\t\t\t\t\t\t\t\t<h2 style=\"text-align: center;\">Vede\u021bi ce oferim<\/h2>\t\t\t\t\t\t\t\t<\/div>\n\t\t\t\t<\/div>\n\t\t\t\t<div class=\"elementor-element elementor-element-c9488b7 elementor-product-loop-item--align-center elementor-grid-2 elementor-widget__width-auto elementor-grid-mobile-1 elementor-grid-tablet-3 elementor-products-grid elementor-wc-products elementor-show-pagination-border-yes elementor-widget elementor-widget-woocommerce-products\" data-id=\"c9488b7\" data-element_type=\"widget\" data-e-type=\"widget\" data-widget_type=\"woocommerce-products.default\">\n\t\t\t\t<div class=\"elementor-widget-container\">\n\t\t\t\t\t<div class=\"woocommerce columns-2 \"><div class=\"woocommerce-notices-wrapper\"><\/div><ul class=\"products elementor-grid columns-2\">\n<li class=\"wvs-archive-product-wrapper product type-product post-10352 status-publish first instock product_cat-selectiile-noastre has-post-thumbnail taxable shipping-taxable product-type-variable\">\n\t<a href=\"https:\/\/butterflies4events.com\/ro\/shop\/eliberarea-fluturelui-nor\/\" class=\"woocommerce-LoopProduct-link woocommerce-loop-product__link\"><img fetchpriority=\"high\" decoding=\"async\" width=\"300\" height=\"300\" src=\"https:\/\/butterflies4events.com\/wp-content\/uploads\/2024\/06\/1-300x300.jpg?wsr\" class=\"attachment-woocommerce_thumbnail size-woocommerce_thumbnail wvs-archive-product-image\" alt=\"Eliberare \u00een nori\" srcset=\"https:\/\/butterflies4events.com\/wp-content\/uploads\/2024\/06\/1-300x300.jpg 300w, https:\/\/butterflies4events.com\/wp-content\/uploads\/2024\/06\/1-100x100.jpg 100w, https:\/\/butterflies4events.com\/wp-content\/uploads\/2024\/06\/1-600x600.jpg 600w, https:\/\/butterflies4events.com\/wp-content\/uploads\/2024\/06\/1-1024x1024.jpg 1024w, https:\/\/butterflies4events.com\/wp-content\/uploads\/2024\/06\/1-150x150.jpg 150w, https:\/\/butterflies4events.com\/wp-content\/uploads\/2024\/06\/1-768x768.jpg 768w, https:\/\/butterflies4events.com\/wp-content\/uploads\/2024\/06\/1-1536x1536.jpg 1536w, https:\/\/butterflies4events.com\/wp-content\/uploads\/2024\/06\/1-2048x2048.jpg 2048w, https:\/\/butterflies4events.com\/wp-content\/uploads\/2024\/06\/1-50x50.jpg 50w, https:\/\/butterflies4events.com\/wp-content\/uploads\/2024\/06\/1-32x32.jpg 32w\" sizes=\"(max-width: 300px) 100vw, 300px\" \/><h2 class=\"woocommerce-loop-product__title\">Eliberare \u00een nori<\/h2>\n<\/a><div class=\"woocommerce-loop-product__buttons\"><a href=\"https:\/\/butterflies4events.com\/ro\/shop\/eliberarea-fluturelui-nor\/\" aria-describedby=\"woocommerce_loop_add_to_cart_link_describedby_10352\" data-quantity=\"1\" class=\"button product_type_variable\" data-product_id=\"10352\" data-product_sku=\"\" aria-label=\"Selecteaz\u0103 op\u021biunile pentru &bdquo;Eliberare \u00een nori&rdquo;\" rel=\"nofollow\">Descoperi\u021bi<\/a><\/div>\t<span id=\"woocommerce_loop_add_to_cart_link_describedby_10352\" class=\"screen-reader-text\">\n\t\t\t<\/span>\n<\/li>\n<li class=\"wvs-archive-product-wrapper product type-product post-10440 status-publish last instock product_cat-selectiile-noastre has-post-thumbnail taxable shipping-taxable product-type-variable\">\n\t<a href=\"https:\/\/butterflies4events.com\/ro\/shop\/eliberarea-fluturelui-personal\/\" class=\"woocommerce-LoopProduct-link woocommerce-loop-product__link\"><img decoding=\"async\" width=\"300\" height=\"300\" src=\"https:\/\/butterflies4events.com\/wp-content\/uploads\/2024\/08\/1-1-300x300.png?wsr\" class=\"attachment-woocommerce_thumbnail size-woocommerce_thumbnail wvs-archive-product-image\" alt=\"Eliberare personal\u0103\" srcset=\"https:\/\/butterflies4events.com\/wp-content\/uploads\/2024\/08\/1-1-300x300.png 300w, https:\/\/butterflies4events.com\/wp-content\/uploads\/2024\/08\/1-1-100x100.png 100w, https:\/\/butterflies4events.com\/wp-content\/uploads\/2024\/08\/1-1-600x600.png 600w, https:\/\/butterflies4events.com\/wp-content\/uploads\/2024\/08\/1-1-1024x1024.png 1024w, https:\/\/butterflies4events.com\/wp-content\/uploads\/2024\/08\/1-1-150x150.png 150w, https:\/\/butterflies4events.com\/wp-content\/uploads\/2024\/08\/1-1-768x768.png 768w, https:\/\/butterflies4events.com\/wp-content\/uploads\/2024\/08\/1-1-1536x1536.png 1536w, https:\/\/butterflies4events.com\/wp-content\/uploads\/2024\/08\/1-1-50x50.png 50w, https:\/\/butterflies4events.com\/wp-content\/uploads\/2024\/08\/1-1-32x32.png 32w, https:\/\/butterflies4events.com\/wp-content\/uploads\/2024\/08\/1-1.png 1620w\" sizes=\"(max-width: 300px) 100vw, 300px\" \/><h2 class=\"woocommerce-loop-product__title\">Eliberare personal\u0103<\/h2>\n<\/a><div class=\"woocommerce-loop-product__buttons\"><a href=\"https:\/\/butterflies4events.com\/ro\/shop\/eliberarea-fluturelui-personal\/\" aria-describedby=\"woocommerce_loop_add_to_cart_link_describedby_10440\" data-quantity=\"1\" class=\"button product_type_variable\" data-product_id=\"10440\" data-product_sku=\"\" aria-label=\"Selecteaz\u0103 op\u021biunile pentru &bdquo;Eliberare personal\u0103&rdquo;\" rel=\"nofollow\">Descoperi\u021bi<\/a><\/div>\t<span id=\"woocommerce_loop_add_to_cart_link_describedby_10440\" class=\"screen-reader-text\">\n\t\t\t<\/span>\n<\/li>\n<\/ul>\n<\/div>\t\t\t\t<\/div>\n\t\t\t\t<\/div>\n\t\t\t\t<div class=\"elementor-element elementor-element-3cf6ff1 elementor-widget elementor-widget-shortcode\" data-id=\"3cf6ff1\" data-element_type=\"widget\" data-e-type=\"widget\" data-widget_type=\"shortcode.default\">\n\t\t\t\t<div class=\"elementor-widget-container\">\n\t\t\t\t\t\t\t<div class=\"elementor-shortcode\">\t\t<div data-elementor-type=\"container\" data-elementor-id=\"10751\" class=\"elementor elementor-10751 elementor-9971 elementor-9971 elementor-9971\" data-elementor-post-type=\"elementor_library\">\n\t\t\t\t<div class=\"elementor-element elementor-element-110602d e-con-full e-flex e-con e-parent\" data-id=\"110602d\" data-element_type=\"container\" data-e-type=\"container\">\n\t\t\t\t<div class=\"elementor-element elementor-element-b45cbf3 elementor-align-center elementor-widget elementor-widget-button\" data-id=\"b45cbf3\" data-element_type=\"widget\" data-e-type=\"widget\" data-widget_type=\"button.default\">\n\t\t\t\t<div class=\"elementor-widget-container\">\n\t\t\t\t\t\t\t\t\t<div class=\"elementor-button-wrapper\">\n\t\t\t\t\t<a class=\"elementor-button elementor-button-link elementor-size-sm\" href=\"#elementor-action%3Aaction%3Dpopup%3Aopen%26settings%3DeyJpZCI6MTA1MjMsInRvZ2dsZSI6ZmFsc2V9\">\n\t\t\t\t\t\t<span class=\"elementor-button-content-wrapper\">\n\t\t\t\t\t\t\t\t\t<span class=\"elementor-button-text\">Conecta\u021bi-v\u0103 pentru a vedea pre\u021burile<\/span>\n\t\t\t\t\t<\/span>\n\t\t\t\t\t<\/a>\n\t\t\t\t<\/div>\n\t\t\t\t\t\t\t\t<\/div>\n\t\t\t\t<\/div>\n\t\t\t\t<\/div>\n\t\t\t\t<\/div>\n\t\t<\/div>\n\t\t\t\t\t\t<\/div>\n\t\t\t\t<\/div>\n\t\t\t\t<\/div>\n\t\t\t\t<\/div>\n\t\t<\/div>\n\t\t\t\t\t\t<\/div>\n\t\t\t\t<\/div>\n\t\t\t\t<\/div>\n\t\t<div class=\"elementor-element elementor-element-fe01b27 e-con-full e-flex e-con e-parent\" data-id=\"fe01b27\" data-element_type=\"container\" data-e-type=\"container\">\n\t\t\t\t<div class=\"elementor-element elementor-element-b697bc5 elementor-widget elementor-widget-shortcode\" data-id=\"b697bc5\" data-element_type=\"widget\" data-e-type=\"widget\" data-widget_type=\"shortcode.default\">\n\t\t\t\t<div class=\"elementor-widget-container\">\n\t\t\t\t\t\t\t<div class=\"elementor-shortcode\">\t\t<div data-elementor-type=\"container\" data-elementor-id=\"10530\" class=\"elementor elementor-10530 elementor-9478 elementor-9478\" data-elementor-post-type=\"elementor_library\">\n\t\t\t\t<div class=\"elementor-element elementor-element-41f4cae e-flex e-con-boxed e-con e-child\" data-id=\"41f4cae\" data-element_type=\"container\" data-e-type=\"container\" data-settings=\"{&quot;background_background&quot;:&quot;classic&quot;}\">\n\t\t\t\t\t<div class=\"e-con-inner\">\n\t\t\t\t<div class=\"elementor-element elementor-element-0cb4b32 elementor-align-justify elementor-widget elementor-widget-button\" data-id=\"0cb4b32\" data-element_type=\"widget\" data-e-type=\"widget\" data-widget_type=\"button.default\">\n\t\t\t\t<div class=\"elementor-widget-container\">\n\t\t\t\t\t\t\t\t\t<div class=\"elementor-button-wrapper\">\n\t\t\t\t\t<a class=\"elementor-button elementor-button-link elementor-size-md\" href=\"https:\/\/butterflies4events.com\/ro\/cum-functioneaza\/\">\n\t\t\t\t\t\t<span class=\"elementor-button-content-wrapper\">\n\t\t\t\t\t\t\t\t\t<span class=\"elementor-button-text\">Cum s\u0103 v\u0103 primi\u021bi fluturii<\/span>\n\t\t\t\t\t<\/span>\n\t\t\t\t\t<\/a>\n\t\t\t\t<\/div>\n\t\t\t\t\t\t\t\t<\/div>\n\t\t\t\t<\/div>\n\t\t\t\t<div class=\"elementor-element elementor-element-2f7852c elementor-align-center elementor-widget elementor-widget-button\" data-id=\"2f7852c\" data-element_type=\"widget\" data-e-type=\"widget\" data-widget_type=\"button.default\">\n\t\t\t\t<div class=\"elementor-widget-container\">\n\t\t\t\t\t\t\t\t\t<div class=\"elementor-button-wrapper\">\n\t\t\t\t\t<a class=\"elementor-button elementor-button-link elementor-size-md\" href=\"https:\/\/butterflies4events.com\/ro\/sfaturi-foto-si-video\/\">\n\t\t\t\t\t\t<span class=\"elementor-button-content-wrapper\">\n\t\t\t\t\t\t\t\t\t<span class=\"elementor-button-text\">Descoperi\u021bi sfaturile noastre pentru fotografii \u0219i videoclipuri de neuitat<\/span>\n\t\t\t\t\t<\/span>\n\t\t\t\t\t<\/a>\n\t\t\t\t<\/div>\n\t\t\t\t\t\t\t\t<\/div>\n\t\t\t\t<\/div>\n\t\t\t\t\t<\/div>\n\t\t\t\t<\/div>\n\t\t\t\t<\/div>\n\t\t<\/div>\n\t\t\t\t\t\t<\/div>\n\t\t\t\t<\/div>\n\t\t\t\t<\/div>\n\t\t\t\t<\/div>\n\t\t","protected":false},"excerpt":{"rendered":"<p>Alege Fluturi Pentru absolvirea ta ELIBERARE FLUTURI &amp; FAVORURI Absolvirea este o realizare important\u0103 - un moment de m\u00e2ndrie \u0219i \u00eemplinire. O eliberare de fluturi \u00een aceast\u0103 zi special\u0103 nu numai c\u0103 s\u0103rb\u0103tore\u0219te succesul academic, dar simbolizeaz\u0103 \u0219i \u00eenceputul unui nou capitol \u00een via\u021b\u0103. Fluturii, cu zborul lor gra\u021bios \u0219i colorat, reprezint\u0103 \u00een\u0103l\u021barea c\u0103tre noi [&hellip;]<\/p>\n","protected":false},"author":1,"featured_media":0,"parent":0,"menu_order":0,"comment_status":"closed","ping_status":"closed","template":"elementor_header_footer","meta":{"_acf_changed":false,"footnotes":""},"folder":[257],"class_list":["post-10306","page","type-page","status-publish","hentry"],"acf":[],"_links":{"self":[{"href":"https:\/\/butterflies4events.com\/ro\/wp-json\/wp\/v2\/pages\/10306","targetHints":{"allow":["GET"]}}],"collection":[{"href":"https:\/\/butterflies4events.com\/ro\/wp-json\/wp\/v2\/pages"}],"about":[{"href":"https:\/\/butterflies4events.com\/ro\/wp-json\/wp\/v2\/types\/page"}],"author":[{"embeddable":true,"href":"https:\/\/butterflies4events.com\/ro\/wp-json\/wp\/v2\/users\/1"}],"replies":[{"embeddable":true,"href":"https:\/\/butterflies4events.com\/ro\/wp-json\/wp\/v2\/comments?post=10306"}],"version-history":[{"count":9,"href":"https:\/\/butterflies4events.com\/ro\/wp-json\/wp\/v2\/pages\/10306\/revisions"}],"predecessor-version":[{"id":12124,"href":"https:\/\/butterflies4events.com\/ro\/wp-json\/wp\/v2\/pages\/10306\/revisions\/12124"}],"wp:attachment":[{"href":"https:\/\/butterflies4events.com\/ro\/wp-json\/wp\/v2\/media?parent=10306"}],"wp:term":[{"taxonomy":"folder","embeddable":true,"href":"https:\/\/butterflies4events.com\/ro\/wp-json\/wp\/v2\/folder?post=10306"}],"curies":[{"name":"wp","href":"https:\/\/api.w.org\/{rel}","templated":true}]}}