{"id":10296,"date":"2024-01-03T10:59:28","date_gmt":"2024-01-03T10:59:28","guid":{"rendered":"https:\/\/butterflies4events.com\/orientari-juridice\/"},"modified":"2026-01-19T17:00:18","modified_gmt":"2026-01-19T17:00:18","slug":"orientari-juridice","status":"publish","type":"page","link":"https:\/\/butterflies4events.com\/ro\/orientari-juridice\/","title":{"rendered":"Orient\u0103ri juridice"},"content":{"rendered":"\t\t<div data-elementor-type=\"wp-page\" data-elementor-id=\"10296\" class=\"elementor elementor-10296 elementor-769\" data-elementor-post-type=\"page\">\n\t\t\t\t<div class=\"elementor-element elementor-element-5adb5572 e-flex e-con-boxed e-con e-parent\" data-id=\"5adb5572\" data-element_type=\"container\" data-e-type=\"container\">\n\t\t\t\t\t<div class=\"e-con-inner\">\n\t\t\t\t<div class=\"elementor-element elementor-element-55b60a3a elementor-widget elementor-widget-text-editor\" data-id=\"55b60a3a\" data-element_type=\"widget\" data-e-type=\"widget\" data-widget_type=\"text-editor.default\">\n\t\t\t\t<div class=\"elementor-widget-container\">\n\t\t\t\t\t\t\t\t\t<h1>Notificare legal\u0103<\/h1>\t\t\t\t\t\t\t\t<\/div>\n\t\t\t\t<\/div>\n\t\t\t\t<div class=\"elementor-element elementor-element-0dd2bb2 elementor-widget elementor-widget-text-editor\" data-id=\"0dd2bb2\" data-element_type=\"widget\" data-e-type=\"widget\" data-widget_type=\"text-editor.default\">\n\t\t\t\t<div class=\"elementor-widget-container\">\n\t\t\t\t\t\t\t\t\t<p data-start=\"191\" data-end=\"315\"><strong>Preg\u0103tit de Liga Italian\u0103 pentru Protec\u021bia P\u0103s\u0103rilor (L.I.P.U.), Delega\u021bia Bologna \u0219i Ora\u0219ul Metropolitan<\/strong><\/p><p data-start=\"191\" data-end=\"315\"> <\/p><p data-start=\"317\" data-end=\"505\">A) \u00cen conformitate cu articolul 727 primul paragraf din Codul penal italian, eliberarea pe teritoriul na\u021bional a unor specii de animale neautohtone constituie infrac\u021biunea de &#8222;abandon de animale&#8221;;<\/p><p data-start=\"507\" data-end=\"673\">B) \u00cen conformitate cu Legea regional\u0103 nr. 5 din 17 februarie 2005, articolul 8, alineatul 1, \u00een regiunea Emilia-Romagna, este interzis\u0103 eliberarea de specii de animale neautohtone;<\/p><p data-start=\"675\" data-end=\"1018\">C) \u00cen conformitate cu Legea regional\u0103 nr. 15 din 31 iulie 2006, articolul 3, alineatul 1, litera d, \u00een regiunea Emilia-Romagna este interzis\u0103 eliberarea de specii de animale neautohtone care pot d\u0103una speciilor de animale native protejate. Aceasta include lepidopterele indigene, care, \u00een mod evident, ar fi grav afectate de introducerea lepidopterelor alogene; <\/p><p data-start=\"1020\" data-end=\"1427\">D) \u00cen conformitate cu Regulamentul (CE) nr. 338\/97 din 9 decembrie 1996 de punere \u00een aplicare \u00een cadrul Uniunii Europene a Conven\u021biei privind comer\u021bul interna\u021bional cu specii s\u0103lbatice de faun\u0103 \u0219i flor\u0103 pe cale de dispari\u021bie (CITES), cunoscut\u0103 \u0219i sub denumirea de Conven\u021bia de la Washington, orice transfer de specii de animale enumerate \u00een anexele A \u0219i B la regulamentul men\u021bionat trebuie s\u0103 fie \u00eenso\u021bit de documente corespunz\u0103toare care s\u0103 ateste originea legal\u0103 a specimenelor;<\/p><p data-start=\"1429\" data-end=\"1821\">E) \u00cen conformitate cu Legea regional\u0103 nr. 15 din 31 iulie 2006, articolul 3, alineatul 1, litera a, \u00een regiunea Emilia-Romagna, capturarea \u0219i deten\u021bia ulterioar\u0103 a numeroase specii de animale indigene este interzis\u0103, inclusiv a diferitelor specii de lepidoptere. Prin urmare, orice transport de exemplare apar\u021bin\u00e2nd acestor specii trebuie s\u0103 fie \u00eenso\u021bit de documente care s\u0103 ateste provenien\u021ba lor din cresc\u0103torii autorizate; <\/p><p data-start=\"1823\" data-end=\"2256\">F) \u00cen conformitate cu articolul 544-ter din Codul penal italian, supunerea oric\u0103rui animal (indiferent de specie) la tortur\u0103 constituie infrac\u021biunea de &#8222;cruzime fa\u021b\u0103 de animale&#8221;. Acest lucru necesit\u0103 o aten\u021bie deosebit\u0103 at\u00e2t \u00een ceea ce prive\u0219te metodele de transport (selectarea celui mai potrivit container pentru a proteja animalele de \u0219ocurile inevitabile, asigur\u00e2nd \u00een acela\u0219i timp o ventila\u021bie adecvat\u0103), c\u00e2t \u0219i \u00een ceea ce prive\u0219te eliberarea lepidopterelor (eliber\u0103rile \u00een toamna t\u00e2rzie \u0219i iarna sunt strict interzise). <\/p>\t\t\t\t\t\t\t\t<\/div>\n\t\t\t\t<\/div>\n\t\t\t\t\t<\/div>\n\t\t\t\t<\/div>\n\t\t<div class=\"elementor-element elementor-element-ad2a23a e-con-full e-flex e-con e-parent\" data-id=\"ad2a23a\" data-element_type=\"container\" data-e-type=\"container\">\n\t\t\t\t<div class=\"elementor-element elementor-element-794f0aa elementor-widget elementor-widget-shortcode\" data-id=\"794f0aa\" data-element_type=\"widget\" data-e-type=\"widget\" data-widget_type=\"shortcode.default\">\n\t\t\t\t<div class=\"elementor-widget-container\">\n\t\t\t\t\t\t\t<div class=\"elementor-shortcode\">\t\t<div data-elementor-type=\"container\" data-elementor-id=\"10543\" class=\"elementor elementor-10543 elementor-2624 elementor-2624\" data-elementor-post-type=\"elementor_library\">\n\t\t\t\t<div class=\"elementor-element elementor-element-b43722c e-con-full e-flex e-con e-parent\" data-id=\"b43722c\" data-element_type=\"container\" data-e-type=\"container\" data-settings=\"{&quot;background_background&quot;:&quot;classic&quot;}\">\n\t\t\t\t<div class=\"elementor-element elementor-element-c6df457 elementor-widget__width-inherit elementor-widget elementor-widget-text-editor\" data-id=\"c6df457\" data-element_type=\"widget\" data-e-type=\"widget\" data-widget_type=\"text-editor.default\">\n\t\t\t\t<div class=\"elementor-widget-container\">\n\t\t\t\t\t\t\t\t\t<h2 style=\"text-align: center;\">Vede\u021bi ce oferim<\/h2>\t\t\t\t\t\t\t\t<\/div>\n\t\t\t\t<\/div>\n\t\t\t\t<div class=\"elementor-element elementor-element-c9488b7 elementor-product-loop-item--align-center elementor-grid-2 elementor-widget__width-auto elementor-grid-mobile-1 elementor-grid-tablet-3 elementor-products-grid elementor-wc-products elementor-show-pagination-border-yes elementor-widget elementor-widget-woocommerce-products\" data-id=\"c9488b7\" data-element_type=\"widget\" data-e-type=\"widget\" data-widget_type=\"woocommerce-products.default\">\n\t\t\t\t<div class=\"elementor-widget-container\">\n\t\t\t\t\t<div class=\"woocommerce columns-2 \"><div class=\"woocommerce-notices-wrapper\"><\/div><ul class=\"products elementor-grid columns-2\">\n<li class=\"wvs-archive-product-wrapper product type-product post-10352 status-publish first instock product_cat-selectiile-noastre has-post-thumbnail taxable shipping-taxable product-type-variable\">\n\t<a href=\"https:\/\/butterflies4events.com\/ro\/shop\/eliberarea-fluturelui-nor\/\" class=\"woocommerce-LoopProduct-link woocommerce-loop-product__link\"><img fetchpriority=\"high\" decoding=\"async\" width=\"300\" height=\"300\" src=\"https:\/\/butterflies4events.com\/wp-content\/uploads\/2024\/06\/1-300x300.jpg?wsr\" class=\"attachment-woocommerce_thumbnail size-woocommerce_thumbnail wvs-archive-product-image\" alt=\"Eliberare \u00een nori\" srcset=\"https:\/\/butterflies4events.com\/wp-content\/uploads\/2024\/06\/1-300x300.jpg 300w, https:\/\/butterflies4events.com\/wp-content\/uploads\/2024\/06\/1-100x100.jpg 100w, https:\/\/butterflies4events.com\/wp-content\/uploads\/2024\/06\/1-600x600.jpg 600w, https:\/\/butterflies4events.com\/wp-content\/uploads\/2024\/06\/1-1024x1024.jpg 1024w, https:\/\/butterflies4events.com\/wp-content\/uploads\/2024\/06\/1-150x150.jpg 150w, https:\/\/butterflies4events.com\/wp-content\/uploads\/2024\/06\/1-768x768.jpg 768w, https:\/\/butterflies4events.com\/wp-content\/uploads\/2024\/06\/1-1536x1536.jpg 1536w, https:\/\/butterflies4events.com\/wp-content\/uploads\/2024\/06\/1-2048x2048.jpg 2048w, https:\/\/butterflies4events.com\/wp-content\/uploads\/2024\/06\/1-50x50.jpg 50w, https:\/\/butterflies4events.com\/wp-content\/uploads\/2024\/06\/1-32x32.jpg 32w\" sizes=\"(max-width: 300px) 100vw, 300px\" \/><h2 class=\"woocommerce-loop-product__title\">Eliberare \u00een nori<\/h2>\n<\/a><div class=\"woocommerce-loop-product__buttons\"><a href=\"https:\/\/butterflies4events.com\/ro\/shop\/eliberarea-fluturelui-nor\/\" aria-describedby=\"woocommerce_loop_add_to_cart_link_describedby_10352\" data-quantity=\"1\" class=\"button product_type_variable\" data-product_id=\"10352\" data-product_sku=\"\" aria-label=\"Selecteaz\u0103 op\u021biunile pentru &bdquo;Eliberare \u00een nori&rdquo;\" rel=\"nofollow\">Descoperi\u021bi<\/a><\/div>\t<span id=\"woocommerce_loop_add_to_cart_link_describedby_10352\" class=\"screen-reader-text\">\n\t\t\t<\/span>\n<\/li>\n<li class=\"wvs-archive-product-wrapper product type-product post-10440 status-publish last instock product_cat-selectiile-noastre has-post-thumbnail taxable shipping-taxable product-type-variable\">\n\t<a href=\"https:\/\/butterflies4events.com\/ro\/shop\/eliberarea-fluturelui-personal\/\" class=\"woocommerce-LoopProduct-link woocommerce-loop-product__link\"><img decoding=\"async\" width=\"300\" height=\"300\" src=\"https:\/\/butterflies4events.com\/wp-content\/uploads\/2024\/08\/1-1-300x300.png?wsr\" class=\"attachment-woocommerce_thumbnail size-woocommerce_thumbnail wvs-archive-product-image\" alt=\"Eliberare personal\u0103\" srcset=\"https:\/\/butterflies4events.com\/wp-content\/uploads\/2024\/08\/1-1-300x300.png 300w, https:\/\/butterflies4events.com\/wp-content\/uploads\/2024\/08\/1-1-100x100.png 100w, https:\/\/butterflies4events.com\/wp-content\/uploads\/2024\/08\/1-1-600x600.png 600w, https:\/\/butterflies4events.com\/wp-content\/uploads\/2024\/08\/1-1-1024x1024.png 1024w, https:\/\/butterflies4events.com\/wp-content\/uploads\/2024\/08\/1-1-150x150.png 150w, https:\/\/butterflies4events.com\/wp-content\/uploads\/2024\/08\/1-1-768x768.png 768w, https:\/\/butterflies4events.com\/wp-content\/uploads\/2024\/08\/1-1-1536x1536.png 1536w, https:\/\/butterflies4events.com\/wp-content\/uploads\/2024\/08\/1-1-50x50.png 50w, https:\/\/butterflies4events.com\/wp-content\/uploads\/2024\/08\/1-1-32x32.png 32w, https:\/\/butterflies4events.com\/wp-content\/uploads\/2024\/08\/1-1.png 1620w\" sizes=\"(max-width: 300px) 100vw, 300px\" \/><h2 class=\"woocommerce-loop-product__title\">Eliberare personal\u0103<\/h2>\n<\/a><div class=\"woocommerce-loop-product__buttons\"><a href=\"https:\/\/butterflies4events.com\/ro\/shop\/eliberarea-fluturelui-personal\/\" aria-describedby=\"woocommerce_loop_add_to_cart_link_describedby_10440\" data-quantity=\"1\" class=\"button product_type_variable\" data-product_id=\"10440\" data-product_sku=\"\" aria-label=\"Selecteaz\u0103 op\u021biunile pentru &bdquo;Eliberare personal\u0103&rdquo;\" rel=\"nofollow\">Descoperi\u021bi<\/a><\/div>\t<span id=\"woocommerce_loop_add_to_cart_link_describedby_10440\" class=\"screen-reader-text\">\n\t\t\t<\/span>\n<\/li>\n<\/ul>\n<\/div>\t\t\t\t<\/div>\n\t\t\t\t<\/div>\n\t\t\t\t<div class=\"elementor-element elementor-element-3cf6ff1 elementor-widget elementor-widget-shortcode\" data-id=\"3cf6ff1\" data-element_type=\"widget\" data-e-type=\"widget\" data-widget_type=\"shortcode.default\">\n\t\t\t\t<div class=\"elementor-widget-container\">\n\t\t\t\t\t\t\t<div class=\"elementor-shortcode\">\t\t<div data-elementor-type=\"container\" data-elementor-id=\"10751\" class=\"elementor elementor-10751 elementor-9971 elementor-9971 elementor-9971\" data-elementor-post-type=\"elementor_library\">\n\t\t\t\t<div class=\"elementor-element elementor-element-110602d e-con-full e-flex e-con e-parent\" data-id=\"110602d\" data-element_type=\"container\" data-e-type=\"container\">\n\t\t\t\t<div class=\"elementor-element elementor-element-b45cbf3 elementor-align-center elementor-widget elementor-widget-button\" data-id=\"b45cbf3\" data-element_type=\"widget\" data-e-type=\"widget\" data-widget_type=\"button.default\">\n\t\t\t\t<div class=\"elementor-widget-container\">\n\t\t\t\t\t\t\t\t\t<div class=\"elementor-button-wrapper\">\n\t\t\t\t\t<a class=\"elementor-button elementor-button-link elementor-size-sm\" href=\"#elementor-action%3Aaction%3Dpopup%3Aopen%26settings%3DeyJpZCI6MTA1MjMsInRvZ2dsZSI6ZmFsc2V9\">\n\t\t\t\t\t\t<span class=\"elementor-button-content-wrapper\">\n\t\t\t\t\t\t\t\t\t<span class=\"elementor-button-text\">Conecta\u021bi-v\u0103 pentru a vedea pre\u021burile<\/span>\n\t\t\t\t\t<\/span>\n\t\t\t\t\t<\/a>\n\t\t\t\t<\/div>\n\t\t\t\t\t\t\t\t<\/div>\n\t\t\t\t<\/div>\n\t\t\t\t<\/div>\n\t\t\t\t<\/div>\n\t\t<\/div>\n\t\t\t\t\t\t<\/div>\n\t\t\t\t<\/div>\n\t\t\t\t<\/div>\n\t\t\t\t<\/div>\n\t\t<\/div>\n\t\t\t\t\t\t<\/div>\n\t\t\t\t<\/div>\n\t\t\t\t<\/div>\n\t\t<div class=\"elementor-element elementor-element-6d00d2d e-con-full e-flex e-con e-parent\" data-id=\"6d00d2d\" data-element_type=\"container\" data-e-type=\"container\">\n\t\t\t\t<div class=\"elementor-element elementor-element-4f625a3 elementor-widget elementor-widget-shortcode\" data-id=\"4f625a3\" data-element_type=\"widget\" data-e-type=\"widget\" data-widget_type=\"shortcode.default\">\n\t\t\t\t<div class=\"elementor-widget-container\">\n\t\t\t\t\t\t\t<div class=\"elementor-shortcode\">\t\t<div data-elementor-type=\"container\" data-elementor-id=\"10530\" class=\"elementor elementor-10530 elementor-9478 elementor-9478\" data-elementor-post-type=\"elementor_library\">\n\t\t\t\t<div class=\"elementor-element elementor-element-41f4cae e-flex e-con-boxed e-con e-child\" data-id=\"41f4cae\" data-element_type=\"container\" data-e-type=\"container\" data-settings=\"{&quot;background_background&quot;:&quot;classic&quot;}\">\n\t\t\t\t\t<div class=\"e-con-inner\">\n\t\t\t\t<div class=\"elementor-element elementor-element-0cb4b32 elementor-align-justify elementor-widget elementor-widget-button\" data-id=\"0cb4b32\" data-element_type=\"widget\" data-e-type=\"widget\" data-widget_type=\"button.default\">\n\t\t\t\t<div class=\"elementor-widget-container\">\n\t\t\t\t\t\t\t\t\t<div class=\"elementor-button-wrapper\">\n\t\t\t\t\t<a class=\"elementor-button elementor-button-link elementor-size-md\" href=\"https:\/\/butterflies4events.com\/ro\/cum-functioneaza\/\">\n\t\t\t\t\t\t<span class=\"elementor-button-content-wrapper\">\n\t\t\t\t\t\t\t\t\t<span class=\"elementor-button-text\">Cum s\u0103 v\u0103 primi\u021bi fluturii<\/span>\n\t\t\t\t\t<\/span>\n\t\t\t\t\t<\/a>\n\t\t\t\t<\/div>\n\t\t\t\t\t\t\t\t<\/div>\n\t\t\t\t<\/div>\n\t\t\t\t<div class=\"elementor-element elementor-element-2f7852c elementor-align-center elementor-widget elementor-widget-button\" data-id=\"2f7852c\" data-element_type=\"widget\" data-e-type=\"widget\" data-widget_type=\"button.default\">\n\t\t\t\t<div class=\"elementor-widget-container\">\n\t\t\t\t\t\t\t\t\t<div class=\"elementor-button-wrapper\">\n\t\t\t\t\t<a class=\"elementor-button elementor-button-link elementor-size-md\" href=\"https:\/\/butterflies4events.com\/ro\/sfaturi-foto-si-video\/\">\n\t\t\t\t\t\t<span class=\"elementor-button-content-wrapper\">\n\t\t\t\t\t\t\t\t\t<span class=\"elementor-button-text\">Descoperi\u021bi sfaturile noastre pentru fotografii \u0219i videoclipuri de neuitat<\/span>\n\t\t\t\t\t<\/span>\n\t\t\t\t\t<\/a>\n\t\t\t\t<\/div>\n\t\t\t\t\t\t\t\t<\/div>\n\t\t\t\t<\/div>\n\t\t\t\t\t<\/div>\n\t\t\t\t<\/div>\n\t\t\t\t<\/div>\n\t\t<\/div>\n\t\t\t\t\t\t<\/div>\n\t\t\t\t<\/div>\n\t\t\t\t<\/div>\n\t\t\t\t<\/div>\n\t\t","protected":false},"excerpt":{"rendered":"<p>Notificare legal\u0103 Preg\u0103tit de Liga Italian\u0103 pentru Protec\u021bia P\u0103s\u0103rilor (L.I.P.U.), Delega\u021bia Bologna \u0219i Ora\u0219ul Metropolitan A) \u00cen conformitate cu articolul 727 primul paragraf din Codul penal italian, eliberarea pe teritoriul na\u021bional a unor specii de animale neautohtone constituie infrac\u021biunea de &#8222;abandon de animale&#8221;; B) \u00cen conformitate cu Legea regional\u0103 nr. 5 din 17 februarie 2005, [&hellip;]<\/p>\n","protected":false},"author":1,"featured_media":0,"parent":0,"menu_order":0,"comment_status":"closed","ping_status":"closed","template":"","meta":{"_acf_changed":false,"footnotes":""},"folder":[259],"class_list":["post-10296","page","type-page","status-publish","hentry"],"acf":[],"_links":{"self":[{"href":"https:\/\/butterflies4events.com\/ro\/wp-json\/wp\/v2\/pages\/10296","targetHints":{"allow":["GET"]}}],"collection":[{"href":"https:\/\/butterflies4events.com\/ro\/wp-json\/wp\/v2\/pages"}],"about":[{"href":"https:\/\/butterflies4events.com\/ro\/wp-json\/wp\/v2\/types\/page"}],"author":[{"embeddable":true,"href":"https:\/\/butterflies4events.com\/ro\/wp-json\/wp\/v2\/users\/1"}],"replies":[{"embeddable":true,"href":"https:\/\/butterflies4events.com\/ro\/wp-json\/wp\/v2\/comments?post=10296"}],"version-history":[{"count":3,"href":"https:\/\/butterflies4events.com\/ro\/wp-json\/wp\/v2\/pages\/10296\/revisions"}],"predecessor-version":[{"id":11700,"href":"https:\/\/butterflies4events.com\/ro\/wp-json\/wp\/v2\/pages\/10296\/revisions\/11700"}],"wp:attachment":[{"href":"https:\/\/butterflies4events.com\/ro\/wp-json\/wp\/v2\/media?parent=10296"}],"wp:term":[{"taxonomy":"folder","embeddable":true,"href":"https:\/\/butterflies4events.com\/ro\/wp-json\/wp\/v2\/folder?post=10296"}],"curies":[{"name":"wp","href":"https:\/\/api.w.org\/{rel}","templated":true}]}}