{"id":10289,"date":"2024-01-03T10:59:59","date_gmt":"2024-01-03T10:59:59","guid":{"rendered":"https:\/\/butterflies4events.com\/note-stiintifice\/"},"modified":"2026-01-19T17:00:18","modified_gmt":"2026-01-19T17:00:18","slug":"note-stiintifice","status":"publish","type":"page","link":"https:\/\/butterflies4events.com\/ro\/note-stiintifice\/","title":{"rendered":"Note \u0219tiin\u021bifice"},"content":{"rendered":"\t\t<div data-elementor-type=\"wp-page\" data-elementor-id=\"10289\" class=\"elementor elementor-10289 elementor-771\" data-elementor-post-type=\"page\">\n\t\t\t\t<div class=\"elementor-element elementor-element-6a01ae58 e-flex e-con-boxed e-con e-parent\" data-id=\"6a01ae58\" data-element_type=\"container\" data-e-type=\"container\">\n\t\t\t\t\t<div class=\"e-con-inner\">\n\t\t\t\t<div class=\"elementor-element elementor-element-9cf6724 elementor-widget elementor-widget-text-editor\" data-id=\"9cf6724\" data-element_type=\"widget\" data-e-type=\"widget\" data-widget_type=\"text-editor.default\">\n\t\t\t\t<div class=\"elementor-widget-container\">\n\t\t\t\t\t\t\t\t\t<h1>Note tehnico-\u0219tiin\u021bifice<\/h1>\t\t\t\t\t\t\t\t<\/div>\n\t\t\t\t<\/div>\n\t\t\t\t<div class=\"elementor-element elementor-element-ae98325 elementor-widget elementor-widget-text-editor\" data-id=\"ae98325\" data-element_type=\"widget\" data-e-type=\"widget\" data-widget_type=\"text-editor.default\">\n\t\t\t\t<div class=\"elementor-widget-container\">\n\t\t\t\t\t\t\t\t\t<h3 data-start=\"208\" data-end=\"1527\">1) Nu trebuie s\u0103 fie o specie extraterestr\u0103.<\/h3><p data-start=\"208\" data-end=\"1527\">Eliberarea speciilor exotice (non-native) ridic\u0103 dou\u0103 probleme principale: ecologice \u0219i etice. \u00cen timp ce c\u00e2\u021biva fluturi exotici elibera\u021bi \u00een s\u0103lb\u0103ticie pot s\u0103 nu reprezinte o problem\u0103 imediat\u0103, practica generalizat\u0103 ar putea conduce la riscuri imprevizibile pentru mediu. Speciile exotice crescute \u00een fermele de fluturi din \u00eentreaga lume prezint\u0103 adesea niveluri ridicate de parazitism, ac\u021bion\u00e2nd ca vectori pentru viru\u0219i, ciuperci \u0219i bacterii poten\u021bial letale pentru popula\u021biile locale. \u00cen plus, dac\u0103 o specie exotic\u0103 se aclimatizeaz\u0103 la mediul local, aceasta poate provoca dispari\u021bia uneia sau mai multor popula\u021bii indigene din cauza concuren\u021bei pentru aceea\u0219i ni\u0219\u0103 ecologic\u0103. Acest lucru s-a \u00eent\u00e2mplat deja, de exemplu, cu g\u0103rg\u0103ri\u021ba asiatic\u0103 (Harmonia axyridis), care a fost eliberat\u0103 masiv pentru control biologic \u0219i care \u00een prezent disloc\u0103 speciile indigene de g\u0103rg\u0103ri\u021be, dup\u0103 cum s-a documentat pe larg \u00een literatura \u0219tiin\u021bific\u0103. Aceste probleme nu apar dac\u0103 specia este nativ\u0103, migratoare, abundent\u0103 \u0219i r\u0103sp\u00e2ndit\u0103 \u00een zona de eliberare. Problema etic\u0103 se refer\u0103, de asemenea, la probabilitatea supravie\u021buirii pe termen scurt a indivizilor din loca\u021bii exotice care nu sunt adapta\u021bi la mediile locale. \u00cen plus, \u00een conformitate cu articolul 727 primul paragraf din Codul penal italian, eliberarea de specii de animale neautohtone pe teritoriul na\u021bional constituie infrac\u021biunea de &#8222;abandon de animale&#8221;.       <\/p><p data-start=\"208\" data-end=\"1527\"> <\/p><h3 data-start=\"1532\" data-end=\"2049\">2) Acesta trebuie s\u0103 fie abundent \u0219i r\u0103sp\u00e2ndit \u00een regiunea de eliberare.<\/h3><p data-start=\"1532\" data-end=\"2049\">Acest lucru poate p\u0103rea paradoxal, dar este foarte important. Activitatea noastr\u0103 nu vizeaz\u0103 reintroducerea speciilor disp\u0103rute sau consolidarea popula\u021biilor locale slabe. Scopul principal este educa\u021bional \u0219i estetic. Reintroducerea unor specii disp\u0103rute sau rare la nivel local f\u0103r\u0103 criterii adecvate \u0219i f\u0103r\u0103 un studiu \u0219tiin\u021bific aprofundat ar putea \u00eenr\u0103ut\u0103\u021bi starea acestora. Dimpotriv\u0103, o popula\u021bie abundent\u0103 \u0219i bine distribuit\u0103 va beneficia de eliberarea unor indivizi s\u0103n\u0103to\u0219i, compatibili genetic.    <\/p><h3 data-start=\"2054\" data-end=\"2671\"> <\/h3><h3 data-start=\"2054\" data-end=\"2671\">3) Trebuie s\u0103 aib\u0103 un poten\u021bial ridicat de dispersie, dar, de preferin\u021b\u0103, s\u0103 nu aib\u0103 rute de migra\u021bie specifice.<\/h3><p data-start=\"2054\" data-end=\"2671\">O dispersie puternic\u0103 asigur\u0103 omogenitatea genetic\u0103, o \u00eenc\u0103rc\u0103tur\u0103 uniform\u0103 de parazi\u021bi \u0219i adapt\u0103ri constante la mediu \u00een \u00eentreaga arie de distribu\u021bie a speciei. Acest lucru previne o diferen\u021biere puternic\u0103 \u00eentre popula\u021bii, care, \u00een caz contrar, ar putea sem\u0103na cu introducerea unor popula\u021bii str\u0103ine (chiar dac\u0103 din aceea\u0219i specie). De preferin\u021b\u0103, ar trebui evitate speciile cu popula\u021bii care prezint\u0103 rute migratorii distincte, deoarece amestecarea acestor rute ar putea perturba tiparele migratorii stabilite de mult timp (de\u0219i acest lucru nu a fost demonstrat la Lepidoptera).  <\/p><h3 data-start=\"2676\" data-end=\"3272\"> <\/h3><h3 data-start=\"2676\" data-end=\"3272\">4) Structura genetic\u0103 a popula\u021biei trebuie s\u0103 fie destul de bine cunoscut\u0103, f\u0103r\u0103 diferen\u021be semnificative \u00eentre popula\u021bii.<\/h3><p data-start=\"2676\" data-end=\"3272\">\u0218tiin\u021ba modern\u0103 permite evaluarea diferen\u021bierii popula\u021biilor folosind markeri genetici specifici. Secven\u021bierea ADN poate dezv\u0103lui nivelurile de diferen\u021biere \u0219i poate cuantifica fluxul genetic \u00eentre popula\u021bii. Proiecte precum DNA Barcoding furnizeaz\u0103 baze de date de secven\u021be mitocondriale utile pentru astfel de analize. Prin urmare, o specie utilizat\u0103 pentru eliber\u0103ri ar trebui s\u0103 fie sus\u021binut\u0103 de studii privind structura genetic\u0103 pentru a identifica zonele geografice \u00een care eliberarea de indivizi din anumite popula\u021bii poate s\u0103 nu fie adecvat\u0103.   <\/p><h3 data-start=\"3277\" data-end=\"3850\"> <\/h3><h3 data-start=\"3277\" data-end=\"3850\">5) Indivizii trebuie s\u0103 provin\u0103 dintr-o instala\u021bie de reproducere cu ciclu \u00eenchis, nu din fluturi sau omizi capturate s\u0103lbatic.<\/h3><p data-start=\"3277\" data-end=\"3850\">Fluturii trebuie crescu\u021bi, nu elimina\u021bi din popula\u021biile s\u0103lbatice. Acest lucru este esen\u021bial pentru controlul agen\u021bilor patogeni, deoarece aprovizionarea din exterior ar \u00eempiedica gestionarea bolilor. Pentru a preveni depresia consangvinit\u0103\u021bii \u0219i adaptarea la captivitate, un num\u0103r de reproduc\u0103tori s\u0103lbatici sunt introdu\u0219i periodic \u00een coloniile de reproducere, respect\u00e2ndu-se regula genetic\u0103 &#8222;un migrant efectiv pe genera\u021bie&#8221;. Acest lucru previne adaptarea local\u0103 la captivitate, care ar putea sl\u0103bi fluturele pentru supravie\u021buirea \u00een s\u0103lb\u0103ticie.   <\/p><h3 data-start=\"3855\" data-end=\"4591\"> <\/h3><h3 data-start=\"3855\" data-end=\"4591\">6) Acestea trebuie s\u0103 fie certificate &#8222;f\u0103r\u0103 agen\u021bi patogeni&#8221; pentru cei mai comuni parazi\u021bi (ciuperci microsporidiene, baculovirusuri, bacterii).<\/h3><p data-start=\"3855\" data-end=\"4591\">Ca toate organismele vii, fluturii se pot \u00eemboln\u0103vi. \u00cen s\u0103lb\u0103ticie, aproximativ 1 din 100 de omizi supravie\u021buie\u0219te p\u00e2n\u0103 la v\u00e2rsta adult\u0103, \u00een principal din cauza bolilor (o condi\u021bie natural\u0103). Diagnosticarea bolilor fluturilor necesit\u0103 o expertiz\u0103 \u0219tiin\u021bific\u0103 extins\u0103 \u0219i studii specifice speciilor. Fluturii elibera\u021bi trebuie s\u0103 fie lipsi\u021bi de agen\u021bi patogeni majori care ar putea afecta popula\u021biile locale. Chiar \u0219i o colonie de reproducere cu agen\u021bi patogeni circulan\u021bi ar fi nesustenabil\u0103 dincolo de una sau dou\u0103 genera\u021bii. Fluturii no\u0219tri sunt examina\u021bi folosind tehnici de microscopie neinvazive (f\u0103r\u0103 a afecta fluturii) pentru a produce colonii s\u0103n\u0103toase \u0219i sunt e\u0219antiona\u021bi \u00eenainte de eliberare.     <\/p>\t\t\t\t\t\t\t\t<\/div>\n\t\t\t\t<\/div>\n\t\t\t\t\t<\/div>\n\t\t\t\t<\/div>\n\t\t<div class=\"elementor-element elementor-element-97b9b4d e-con-full e-flex e-con e-parent\" data-id=\"97b9b4d\" data-element_type=\"container\" data-e-type=\"container\">\n\t\t\t\t<div class=\"elementor-element elementor-element-690160d elementor-widget elementor-widget-shortcode\" data-id=\"690160d\" data-element_type=\"widget\" data-e-type=\"widget\" data-widget_type=\"shortcode.default\">\n\t\t\t\t<div class=\"elementor-widget-container\">\n\t\t\t\t\t\t\t<div class=\"elementor-shortcode\">\t\t<div data-elementor-type=\"container\" data-elementor-id=\"10543\" class=\"elementor elementor-10543 elementor-2624 elementor-2624\" data-elementor-post-type=\"elementor_library\">\n\t\t\t\t<div class=\"elementor-element elementor-element-b43722c e-con-full e-flex e-con e-parent\" data-id=\"b43722c\" data-element_type=\"container\" data-e-type=\"container\" data-settings=\"{&quot;background_background&quot;:&quot;classic&quot;}\">\n\t\t\t\t<div class=\"elementor-element elementor-element-c6df457 elementor-widget__width-inherit elementor-widget elementor-widget-text-editor\" data-id=\"c6df457\" data-element_type=\"widget\" data-e-type=\"widget\" data-widget_type=\"text-editor.default\">\n\t\t\t\t<div class=\"elementor-widget-container\">\n\t\t\t\t\t\t\t\t\t<h2 style=\"text-align: center;\">Vede\u021bi ce oferim<\/h2>\t\t\t\t\t\t\t\t<\/div>\n\t\t\t\t<\/div>\n\t\t\t\t<div class=\"elementor-element elementor-element-c9488b7 elementor-product-loop-item--align-center elementor-grid-2 elementor-widget__width-auto elementor-grid-mobile-1 elementor-grid-tablet-3 elementor-products-grid elementor-wc-products elementor-show-pagination-border-yes elementor-widget elementor-widget-woocommerce-products\" data-id=\"c9488b7\" data-element_type=\"widget\" data-e-type=\"widget\" data-widget_type=\"woocommerce-products.default\">\n\t\t\t\t<div class=\"elementor-widget-container\">\n\t\t\t\t\t<div class=\"woocommerce columns-2 \"><div class=\"woocommerce-notices-wrapper\"><\/div><ul class=\"products elementor-grid columns-2\">\n<li class=\"wvs-archive-product-wrapper product type-product post-10352 status-publish first instock product_cat-selectiile-noastre has-post-thumbnail taxable shipping-taxable product-type-variable\">\n\t<a href=\"https:\/\/butterflies4events.com\/ro\/shop\/eliberarea-fluturelui-nor\/\" class=\"woocommerce-LoopProduct-link woocommerce-loop-product__link\"><img fetchpriority=\"high\" decoding=\"async\" width=\"300\" height=\"300\" src=\"https:\/\/butterflies4events.com\/wp-content\/uploads\/2024\/06\/1-300x300.jpg?wsr\" class=\"attachment-woocommerce_thumbnail size-woocommerce_thumbnail wvs-archive-product-image\" alt=\"Eliberare \u00een nori\" srcset=\"https:\/\/butterflies4events.com\/wp-content\/uploads\/2024\/06\/1-300x300.jpg 300w, https:\/\/butterflies4events.com\/wp-content\/uploads\/2024\/06\/1-100x100.jpg 100w, https:\/\/butterflies4events.com\/wp-content\/uploads\/2024\/06\/1-600x600.jpg 600w, https:\/\/butterflies4events.com\/wp-content\/uploads\/2024\/06\/1-1024x1024.jpg 1024w, https:\/\/butterflies4events.com\/wp-content\/uploads\/2024\/06\/1-150x150.jpg 150w, https:\/\/butterflies4events.com\/wp-content\/uploads\/2024\/06\/1-768x768.jpg 768w, https:\/\/butterflies4events.com\/wp-content\/uploads\/2024\/06\/1-1536x1536.jpg 1536w, https:\/\/butterflies4events.com\/wp-content\/uploads\/2024\/06\/1-2048x2048.jpg 2048w, https:\/\/butterflies4events.com\/wp-content\/uploads\/2024\/06\/1-50x50.jpg 50w, https:\/\/butterflies4events.com\/wp-content\/uploads\/2024\/06\/1-32x32.jpg 32w\" sizes=\"(max-width: 300px) 100vw, 300px\" \/><h2 class=\"woocommerce-loop-product__title\">Eliberare \u00een nori<\/h2>\n<\/a><div class=\"woocommerce-loop-product__buttons\"><a href=\"https:\/\/butterflies4events.com\/ro\/shop\/eliberarea-fluturelui-nor\/\" aria-describedby=\"woocommerce_loop_add_to_cart_link_describedby_10352\" data-quantity=\"1\" class=\"button product_type_variable\" data-product_id=\"10352\" data-product_sku=\"\" aria-label=\"Selecteaz\u0103 op\u021biunile pentru &bdquo;Eliberare \u00een nori&rdquo;\" rel=\"nofollow\">Descoperi\u021bi<\/a><\/div>\t<span id=\"woocommerce_loop_add_to_cart_link_describedby_10352\" class=\"screen-reader-text\">\n\t\t\t<\/span>\n<\/li>\n<li class=\"wvs-archive-product-wrapper product type-product post-10440 status-publish last instock product_cat-selectiile-noastre has-post-thumbnail taxable shipping-taxable product-type-variable\">\n\t<a href=\"https:\/\/butterflies4events.com\/ro\/shop\/eliberarea-fluturelui-personal\/\" class=\"woocommerce-LoopProduct-link woocommerce-loop-product__link\"><img decoding=\"async\" width=\"300\" height=\"300\" src=\"https:\/\/butterflies4events.com\/wp-content\/uploads\/2024\/08\/1-1-300x300.png?wsr\" class=\"attachment-woocommerce_thumbnail size-woocommerce_thumbnail wvs-archive-product-image\" alt=\"Eliberare personal\u0103\" srcset=\"https:\/\/butterflies4events.com\/wp-content\/uploads\/2024\/08\/1-1-300x300.png 300w, https:\/\/butterflies4events.com\/wp-content\/uploads\/2024\/08\/1-1-100x100.png 100w, https:\/\/butterflies4events.com\/wp-content\/uploads\/2024\/08\/1-1-600x600.png 600w, https:\/\/butterflies4events.com\/wp-content\/uploads\/2024\/08\/1-1-1024x1024.png 1024w, https:\/\/butterflies4events.com\/wp-content\/uploads\/2024\/08\/1-1-150x150.png 150w, https:\/\/butterflies4events.com\/wp-content\/uploads\/2024\/08\/1-1-768x768.png 768w, https:\/\/butterflies4events.com\/wp-content\/uploads\/2024\/08\/1-1-1536x1536.png 1536w, https:\/\/butterflies4events.com\/wp-content\/uploads\/2024\/08\/1-1-50x50.png 50w, https:\/\/butterflies4events.com\/wp-content\/uploads\/2024\/08\/1-1-32x32.png 32w, https:\/\/butterflies4events.com\/wp-content\/uploads\/2024\/08\/1-1.png 1620w\" sizes=\"(max-width: 300px) 100vw, 300px\" \/><h2 class=\"woocommerce-loop-product__title\">Eliberare personal\u0103<\/h2>\n<\/a><div class=\"woocommerce-loop-product__buttons\"><a href=\"https:\/\/butterflies4events.com\/ro\/shop\/eliberarea-fluturelui-personal\/\" aria-describedby=\"woocommerce_loop_add_to_cart_link_describedby_10440\" data-quantity=\"1\" class=\"button product_type_variable\" data-product_id=\"10440\" data-product_sku=\"\" aria-label=\"Selecteaz\u0103 op\u021biunile pentru &bdquo;Eliberare personal\u0103&rdquo;\" rel=\"nofollow\">Descoperi\u021bi<\/a><\/div>\t<span id=\"woocommerce_loop_add_to_cart_link_describedby_10440\" class=\"screen-reader-text\">\n\t\t\t<\/span>\n<\/li>\n<\/ul>\n<\/div>\t\t\t\t<\/div>\n\t\t\t\t<\/div>\n\t\t\t\t<div class=\"elementor-element elementor-element-3cf6ff1 elementor-widget elementor-widget-shortcode\" data-id=\"3cf6ff1\" data-element_type=\"widget\" data-e-type=\"widget\" data-widget_type=\"shortcode.default\">\n\t\t\t\t<div class=\"elementor-widget-container\">\n\t\t\t\t\t\t\t<div class=\"elementor-shortcode\">\t\t<div data-elementor-type=\"container\" data-elementor-id=\"10751\" class=\"elementor elementor-10751 elementor-9971 elementor-9971 elementor-9971\" data-elementor-post-type=\"elementor_library\">\n\t\t\t\t<div class=\"elementor-element elementor-element-110602d e-con-full e-flex e-con e-parent\" data-id=\"110602d\" data-element_type=\"container\" data-e-type=\"container\">\n\t\t\t\t<div class=\"elementor-element elementor-element-b45cbf3 elementor-align-center elementor-widget elementor-widget-button\" data-id=\"b45cbf3\" data-element_type=\"widget\" data-e-type=\"widget\" data-widget_type=\"button.default\">\n\t\t\t\t<div class=\"elementor-widget-container\">\n\t\t\t\t\t\t\t\t\t<div class=\"elementor-button-wrapper\">\n\t\t\t\t\t<a class=\"elementor-button elementor-button-link elementor-size-sm\" href=\"#elementor-action%3Aaction%3Dpopup%3Aopen%26settings%3DeyJpZCI6MTA1MjMsInRvZ2dsZSI6ZmFsc2V9\">\n\t\t\t\t\t\t<span class=\"elementor-button-content-wrapper\">\n\t\t\t\t\t\t\t\t\t<span class=\"elementor-button-text\">Conecta\u021bi-v\u0103 pentru a vedea pre\u021burile<\/span>\n\t\t\t\t\t<\/span>\n\t\t\t\t\t<\/a>\n\t\t\t\t<\/div>\n\t\t\t\t\t\t\t\t<\/div>\n\t\t\t\t<\/div>\n\t\t\t\t<\/div>\n\t\t\t\t<\/div>\n\t\t<\/div>\n\t\t\t\t\t\t<\/div>\n\t\t\t\t<\/div>\n\t\t\t\t<\/div>\n\t\t\t\t<\/div>\n\t\t<\/div>\n\t\t\t\t\t\t<\/div>\n\t\t\t\t<\/div>\n\t\t\t\t<\/div>\n\t\t<div class=\"elementor-element elementor-element-e505539 e-con-full e-flex e-con e-parent\" data-id=\"e505539\" data-element_type=\"container\" data-e-type=\"container\">\n\t\t\t\t<div class=\"elementor-element elementor-element-e9b22bd elementor-widget elementor-widget-shortcode\" data-id=\"e9b22bd\" data-element_type=\"widget\" data-e-type=\"widget\" data-widget_type=\"shortcode.default\">\n\t\t\t\t<div class=\"elementor-widget-container\">\n\t\t\t\t\t\t\t<div class=\"elementor-shortcode\">\t\t<div data-elementor-type=\"container\" data-elementor-id=\"10530\" class=\"elementor elementor-10530 elementor-9478 elementor-9478\" data-elementor-post-type=\"elementor_library\">\n\t\t\t\t<div class=\"elementor-element elementor-element-41f4cae e-flex e-con-boxed e-con e-child\" data-id=\"41f4cae\" data-element_type=\"container\" data-e-type=\"container\" data-settings=\"{&quot;background_background&quot;:&quot;classic&quot;}\">\n\t\t\t\t\t<div class=\"e-con-inner\">\n\t\t\t\t<div class=\"elementor-element elementor-element-0cb4b32 elementor-align-justify elementor-widget elementor-widget-button\" data-id=\"0cb4b32\" data-element_type=\"widget\" data-e-type=\"widget\" data-widget_type=\"button.default\">\n\t\t\t\t<div class=\"elementor-widget-container\">\n\t\t\t\t\t\t\t\t\t<div class=\"elementor-button-wrapper\">\n\t\t\t\t\t<a class=\"elementor-button elementor-button-link elementor-size-md\" href=\"https:\/\/butterflies4events.com\/ro\/cum-functioneaza\/\">\n\t\t\t\t\t\t<span class=\"elementor-button-content-wrapper\">\n\t\t\t\t\t\t\t\t\t<span class=\"elementor-button-text\">Cum s\u0103 v\u0103 primi\u021bi fluturii<\/span>\n\t\t\t\t\t<\/span>\n\t\t\t\t\t<\/a>\n\t\t\t\t<\/div>\n\t\t\t\t\t\t\t\t<\/div>\n\t\t\t\t<\/div>\n\t\t\t\t<div class=\"elementor-element elementor-element-2f7852c elementor-align-center elementor-widget elementor-widget-button\" data-id=\"2f7852c\" data-element_type=\"widget\" data-e-type=\"widget\" data-widget_type=\"button.default\">\n\t\t\t\t<div class=\"elementor-widget-container\">\n\t\t\t\t\t\t\t\t\t<div class=\"elementor-button-wrapper\">\n\t\t\t\t\t<a class=\"elementor-button elementor-button-link elementor-size-md\" href=\"https:\/\/butterflies4events.com\/ro\/sfaturi-foto-si-video\/\">\n\t\t\t\t\t\t<span class=\"elementor-button-content-wrapper\">\n\t\t\t\t\t\t\t\t\t<span class=\"elementor-button-text\">Descoperi\u021bi sfaturile noastre pentru fotografii \u0219i videoclipuri de neuitat<\/span>\n\t\t\t\t\t<\/span>\n\t\t\t\t\t<\/a>\n\t\t\t\t<\/div>\n\t\t\t\t\t\t\t\t<\/div>\n\t\t\t\t<\/div>\n\t\t\t\t\t<\/div>\n\t\t\t\t<\/div>\n\t\t\t\t<\/div>\n\t\t<\/div>\n\t\t\t\t\t\t<\/div>\n\t\t\t\t<\/div>\n\t\t\t\t<\/div>\n\t\t\t\t<\/div>\n\t\t","protected":false},"excerpt":{"rendered":"<p>Note tehnico-\u0219tiin\u021bifice 1) Nu trebuie s\u0103 fie o specie extraterestr\u0103. Eliberarea speciilor exotice (non-native) ridic\u0103 dou\u0103 probleme principale: ecologice \u0219i etice. \u00cen timp ce c\u00e2\u021biva fluturi exotici elibera\u021bi \u00een s\u0103lb\u0103ticie pot s\u0103 nu reprezinte o problem\u0103 imediat\u0103, practica generalizat\u0103 ar putea conduce la riscuri imprevizibile pentru mediu. Speciile exotice crescute \u00een fermele de fluturi din [&hellip;]<\/p>\n","protected":false},"author":1,"featured_media":0,"parent":0,"menu_order":0,"comment_status":"closed","ping_status":"closed","template":"","meta":{"_acf_changed":false,"footnotes":""},"folder":[259],"class_list":["post-10289","page","type-page","status-publish","hentry"],"acf":[],"_links":{"self":[{"href":"https:\/\/butterflies4events.com\/ro\/wp-json\/wp\/v2\/pages\/10289","targetHints":{"allow":["GET"]}}],"collection":[{"href":"https:\/\/butterflies4events.com\/ro\/wp-json\/wp\/v2\/pages"}],"about":[{"href":"https:\/\/butterflies4events.com\/ro\/wp-json\/wp\/v2\/types\/page"}],"author":[{"embeddable":true,"href":"https:\/\/butterflies4events.com\/ro\/wp-json\/wp\/v2\/users\/1"}],"replies":[{"embeddable":true,"href":"https:\/\/butterflies4events.com\/ro\/wp-json\/wp\/v2\/comments?post=10289"}],"version-history":[{"count":4,"href":"https:\/\/butterflies4events.com\/ro\/wp-json\/wp\/v2\/pages\/10289\/revisions"}],"predecessor-version":[{"id":11702,"href":"https:\/\/butterflies4events.com\/ro\/wp-json\/wp\/v2\/pages\/10289\/revisions\/11702"}],"wp:attachment":[{"href":"https:\/\/butterflies4events.com\/ro\/wp-json\/wp\/v2\/media?parent=10289"}],"wp:term":[{"taxonomy":"folder","embeddable":true,"href":"https:\/\/butterflies4events.com\/ro\/wp-json\/wp\/v2\/folder?post=10289"}],"curies":[{"name":"wp","href":"https:\/\/api.w.org\/{rel}","templated":true}]}}