{"id":10283,"date":"2024-05-16T15:26:14","date_gmt":"2024-05-16T15:26:14","guid":{"rendered":"https:\/\/butterflies4events.com\/termeni-de-utilizare-a-site-ului\/"},"modified":"2026-01-19T17:00:20","modified_gmt":"2026-01-19T17:00:20","slug":"termeni-de-utilizare-a-site-ului","status":"publish","type":"page","link":"https:\/\/butterflies4events.com\/ro\/termeni-de-utilizare-a-site-ului\/","title":{"rendered":"Termeni de utilizare a site-ului"},"content":{"rendered":"\t\t<div data-elementor-type=\"wp-page\" data-elementor-id=\"10283\" class=\"elementor elementor-10283 elementor-2442\" data-elementor-post-type=\"page\">\n\t\t\t\t<div class=\"elementor-element elementor-element-1c4f99d e-flex e-con-boxed e-con e-parent\" data-id=\"1c4f99d\" data-element_type=\"container\" data-e-type=\"container\">\n\t\t\t\t\t<div class=\"e-con-inner\">\n\t\t\t\t<div class=\"elementor-element elementor-element-6224cb1f elementor-widget elementor-widget-text-editor\" data-id=\"6224cb1f\" data-element_type=\"widget\" data-e-type=\"widget\" data-widget_type=\"text-editor.default\">\n\t\t\t\t<div class=\"elementor-widget-container\">\n\t\t\t\t\t\t\t\t\t<h1>Termeni \u0219i condi\u021bii de utilizare a site-ului<\/h1>\t\t\t\t\t\t\t\t<\/div>\n\t\t\t\t<\/div>\n\t\t\t\t<div class=\"elementor-element elementor-element-a53da97 elementor-widget elementor-widget-text-editor\" data-id=\"a53da97\" data-element_type=\"widget\" data-e-type=\"widget\" data-widget_type=\"text-editor.default\">\n\t\t\t\t<div class=\"elementor-widget-container\">\n\t\t\t\t\t\t\t\t\t<p><em>V\u0103 rug\u0103m s\u0103 re\u021bine\u021bi c\u0103 acest document este doar o traducere \u00een scop informativ. Versiunea oficial\u0103 \u0219i obligatorie din punct de vedere juridic este cea italian\u0103. <\/em><\/p><p> <\/p><p>Stimate utilizator, v\u0103 rug\u0103m s\u0103 citi\u021bi cu aten\u021bie ace\u0219ti Termeni \u0219i condi\u021bii de utilizare (&#8222;Termeni \u0219i condi\u021bii&#8221;) \u00eenainte de a utiliza site-ul web welcome.farfallexeventi.com (denumit \u00een continuare &#8222;site-ul web&#8221;). Accesarea \u0219i utilizarea acestui site web \u0219i a serviciilor conexe implic\u0103 faptul c\u0103 a\u021bi citit, \u00een\u021beles \u0219i acceptat ace\u0219ti Termeni \u0219i condi\u021bii, care pot fi actualiza\u021bi periodic, dup\u0103 caz. Dac\u0103 nu sunte\u021bi de acord cu oricare dintre aceste clauze, v\u0103 rug\u0103m s\u0103 v\u0103 ab\u021bine\u021bi de la utilizarea Site-ului nostru. De asemenea, prin accesarea Site-ului, declara\u021bi c\u0103 sunte\u021bi major \u0219i ave\u021bi capacitatea de a ac\u021biona.   <\/p><p>Site-ul web este de\u021binut \u0219i operat de SmartBugs s.s., cu sediul social \u00een Via Cave, 66, Villorba (TV), Italia - TVA nr. 04659080263, R.E.A. nr. TV-38727, denumit\u0103 \u00een continuare &#8222;SB&#8221; sau &#8222;proprietarul&#8221;. V\u0103 rug\u0103m s\u0103 re\u021bine\u021bi c\u0103 site-ul web poate con\u021bine linkuri c\u0103tre site-uri web ale ter\u021bilor care nu sunt controlate de SB \u0219i, prin urmare, SB nu poate fi considerat responsabil pentru con\u021binutul acestora.  <\/p><p>Acest site v\u0103 permite s\u0103 r\u0103sfoi\u021bi produsele \u0219i serviciile noastre \u0219i s\u0103 le alege\u021bi \u0219i s\u0103 le achizi\u021biona\u021bi prin intermediul magazinului nostru online, sub rezerva Termenilor \u0219i condi\u021biilor generale de v\u00e2nzare (pe care va trebui s\u0103 le consulta\u021bi \u00eenainte de a finaliza orice achizi\u021bie). Produsele\/serviciile achizi\u021bionate vor fi livrate pe teritoriul na\u021bional. Serviciul nostru pentru clien\u021bi (info@farfallexeventi.com) este disponibil \u00een cazul \u00een care ave\u021bi nevoie de asisten\u021b\u0103 sau informa\u021bii suplimentare cu privire la produsele \u0219i serviciile noastre.  <\/p><p>Acest site web este protejat ca oper\u0103 intelectual\u0103 \u00een temeiul legisla\u021biei aplicabile privind drepturile de autor (\u00een special Legea nr. 633\/1941 \u0219i modific\u0103rile ulterioare). Nu sunte\u021bi autorizat s\u0103 modifica\u021bi, s\u0103 publica\u021bi, s\u0103 distribui\u021bi, s\u0103 acorda\u021bi drepturi, s\u0103 reproduce\u021bi, s\u0103 modifica\u021bi sau s\u0103 exploata\u021bi comercial \u00een orice mod con\u021binutul - inclusiv numele de domeniu - sau serviciile legate de site-ul nostru web, \u00een \u00eentregime sau par\u021bial. Aceast\u0103 interdic\u021bie se extinde \u0219i la utilizarea neautorizat\u0103 a m\u0103rcilor comerciale \u0219i a altor semne distinctive de\u021binute de SB.  <\/p><p>V\u0103 inform\u0103m c\u0103 datele personale pe care ni le furniza\u021bi sunt protejate \u00een conformitate cu legisla\u021bia italian\u0103 (Decretul-lege nr. 196\/2003 \u0219i modific\u0103rile ulterioare, &#8222;Codul de confiden\u021bialitate&#8221;) \u0219i cu legisla\u021bia european\u0103 (Regulamentul UE 2016\/679, &#8222;GDPR&#8221;) privind protec\u021bia datelor cu caracter personal. Pentru mai multe informa\u021bii juridice, v\u0103 rug\u0103m s\u0103 consulta\u021bi sec\u021biunile Politica de confiden\u021bialitate \u0219i Politica privind cookie-urile. <\/p><p>V\u0103 pute\u021bi abona pentru a primi newsletter-ul nostru prin e-mail, prin intermediul c\u0103ruia v\u0103 vom informa cu privire la promo\u021bii, evenimente \u0219i oferte speciale. Datele dvs. personale vor fi prelucrate \u00een conformitate cu Politica noastr\u0103 de confiden\u021bialitate. <\/p>\t\t\t\t\t\t\t\t<\/div>\n\t\t\t\t<\/div>\n\t\t\t\t\t<\/div>\n\t\t\t\t<\/div>\n\t\t\t\t<\/div>\n\t\t","protected":false},"excerpt":{"rendered":"<p>Termeni \u0219i condi\u021bii de utilizare a site-ului V\u0103 rug\u0103m s\u0103 re\u021bine\u021bi c\u0103 acest document este doar o traducere \u00een scop informativ. Versiunea oficial\u0103 \u0219i obligatorie din punct de vedere juridic este cea italian\u0103. Stimate utilizator, v\u0103 rug\u0103m s\u0103 citi\u021bi cu aten\u021bie ace\u0219ti Termeni \u0219i condi\u021bii de utilizare (&#8222;Termeni \u0219i condi\u021bii&#8221;) \u00eenainte de a utiliza site-ul [&hellip;]<\/p>\n","protected":false},"author":1,"featured_media":0,"parent":0,"menu_order":0,"comment_status":"closed","ping_status":"closed","template":"","meta":{"_acf_changed":false,"footnotes":""},"folder":[259],"class_list":["post-10283","page","type-page","status-publish","hentry"],"acf":[],"_links":{"self":[{"href":"https:\/\/butterflies4events.com\/ro\/wp-json\/wp\/v2\/pages\/10283","targetHints":{"allow":["GET"]}}],"collection":[{"href":"https:\/\/butterflies4events.com\/ro\/wp-json\/wp\/v2\/pages"}],"about":[{"href":"https:\/\/butterflies4events.com\/ro\/wp-json\/wp\/v2\/types\/page"}],"author":[{"embeddable":true,"href":"https:\/\/butterflies4events.com\/ro\/wp-json\/wp\/v2\/users\/1"}],"replies":[{"embeddable":true,"href":"https:\/\/butterflies4events.com\/ro\/wp-json\/wp\/v2\/comments?post=10283"}],"version-history":[{"count":3,"href":"https:\/\/butterflies4events.com\/ro\/wp-json\/wp\/v2\/pages\/10283\/revisions"}],"predecessor-version":[{"id":12077,"href":"https:\/\/butterflies4events.com\/ro\/wp-json\/wp\/v2\/pages\/10283\/revisions\/12077"}],"wp:attachment":[{"href":"https:\/\/butterflies4events.com\/ro\/wp-json\/wp\/v2\/media?parent=10283"}],"wp:term":[{"taxonomy":"folder","embeddable":true,"href":"https:\/\/butterflies4events.com\/ro\/wp-json\/wp\/v2\/folder?post=10283"}],"curies":[{"name":"wp","href":"https:\/\/api.w.org\/{rel}","templated":true}]}}