{"id":10119,"date":"2023-12-14T11:56:00","date_gmt":"2023-12-14T11:56:00","guid":{"rendered":"https:\/\/butterflies4events.com\/etica\/"},"modified":"2026-01-19T17:00:15","modified_gmt":"2026-01-19T17:00:15","slug":"etica","status":"publish","type":"page","link":"https:\/\/butterflies4events.com\/ro\/etica\/","title":{"rendered":"Etic\u0103"},"content":{"rendered":"\t\t<div data-elementor-type=\"wp-page\" data-elementor-id=\"10119\" class=\"elementor elementor-10119 elementor-56\" data-elementor-post-type=\"page\">\n\t\t\t\t<div class=\"elementor-element elementor-element-99499bd e-con-full e-flex e-con e-parent\" data-id=\"99499bd\" data-element_type=\"container\" data-e-type=\"container\" data-settings=\"{&quot;background_background&quot;:&quot;classic&quot;}\">\n\t\t<div class=\"elementor-element elementor-element-679d217 e-con-full e-flex e-con e-child\" data-id=\"679d217\" data-element_type=\"container\" data-e-type=\"container\" data-settings=\"{&quot;background_background&quot;:&quot;classic&quot;}\">\n\t\t\t\t<div class=\"elementor-element elementor-element-2596432 elementor-widget elementor-widget-text-editor\" data-id=\"2596432\" data-element_type=\"widget\" data-e-type=\"widget\" data-widget_type=\"text-editor.default\">\n\t\t\t\t<div class=\"elementor-widget-container\">\n\t\t\t\t\t\t\t\t\t<h4>ETIC\u0102<\/h4><h2>Pentru o eliberare durabil\u0103 a fluturilor<\/h2>\t\t\t\t\t\t\t\t<\/div>\n\t\t\t\t<\/div>\n\t\t\t\t<\/div>\n\t\t<div class=\"elementor-element elementor-element-f934d77 e-con-full e-flex e-con e-child\" data-id=\"f934d77\" data-element_type=\"container\" data-e-type=\"container\" data-settings=\"{&quot;background_background&quot;:&quot;classic&quot;}\">\n\t\t\t\t<\/div>\n\t\t\t\t<\/div>\n\t\t<div class=\"elementor-element elementor-element-5e30658 e-flex e-con-boxed e-con e-parent\" data-id=\"5e30658\" data-element_type=\"container\" data-e-type=\"container\">\n\t\t\t\t\t<div class=\"e-con-inner\">\n\t\t\t\t<div class=\"elementor-element elementor-element-e66ca69 elementor-widget elementor-widget-text-editor\" data-id=\"e66ca69\" data-element_type=\"widget\" data-e-type=\"widget\" data-widget_type=\"text-editor.default\">\n\t\t\t\t<div class=\"elementor-widget-container\">\n\t\t\t\t\t\t\t\t\t<p data-start=\"272\" data-end=\"431\">Scopul nostru principal este s\u0103 aducem oamenii mai aproape de natur\u0103, sper\u00e2nd c\u0103, prin aprecierea frumuse\u021bii acesteia, vor deveni mai con\u0219tien\u021bi \u0219i mai sensibili la problemele de conservare.<\/p><p data-start=\"433\" data-end=\"634\">Ne str\u0103duim s\u0103 realiz\u0103m acest lucru \u00eentr-un mod etic \u0219i durabil, valorific\u00e2nd cuno\u0219tin\u021bele noastre \u0219tiin\u021bifice dezvoltate de-a lungul anilor de studiu \u0219i colabor\u0103ri continue cu institu\u021bii de cercetare \u0219i universit\u0103\u021bi.<\/p>\t\t\t\t\t\t\t\t<\/div>\n\t\t\t\t<\/div>\n\t\t\t\t\t<\/div>\n\t\t\t\t<\/div>\n\t\t<div class=\"elementor-element elementor-element-d961122 e-flex e-con-boxed e-con e-parent\" data-id=\"d961122\" data-element_type=\"container\" data-e-type=\"container\" data-settings=\"{&quot;background_background&quot;:&quot;classic&quot;}\">\n\t\t\t\t\t<div class=\"e-con-inner\">\n\t\t\t\t<div class=\"elementor-element elementor-element-854880f elementor-widget elementor-widget-text-editor\" data-id=\"854880f\" data-element_type=\"widget\" data-e-type=\"widget\" data-widget_type=\"text-editor.default\">\n\t\t\t\t<div class=\"elementor-widget-container\">\n\t\t\t\t\t\t\t\t\t<h3 style=\"text-align: center;\"><strong data-start=\"636\" data-end=\"666\">Ce \u00een\u021belegem prin etic\u0103?<\/strong><\/h3>\t\t\t\t\t\t\t\t<\/div>\n\t\t\t\t<\/div>\n\t\t\t\t<div class=\"elementor-element elementor-element-1890536 elementor-widget elementor-widget-text-editor\" data-id=\"1890536\" data-element_type=\"widget\" data-e-type=\"widget\" data-widget_type=\"text-editor.default\">\n\t\t\t\t<div class=\"elementor-widget-container\">\n\t\t\t\t\t\t\t\t\t<p data-start=\"636\" data-end=\"1183\">Suntem exper\u021bi \u00een fluturi, cu ani de studii universitare \u0219i o dragoste infinit\u0103 pentru aceste creaturi. Ne trat\u0103m fluturii cu cea mai mare grij\u0103 \u0219i respect. Fiecare omid\u0103 este crescut\u0103 \u00een mod responsabil p\u00e2n\u0103 c\u00e2nd devine un fluture adult, gata s\u0103 \u00ee\u0219i ia primul zbor dup\u0103 terminarea metamorfozei. Am dezvoltat un sistem de transport testat care garanteaz\u0103 c\u0103 fluturii ajung \u00een siguran\u021b\u0103 la destina\u021bie prin simularea unor condi\u021bii naturale similare cu odihna nocturn\u0103 pentru \u00eentreaga c\u0103l\u0103torie (de obicei, p\u00e2n\u0103 la 72 de ore).   <\/p><p data-start=\"1185\" data-end=\"1368\">Respectul pentru aceste insecte minunate este piatra de temelie a companiei \u0219i misiunii noastre. Din acest motiv, le cerem \u0219i clien\u021bilor no\u0219tri s\u0103 arate acela\u0219i respect, ader\u00e2nd la c\u00e2teva reguli simple: <\/p><ul><li><p>urma\u021bi cu aten\u021bie toate instruc\u021biunile noastre;<\/p><\/li><li><p>nu l\u0103sa\u021bi niciodat\u0103 fluturi \u00een interiorul vehiculelor;<\/p><\/li><li><p>nu elibera\u021bi fluturi \u00een interior;<\/p><\/li><li><p>evita\u021bi eliberarea fluturilor dup\u0103 apusul soarelui sau \u00een perioade nepotrivite ale anului.<\/p><\/li><\/ul><h5>\u00cen cazul \u00een care aceste condi\u021bii nu sunt acceptate, ne rezerv\u0103m dreptul de a nu continua cu furnizarea fluturelui.<\/h5>\t\t\t\t\t\t\t\t<\/div>\n\t\t\t\t<\/div>\n\t\t\t\t\t<\/div>\n\t\t\t\t<\/div>\n\t\t<div class=\"elementor-element elementor-element-d2df298 e-flex e-con-boxed e-con e-parent\" data-id=\"d2df298\" data-element_type=\"container\" data-e-type=\"container\" data-settings=\"{&quot;background_background&quot;:&quot;classic&quot;}\">\n\t\t\t\t\t<div class=\"e-con-inner\">\n\t\t\t\t<div class=\"elementor-element elementor-element-8b2ca39 elementor-widget elementor-widget-image\" data-id=\"8b2ca39\" data-element_type=\"widget\" data-e-type=\"widget\" data-widget_type=\"image.default\">\n\t\t\t\t<div class=\"elementor-widget-container\">\n\t\t\t\t\t\t\t\t\t\t\t\t\t\t\t<img fetchpriority=\"high\" decoding=\"async\" width=\"2250\" height=\"1500\" src=\"https:\/\/butterflies4events.com\/wp-content\/uploads\/2024\/05\/Farfalle-Eventi-8859.jpg\" class=\"attachment-full size-full wp-image-10121 wvs-archive-product-image\" alt=\"\" srcset=\"https:\/\/butterflies4events.com\/wp-content\/uploads\/2024\/05\/Farfalle-Eventi-8859.jpg 2250w, https:\/\/butterflies4events.com\/wp-content\/uploads\/2024\/05\/Farfalle-Eventi-8859-600x400.jpg 600w, https:\/\/butterflies4events.com\/wp-content\/uploads\/2024\/05\/Farfalle-Eventi-8859-300x200.jpg 300w, https:\/\/butterflies4events.com\/wp-content\/uploads\/2024\/05\/Farfalle-Eventi-8859-1024x683.jpg 1024w, https:\/\/butterflies4events.com\/wp-content\/uploads\/2024\/05\/Farfalle-Eventi-8859-768x512.jpg 768w, https:\/\/butterflies4events.com\/wp-content\/uploads\/2024\/05\/Farfalle-Eventi-8859-1536x1024.jpg 1536w, https:\/\/butterflies4events.com\/wp-content\/uploads\/2024\/05\/Farfalle-Eventi-8859-2048x1365.jpg 2048w\" sizes=\"(max-width: 2250px) 100vw, 2250px\" \/>\t\t\t\t\t\t\t\t\t\t\t\t\t\t\t<\/div>\n\t\t\t\t<\/div>\n\t\t\t\t<div class=\"elementor-element elementor-element-e91a38d elementor-widget elementor-widget-text-editor\" data-id=\"e91a38d\" data-element_type=\"widget\" data-e-type=\"widget\" data-widget_type=\"text-editor.default\">\n\t\t\t\t<div class=\"elementor-widget-container\">\n\t\t\t\t\t\t\t\t\t<h3 style=\"text-align: center;\">Sustenabilitatea este o datorie!<\/h3>\t\t\t\t\t\t\t\t<\/div>\n\t\t\t\t<\/div>\n\t\t\t\t<div class=\"elementor-element elementor-element-cf41347 elementor-widget elementor-widget-text-editor\" data-id=\"cf41347\" data-element_type=\"widget\" data-e-type=\"widget\" data-widget_type=\"text-editor.default\">\n\t\t\t\t<div class=\"elementor-widget-container\">\n\t\t\t\t\t\t\t\t\t<p data-start=\"1686\" data-end=\"2049\">Fluturii pe care \u00eei cre\u0219tem \u0219i furniz\u0103m apar\u021bin speciilor indigene. Acestea sunt abundente \u0219i r\u0103sp\u00e2ndite, cu un poten\u021bial de dispersie ridicat \u0219i o variabilitate genetic\u0103 adecvat\u0103. Structura genetic\u0103 a popula\u021biilor trebuie studiat\u0103 \u0219i \u00een\u021beleas\u0103, iar fluturii trebuie s\u0103 provin\u0103 din instala\u021bii de cre\u0219tere cu ciclu \u00eenchis \u0219i s\u0103 fie certifica\u021bi &#8222;f\u0103r\u0103 agen\u021bi patogeni&#8221;.  <\/p><p data-start=\"2051\" data-end=\"2325\">Nu to\u021bi fluturii sunt potrivi\u021bi pentru acest tip de activitate f\u0103r\u0103 riscuri pentru mediu. Cadrul legal \u0219i de reglementare pentru activitatea noastr\u0103 este foarte strict, astfel \u00eenc\u00e2t doar c\u00e2teva specii pot fi eliberate. Mai exact, fluturii pentru eliberare trebuie s\u0103 \u00eendeplineasc\u0103 toate cerin\u021bele urm\u0103toare:  <\/p><ul><li><p>nu trebuie s\u0103 apar\u021bin\u0103 speciilor alogene (neautohtone);<\/p><\/li><li><p>trebuie s\u0103 fie abundente \u0219i r\u0103sp\u00e2ndite \u00een regiunea de eliberare;<\/p><\/li><li><p>trebuie s\u0103 fie o specie cu poten\u021bial ridicat de dispersie, dar, de preferin\u021b\u0103, f\u0103r\u0103 rute de migra\u021bie specifice;<\/p><\/li><li><p>structura genetic\u0103 a popula\u021biei trebuie s\u0103 fie cunoscut\u0103 \u00een mod rezonabil \u0219i s\u0103 nu prezinte diferen\u021be semnificative \u00eentre popula\u021biile din zona de eliberare;<\/p><\/li><li><p>trebuie s\u0103 provin\u0103 din reproducere \u00een ciclu \u00eenchis, nu din fluturi sau omizi capturate \u00een natur\u0103;<\/p><\/li><li><p>trebuie s\u0103 fie certificate &#8222;f\u0103r\u0103 agen\u021bi patogeni&#8221;, cel pu\u021bin pentru parazi\u021bii comuni (ciuperci microsporidiene, baculovirusuri, bacterii).<\/p><\/li><\/ul>\t\t\t\t\t\t\t\t<\/div>\n\t\t\t\t<\/div>\n\t\t\t\t<div class=\"elementor-element elementor-element-dd317ce elementor-widget elementor-widget-text-editor\" data-id=\"dd317ce\" data-element_type=\"widget\" data-e-type=\"widget\" data-widget_type=\"text-editor.default\">\n\t\t\t\t<div class=\"elementor-widget-container\">\n\t\t\t\t\t\t\t\t\t<h5 data-start=\"2884\" data-end=\"2978\">Garant\u0103m c\u0103 to\u021bi fluturii pe care \u00eei select\u0103m \u00eendeplinesc aceste standarde etice \u0219i de durabilitate.<\/h5><h5 data-start=\"2980\" data-end=\"3129\">Pentru noi, eliberarea fluturelui este un act de bun\u0103voin\u021b\u0103 - red\u0103m naturii ceea ce i-a fost luat timp de sute de ani: spa\u021biu \u0219i energie vital\u0103.<\/h5><h5 data-start=\"3131\" data-end=\"3237\">Pe l\u00e2ng\u0103 v\u00e2nzarea fluturilor, promov\u0103m \u0219i proiecte educa\u021bionale \u0219i ini\u021biative de restaurare a mediului.<\/h5>\t\t\t\t\t\t\t\t<\/div>\n\t\t\t\t<\/div>\n\t\t\t\t\t<\/div>\n\t\t\t\t<\/div>\n\t\t<div class=\"elementor-element elementor-element-83a3742 e-flex e-con-boxed e-con e-parent\" data-id=\"83a3742\" data-element_type=\"container\" data-e-type=\"container\" data-settings=\"{&quot;background_background&quot;:&quot;classic&quot;}\">\n\t\t\t\t\t<div class=\"e-con-inner\">\n\t\t\t\t<div class=\"elementor-element elementor-element-7a28ad6 elementor-widget__width-inherit elementor-widget elementor-widget-text-editor\" data-id=\"7a28ad6\" data-element_type=\"widget\" data-e-type=\"widget\" data-widget_type=\"text-editor.default\">\n\t\t\t\t<div class=\"elementor-widget-container\">\n\t\t\t\t\t\t\t\t\t<h3 style=\"text-align: center;\">Afla\u021bi mai multe<\/h3>\t\t\t\t\t\t\t\t<\/div>\n\t\t\t\t<\/div>\n\t\t<div class=\"elementor-element elementor-element-c8cc16e e-flex e-con-boxed e-con e-child\" data-id=\"c8cc16e\" data-element_type=\"container\" data-e-type=\"container\">\n\t\t\t\t\t<div class=\"e-con-inner\">\n\t\t\t\t<div class=\"elementor-element elementor-element-49eb51c elementor-align-center elementor-widget elementor-widget-button\" data-id=\"49eb51c\" data-element_type=\"widget\" data-e-type=\"widget\" data-widget_type=\"button.default\">\n\t\t\t\t<div class=\"elementor-widget-container\">\n\t\t\t\t\t\t\t\t\t<div class=\"elementor-button-wrapper\">\n\t\t\t\t\t<a class=\"elementor-button elementor-button-link elementor-size-md\" href=\"https:\/\/butterflies4events.com\/ro\/orientari-juridice\/\">\n\t\t\t\t\t\t<span class=\"elementor-button-content-wrapper\">\n\t\t\t\t\t\t\t\t\t<span class=\"elementor-button-text\">Note juridice<\/span>\n\t\t\t\t\t<\/span>\n\t\t\t\t\t<\/a>\n\t\t\t\t<\/div>\n\t\t\t\t\t\t\t\t<\/div>\n\t\t\t\t<\/div>\n\t\t\t\t<div class=\"elementor-element elementor-element-6c2b3fd elementor-align-center elementor-widget elementor-widget-button\" data-id=\"6c2b3fd\" data-element_type=\"widget\" data-e-type=\"widget\" data-widget_type=\"button.default\">\n\t\t\t\t<div class=\"elementor-widget-container\">\n\t\t\t\t\t\t\t\t\t<div class=\"elementor-button-wrapper\">\n\t\t\t\t\t<a class=\"elementor-button elementor-button-link elementor-size-md\" href=\"https:\/\/butterflies4events.com\/ro\/note-stiintifice\/\">\n\t\t\t\t\t\t<span class=\"elementor-button-content-wrapper\">\n\t\t\t\t\t\t\t\t\t<span class=\"elementor-button-text\">Note \u0219tiin\u021bifice<\/span>\n\t\t\t\t\t<\/span>\n\t\t\t\t\t<\/a>\n\t\t\t\t<\/div>\n\t\t\t\t\t\t\t\t<\/div>\n\t\t\t\t<\/div>\n\t\t\t\t\t<\/div>\n\t\t\t\t<\/div>\n\t\t\t\t\t<\/div>\n\t\t\t\t<\/div>\n\t\t<div class=\"elementor-element elementor-element-edcd3f1 e-con-full e-flex e-con e-parent\" data-id=\"edcd3f1\" data-element_type=\"container\" data-e-type=\"container\">\n\t\t\t\t<div class=\"elementor-element elementor-element-8a606c2 elementor-widget elementor-widget-shortcode\" data-id=\"8a606c2\" data-element_type=\"widget\" data-e-type=\"widget\" data-widget_type=\"shortcode.default\">\n\t\t\t\t<div class=\"elementor-widget-container\">\n\t\t\t\t\t\t\t<div class=\"elementor-shortcode\">\t\t<div data-elementor-type=\"container\" data-elementor-id=\"10543\" class=\"elementor elementor-10543 elementor-2624 elementor-2624\" data-elementor-post-type=\"elementor_library\">\n\t\t\t\t<div class=\"elementor-element elementor-element-b43722c e-con-full e-flex e-con e-parent\" data-id=\"b43722c\" data-element_type=\"container\" data-e-type=\"container\" data-settings=\"{&quot;background_background&quot;:&quot;classic&quot;}\">\n\t\t\t\t<div class=\"elementor-element elementor-element-c6df457 elementor-widget__width-inherit elementor-widget elementor-widget-text-editor\" data-id=\"c6df457\" data-element_type=\"widget\" data-e-type=\"widget\" data-widget_type=\"text-editor.default\">\n\t\t\t\t<div class=\"elementor-widget-container\">\n\t\t\t\t\t\t\t\t\t<h2 style=\"text-align: center;\">Vede\u021bi ce oferim<\/h2>\t\t\t\t\t\t\t\t<\/div>\n\t\t\t\t<\/div>\n\t\t\t\t<div class=\"elementor-element elementor-element-c9488b7 elementor-product-loop-item--align-center elementor-grid-2 elementor-widget__width-auto elementor-grid-mobile-1 elementor-grid-tablet-3 elementor-products-grid elementor-wc-products elementor-show-pagination-border-yes elementor-widget elementor-widget-woocommerce-products\" data-id=\"c9488b7\" data-element_type=\"widget\" data-e-type=\"widget\" data-widget_type=\"woocommerce-products.default\">\n\t\t\t\t<div class=\"elementor-widget-container\">\n\t\t\t\t\t<div class=\"woocommerce columns-2 \"><div class=\"woocommerce-notices-wrapper\"><\/div><ul class=\"products elementor-grid columns-2\">\n<li class=\"wvs-archive-product-wrapper product type-product post-10352 status-publish first instock product_cat-selectiile-noastre has-post-thumbnail taxable shipping-taxable product-type-variable\">\n\t<a href=\"https:\/\/butterflies4events.com\/ro\/shop\/eliberarea-fluturelui-nor\/\" class=\"woocommerce-LoopProduct-link woocommerce-loop-product__link\"><img decoding=\"async\" width=\"300\" height=\"300\" src=\"https:\/\/butterflies4events.com\/wp-content\/uploads\/2024\/06\/1-300x300.jpg?wsr\" class=\"attachment-woocommerce_thumbnail size-woocommerce_thumbnail wvs-archive-product-image\" alt=\"Eliberare \u00een nori\" srcset=\"https:\/\/butterflies4events.com\/wp-content\/uploads\/2024\/06\/1-300x300.jpg 300w, https:\/\/butterflies4events.com\/wp-content\/uploads\/2024\/06\/1-100x100.jpg 100w, https:\/\/butterflies4events.com\/wp-content\/uploads\/2024\/06\/1-600x600.jpg 600w, https:\/\/butterflies4events.com\/wp-content\/uploads\/2024\/06\/1-1024x1024.jpg 1024w, https:\/\/butterflies4events.com\/wp-content\/uploads\/2024\/06\/1-150x150.jpg 150w, https:\/\/butterflies4events.com\/wp-content\/uploads\/2024\/06\/1-768x768.jpg 768w, https:\/\/butterflies4events.com\/wp-content\/uploads\/2024\/06\/1-1536x1536.jpg 1536w, https:\/\/butterflies4events.com\/wp-content\/uploads\/2024\/06\/1-2048x2048.jpg 2048w, https:\/\/butterflies4events.com\/wp-content\/uploads\/2024\/06\/1-50x50.jpg 50w, https:\/\/butterflies4events.com\/wp-content\/uploads\/2024\/06\/1-32x32.jpg 32w\" sizes=\"(max-width: 300px) 100vw, 300px\" \/><h2 class=\"woocommerce-loop-product__title\">Eliberare \u00een nori<\/h2>\n<\/a><div class=\"woocommerce-loop-product__buttons\"><a href=\"https:\/\/butterflies4events.com\/ro\/shop\/eliberarea-fluturelui-nor\/\" aria-describedby=\"woocommerce_loop_add_to_cart_link_describedby_10352\" data-quantity=\"1\" class=\"button product_type_variable\" data-product_id=\"10352\" data-product_sku=\"\" aria-label=\"Selecteaz\u0103 op\u021biunile pentru &bdquo;Eliberare \u00een nori&rdquo;\" rel=\"nofollow\">Descoperi\u021bi<\/a><\/div>\t<span id=\"woocommerce_loop_add_to_cart_link_describedby_10352\" class=\"screen-reader-text\">\n\t\t\t<\/span>\n<\/li>\n<li class=\"wvs-archive-product-wrapper product type-product post-10440 status-publish last instock product_cat-selectiile-noastre has-post-thumbnail taxable shipping-taxable product-type-variable\">\n\t<a href=\"https:\/\/butterflies4events.com\/ro\/shop\/eliberarea-fluturelui-personal\/\" class=\"woocommerce-LoopProduct-link woocommerce-loop-product__link\"><img decoding=\"async\" width=\"300\" height=\"300\" src=\"https:\/\/butterflies4events.com\/wp-content\/uploads\/2024\/08\/1-1-300x300.png?wsr\" class=\"attachment-woocommerce_thumbnail size-woocommerce_thumbnail wvs-archive-product-image\" alt=\"Eliberare personal\u0103\" srcset=\"https:\/\/butterflies4events.com\/wp-content\/uploads\/2024\/08\/1-1-300x300.png 300w, https:\/\/butterflies4events.com\/wp-content\/uploads\/2024\/08\/1-1-100x100.png 100w, https:\/\/butterflies4events.com\/wp-content\/uploads\/2024\/08\/1-1-600x600.png 600w, https:\/\/butterflies4events.com\/wp-content\/uploads\/2024\/08\/1-1-1024x1024.png 1024w, https:\/\/butterflies4events.com\/wp-content\/uploads\/2024\/08\/1-1-150x150.png 150w, https:\/\/butterflies4events.com\/wp-content\/uploads\/2024\/08\/1-1-768x768.png 768w, https:\/\/butterflies4events.com\/wp-content\/uploads\/2024\/08\/1-1-1536x1536.png 1536w, https:\/\/butterflies4events.com\/wp-content\/uploads\/2024\/08\/1-1-50x50.png 50w, https:\/\/butterflies4events.com\/wp-content\/uploads\/2024\/08\/1-1-32x32.png 32w, https:\/\/butterflies4events.com\/wp-content\/uploads\/2024\/08\/1-1.png 1620w\" sizes=\"(max-width: 300px) 100vw, 300px\" \/><h2 class=\"woocommerce-loop-product__title\">Eliberare personal\u0103<\/h2>\n<\/a><div class=\"woocommerce-loop-product__buttons\"><a href=\"https:\/\/butterflies4events.com\/ro\/shop\/eliberarea-fluturelui-personal\/\" aria-describedby=\"woocommerce_loop_add_to_cart_link_describedby_10440\" data-quantity=\"1\" class=\"button product_type_variable\" data-product_id=\"10440\" data-product_sku=\"\" aria-label=\"Selecteaz\u0103 op\u021biunile pentru &bdquo;Eliberare personal\u0103&rdquo;\" rel=\"nofollow\">Descoperi\u021bi<\/a><\/div>\t<span id=\"woocommerce_loop_add_to_cart_link_describedby_10440\" class=\"screen-reader-text\">\n\t\t\t<\/span>\n<\/li>\n<\/ul>\n<\/div>\t\t\t\t<\/div>\n\t\t\t\t<\/div>\n\t\t\t\t<div class=\"elementor-element elementor-element-3cf6ff1 elementor-widget elementor-widget-shortcode\" data-id=\"3cf6ff1\" data-element_type=\"widget\" data-e-type=\"widget\" data-widget_type=\"shortcode.default\">\n\t\t\t\t<div class=\"elementor-widget-container\">\n\t\t\t\t\t\t\t<div class=\"elementor-shortcode\">\t\t<div data-elementor-type=\"container\" data-elementor-id=\"10751\" class=\"elementor elementor-10751 elementor-9971 elementor-9971 elementor-9971\" data-elementor-post-type=\"elementor_library\">\n\t\t\t\t<div class=\"elementor-element elementor-element-110602d e-con-full e-flex e-con e-parent\" data-id=\"110602d\" data-element_type=\"container\" data-e-type=\"container\">\n\t\t\t\t<div class=\"elementor-element elementor-element-b45cbf3 elementor-align-center elementor-widget elementor-widget-button\" data-id=\"b45cbf3\" data-element_type=\"widget\" data-e-type=\"widget\" data-widget_type=\"button.default\">\n\t\t\t\t<div class=\"elementor-widget-container\">\n\t\t\t\t\t\t\t\t\t<div class=\"elementor-button-wrapper\">\n\t\t\t\t\t<a class=\"elementor-button elementor-button-link elementor-size-sm\" href=\"#elementor-action%3Aaction%3Dpopup%3Aopen%26settings%3DeyJpZCI6MTA1MjMsInRvZ2dsZSI6ZmFsc2V9\">\n\t\t\t\t\t\t<span class=\"elementor-button-content-wrapper\">\n\t\t\t\t\t\t\t\t\t<span class=\"elementor-button-text\">Conecta\u021bi-v\u0103 pentru a vedea pre\u021burile<\/span>\n\t\t\t\t\t<\/span>\n\t\t\t\t\t<\/a>\n\t\t\t\t<\/div>\n\t\t\t\t\t\t\t\t<\/div>\n\t\t\t\t<\/div>\n\t\t\t\t<\/div>\n\t\t\t\t<\/div>\n\t\t<\/div>\n\t\t\t\t\t\t<\/div>\n\t\t\t\t<\/div>\n\t\t\t\t<\/div>\n\t\t\t\t<\/div>\n\t\t<\/div>\n\t\t\t\t\t\t<\/div>\n\t\t\t\t<\/div>\n\t\t\t\t<\/div>\n\t\t<div class=\"elementor-element elementor-element-054a24f e-con-full e-flex e-con e-parent\" data-id=\"054a24f\" data-element_type=\"container\" data-e-type=\"container\">\n\t\t\t\t<div class=\"elementor-element elementor-element-9b07d02 elementor-widget elementor-widget-shortcode\" data-id=\"9b07d02\" data-element_type=\"widget\" data-e-type=\"widget\" data-widget_type=\"shortcode.default\">\n\t\t\t\t<div class=\"elementor-widget-container\">\n\t\t\t\t\t\t\t<div class=\"elementor-shortcode\">\t\t<div data-elementor-type=\"container\" data-elementor-id=\"10530\" class=\"elementor elementor-10530 elementor-9478 elementor-9478\" data-elementor-post-type=\"elementor_library\">\n\t\t\t\t<div class=\"elementor-element elementor-element-41f4cae e-flex e-con-boxed e-con e-child\" data-id=\"41f4cae\" data-element_type=\"container\" data-e-type=\"container\" data-settings=\"{&quot;background_background&quot;:&quot;classic&quot;}\">\n\t\t\t\t\t<div class=\"e-con-inner\">\n\t\t\t\t<div class=\"elementor-element elementor-element-0cb4b32 elementor-align-justify elementor-widget elementor-widget-button\" data-id=\"0cb4b32\" data-element_type=\"widget\" data-e-type=\"widget\" data-widget_type=\"button.default\">\n\t\t\t\t<div class=\"elementor-widget-container\">\n\t\t\t\t\t\t\t\t\t<div class=\"elementor-button-wrapper\">\n\t\t\t\t\t<a class=\"elementor-button elementor-button-link elementor-size-md\" href=\"https:\/\/butterflies4events.com\/ro\/cum-functioneaza\/\">\n\t\t\t\t\t\t<span class=\"elementor-button-content-wrapper\">\n\t\t\t\t\t\t\t\t\t<span class=\"elementor-button-text\">Cum s\u0103 v\u0103 primi\u021bi fluturii<\/span>\n\t\t\t\t\t<\/span>\n\t\t\t\t\t<\/a>\n\t\t\t\t<\/div>\n\t\t\t\t\t\t\t\t<\/div>\n\t\t\t\t<\/div>\n\t\t\t\t<div class=\"elementor-element elementor-element-2f7852c elementor-align-center elementor-widget elementor-widget-button\" data-id=\"2f7852c\" data-element_type=\"widget\" data-e-type=\"widget\" data-widget_type=\"button.default\">\n\t\t\t\t<div class=\"elementor-widget-container\">\n\t\t\t\t\t\t\t\t\t<div class=\"elementor-button-wrapper\">\n\t\t\t\t\t<a class=\"elementor-button elementor-button-link elementor-size-md\" href=\"https:\/\/butterflies4events.com\/ro\/sfaturi-foto-si-video\/\">\n\t\t\t\t\t\t<span class=\"elementor-button-content-wrapper\">\n\t\t\t\t\t\t\t\t\t<span class=\"elementor-button-text\">Descoperi\u021bi sfaturile noastre pentru fotografii \u0219i videoclipuri de neuitat<\/span>\n\t\t\t\t\t<\/span>\n\t\t\t\t\t<\/a>\n\t\t\t\t<\/div>\n\t\t\t\t\t\t\t\t<\/div>\n\t\t\t\t<\/div>\n\t\t\t\t\t<\/div>\n\t\t\t\t<\/div>\n\t\t\t\t<\/div>\n\t\t<\/div>\n\t\t\t\t\t\t<\/div>\n\t\t\t\t<\/div>\n\t\t\t\t<\/div>\n\t\t\t\t<\/div>\n\t\t","protected":false},"excerpt":{"rendered":"<p>ETIC\u0102 Pentru o eliberare durabil\u0103 a fluturilor Scopul nostru principal este s\u0103 aducem oamenii mai aproape de natur\u0103, sper\u00e2nd c\u0103, prin aprecierea frumuse\u021bii acesteia, vor deveni mai con\u0219tien\u021bi \u0219i mai sensibili la problemele de conservare. Ne str\u0103duim s\u0103 realiz\u0103m acest lucru \u00eentr-un mod etic \u0219i durabil, valorific\u00e2nd cuno\u0219tin\u021bele noastre \u0219tiin\u021bifice dezvoltate de-a lungul anilor de [&hellip;]<\/p>\n","protected":false},"author":1,"featured_media":0,"parent":0,"menu_order":0,"comment_status":"closed","ping_status":"closed","template":"","meta":{"_acf_changed":false,"footnotes":""},"folder":[255],"class_list":["post-10119","page","type-page","status-publish","hentry"],"acf":[],"_links":{"self":[{"href":"https:\/\/butterflies4events.com\/ro\/wp-json\/wp\/v2\/pages\/10119","targetHints":{"allow":["GET"]}}],"collection":[{"href":"https:\/\/butterflies4events.com\/ro\/wp-json\/wp\/v2\/pages"}],"about":[{"href":"https:\/\/butterflies4events.com\/ro\/wp-json\/wp\/v2\/types\/page"}],"author":[{"embeddable":true,"href":"https:\/\/butterflies4events.com\/ro\/wp-json\/wp\/v2\/users\/1"}],"replies":[{"embeddable":true,"href":"https:\/\/butterflies4events.com\/ro\/wp-json\/wp\/v2\/comments?post=10119"}],"version-history":[{"count":10,"href":"https:\/\/butterflies4events.com\/ro\/wp-json\/wp\/v2\/pages\/10119\/revisions"}],"predecessor-version":[{"id":12127,"href":"https:\/\/butterflies4events.com\/ro\/wp-json\/wp\/v2\/pages\/10119\/revisions\/12127"}],"wp:attachment":[{"href":"https:\/\/butterflies4events.com\/ro\/wp-json\/wp\/v2\/media?parent=10119"}],"wp:term":[{"taxonomy":"folder","embeddable":true,"href":"https:\/\/butterflies4events.com\/ro\/wp-json\/wp\/v2\/folder?post=10119"}],"curies":[{"name":"wp","href":"https:\/\/api.w.org\/{rel}","templated":true}]}}