{"id":12898,"date":"2024-01-23T13:52:37","date_gmt":"2024-01-23T13:52:37","guid":{"rendered":"https:\/\/butterflies4events.com\/shop\/publication-dans-le-nuage\/"},"modified":"2026-04-24T08:19:43","modified_gmt":"2026-04-24T08:19:43","slug":"publication-dans-le-nuage","status":"publish","type":"product","link":"https:\/\/butterflies4events.com\/fr\/shop\/publication-dans-le-nuage\/","title":{"rendered":"Publication dans le nuage"},"content":{"rendered":"\t\t<div data-elementor-type=\"product-post\" data-elementor-id=\"12898\" class=\"elementor elementor-12898 elementor-1162\" data-elementor-post-type=\"product\">\n\t\t\t\t<div class=\"elementor-element elementor-element-8ecce4f e-flex e-con-boxed e-con e-parent\" data-id=\"8ecce4f\" data-element_type=\"container\" data-e-type=\"container\">\n\t\t\t\t\t<div class=\"e-con-inner\">\n\t\t\t\t<div class=\"elementor-element elementor-element-dcec4dd elementor-widget elementor-widget-text-editor\" data-id=\"dcec4dd\" data-element_type=\"widget\" data-e-type=\"widget\" data-widget_type=\"text-editor.default\">\n\t\t\t\t<div class=\"elementor-widget-container\">\n\t\t\t\t\t\t\t\t\t<p>Le <strong>l\u00e2cher de nuages (papillons)<\/strong> est parfait pour ceux qui veulent impressionner leurs invit\u00e9s. Au moment du l\u00e2cher, tous les papillons d\u00e9ploient leurs ailes et s&rsquo;envolent d&rsquo;une seule bo\u00eete, cr\u00e9ant un \u00ab\u00a0effet nuage\u00a0\u00bb magique qui surprendra et enchantera tous les participants. <\/p>\t\t\t\t\t\t\t\t<\/div>\n\t\t\t\t<\/div>\n\t\t\t\t<div class=\"elementor-element elementor-element-ae31dcd elementor-widget elementor-widget-text-editor\" data-id=\"ae31dcd\" data-element_type=\"widget\" data-e-type=\"widget\" data-widget_type=\"text-editor.default\">\n\t\t\t\t<div class=\"elementor-widget-container\">\n\t\t\t\t\t\t\t\t\t<p data-start=\"374\" data-end=\"462\"><strong data-start=\"374\" data-end=\"460\">Commandez d\u00e8s maintenant et enchantez votre \u00e9v\u00e9nement avec le Cloud Release !<\/strong><\/p>\t\t\t\t\t\t\t\t<\/div>\n\t\t\t\t<\/div>\n\t\t<div class=\"elementor-element elementor-element-1e143c1 e-con-full e-flex e-con e-child\" data-id=\"1e143c1\" data-element_type=\"container\" data-e-type=\"container\">\n\t\t\t\t<div class=\"elementor-element elementor-element-2695c78 elementor-widget elementor-widget-text-editor\" data-id=\"2695c78\" data-element_type=\"widget\" data-e-type=\"widget\" data-widget_type=\"text-editor.default\">\n\t\t\t\t<div class=\"elementor-widget-container\">\n\t\t\t\t\t\t\t\t\t<h3 data-start=\"469\" data-end=\"487\">Caract\u00e9ristiques principales<\/h3>\t\t\t\t\t\t\t\t<\/div>\n\t\t\t\t<\/div>\n\t\t\t\t<div class=\"elementor-element elementor-element-2c54db1 elementor-widget elementor-widget-text-editor\" data-id=\"2c54db1\" data-element_type=\"widget\" data-e-type=\"widget\" data-widget_type=\"text-editor.default\">\n\t\t\t\t<div class=\"elementor-widget-container\">\n\t\t\t\t\t\t\t\t\t<p><strong data-start=\"489\" data-end=\"517\">Un souvenir imp\u00e9rissable<\/strong><\/p>\n<p style=\"font-weight: 400;\">Tous les participants seront \u00e9tonn\u00e9s de l&rsquo;impression puissante et \u00e9motionnelle due au vol simultan\u00e9 des papillons tous ensemble dans l&rsquo;air.<\/p>\n<p>Un effet visuel spectaculaire : des dizaines de papillons s&rsquo;\u00e9l\u00e8vent en m\u00eame temps dans les airs. L&rsquo;impact est \u00e9motionnel, puissant et inoubliable. <\/p>\t\t\t\t\t\t\t\t<\/div>\n\t\t\t\t<\/div>\n\t\t\t\t<div class=\"elementor-element elementor-element-f6567b3 elementor-widget elementor-widget-text-editor\" data-id=\"f6567b3\" data-element_type=\"widget\" data-e-type=\"widget\" data-widget_type=\"text-editor.default\">\n\t\t\t\t<div class=\"elementor-widget-container\">\n\t\t\t\t\t\t\t\t\t<p><strong data-start=\"661\" data-end=\"678\">Personnalisation<\/strong><\/p><p>Choisissez le nombre de papillons, l&rsquo;esp\u00e8ce et la couleur du ruban pour qu&rsquo;ils correspondent parfaitement \u00e0 votre \u00e9v\u00e9nement.<\/p>\t\t\t\t\t\t\t\t<\/div>\n\t\t\t\t<\/div>\n\t\t\t\t<div class=\"elementor-element elementor-element-1b437e9 elementor-widget elementor-widget-text-editor\" data-id=\"1b437e9\" data-element_type=\"widget\" data-e-type=\"widget\" data-widget_type=\"text-editor.default\">\n\t\t\t\t<div class=\"elementor-widget-container\">\n\t\t\t\t\t\t\t\t\t<p><strong data-start=\"783\" data-end=\"820\">Un choix \u00e9thique et durable<\/strong><\/p><p>Votre l\u00e2cher contribue \u00e0 soutenir les esp\u00e8ces de papillons europ\u00e9ens, dont beaucoup sont en d\u00e9clin. Une fois rel\u00e2ch\u00e9s, les papillons poursuivront leur cycle de vie naturel dans la nature. Ils sont transport\u00e9s en toute s\u00e9curit\u00e9 dans des emballages \u00e0 temp\u00e9rature stabilis\u00e9e. Afin de respecter leur cycle biologique, la disponibilit\u00e9 de certaines esp\u00e8ces peut varier en fonction de la saison de votre \u00e9v\u00e9nement.   <\/p>\t\t\t\t\t\t\t\t<\/div>\n\t\t\t\t<\/div>\n\t\t\t\t<\/div>\n\t\t\t\t\t<\/div>\n\t\t\t\t<\/div>\n\t\t<div class=\"elementor-element elementor-element-d0b9a1d e-flex e-con-boxed e-con e-parent\" data-id=\"d0b9a1d\" data-element_type=\"container\" data-e-type=\"container\" data-settings=\"{&quot;background_background&quot;:&quot;classic&quot;}\">\n\t\t\t\t\t<div class=\"e-con-inner\">\n\t\t<div class=\"elementor-element elementor-element-95c7af0 e-con-full e-flex e-con e-child\" data-id=\"95c7af0\" data-element_type=\"container\" data-e-type=\"container\" data-settings=\"{&quot;background_background&quot;:&quot;classic&quot;}\">\n\t\t\t\t<div class=\"elementor-element elementor-element-037f898 elementor-widget elementor-widget-text-editor\" data-id=\"037f898\" data-element_type=\"widget\" data-e-type=\"widget\" data-widget_type=\"text-editor.default\">\n\t\t\t\t<div class=\"elementor-widget-container\">\n\t\t\t\t\t\t\t\t\t<p>Nuage de lib\u00e9ration<br><strong>50 grands papillons blancs<\/strong><\/p>\t\t\t\t\t\t\t\t<\/div>\n\t\t\t\t<\/div>\n\t\t\t\t<div class=\"elementor-element elementor-element-166418a elementor-widget elementor-widget-video\" data-id=\"166418a\" data-element_type=\"widget\" data-e-type=\"widget\" data-settings=\"{&quot;autoplay&quot;:&quot;yes&quot;,&quot;play_on_mobile&quot;:&quot;yes&quot;,&quot;mute&quot;:&quot;yes&quot;,&quot;loop&quot;:&quot;yes&quot;,&quot;video_type&quot;:&quot;hosted&quot;}\" data-widget_type=\"video.default\">\n\t\t\t\t<div class=\"elementor-widget-container\">\n\t\t\t\t\t\t\t<div class=\"e-hosted-video elementor-wrapper elementor-open-inline\">\n\t\t\t\t\t<video class=\"elementor-video\" src=\"https:\/\/butterflies4events.com\/wp-content\/uploads\/2024\/01\/FxE-50-cav.mp4\" autoplay=\"\" loop=\"\" muted=\"muted\" playsinline=\"\" controlsList=\"nodownload\"><\/video>\n\t\t\t\t<\/div>\n\t\t\t\t\t\t<\/div>\n\t\t\t\t<\/div>\n\t\t\t\t<\/div>\n\t\t<div class=\"elementor-element elementor-element-e8350ed e-con-full e-flex e-con e-child\" data-id=\"e8350ed\" data-element_type=\"container\" data-e-type=\"container\" data-settings=\"{&quot;background_background&quot;:&quot;classic&quot;}\">\n\t\t\t\t<div class=\"elementor-element elementor-element-205235e elementor-widget elementor-widget-text-editor\" data-id=\"205235e\" data-element_type=\"widget\" data-e-type=\"widget\" data-widget_type=\"text-editor.default\">\n\t\t\t\t<div class=\"elementor-widget-container\">\n\t\t\t\t\t\t\t\t\t<p>Lib\u00e9ration de nuages<br><strong>100 grands papillons blancs<\/strong><\/p>\t\t\t\t\t\t\t\t<\/div>\n\t\t\t\t<\/div>\n\t\t\t\t<div class=\"elementor-element elementor-element-c05e554 elementor-widget elementor-widget-video\" data-id=\"c05e554\" data-element_type=\"widget\" data-e-type=\"widget\" data-settings=\"{&quot;autoplay&quot;:&quot;yes&quot;,&quot;play_on_mobile&quot;:&quot;yes&quot;,&quot;mute&quot;:&quot;yes&quot;,&quot;loop&quot;:&quot;yes&quot;,&quot;video_type&quot;:&quot;hosted&quot;}\" data-widget_type=\"video.default\">\n\t\t\t\t<div class=\"elementor-widget-container\">\n\t\t\t\t\t\t\t<div class=\"e-hosted-video elementor-wrapper elementor-open-inline\">\n\t\t\t\t\t<video class=\"elementor-video\" src=\"https:\/\/butterflies4events.com\/wp-content\/uploads\/2024\/01\/FxE-100-cav.mp4\" autoplay=\"\" loop=\"\" muted=\"muted\" playsinline=\"\" controlsList=\"nodownload\"><\/video>\n\t\t\t\t<\/div>\n\t\t\t\t\t\t<\/div>\n\t\t\t\t<\/div>\n\t\t\t\t<\/div>\n\t\t<div class=\"elementor-element elementor-element-0450713 e-con-full e-flex e-con e-child\" data-id=\"0450713\" data-element_type=\"container\" data-e-type=\"container\" data-settings=\"{&quot;background_background&quot;:&quot;classic&quot;}\">\n\t\t\t\t<div class=\"elementor-element elementor-element-e8c1fa8 elementor-widget elementor-widget-text-editor\" data-id=\"e8c1fa8\" data-element_type=\"widget\" data-e-type=\"widget\" data-widget_type=\"text-editor.default\">\n\t\t\t\t<div class=\"elementor-widget-container\">\n\t\t\t\t\t\t\t\t\t<p>Lib\u00e9ration de nuages<br><strong>150 grands papillons blancs<\/strong><\/p>\t\t\t\t\t\t\t\t<\/div>\n\t\t\t\t<\/div>\n\t\t\t\t<div class=\"elementor-element elementor-element-6dcbbdc elementor-widget elementor-widget-video\" data-id=\"6dcbbdc\" data-element_type=\"widget\" data-e-type=\"widget\" data-settings=\"{&quot;autoplay&quot;:&quot;yes&quot;,&quot;play_on_mobile&quot;:&quot;yes&quot;,&quot;mute&quot;:&quot;yes&quot;,&quot;loop&quot;:&quot;yes&quot;,&quot;video_type&quot;:&quot;hosted&quot;}\" data-widget_type=\"video.default\">\n\t\t\t\t<div class=\"elementor-widget-container\">\n\t\t\t\t\t\t\t<div class=\"e-hosted-video elementor-wrapper elementor-open-inline\">\n\t\t\t\t\t<video class=\"elementor-video\" src=\"https:\/\/butterflies4events.com\/wp-content\/uploads\/2024\/01\/FxE-150-cav.mp4\" autoplay=\"\" loop=\"\" muted=\"muted\" playsinline=\"\" controlsList=\"nodownload\"><\/video>\n\t\t\t\t<\/div>\n\t\t\t\t\t\t<\/div>\n\t\t\t\t<\/div>\n\t\t\t\t<\/div>\n\t\t\t\t\t<\/div>\n\t\t\t\t<\/div>\n\t\t\t\t<\/div>\n\t\t","protected":false},"excerpt":{"rendered":"<p>Le l\u00e2cher de nuages (papillons) est parfait pour ceux qui veulent impressionner leurs invit\u00e9s. Au moment du l\u00e2cher, tous les papillons d\u00e9ploient leurs ailes et s&rsquo;envolent d&rsquo;une seule bo\u00eete, cr\u00e9ant un \u00ab\u00a0effet nuage\u00a0\u00bb magique qui surprendra et enchantera tous les participants. Commandez d\u00e8s maintenant et enchantez votre \u00e9v\u00e9nement avec le Cloud Release ! Caract\u00e9ristiques principales [&hellip;]<\/p>\n","protected":false},"featured_media":12729,"comment_status":"open","ping_status":"closed","template":"","meta":{"_acf_changed":false},"product_brand":[],"product_cat":[307],"product_tag":[],"class_list":{"0":"post-12898","1":"product","2":"type-product","3":"status-publish","4":"has-post-thumbnail","6":"product_cat-nos-selections","7":"product_shipping_class-expedition-sous-temperature-controlee","9":"first","10":"instock","11":"taxable","12":"shipping-taxable","13":"product-type-variable","14":"wvs-archive-product-wrapper"},"acf":{"custom_text_a":"Rom\u00e9o et Juliette\n20 juin 2020","custom_text_a_source":{"label":"Custom Text A","type":"textarea","formatted_value":"Rom\u00e9o et Juliette\n20 juin 2020"},"custom_text_b":"Ne gaspillez pas votre amour pour quelqu'un qui ne l'appr\u00e9cie pas.","custom_text_b_source":{"label":"Custom Text B","type":"textarea","formatted_value":"Ne gaspillez pas votre amour pour quelqu'un qui ne l'appr\u00e9cie pas."}},"yoast_head":"<!-- This site is optimized with the Yoast SEO plugin v27.5 - https:\/\/yoast.com\/product\/yoast-seo-wordpress\/ -->\n<title>Publication dans le nuage &#8226; Papillons pour les \u00e9v\u00e9nements.<\/title>\n<meta name=\"robots\" content=\"index, follow, max-snippet:-1, max-image-preview:large, max-video-preview:-1\" \/>\n<link rel=\"canonical\" href=\"https:\/\/butterflies4events.com\/fr\/shop\/publication-dans-le-nuage\/\" \/>\n<meta property=\"og:locale\" content=\"fr_FR\" \/>\n<meta property=\"og:type\" content=\"article\" \/>\n<meta property=\"og:title\" content=\"Publication dans le nuage &#8226; Papillons pour les \u00e9v\u00e9nements.\" \/>\n<meta property=\"og:description\" content=\"Le l\u00e2cher de nuages (papillons) est parfait pour ceux qui veulent impressionner leurs invit\u00e9s. Au moment du l\u00e2cher, tous les papillons d\u00e9ploient leurs ailes et s&rsquo;envolent d&rsquo;une seule bo\u00eete, cr\u00e9ant un \u00ab\u00a0effet nuage\u00a0\u00bb magique qui surprendra et enchantera tous les participants. Commandez d\u00e8s maintenant et enchantez votre \u00e9v\u00e9nement avec le Cloud Release ! Caract\u00e9ristiques principales [&hellip;]\" \/>\n<meta property=\"og:url\" content=\"https:\/\/butterflies4events.com\/fr\/shop\/publication-dans-le-nuage\/\" \/>\n<meta property=\"og:site_name\" content=\"Papillons pour les \u00e9v\u00e9nements\" \/>\n<meta property=\"article:publisher\" content=\"https:\/\/www.facebook.com\/farfallepereventi\/\" \/>\n<meta property=\"article:modified_time\" content=\"2026-04-24T08:19:43+00:00\" \/>\n<meta property=\"og:image\" content=\"https:\/\/butterflies4events.com\/wp-content\/uploads\/2024\/06\/1.jpg\" \/>\n\t<meta property=\"og:image:width\" content=\"2085\" \/>\n\t<meta property=\"og:image:height\" content=\"2085\" \/>\n\t<meta property=\"og:image:type\" content=\"image\/jpeg\" \/>\n<meta name=\"twitter:card\" content=\"summary_large_image\" \/>\n<meta name=\"twitter:label1\" content=\"Dur\u00e9e de lecture estim\u00e9e\" \/>\n\t<meta name=\"twitter:data1\" content=\"1 minute\" \/>\n<script type=\"application\/ld+json\" class=\"yoast-schema-graph\">{\"@context\":\"https:\\\/\\\/schema.org\",\"@graph\":[{\"@type\":\"WebPage\",\"@id\":\"https:\\\/\\\/butterflies4events.com\\\/fr\\\/shop\\\/publication-dans-le-nuage\\\/\",\"url\":\"https:\\\/\\\/butterflies4events.com\\\/fr\\\/shop\\\/publication-dans-le-nuage\\\/\",\"name\":\"Publication dans le nuage &#8226; Papillons pour les \u00e9v\u00e9nements.\",\"isPartOf\":{\"@id\":\"https:\\\/\\\/butterflies4events.com\\\/fr\\\/#website\"},\"primaryImageOfPage\":{\"@id\":\"https:\\\/\\\/butterflies4events.com\\\/fr\\\/shop\\\/publication-dans-le-nuage\\\/#primaryimage\"},\"image\":{\"@id\":\"https:\\\/\\\/butterflies4events.com\\\/fr\\\/shop\\\/publication-dans-le-nuage\\\/#primaryimage\"},\"thumbnailUrl\":\"https:\\\/\\\/butterflies4events.com\\\/wp-content\\\/uploads\\\/2024\\\/06\\\/1.jpg?wsr\",\"datePublished\":\"2024-01-23T13:52:37+00:00\",\"dateModified\":\"2026-04-24T08:19:43+00:00\",\"breadcrumb\":{\"@id\":\"https:\\\/\\\/butterflies4events.com\\\/fr\\\/shop\\\/publication-dans-le-nuage\\\/#breadcrumb\"},\"inLanguage\":\"fr-FR\",\"potentialAction\":[{\"@type\":\"ReadAction\",\"target\":[\"https:\\\/\\\/butterflies4events.com\\\/fr\\\/shop\\\/publication-dans-le-nuage\\\/\"]}]},{\"@type\":\"ImageObject\",\"inLanguage\":\"fr-FR\",\"@id\":\"https:\\\/\\\/butterflies4events.com\\\/fr\\\/shop\\\/publication-dans-le-nuage\\\/#primaryimage\",\"url\":\"https:\\\/\\\/butterflies4events.com\\\/wp-content\\\/uploads\\\/2024\\\/06\\\/1.jpg?wsr\",\"contentUrl\":\"https:\\\/\\\/butterflies4events.com\\\/wp-content\\\/uploads\\\/2024\\\/06\\\/1.jpg?wsr\",\"width\":2085,\"height\":2085},{\"@type\":\"BreadcrumbList\",\"@id\":\"https:\\\/\\\/butterflies4events.com\\\/fr\\\/shop\\\/publication-dans-le-nuage\\\/#breadcrumb\",\"itemListElement\":[{\"@type\":\"ListItem\",\"position\":1,\"name\":\"Accueil\",\"item\":\"https:\\\/\\\/butterflies4events.com\\\/fr\\\/\"},{\"@type\":\"ListItem\",\"position\":2,\"name\":\"Boutique\",\"item\":\"https:\\\/\\\/butterflies4events.com\\\/shop\\\/\"},{\"@type\":\"ListItem\",\"position\":3,\"name\":\"Publication dans le nuage\"}]},{\"@type\":\"WebSite\",\"@id\":\"https:\\\/\\\/butterflies4events.com\\\/fr\\\/#website\",\"url\":\"https:\\\/\\\/butterflies4events.com\\\/fr\\\/\",\"name\":\"Farfalle x Eventi\",\"description\":\"Moments inoubliables\",\"publisher\":{\"@id\":\"https:\\\/\\\/butterflies4events.com\\\/fr\\\/#organization\"},\"alternateName\":\"FxE\",\"potentialAction\":[{\"@type\":\"SearchAction\",\"target\":{\"@type\":\"EntryPoint\",\"urlTemplate\":\"https:\\\/\\\/butterflies4events.com\\\/fr\\\/?s={search_term_string}\"},\"query-input\":{\"@type\":\"PropertyValueSpecification\",\"valueRequired\":true,\"valueName\":\"search_term_string\"}}],\"inLanguage\":\"fr-FR\"},{\"@type\":\"Organization\",\"@id\":\"https:\\\/\\\/butterflies4events.com\\\/fr\\\/#organization\",\"name\":\"Farfalle x Eventi\",\"alternateName\":\"FxE\",\"url\":\"https:\\\/\\\/butterflies4events.com\\\/fr\\\/\",\"logo\":{\"@type\":\"ImageObject\",\"inLanguage\":\"fr-FR\",\"@id\":\"https:\\\/\\\/butterflies4events.com\\\/fr\\\/#\\\/schema\\\/logo\\\/image\\\/\",\"url\":\"\",\"contentUrl\":\"\",\"caption\":\"Farfalle x Eventi\"},\"image\":{\"@id\":\"https:\\\/\\\/butterflies4events.com\\\/fr\\\/#\\\/schema\\\/logo\\\/image\\\/\"},\"sameAs\":[\"https:\\\/\\\/www.facebook.com\\\/farfallepereventi\\\/\",\"https:\\\/\\\/www.instagram.com\\\/farfallexeventi\\\/\"]}]}<\/script>\n<!-- \/ Yoast SEO plugin. -->","yoast_head_json":{"title":"Publication dans le nuage &#8226; Papillons pour les \u00e9v\u00e9nements.","robots":{"index":"index","follow":"follow","max-snippet":"max-snippet:-1","max-image-preview":"max-image-preview:large","max-video-preview":"max-video-preview:-1"},"canonical":"https:\/\/butterflies4events.com\/fr\/shop\/publication-dans-le-nuage\/","og_locale":"fr_FR","og_type":"article","og_title":"Publication dans le nuage &#8226; Papillons pour les \u00e9v\u00e9nements.","og_description":"Le l\u00e2cher de nuages (papillons) est parfait pour ceux qui veulent impressionner leurs invit\u00e9s. Au moment du l\u00e2cher, tous les papillons d\u00e9ploient leurs ailes et s&rsquo;envolent d&rsquo;une seule bo\u00eete, cr\u00e9ant un \u00ab\u00a0effet nuage\u00a0\u00bb magique qui surprendra et enchantera tous les participants. Commandez d\u00e8s maintenant et enchantez votre \u00e9v\u00e9nement avec le Cloud Release ! Caract\u00e9ristiques principales [&hellip;]","og_url":"https:\/\/butterflies4events.com\/fr\/shop\/publication-dans-le-nuage\/","og_site_name":"Papillons pour les \u00e9v\u00e9nements","article_publisher":"https:\/\/www.facebook.com\/farfallepereventi\/","article_modified_time":"2026-04-24T08:19:43+00:00","og_image":[{"width":2085,"height":2085,"url":"https:\/\/butterflies4events.com\/wp-content\/uploads\/2024\/06\/1.jpg","type":"image\/jpeg"}],"twitter_card":"summary_large_image","twitter_misc":{"Dur\u00e9e de lecture estim\u00e9e":"1 minute"},"schema":{"@context":"https:\/\/schema.org","@graph":[{"@type":"WebPage","@id":"https:\/\/butterflies4events.com\/fr\/shop\/publication-dans-le-nuage\/","url":"https:\/\/butterflies4events.com\/fr\/shop\/publication-dans-le-nuage\/","name":"Publication dans le nuage &#8226; Papillons pour les \u00e9v\u00e9nements.","isPartOf":{"@id":"https:\/\/butterflies4events.com\/fr\/#website"},"primaryImageOfPage":{"@id":"https:\/\/butterflies4events.com\/fr\/shop\/publication-dans-le-nuage\/#primaryimage"},"image":{"@id":"https:\/\/butterflies4events.com\/fr\/shop\/publication-dans-le-nuage\/#primaryimage"},"thumbnailUrl":"https:\/\/butterflies4events.com\/wp-content\/uploads\/2024\/06\/1.jpg?wsr","datePublished":"2024-01-23T13:52:37+00:00","dateModified":"2026-04-24T08:19:43+00:00","breadcrumb":{"@id":"https:\/\/butterflies4events.com\/fr\/shop\/publication-dans-le-nuage\/#breadcrumb"},"inLanguage":"fr-FR","potentialAction":[{"@type":"ReadAction","target":["https:\/\/butterflies4events.com\/fr\/shop\/publication-dans-le-nuage\/"]}]},{"@type":"ImageObject","inLanguage":"fr-FR","@id":"https:\/\/butterflies4events.com\/fr\/shop\/publication-dans-le-nuage\/#primaryimage","url":"https:\/\/butterflies4events.com\/wp-content\/uploads\/2024\/06\/1.jpg?wsr","contentUrl":"https:\/\/butterflies4events.com\/wp-content\/uploads\/2024\/06\/1.jpg?wsr","width":2085,"height":2085},{"@type":"BreadcrumbList","@id":"https:\/\/butterflies4events.com\/fr\/shop\/publication-dans-le-nuage\/#breadcrumb","itemListElement":[{"@type":"ListItem","position":1,"name":"Accueil","item":"https:\/\/butterflies4events.com\/fr\/"},{"@type":"ListItem","position":2,"name":"Boutique","item":"https:\/\/butterflies4events.com\/shop\/"},{"@type":"ListItem","position":3,"name":"Publication dans le nuage"}]},{"@type":"WebSite","@id":"https:\/\/butterflies4events.com\/fr\/#website","url":"https:\/\/butterflies4events.com\/fr\/","name":"Farfalle x Eventi","description":"Moments inoubliables","publisher":{"@id":"https:\/\/butterflies4events.com\/fr\/#organization"},"alternateName":"FxE","potentialAction":[{"@type":"SearchAction","target":{"@type":"EntryPoint","urlTemplate":"https:\/\/butterflies4events.com\/fr\/?s={search_term_string}"},"query-input":{"@type":"PropertyValueSpecification","valueRequired":true,"valueName":"search_term_string"}}],"inLanguage":"fr-FR"},{"@type":"Organization","@id":"https:\/\/butterflies4events.com\/fr\/#organization","name":"Farfalle x Eventi","alternateName":"FxE","url":"https:\/\/butterflies4events.com\/fr\/","logo":{"@type":"ImageObject","inLanguage":"fr-FR","@id":"https:\/\/butterflies4events.com\/fr\/#\/schema\/logo\/image\/","url":"","contentUrl":"","caption":"Farfalle x Eventi"},"image":{"@id":"https:\/\/butterflies4events.com\/fr\/#\/schema\/logo\/image\/"},"sameAs":["https:\/\/www.facebook.com\/farfallepereventi\/","https:\/\/www.instagram.com\/farfallexeventi\/"]}]}},"_links":{"self":[{"href":"https:\/\/butterflies4events.com\/fr\/wp-json\/wp\/v2\/product\/12898","targetHints":{"allow":["GET"]}}],"collection":[{"href":"https:\/\/butterflies4events.com\/fr\/wp-json\/wp\/v2\/product"}],"about":[{"href":"https:\/\/butterflies4events.com\/fr\/wp-json\/wp\/v2\/types\/product"}],"replies":[{"embeddable":true,"href":"https:\/\/butterflies4events.com\/fr\/wp-json\/wp\/v2\/comments?post=12898"}],"version-history":[{"count":1,"href":"https:\/\/butterflies4events.com\/fr\/wp-json\/wp\/v2\/product\/12898\/revisions"}],"predecessor-version":[{"id":12911,"href":"https:\/\/butterflies4events.com\/fr\/wp-json\/wp\/v2\/product\/12898\/revisions\/12911"}],"wp:featuredmedia":[{"embeddable":true,"href":"https:\/\/butterflies4events.com\/fr\/wp-json\/wp\/v2\/media\/12729"}],"wp:attachment":[{"href":"https:\/\/butterflies4events.com\/fr\/wp-json\/wp\/v2\/media?parent=12898"}],"wp:term":[{"taxonomy":"product_brand","embeddable":true,"href":"https:\/\/butterflies4events.com\/fr\/wp-json\/wp\/v2\/product_brand?post=12898"},{"taxonomy":"product_cat","embeddable":true,"href":"https:\/\/butterflies4events.com\/fr\/wp-json\/wp\/v2\/product_cat?post=12898"},{"taxonomy":"product_tag","embeddable":true,"href":"https:\/\/butterflies4events.com\/fr\/wp-json\/wp\/v2\/product_tag?post=12898"}],"curies":[{"name":"wp","href":"https:\/\/api.w.org\/{rel}","templated":true}]}}