{"id":12881,"date":"2024-01-23T13:47:41","date_gmt":"2024-01-23T13:47:41","guid":{"rendered":"https:\/\/butterflies4events.com\/shop\/publication-personnelle\/"},"modified":"2026-02-10T16:56:12","modified_gmt":"2026-02-10T16:56:12","slug":"publication-personnelle","status":"publish","type":"product","link":"https:\/\/butterflies4events.com\/fr\/shop\/publication-personnelle\/","title":{"rendered":"Publication personnelle"},"content":{"rendered":"\t\t<div data-elementor-type=\"product-post\" data-elementor-id=\"12881\" class=\"elementor elementor-12881 elementor-1169\" data-elementor-post-type=\"product\">\n\t\t\t\t<div class=\"elementor-element elementor-element-2fe6b0aa e-flex e-con-boxed e-con e-parent\" data-id=\"2fe6b0aa\" data-element_type=\"container\" data-e-type=\"container\">\n\t\t\t\t\t<div class=\"e-con-inner\">\n\t\t\t\t<div class=\"elementor-element elementor-element-4eb76a41 elementor-widget elementor-widget-text-editor\" data-id=\"4eb76a41\" data-element_type=\"widget\" data-e-type=\"widget\" data-widget_type=\"text-editor.default\">\n\t\t\t\t<div class=\"elementor-widget-container\">\n\t\t\t\t\t\t\t\t\t<p data-start=\"132\" data-end=\"505\">Le <strong>l\u00e2cher personnel (de papillons)<\/strong> offre une exp\u00e9rience vraiment exclusive, permettant \u00e0 chaque invit\u00e9 de l\u00e2cher son propre papillon \u00e0 partir d&rsquo;une petite bo\u00eete individuelle. Cela cr\u00e9e un lien direct entre le papillon et la personne, ce qui rend l&rsquo;exp\u00e9rience encore plus touchante et m\u00e9morable. Les enfants appr\u00e9cieront particuli\u00e8rement ce moment et seront fascin\u00e9s par la beaut\u00e9 des papillons.  <\/p>\t\t\t\t\t\t\t\t<\/div>\n\t\t\t\t<\/div>\n\t\t\t\t<div class=\"elementor-element elementor-element-7b65c56 elementor-widget elementor-widget-text-editor\" data-id=\"7b65c56\" data-element_type=\"widget\" data-e-type=\"widget\" data-widget_type=\"text-editor.default\">\n\t\t\t\t<div class=\"elementor-widget-container\">\n\t\t\t\t\t\t\t\t\t<p data-start=\"507\" data-end=\"620\"><strong data-start=\"507\" data-end=\"618\">Commandez d\u00e8s maintenant et cr\u00e9ez un moment unique et inoubliable pour vos invit\u00e9s avec le l\u00e2cher de papillons personnel !<\/strong><\/p>\t\t\t\t\t\t\t\t<\/div>\n\t\t\t\t<\/div>\n\t\t<div class=\"elementor-element elementor-element-d7e02e8 e-con-full e-flex e-con e-child\" data-id=\"d7e02e8\" data-element_type=\"container\" data-e-type=\"container\">\n\t\t\t\t<div class=\"elementor-element elementor-element-384a591 elementor-widget elementor-widget-video\" data-id=\"384a591\" data-element_type=\"widget\" data-e-type=\"widget\" data-settings=\"{&quot;youtube_url&quot;:&quot;https:\\\/\\\/youtube.com\\\/shorts\\\/6AVNq4dbljU&quot;,&quot;autoplay&quot;:&quot;yes&quot;,&quot;play_on_mobile&quot;:&quot;yes&quot;,&quot;mute&quot;:&quot;yes&quot;,&quot;loop&quot;:&quot;yes&quot;,&quot;cc_load_policy&quot;:&quot;yes&quot;,&quot;yt_privacy&quot;:&quot;yes&quot;,&quot;lazy_load&quot;:&quot;yes&quot;,&quot;video_type&quot;:&quot;youtube&quot;,&quot;controls&quot;:&quot;yes&quot;}\" data-widget_type=\"video.default\">\n\t\t\t\t<div class=\"elementor-widget-container\">\n\t\t\t\t\t\t\t<div class=\"elementor-wrapper elementor-open-inline\">\n\t\t\t<div class=\"elementor-video\"><\/div>\t\t<\/div>\n\t\t\t\t\t\t<\/div>\n\t\t\t\t<\/div>\n\t\t\t\t<div class=\"elementor-element elementor-element-b7dc2c6 elementor-widget elementor-widget-video\" data-id=\"b7dc2c6\" data-element_type=\"widget\" data-e-type=\"widget\" data-settings=\"{&quot;youtube_url&quot;:&quot;https:\\\/\\\/youtube.com\\\/shorts\\\/i0pTmB8daB0&quot;,&quot;autoplay&quot;:&quot;yes&quot;,&quot;play_on_mobile&quot;:&quot;yes&quot;,&quot;mute&quot;:&quot;yes&quot;,&quot;loop&quot;:&quot;yes&quot;,&quot;cc_load_policy&quot;:&quot;yes&quot;,&quot;yt_privacy&quot;:&quot;yes&quot;,&quot;lazy_load&quot;:&quot;yes&quot;,&quot;video_type&quot;:&quot;youtube&quot;,&quot;controls&quot;:&quot;yes&quot;}\" data-widget_type=\"video.default\">\n\t\t\t\t<div class=\"elementor-widget-container\">\n\t\t\t\t\t\t\t<div class=\"elementor-wrapper elementor-open-inline\">\n\t\t\t<div class=\"elementor-video\"><\/div>\t\t<\/div>\n\t\t\t\t\t\t<\/div>\n\t\t\t\t<\/div>\n\t\t\t\t<\/div>\n\t\t<div class=\"elementor-element elementor-element-58bd755 e-con-full e-flex e-con e-child\" data-id=\"58bd755\" data-element_type=\"container\" data-e-type=\"container\">\n\t\t\t\t<div class=\"elementor-element elementor-element-55da154 elementor-widget elementor-widget-text-editor\" data-id=\"55da154\" data-element_type=\"widget\" data-e-type=\"widget\" data-widget_type=\"text-editor.default\">\n\t\t\t\t<div class=\"elementor-widget-container\">\n\t\t\t\t\t\t\t\t\t<p>Caract\u00e9ristiques principales<\/p>\t\t\t\t\t\t\t\t<\/div>\n\t\t\t\t<\/div>\n\t\t\t\t<div class=\"elementor-element elementor-element-1b1e15c elementor-widget elementor-widget-text-editor\" data-id=\"1b1e15c\" data-element_type=\"widget\" data-e-type=\"widget\" data-widget_type=\"text-editor.default\">\n\t\t\t\t<div class=\"elementor-widget-container\">\n\t\t\t\t\t\t\t\t\t<p><strong>Participation exclusive<\/strong><\/p><p>Un moment unique en son genre, parfait pour faire participer des personnes de tous \u00e2ges. Chaque invit\u00e9 devient le protagoniste en lib\u00e9rant un papillon, ce qui rend l&rsquo;exp\u00e9rience profond\u00e9ment personnelle et inoubliable. <\/p>\t\t\t\t\t\t\t\t<\/div>\n\t\t\t\t<\/div>\n\t\t\t\t<div class=\"elementor-element elementor-element-2eba8d9 elementor-widget elementor-widget-text-editor\" data-id=\"2eba8d9\" data-element_type=\"widget\" data-e-type=\"widget\" data-widget_type=\"text-editor.default\">\n\t\t\t\t<div class=\"elementor-widget-container\">\n\t\t\t\t\t\t\t\t\t<p><strong>Personnalisation<\/strong><\/p><p>Choisissez parmi diff\u00e9rentes esp\u00e8ces de papillons et le nombre de bo\u00eetes individuelles pour adapter parfaitement le l\u00e2cher \u00e0 votre \u00e9v\u00e9nement.<\/p>\t\t\t\t\t\t\t\t<\/div>\n\t\t\t\t<\/div>\n\t\t\t\t<div class=\"elementor-element elementor-element-e9a7f9d elementor-widget elementor-widget-text-editor\" data-id=\"e9a7f9d\" data-element_type=\"widget\" data-e-type=\"widget\" data-widget_type=\"text-editor.default\">\n\t\t\t\t<div class=\"elementor-widget-container\">\n\t\t\t\t\t\t\t\t\t<p><strong>Un choix \u00e9thique et durable<\/strong><\/p><p data-start=\"1017\" data-end=\"1458\">Non seulement le l\u00e2cher rendra votre c\u00e9l\u00e9bration unique, mais il contribuera \u00e9galement \u00e0 la protection de la biodiversit\u00e9, car les papillons sont d&rsquo;importants pollinisateurs. Une fois lib\u00e9r\u00e9s, les papillons poursuivront leur cycle de vie naturel dans la nature. Ils sont transport\u00e9s en toute s\u00e9curit\u00e9 dans des emballages \u00e0 temp\u00e9rature stabilis\u00e9e. Afin de respecter leur cycle biologique, certaines esp\u00e8ces peuvent ne pas \u00eatre disponibles en fonction de la saison de votre \u00e9v\u00e9nement.   <\/p>\t\t\t\t\t\t\t\t<\/div>\n\t\t\t\t<\/div>\n\t\t\t\t<\/div>\n\t\t\t\t\t<\/div>\n\t\t\t\t<\/div>\n\t\t\t\t<\/div>\n\t\t","protected":false},"excerpt":{"rendered":"<p><span style=\"font-weight: 400;\">Dans le Rilascio Personale, chaque h\u00f4te est accompagn\u00e9 d&rsquo;une scatolina contenant une seule farfouille, pr\u00eate \u00e0 alcaliniser le vol au moment de l&rsquo;\u00e9v\u00e9nement. Le Rilascio Personale peut \u00eatre accol\u00e9 au Rilascio a Nuvola. <\/span><\/p>\n","protected":false},"featured_media":12882,"comment_status":"open","ping_status":"closed","template":"","meta":{"_acf_changed":false},"product_brand":[],"product_cat":[307],"product_tag":[],"class_list":{"0":"post-12881","1":"product","2":"type-product","3":"status-publish","4":"has-post-thumbnail","6":"product_cat-nos-selections","7":"product_shipping_class-expedition-sous-temperature-controlee","9":"first","10":"instock","11":"taxable","12":"shipping-taxable","13":"product-type-variable","14":"wvs-archive-product-wrapper"},"acf":{"custom_text_a":"Rom\u00e9o et Juliette\n20 juin 2020","custom_text_a_source":{"label":"Custom Text A","type":"textarea","formatted_value":"Rom\u00e9o et Juliette\n20 juin 2020"},"custom_text_b":"Ne gaspillez pas votre amour pour quelqu'un qui ne l'appr\u00e9cie pas.","custom_text_b_source":{"label":"Custom Text B","type":"textarea","formatted_value":"Ne gaspillez pas votre amour pour quelqu'un qui ne l'appr\u00e9cie pas."}},"yoast_head":"<!-- This site is optimized with the Yoast SEO plugin v27.5 - https:\/\/yoast.com\/product\/yoast-seo-wordpress\/ -->\n<title>Publication personnelle &#8226; Papillons pour les \u00e9v\u00e9nements.<\/title>\n<meta name=\"robots\" content=\"index, follow, max-snippet:-1, max-image-preview:large, max-video-preview:-1\" \/>\n<link rel=\"canonical\" href=\"https:\/\/butterflies4events.com\/fr\/shop\/publication-personnelle\/\" \/>\n<meta property=\"og:locale\" content=\"fr_FR\" \/>\n<meta property=\"og:type\" content=\"article\" \/>\n<meta property=\"og:title\" content=\"Publication personnelle &#8226; Papillons pour les \u00e9v\u00e9nements.\" \/>\n<meta property=\"og:description\" content=\"Dans le Rilascio Personale, chaque h\u00f4te est accompagn\u00e9 d&#039;une scatolina contenant une seule farfouille, pr\u00eate \u00e0 alcaliniser le vol au moment de l&#039;\u00e9v\u00e9nement. Le Rilascio Personale peut \u00eatre accol\u00e9 au Rilascio a Nuvola.\" \/>\n<meta property=\"og:url\" content=\"https:\/\/butterflies4events.com\/fr\/shop\/publication-personnelle\/\" \/>\n<meta property=\"og:site_name\" content=\"Papillons pour les \u00e9v\u00e9nements\" \/>\n<meta property=\"article:publisher\" content=\"https:\/\/www.facebook.com\/farfallepereventi\/\" \/>\n<meta property=\"article:modified_time\" content=\"2026-02-10T16:56:12+00:00\" \/>\n<meta property=\"og:image\" content=\"https:\/\/butterflies4events.com\/wp-content\/uploads\/2024\/08\/1-1.png\" \/>\n\t<meta property=\"og:image:width\" content=\"1620\" \/>\n\t<meta property=\"og:image:height\" content=\"1620\" \/>\n\t<meta property=\"og:image:type\" content=\"image\/png\" \/>\n<meta name=\"twitter:card\" content=\"summary_large_image\" \/>\n<meta name=\"twitter:label1\" content=\"Dur\u00e9e de lecture estim\u00e9e\" \/>\n\t<meta name=\"twitter:data1\" content=\"1 minute\" \/>\n<script type=\"application\/ld+json\" class=\"yoast-schema-graph\">{\"@context\":\"https:\\\/\\\/schema.org\",\"@graph\":[{\"@type\":\"WebPage\",\"@id\":\"https:\\\/\\\/butterflies4events.com\\\/fr\\\/shop\\\/publication-personnelle\\\/\",\"url\":\"https:\\\/\\\/butterflies4events.com\\\/fr\\\/shop\\\/publication-personnelle\\\/\",\"name\":\"Publication personnelle &#8226; Papillons pour les \u00e9v\u00e9nements.\",\"isPartOf\":{\"@id\":\"https:\\\/\\\/butterflies4events.com\\\/fr\\\/#website\"},\"primaryImageOfPage\":{\"@id\":\"https:\\\/\\\/butterflies4events.com\\\/fr\\\/shop\\\/publication-personnelle\\\/#primaryimage\"},\"image\":{\"@id\":\"https:\\\/\\\/butterflies4events.com\\\/fr\\\/shop\\\/publication-personnelle\\\/#primaryimage\"},\"thumbnailUrl\":\"https:\\\/\\\/butterflies4events.com\\\/wp-content\\\/uploads\\\/2024\\\/08\\\/1-1.png?wsr\",\"datePublished\":\"2024-01-23T13:47:41+00:00\",\"dateModified\":\"2026-02-10T16:56:12+00:00\",\"breadcrumb\":{\"@id\":\"https:\\\/\\\/butterflies4events.com\\\/fr\\\/shop\\\/publication-personnelle\\\/#breadcrumb\"},\"inLanguage\":\"fr-FR\",\"potentialAction\":[{\"@type\":\"ReadAction\",\"target\":[\"https:\\\/\\\/butterflies4events.com\\\/fr\\\/shop\\\/publication-personnelle\\\/\"]}]},{\"@type\":\"ImageObject\",\"inLanguage\":\"fr-FR\",\"@id\":\"https:\\\/\\\/butterflies4events.com\\\/fr\\\/shop\\\/publication-personnelle\\\/#primaryimage\",\"url\":\"https:\\\/\\\/butterflies4events.com\\\/wp-content\\\/uploads\\\/2024\\\/08\\\/1-1.png?wsr\",\"contentUrl\":\"https:\\\/\\\/butterflies4events.com\\\/wp-content\\\/uploads\\\/2024\\\/08\\\/1-1.png?wsr\",\"width\":1620,\"height\":1620},{\"@type\":\"BreadcrumbList\",\"@id\":\"https:\\\/\\\/butterflies4events.com\\\/fr\\\/shop\\\/publication-personnelle\\\/#breadcrumb\",\"itemListElement\":[{\"@type\":\"ListItem\",\"position\":1,\"name\":\"Accueil\",\"item\":\"https:\\\/\\\/butterflies4events.com\\\/fr\\\/\"},{\"@type\":\"ListItem\",\"position\":2,\"name\":\"Boutique\",\"item\":\"https:\\\/\\\/butterflies4events.com\\\/shop\\\/\"},{\"@type\":\"ListItem\",\"position\":3,\"name\":\"Publication personnelle\"}]},{\"@type\":\"WebSite\",\"@id\":\"https:\\\/\\\/butterflies4events.com\\\/fr\\\/#website\",\"url\":\"https:\\\/\\\/butterflies4events.com\\\/fr\\\/\",\"name\":\"Farfalle x Eventi\",\"description\":\"Moments inoubliables\",\"publisher\":{\"@id\":\"https:\\\/\\\/butterflies4events.com\\\/fr\\\/#organization\"},\"alternateName\":\"FxE\",\"potentialAction\":[{\"@type\":\"SearchAction\",\"target\":{\"@type\":\"EntryPoint\",\"urlTemplate\":\"https:\\\/\\\/butterflies4events.com\\\/fr\\\/?s={search_term_string}\"},\"query-input\":{\"@type\":\"PropertyValueSpecification\",\"valueRequired\":true,\"valueName\":\"search_term_string\"}}],\"inLanguage\":\"fr-FR\"},{\"@type\":\"Organization\",\"@id\":\"https:\\\/\\\/butterflies4events.com\\\/fr\\\/#organization\",\"name\":\"Farfalle x Eventi\",\"alternateName\":\"FxE\",\"url\":\"https:\\\/\\\/butterflies4events.com\\\/fr\\\/\",\"logo\":{\"@type\":\"ImageObject\",\"inLanguage\":\"fr-FR\",\"@id\":\"https:\\\/\\\/butterflies4events.com\\\/fr\\\/#\\\/schema\\\/logo\\\/image\\\/\",\"url\":\"\",\"contentUrl\":\"\",\"caption\":\"Farfalle x Eventi\"},\"image\":{\"@id\":\"https:\\\/\\\/butterflies4events.com\\\/fr\\\/#\\\/schema\\\/logo\\\/image\\\/\"},\"sameAs\":[\"https:\\\/\\\/www.facebook.com\\\/farfallepereventi\\\/\",\"https:\\\/\\\/www.instagram.com\\\/farfallexeventi\\\/\"]}]}<\/script>\n<!-- \/ Yoast SEO plugin. -->","yoast_head_json":{"title":"Publication personnelle &#8226; Papillons pour les \u00e9v\u00e9nements.","robots":{"index":"index","follow":"follow","max-snippet":"max-snippet:-1","max-image-preview":"max-image-preview:large","max-video-preview":"max-video-preview:-1"},"canonical":"https:\/\/butterflies4events.com\/fr\/shop\/publication-personnelle\/","og_locale":"fr_FR","og_type":"article","og_title":"Publication personnelle &#8226; Papillons pour les \u00e9v\u00e9nements.","og_description":"Dans le Rilascio Personale, chaque h\u00f4te est accompagn\u00e9 d'une scatolina contenant une seule farfouille, pr\u00eate \u00e0 alcaliniser le vol au moment de l'\u00e9v\u00e9nement. Le Rilascio Personale peut \u00eatre accol\u00e9 au Rilascio a Nuvola.","og_url":"https:\/\/butterflies4events.com\/fr\/shop\/publication-personnelle\/","og_site_name":"Papillons pour les \u00e9v\u00e9nements","article_publisher":"https:\/\/www.facebook.com\/farfallepereventi\/","article_modified_time":"2026-02-10T16:56:12+00:00","og_image":[{"width":1620,"height":1620,"url":"https:\/\/butterflies4events.com\/wp-content\/uploads\/2024\/08\/1-1.png","type":"image\/png"}],"twitter_card":"summary_large_image","twitter_misc":{"Dur\u00e9e de lecture estim\u00e9e":"1 minute"},"schema":{"@context":"https:\/\/schema.org","@graph":[{"@type":"WebPage","@id":"https:\/\/butterflies4events.com\/fr\/shop\/publication-personnelle\/","url":"https:\/\/butterflies4events.com\/fr\/shop\/publication-personnelle\/","name":"Publication personnelle &#8226; Papillons pour les \u00e9v\u00e9nements.","isPartOf":{"@id":"https:\/\/butterflies4events.com\/fr\/#website"},"primaryImageOfPage":{"@id":"https:\/\/butterflies4events.com\/fr\/shop\/publication-personnelle\/#primaryimage"},"image":{"@id":"https:\/\/butterflies4events.com\/fr\/shop\/publication-personnelle\/#primaryimage"},"thumbnailUrl":"https:\/\/butterflies4events.com\/wp-content\/uploads\/2024\/08\/1-1.png?wsr","datePublished":"2024-01-23T13:47:41+00:00","dateModified":"2026-02-10T16:56:12+00:00","breadcrumb":{"@id":"https:\/\/butterflies4events.com\/fr\/shop\/publication-personnelle\/#breadcrumb"},"inLanguage":"fr-FR","potentialAction":[{"@type":"ReadAction","target":["https:\/\/butterflies4events.com\/fr\/shop\/publication-personnelle\/"]}]},{"@type":"ImageObject","inLanguage":"fr-FR","@id":"https:\/\/butterflies4events.com\/fr\/shop\/publication-personnelle\/#primaryimage","url":"https:\/\/butterflies4events.com\/wp-content\/uploads\/2024\/08\/1-1.png?wsr","contentUrl":"https:\/\/butterflies4events.com\/wp-content\/uploads\/2024\/08\/1-1.png?wsr","width":1620,"height":1620},{"@type":"BreadcrumbList","@id":"https:\/\/butterflies4events.com\/fr\/shop\/publication-personnelle\/#breadcrumb","itemListElement":[{"@type":"ListItem","position":1,"name":"Accueil","item":"https:\/\/butterflies4events.com\/fr\/"},{"@type":"ListItem","position":2,"name":"Boutique","item":"https:\/\/butterflies4events.com\/shop\/"},{"@type":"ListItem","position":3,"name":"Publication personnelle"}]},{"@type":"WebSite","@id":"https:\/\/butterflies4events.com\/fr\/#website","url":"https:\/\/butterflies4events.com\/fr\/","name":"Farfalle x Eventi","description":"Moments inoubliables","publisher":{"@id":"https:\/\/butterflies4events.com\/fr\/#organization"},"alternateName":"FxE","potentialAction":[{"@type":"SearchAction","target":{"@type":"EntryPoint","urlTemplate":"https:\/\/butterflies4events.com\/fr\/?s={search_term_string}"},"query-input":{"@type":"PropertyValueSpecification","valueRequired":true,"valueName":"search_term_string"}}],"inLanguage":"fr-FR"},{"@type":"Organization","@id":"https:\/\/butterflies4events.com\/fr\/#organization","name":"Farfalle x Eventi","alternateName":"FxE","url":"https:\/\/butterflies4events.com\/fr\/","logo":{"@type":"ImageObject","inLanguage":"fr-FR","@id":"https:\/\/butterflies4events.com\/fr\/#\/schema\/logo\/image\/","url":"","contentUrl":"","caption":"Farfalle x Eventi"},"image":{"@id":"https:\/\/butterflies4events.com\/fr\/#\/schema\/logo\/image\/"},"sameAs":["https:\/\/www.facebook.com\/farfallepereventi\/","https:\/\/www.instagram.com\/farfallexeventi\/"]}]}},"_links":{"self":[{"href":"https:\/\/butterflies4events.com\/fr\/wp-json\/wp\/v2\/product\/12881","targetHints":{"allow":["GET"]}}],"collection":[{"href":"https:\/\/butterflies4events.com\/fr\/wp-json\/wp\/v2\/product"}],"about":[{"href":"https:\/\/butterflies4events.com\/fr\/wp-json\/wp\/v2\/types\/product"}],"replies":[{"embeddable":true,"href":"https:\/\/butterflies4events.com\/fr\/wp-json\/wp\/v2\/comments?post=12881"}],"version-history":[{"count":2,"href":"https:\/\/butterflies4events.com\/fr\/wp-json\/wp\/v2\/product\/12881\/revisions"}],"predecessor-version":[{"id":13114,"href":"https:\/\/butterflies4events.com\/fr\/wp-json\/wp\/v2\/product\/12881\/revisions\/13114"}],"wp:featuredmedia":[{"embeddable":true,"href":"https:\/\/butterflies4events.com\/fr\/wp-json\/wp\/v2\/media\/12882"}],"wp:attachment":[{"href":"https:\/\/butterflies4events.com\/fr\/wp-json\/wp\/v2\/media?parent=12881"}],"wp:term":[{"taxonomy":"product_brand","embeddable":true,"href":"https:\/\/butterflies4events.com\/fr\/wp-json\/wp\/v2\/product_brand?post=12881"},{"taxonomy":"product_cat","embeddable":true,"href":"https:\/\/butterflies4events.com\/fr\/wp-json\/wp\/v2\/product_cat?post=12881"},{"taxonomy":"product_tag","embeddable":true,"href":"https:\/\/butterflies4events.com\/fr\/wp-json\/wp\/v2\/product_tag?post=12881"}],"curies":[{"name":"wp","href":"https:\/\/api.w.org\/{rel}","templated":true}]}}