{"id":12569,"date":"2024-12-03T11:35:37","date_gmt":"2024-12-03T11:35:37","guid":{"rendered":"https:\/\/butterflies4events.com\/shop\/butterfly-dream-bomboniera\/"},"modified":"2026-01-19T17:00:22","modified_gmt":"2026-01-19T17:00:22","slug":"butterfly-dream-bomboniera","status":"publish","type":"product","link":"https:\/\/butterflies4events.com\/fr\/shop\/butterfly-dream-bomboniera\/","title":{"rendered":"Butterfly Dream Bomboniera"},"content":{"rendered":"\t\t<div data-elementor-type=\"product-post\" data-elementor-id=\"12569\" class=\"elementor elementor-12569 elementor-7321\" data-elementor-post-type=\"product\">\n\t\t\t\t<div class=\"elementor-element elementor-element-7d55c94 e-flex e-con-boxed e-con e-parent\" data-id=\"7d55c94\" data-element_type=\"container\" data-e-type=\"container\">\n\t\t\t\t\t<div class=\"e-con-inner\">\n\t\t\t\t<div class=\"elementor-element elementor-element-97ac4a7 elementor-widget elementor-widget-text-editor\" data-id=\"97ac4a7\" data-element_type=\"widget\" data-e-type=\"widget\" data-widget_type=\"text-editor.default\">\n\t\t\t\t<div class=\"elementor-widget-container\">\n\t\t\t\t\t\t\t\t\t<p>La <strong data-start=\"140\" data-end=\"165\">bonbonni\u00e8re Butterfly Dream<\/strong> est un choix original et \u00e9cologique, parfait pour ceux qui souhaitent surprendre leurs invit\u00e9s avec un cadeau exclusif. \u00c0 l&rsquo;int\u00e9rieur de chaque bonbonni\u00e8re se trouve une chrysalide qui se transformera en un magnifique papillon quelques jours apr\u00e8s l&rsquo;\u00e9v\u00e9nement. Les invit\u00e9s auront la possibilit\u00e9 de lib\u00e9rer leur papillon chez eux et de revivre la joie de votre journ\u00e9e sp\u00e9ciale.  <\/p>\t\t\t\t\t\t\t\t<\/div>\n\t\t\t\t<\/div>\n\t\t\t\t<div class=\"elementor-element elementor-element-c64ba65 elementor-widget elementor-widget-text-editor\" data-id=\"c64ba65\" data-element_type=\"widget\" data-e-type=\"widget\" data-widget_type=\"text-editor.default\">\n\t\t\t\t<div class=\"elementor-widget-container\">\n\t\t\t\t\t\t\t\t\t<p><strong>Commandez d\u00e8s maintenant une bonbonni\u00e8re qui ne prendra pas la poussi\u00e8re sur une \u00e9tag\u00e8re. Les \u00e9motions suscit\u00e9es par Butterfly Dream sont vraiment inoubliables. <\/strong><\/p>\t\t\t\t\t\t\t\t<\/div>\n\t\t\t\t<\/div>\n\t\t<div class=\"elementor-element elementor-element-2052f4e e-con-full e-flex e-con e-child\" data-id=\"2052f4e\" data-element_type=\"container\" data-e-type=\"container\">\n\t\t\t\t<div class=\"elementor-element elementor-element-bcf330b elementor-widget elementor-widget-text-editor\" data-id=\"bcf330b\" data-element_type=\"widget\" data-e-type=\"widget\" data-widget_type=\"text-editor.default\">\n\t\t\t\t<div class=\"elementor-widget-container\">\n\t\t\t\t\t\t\t\t\t<p>Caract\u00e9ristiques principales<\/p>\t\t\t\t\t\t\t\t<\/div>\n\t\t\t\t<\/div>\n\t\t\t\t<div class=\"elementor-element elementor-element-2badc76 elementor-widget elementor-widget-text-editor\" data-id=\"2badc76\" data-element_type=\"widget\" data-e-type=\"widget\" data-widget_type=\"text-editor.default\">\n\t\t\t\t<div class=\"elementor-widget-container\">\n\t\t\t\t\t\t\t\t\t<p><strong>Un cadeau m\u00e9morable<\/strong><\/p><p data-start=\"680\" data-end=\"790\">Chaque invit\u00e9 participera \u00e0 la magie de la nature gr\u00e2ce \u00e0 ce cadeau unique.<\/p>\t\t\t\t\t\t\t\t<\/div>\n\t\t\t\t<\/div>\n\t\t\t\t<div class=\"elementor-element elementor-element-37bdc74 elementor-widget elementor-widget-text-editor\" data-id=\"37bdc74\" data-element_type=\"widget\" data-e-type=\"widget\" data-widget_type=\"text-editor.default\">\n\t\t\t\t<div class=\"elementor-widget-container\">\n\t\t\t\t\t\t\t\t\t<p><strong>Facile \u00e0 assembler<\/strong><\/p><p>Il suffit de fermer la bo\u00eete de la bonbonni\u00e8re (adh\u00e9sif d\u00e9j\u00e0 inclus et pr\u00e9-appliqu\u00e9), d&rsquo;ajouter des drag\u00e9es (non incluses) et de placer la chrysalide \u00e0 l&rsquo;int\u00e9rieur. Sur demande, nous pouvons \u00e9galement vous envoyer la bonbonni\u00e8re d\u00e9j\u00e0 mont\u00e9e. <\/p>\t\t\t\t\t\t\t\t<\/div>\n\t\t\t\t<\/div>\n\t\t\t\t<div class=\"elementor-element elementor-element-07a64a3 elementor-widget elementor-widget-text-editor\" data-id=\"07a64a3\" data-element_type=\"widget\" data-e-type=\"widget\" data-widget_type=\"text-editor.default\">\n\t\t\t\t<div class=\"elementor-widget-container\">\n\t\t\t\t\t\t\t\t\t<p><strong>Durable<\/strong><\/p><p>Fabriqu\u00e9 enti\u00e8rement en papier et con\u00e7u dans le respect de l&rsquo;environnement. Chaque chenille est \u00e9lev\u00e9e avec soin et respect. Afin de pr\u00e9server leur cycle naturel, certaines esp\u00e8ces peuvent ne pas \u00eatre disponibles en fonction de la saison de votre \u00e9v\u00e9nement. Une fois lib\u00e9r\u00e9, le papillon contribuera \u00e0 la pollinisation de centaines de fleurs, favorisant ainsi la biodiversit\u00e9.   <\/p>\t\t\t\t\t\t\t\t<\/div>\n\t\t\t\t<\/div>\n\t\t\t\t<\/div>\n\t\t\t\t\t<\/div>\n\t\t\t\t<\/div>\n\t\t\t\t<\/div>\n\t\t","protected":false},"excerpt":{"rendered":"<p>La bonbonni\u00e8re Butterfly Dream est un choix original et \u00e9cologique, parfait pour ceux qui souhaitent surprendre leurs invit\u00e9s avec un cadeau exclusif. \u00c0 l&rsquo;int\u00e9rieur de chaque bonbonni\u00e8re se trouve une chrysalide qui se transformera en un magnifique papillon quelques jours apr\u00e8s l&rsquo;\u00e9v\u00e9nement. Les invit\u00e9s auront la possibilit\u00e9 de lib\u00e9rer leur papillon chez eux et de [&hellip;]<\/p>\n","protected":false},"featured_media":12570,"comment_status":"closed","ping_status":"closed","template":"","meta":{"_acf_changed":false},"product_brand":[],"product_cat":[307],"product_tag":[],"class_list":{"0":"post-12569","1":"product","2":"type-product","3":"status-publish","4":"has-post-thumbnail","6":"product_cat-nos-selections","7":"product_shipping_class-expedition-sous-temperature-controlee","9":"first","10":"instock","11":"taxable","12":"shipping-taxable","13":"product-type-variable","14":"wvs-archive-product-wrapper"},"acf":{"custom_text_a":"Rom\u00e9o et Juliette\n20 juin 2020","custom_text_a_source":{"label":"Custom Text A","type":"textarea","formatted_value":"Rom\u00e9o et Juliette\n20 juin 2020"},"custom_text_b":"Ne gaspillez pas votre amour pour quelqu'un qui ne l'appr\u00e9cie pas.","custom_text_b_source":{"label":"Custom Text B","type":"textarea","formatted_value":"Ne gaspillez pas votre amour pour quelqu'un qui ne l'appr\u00e9cie pas."}},"yoast_head":"<!-- This site is optimized with the Yoast SEO plugin v27.5 - https:\/\/yoast.com\/product\/yoast-seo-wordpress\/ -->\n<title>Butterfly Dream Bomboniera &#8226; Papillons pour les \u00e9v\u00e9nements.<\/title>\n<meta name=\"robots\" content=\"index, follow, max-snippet:-1, max-image-preview:large, max-video-preview:-1\" \/>\n<link rel=\"canonical\" href=\"https:\/\/butterflies4events.com\/fr\/shop\/butterfly-dream-bomboniera\/\" \/>\n<meta property=\"og:locale\" content=\"fr_FR\" \/>\n<meta property=\"og:type\" content=\"article\" \/>\n<meta property=\"og:title\" content=\"Butterfly Dream Bomboniera &#8226; Papillons pour les \u00e9v\u00e9nements.\" \/>\n<meta property=\"og:description\" content=\"La bonbonni\u00e8re Butterfly Dream est un choix original et \u00e9cologique, parfait pour ceux qui souhaitent surprendre leurs invit\u00e9s avec un cadeau exclusif. \u00c0 l&rsquo;int\u00e9rieur de chaque bonbonni\u00e8re se trouve une chrysalide qui se transformera en un magnifique papillon quelques jours apr\u00e8s l&rsquo;\u00e9v\u00e9nement. Les invit\u00e9s auront la possibilit\u00e9 de lib\u00e9rer leur papillon chez eux et de [&hellip;]\" \/>\n<meta property=\"og:url\" content=\"https:\/\/butterflies4events.com\/fr\/shop\/butterfly-dream-bomboniera\/\" \/>\n<meta property=\"og:site_name\" content=\"Papillons pour les \u00e9v\u00e9nements\" \/>\n<meta property=\"article:publisher\" content=\"https:\/\/www.facebook.com\/farfallepereventi\/\" \/>\n<meta property=\"article:modified_time\" content=\"2026-01-19T17:00:22+00:00\" \/>\n<meta property=\"og:image\" content=\"https:\/\/butterflies4events.com\/wp-content\/uploads\/2025\/07\/1.png\" \/>\n\t<meta property=\"og:image:width\" content=\"938\" \/>\n\t<meta property=\"og:image:height\" content=\"938\" \/>\n\t<meta property=\"og:image:type\" content=\"image\/png\" \/>\n<meta name=\"twitter:card\" content=\"summary_large_image\" \/>\n<meta name=\"twitter:label1\" content=\"Dur\u00e9e de lecture estim\u00e9e\" \/>\n\t<meta name=\"twitter:data1\" content=\"1 minute\" \/>\n<script type=\"application\/ld+json\" class=\"yoast-schema-graph\">{\"@context\":\"https:\\\/\\\/schema.org\",\"@graph\":[{\"@type\":\"WebPage\",\"@id\":\"https:\\\/\\\/butterflies4events.com\\\/fr\\\/shop\\\/butterfly-dream-bomboniera\\\/\",\"url\":\"https:\\\/\\\/butterflies4events.com\\\/fr\\\/shop\\\/butterfly-dream-bomboniera\\\/\",\"name\":\"Butterfly Dream Bomboniera &#8226; Papillons pour les \u00e9v\u00e9nements.\",\"isPartOf\":{\"@id\":\"https:\\\/\\\/butterflies4events.com\\\/fr\\\/#website\"},\"primaryImageOfPage\":{\"@id\":\"https:\\\/\\\/butterflies4events.com\\\/fr\\\/shop\\\/butterfly-dream-bomboniera\\\/#primaryimage\"},\"image\":{\"@id\":\"https:\\\/\\\/butterflies4events.com\\\/fr\\\/shop\\\/butterfly-dream-bomboniera\\\/#primaryimage\"},\"thumbnailUrl\":\"https:\\\/\\\/butterflies4events.com\\\/wp-content\\\/uploads\\\/2025\\\/07\\\/1.png?wsr\",\"datePublished\":\"2024-12-03T11:35:37+00:00\",\"dateModified\":\"2026-01-19T17:00:22+00:00\",\"breadcrumb\":{\"@id\":\"https:\\\/\\\/butterflies4events.com\\\/fr\\\/shop\\\/butterfly-dream-bomboniera\\\/#breadcrumb\"},\"inLanguage\":\"fr-FR\",\"potentialAction\":[{\"@type\":\"ReadAction\",\"target\":[\"https:\\\/\\\/butterflies4events.com\\\/fr\\\/shop\\\/butterfly-dream-bomboniera\\\/\"]}]},{\"@type\":\"ImageObject\",\"inLanguage\":\"fr-FR\",\"@id\":\"https:\\\/\\\/butterflies4events.com\\\/fr\\\/shop\\\/butterfly-dream-bomboniera\\\/#primaryimage\",\"url\":\"https:\\\/\\\/butterflies4events.com\\\/wp-content\\\/uploads\\\/2025\\\/07\\\/1.png?wsr\",\"contentUrl\":\"https:\\\/\\\/butterflies4events.com\\\/wp-content\\\/uploads\\\/2025\\\/07\\\/1.png?wsr\",\"width\":938,\"height\":938},{\"@type\":\"BreadcrumbList\",\"@id\":\"https:\\\/\\\/butterflies4events.com\\\/fr\\\/shop\\\/butterfly-dream-bomboniera\\\/#breadcrumb\",\"itemListElement\":[{\"@type\":\"ListItem\",\"position\":1,\"name\":\"Accueil\",\"item\":\"https:\\\/\\\/butterflies4events.com\\\/fr\\\/\"},{\"@type\":\"ListItem\",\"position\":2,\"name\":\"Boutique\",\"item\":\"https:\\\/\\\/butterflies4events.com\\\/shop\\\/\"},{\"@type\":\"ListItem\",\"position\":3,\"name\":\"Butterfly Dream Bomboniera\"}]},{\"@type\":\"WebSite\",\"@id\":\"https:\\\/\\\/butterflies4events.com\\\/fr\\\/#website\",\"url\":\"https:\\\/\\\/butterflies4events.com\\\/fr\\\/\",\"name\":\"Farfalle x Eventi\",\"description\":\"Moments inoubliables\",\"publisher\":{\"@id\":\"https:\\\/\\\/butterflies4events.com\\\/fr\\\/#organization\"},\"alternateName\":\"FxE\",\"potentialAction\":[{\"@type\":\"SearchAction\",\"target\":{\"@type\":\"EntryPoint\",\"urlTemplate\":\"https:\\\/\\\/butterflies4events.com\\\/fr\\\/?s={search_term_string}\"},\"query-input\":{\"@type\":\"PropertyValueSpecification\",\"valueRequired\":true,\"valueName\":\"search_term_string\"}}],\"inLanguage\":\"fr-FR\"},{\"@type\":\"Organization\",\"@id\":\"https:\\\/\\\/butterflies4events.com\\\/fr\\\/#organization\",\"name\":\"Farfalle x Eventi\",\"alternateName\":\"FxE\",\"url\":\"https:\\\/\\\/butterflies4events.com\\\/fr\\\/\",\"logo\":{\"@type\":\"ImageObject\",\"inLanguage\":\"fr-FR\",\"@id\":\"https:\\\/\\\/butterflies4events.com\\\/fr\\\/#\\\/schema\\\/logo\\\/image\\\/\",\"url\":\"\",\"contentUrl\":\"\",\"caption\":\"Farfalle x Eventi\"},\"image\":{\"@id\":\"https:\\\/\\\/butterflies4events.com\\\/fr\\\/#\\\/schema\\\/logo\\\/image\\\/\"},\"sameAs\":[\"https:\\\/\\\/www.facebook.com\\\/farfallepereventi\\\/\",\"https:\\\/\\\/www.instagram.com\\\/farfallexeventi\\\/\"]}]}<\/script>\n<!-- \/ Yoast SEO plugin. -->","yoast_head_json":{"title":"Butterfly Dream Bomboniera &#8226; Papillons pour les \u00e9v\u00e9nements.","robots":{"index":"index","follow":"follow","max-snippet":"max-snippet:-1","max-image-preview":"max-image-preview:large","max-video-preview":"max-video-preview:-1"},"canonical":"https:\/\/butterflies4events.com\/fr\/shop\/butterfly-dream-bomboniera\/","og_locale":"fr_FR","og_type":"article","og_title":"Butterfly Dream Bomboniera &#8226; Papillons pour les \u00e9v\u00e9nements.","og_description":"La bonbonni\u00e8re Butterfly Dream est un choix original et \u00e9cologique, parfait pour ceux qui souhaitent surprendre leurs invit\u00e9s avec un cadeau exclusif. \u00c0 l&rsquo;int\u00e9rieur de chaque bonbonni\u00e8re se trouve une chrysalide qui se transformera en un magnifique papillon quelques jours apr\u00e8s l&rsquo;\u00e9v\u00e9nement. Les invit\u00e9s auront la possibilit\u00e9 de lib\u00e9rer leur papillon chez eux et de [&hellip;]","og_url":"https:\/\/butterflies4events.com\/fr\/shop\/butterfly-dream-bomboniera\/","og_site_name":"Papillons pour les \u00e9v\u00e9nements","article_publisher":"https:\/\/www.facebook.com\/farfallepereventi\/","article_modified_time":"2026-01-19T17:00:22+00:00","og_image":[{"width":938,"height":938,"url":"https:\/\/butterflies4events.com\/wp-content\/uploads\/2025\/07\/1.png","type":"image\/png"}],"twitter_card":"summary_large_image","twitter_misc":{"Dur\u00e9e de lecture estim\u00e9e":"1 minute"},"schema":{"@context":"https:\/\/schema.org","@graph":[{"@type":"WebPage","@id":"https:\/\/butterflies4events.com\/fr\/shop\/butterfly-dream-bomboniera\/","url":"https:\/\/butterflies4events.com\/fr\/shop\/butterfly-dream-bomboniera\/","name":"Butterfly Dream Bomboniera &#8226; Papillons pour les \u00e9v\u00e9nements.","isPartOf":{"@id":"https:\/\/butterflies4events.com\/fr\/#website"},"primaryImageOfPage":{"@id":"https:\/\/butterflies4events.com\/fr\/shop\/butterfly-dream-bomboniera\/#primaryimage"},"image":{"@id":"https:\/\/butterflies4events.com\/fr\/shop\/butterfly-dream-bomboniera\/#primaryimage"},"thumbnailUrl":"https:\/\/butterflies4events.com\/wp-content\/uploads\/2025\/07\/1.png?wsr","datePublished":"2024-12-03T11:35:37+00:00","dateModified":"2026-01-19T17:00:22+00:00","breadcrumb":{"@id":"https:\/\/butterflies4events.com\/fr\/shop\/butterfly-dream-bomboniera\/#breadcrumb"},"inLanguage":"fr-FR","potentialAction":[{"@type":"ReadAction","target":["https:\/\/butterflies4events.com\/fr\/shop\/butterfly-dream-bomboniera\/"]}]},{"@type":"ImageObject","inLanguage":"fr-FR","@id":"https:\/\/butterflies4events.com\/fr\/shop\/butterfly-dream-bomboniera\/#primaryimage","url":"https:\/\/butterflies4events.com\/wp-content\/uploads\/2025\/07\/1.png?wsr","contentUrl":"https:\/\/butterflies4events.com\/wp-content\/uploads\/2025\/07\/1.png?wsr","width":938,"height":938},{"@type":"BreadcrumbList","@id":"https:\/\/butterflies4events.com\/fr\/shop\/butterfly-dream-bomboniera\/#breadcrumb","itemListElement":[{"@type":"ListItem","position":1,"name":"Accueil","item":"https:\/\/butterflies4events.com\/fr\/"},{"@type":"ListItem","position":2,"name":"Boutique","item":"https:\/\/butterflies4events.com\/shop\/"},{"@type":"ListItem","position":3,"name":"Butterfly Dream Bomboniera"}]},{"@type":"WebSite","@id":"https:\/\/butterflies4events.com\/fr\/#website","url":"https:\/\/butterflies4events.com\/fr\/","name":"Farfalle x Eventi","description":"Moments inoubliables","publisher":{"@id":"https:\/\/butterflies4events.com\/fr\/#organization"},"alternateName":"FxE","potentialAction":[{"@type":"SearchAction","target":{"@type":"EntryPoint","urlTemplate":"https:\/\/butterflies4events.com\/fr\/?s={search_term_string}"},"query-input":{"@type":"PropertyValueSpecification","valueRequired":true,"valueName":"search_term_string"}}],"inLanguage":"fr-FR"},{"@type":"Organization","@id":"https:\/\/butterflies4events.com\/fr\/#organization","name":"Farfalle x Eventi","alternateName":"FxE","url":"https:\/\/butterflies4events.com\/fr\/","logo":{"@type":"ImageObject","inLanguage":"fr-FR","@id":"https:\/\/butterflies4events.com\/fr\/#\/schema\/logo\/image\/","url":"","contentUrl":"","caption":"Farfalle x Eventi"},"image":{"@id":"https:\/\/butterflies4events.com\/fr\/#\/schema\/logo\/image\/"},"sameAs":["https:\/\/www.facebook.com\/farfallepereventi\/","https:\/\/www.instagram.com\/farfallexeventi\/"]}]}},"_links":{"self":[{"href":"https:\/\/butterflies4events.com\/fr\/wp-json\/wp\/v2\/product\/12569","targetHints":{"allow":["GET"]}}],"collection":[{"href":"https:\/\/butterflies4events.com\/fr\/wp-json\/wp\/v2\/product"}],"about":[{"href":"https:\/\/butterflies4events.com\/fr\/wp-json\/wp\/v2\/types\/product"}],"replies":[{"embeddable":true,"href":"https:\/\/butterflies4events.com\/fr\/wp-json\/wp\/v2\/comments?post=12569"}],"version-history":[{"count":1,"href":"https:\/\/butterflies4events.com\/fr\/wp-json\/wp\/v2\/product\/12569\/revisions"}],"predecessor-version":[{"id":12594,"href":"https:\/\/butterflies4events.com\/fr\/wp-json\/wp\/v2\/product\/12569\/revisions\/12594"}],"wp:featuredmedia":[{"embeddable":true,"href":"https:\/\/butterflies4events.com\/fr\/wp-json\/wp\/v2\/media\/12570"}],"wp:attachment":[{"href":"https:\/\/butterflies4events.com\/fr\/wp-json\/wp\/v2\/media?parent=12569"}],"wp:term":[{"taxonomy":"product_brand","embeddable":true,"href":"https:\/\/butterflies4events.com\/fr\/wp-json\/wp\/v2\/product_brand?post=12569"},{"taxonomy":"product_cat","embeddable":true,"href":"https:\/\/butterflies4events.com\/fr\/wp-json\/wp\/v2\/product_cat?post=12569"},{"taxonomy":"product_tag","embeddable":true,"href":"https:\/\/butterflies4events.com\/fr\/wp-json\/wp\/v2\/product_tag?post=12569"}],"curies":[{"name":"wp","href":"https:\/\/api.w.org\/{rel}","templated":true}]}}