{"id":13009,"date":"2024-05-16T15:25:30","date_gmt":"2024-05-16T15:25:30","guid":{"rendered":"https:\/\/butterflies4events.com\/politique-en-matiere-de-cookies\/"},"modified":"2026-01-19T17:00:20","modified_gmt":"2026-01-19T17:00:20","slug":"politique-en-matiere-de-cookies","status":"publish","type":"page","link":"https:\/\/butterflies4events.com\/fr\/politique-en-matiere-de-cookies\/","title":{"rendered":"Politique en mati\u00e8re de cookies"},"content":{"rendered":"\t\t<div data-elementor-type=\"wp-page\" data-elementor-id=\"13009\" class=\"elementor elementor-13009 elementor-2444\" data-elementor-post-type=\"page\">\n\t\t\t\t<div class=\"elementor-element elementor-element-1c4f99d e-flex e-con-boxed e-con e-parent\" data-id=\"1c4f99d\" data-element_type=\"container\" data-e-type=\"container\">\n\t\t\t\t\t<div class=\"e-con-inner\">\n\t\t\t\t<div class=\"elementor-element elementor-element-6224cb1f elementor-widget elementor-widget-text-editor\" data-id=\"6224cb1f\" data-element_type=\"widget\" data-e-type=\"widget\" data-widget_type=\"text-editor.default\">\n\t\t\t\t<div class=\"elementor-widget-container\">\n\t\t\t\t\t\t\t\t\t<h1>Politique en mati\u00e8re de cookies<\/h1>\t\t\t\t\t\t\t\t<\/div>\n\t\t\t\t<\/div>\n\t\t\t\t<div class=\"elementor-element elementor-element-16c17c4 elementor-widget elementor-widget-text-editor\" data-id=\"16c17c4\" data-element_type=\"widget\" data-e-type=\"widget\" data-widget_type=\"text-editor.default\">\n\t\t\t\t<div class=\"elementor-widget-container\">\n\t\t\t\t\t\t\t\t\t<p><em>Veuillez noter que ce document est une traduction \u00e0 des fins d&rsquo;information uniquement. La version officielle et juridiquement contraignante est la version italienne. <\/em><\/p><h3 data-start=\"168\" data-end=\"189\"> <\/h3><h3 data-start=\"168\" data-end=\"189\">Qu&rsquo;est-ce qu&rsquo;un biscuit ?<\/h3><p data-start=\"191\" data-end=\"391\">Le responsable du traitement des donn\u00e9es personnelles collect\u00e9es par le biais de ce site Web est SmartBugs s.s. (\u00ab\u00a0SB\u00a0\u00bb), dont le si\u00e8ge social est situ\u00e9 Via Cave, 66 &#8211; 31020 Villorba (TV), Italie. Contact : <a class=\"cursor-pointer\" rel=\"noopener\" data-start=\"364\" data-end=\"388\">info.smartbugs@gmail.com.<\/a> <\/p><p data-start=\"393\" data-end=\"732\">Ce site Internet utilise des cookies et des technologies similaires pour am\u00e9liorer l&rsquo;exp\u00e9rience de navigation de l&rsquo;utilisateur, en rendant ses services simples et efficaces. Lorsque les utilisateurs acc\u00e8dent au site web, de petits fichiers texte appel\u00e9s \u00ab\u00a0cookies\u00a0\u00bb sont stock\u00e9s sur leurs appareils (g\u00e9n\u00e9ralement dans le navigateur web). Il existe diff\u00e9rents types de cookies utilis\u00e9s sur ce site web, comme expliqu\u00e9 ci-dessous.  <\/p><h5> <\/h5><h5>Cookies du propri\u00e9taire du site<\/h5><p data-start=\"775\" data-end=\"960\">Le site Web utilise principalement des cookies pour permettre la navigation et l&rsquo;utilisation de ses services. Ces cookies sont dits \u00ab\u00a0techniques\u00a0\u00bb et ne n\u00e9cessitent pas le consentement de l&rsquo;utilisateur. Il s&rsquo;agit notamment de :  <\/p><ul data-start=\"962\" data-end=\"1563\"><li data-start=\"962\" data-end=\"1212\"><p data-start=\"964\" data-end=\"1212\">Les <strong data-start=\"964\" data-end=\"998\">cookies de navigation ou de session : ils<\/strong> assurent la navigation normale et la fonctionnalit\u00e9 du site web. Les cookies de session sont temporaires et supprim\u00e9s lorsque le navigateur est ferm\u00e9. Ils transmettent les identifiants de session de mani\u00e8re anonyme et ne stockent pas d&rsquo;informations personnelles.  <\/p><\/li><li data-start=\"1214\" data-end=\"1404\"><p data-start=\"1216\" data-end=\"1404\"><strong data-start=\"1216\" data-end=\"1242\">Cookies de fonctionnalit\u00e9 : il s&rsquo;agit<\/strong> g\u00e9n\u00e9ralement <strong data-start=\"1216\" data-end=\"1242\">de<\/strong> cookies persistants qui m\u00e9morisent les pr\u00e9f\u00e9rences et les actions de l&rsquo;utilisateur (par exemple, les param\u00e8tres linguistiques ou le contenu du panier d&rsquo;achat) pendant la session ou lors de visites ult\u00e9rieures.<\/p><\/li><li data-start=\"1406\" data-end=\"1563\"><p data-start=\"1408\" data-end=\"1563\"><strong data-start=\"1408\" data-end=\"1431\">Cookies analytiques :<\/strong> utilis\u00e9s uniquement par le propri\u00e9taire du site Web pour collecter des donn\u00e9es agr\u00e9g\u00e9es et anonymes sur le nombre d&rsquo;utilisateurs et leur utilisation du site Web.<\/p><\/li><\/ul><h5> <\/h5><h5>Cookies de tiers<\/h5><p style=\"padding-left: 40px;\"><strong><em>Cookies analytiques provenant de services tiers<\/em><\/strong><\/p><p data-start=\"1645\" data-end=\"1911\">Ces cookies collectent des informations anonymes sur la mani\u00e8re dont les utilisateurs interagissent avec le site web (pages visit\u00e9es, dur\u00e9e, sources de trafic, origine g\u00e9ographique, \u00e2ge, sexe et centres d&rsquo;int\u00e9r\u00eat \u00e0 des fins de marketing). Ces cookies sont install\u00e9s par des domaines tiers en dehors de ce site web. <\/p><p data-start=\"1913\" data-end=\"2378\">Pour mieux comprendre ses utilisateurs, SB utilise Google Analytics, un service de Google Inc. qui analyse le trafic sur le site Web. Google Analytics collecte, regroupe et analyse des donn\u00e9es anonymes pour g\u00e9n\u00e9rer des rapports et des statistiques sur l&rsquo;utilisation du site Web. Pour plus de d\u00e9tails sur la fa\u00e7on dont Google prot\u00e8ge les donn\u00e9es des utilisateurs et g\u00e8re les analyses, consultez <a class=\"\" href=\"http:\/\/www.google.com\/analytics\/terms\/it.html\" target=\"_new\" rel=\"noopener\" data-start=\"2228\" data-end=\"2273\">: http:\/\/www.google.com\/analytics\/terms\/it.html.<\/a> Pour d\u00e9sactiver les cookies d&rsquo;analyse, suivez les instructions ici <a class=\"cursor-pointer\" target=\"_new\" rel=\"noopener\" data-start=\"2331\" data-end=\"2377\">: https:\/\/tools.google.com\/dlpage\/gaoptout?hl=en.<\/a>   <\/p><p data-start=\"2380\" data-end=\"2631\">Conform\u00e9ment \u00e0 l&rsquo;autorit\u00e9 italienne de protection des donn\u00e9es, SB a configur\u00e9 Google Analytics pour (a) emp\u00eacher le partage des donn\u00e9es avec d&rsquo;autres services Google, et (b) activer l&rsquo;anonymisation IP, qui supprime une partie de l&rsquo;adresse IP de l&rsquo;utilisateur avant le stockage et l&rsquo;utilisation.  <\/p><p style=\"padding-left: 40px;\"><em><strong>Cookies de profilage de tiers<\/strong><\/em><\/p><p data-start=\"2669\" data-end=\"3013\">Ces cookies sont install\u00e9s par des tiers via le site web pour cr\u00e9er des profils d&rsquo;utilisateurs et diffuser des publicit\u00e9s cibl\u00e9es bas\u00e9es sur les int\u00e9r\u00eats de l&rsquo;utilisateur (services de reciblage). Les fournisseurs de services de reciblage enregistrent des cookies sur l&rsquo;appareil de l&rsquo;utilisateur afin d&rsquo;afficher des publicit\u00e9s correspondant \u00e0 ses pr\u00e9f\u00e9rences de navigation sur d&rsquo;autres sites web. Ce site web n&rsquo;utilise pas de cookies de profilage propri\u00e9taires.  <\/p><p data-start=\"3015\" data-end=\"3245\">Plus pr\u00e9cis\u00e9ment, ce site Web utilise Google Ads et Facebook Ads, qui d\u00e9finissent des cookies pour am\u00e9liorer la publicit\u00e9 par le biais du reciblage, en diffusant des publicit\u00e9s aux utilisateurs en fonction de leurs visites sur le site Web et de leurs recherches li\u00e9es aux produits ou services de SB.<\/p><p data-start=\"3247\" data-end=\"3312\">Pour refuser ces cookies, veuillez suivre les instructions ici :<\/p><ul data-start=\"3314\" data-end=\"3452\"><li data-start=\"3314\" data-end=\"3381\"><p data-start=\"3316\" data-end=\"3381\">Annonces Google <a class=\"\" href=\"https:\/\/support.google.com\/ads\/answer\/2662922?hl=en\" target=\"_new\" rel=\"noopener\" data-start=\"3328\" data-end=\"3379\">: https:\/\/support.google.com\/ads\/answer\/2662922?hl=en<\/a><\/p><\/li><li data-start=\"3382\" data-end=\"3452\"><p data-start=\"3384\" data-end=\"3452\">Publicit\u00e9 sur Facebook <a class=\"\" href=\"https:\/\/www.facebook.com\/ads\/website_custom_audiences\/\" target=\"_new\" rel=\"noopener\" data-start=\"3398\" data-end=\"3452\">: https:\/\/www.facebook.com\/ads\/website_custom_audiences\/<\/a><\/p><\/li><\/ul><h3> <\/h3><h3>Gestion des cookies et des options du navigateur<\/h3><p data-start=\"3501\" data-end=\"3718\">Les utilisateurs peuvent refuser les cookies en configurant les param\u00e8tres de leur navigateur. Le fait de continuer \u00e0 utiliser le site web sans modifier les param\u00e8tres du navigateur implique le consentement \u00e0 tous les cookies utilis\u00e9s par le site web et l&rsquo;acc\u00e8s \u00e0 toutes ses fonctionnalit\u00e9s. <\/p><p data-start=\"3720\" data-end=\"3793\">Vous trouverez ci-dessous des liens contenant des instructions pour g\u00e9rer les cookies sur les principaux navigateurs :<\/p><ul data-start=\"3795\" data-end=\"3881\"><li data-start=\"3795\" data-end=\"3826\"><p data-start=\"3797\" data-end=\"3826\"><a href=\"http:\/\/windows.microsoft.com\/en-us\/windows-vista\/block-or-allow-cookies\">Microsoft Internet Explorer<\/a><\/p><\/li><li data-start=\"3827\" data-end=\"3844\"><p data-start=\"3829\" data-end=\"3844\"><a href=\"https:\/\/support.google.com\/chrome\/answer\/95647?hl=en&amp;p=cpn_cookies\">Google Chrome<\/a><\/p><\/li><li data-start=\"3845\" data-end=\"3864\"><p data-start=\"3847\" data-end=\"3864\"><a href=\"https:\/\/support.mozilla.org\/en-US\/kb\/enable-and-disable-cookies-website-preferences\">Mozilla Firefox<\/a><\/p><\/li><li data-start=\"3865\" data-end=\"3881\"><p data-start=\"3867\" data-end=\"3881\"><a href=\"http:\/\/www.apple.com\/legal\/privacy\/it\/cookies\/\">Apple Safari<\/a><\/p><\/li><\/ul><p data-start=\"3883\" data-end=\"3972\">Pour plus d&rsquo;informations sur la gestion des cookies, veuillez consulter <a class=\"\" href=\"http:\/\/www.youronlinechoices.eu\" target=\"_new\" rel=\"noopener\" data-start=\"3940\" data-end=\"3971\">: http:\/\/www.youronlinechoices.eu<\/a>.<\/p>\t\t\t\t\t\t\t\t<\/div>\n\t\t\t\t<\/div>\n\t\t<div class=\"elementor-element elementor-element-084ea98 e-con-full e-flex e-con e-child\" data-id=\"084ea98\" data-element_type=\"container\" data-e-type=\"container\" data-settings=\"{&quot;background_background&quot;:&quot;classic&quot;}\">\n\t\t\t\t<div class=\"elementor-element elementor-element-7ae2cd9 elementor-widget elementor-widget-html\" data-id=\"7ae2cd9\" data-element_type=\"widget\" data-e-type=\"widget\" data-widget_type=\"html.default\">\n\t\t\t\t<div class=\"elementor-widget-container\">\n\t\t\t\t\t<script id=\"CookieDeclaration\" src=\"https:\/\/consent.cookiebot.com\/6438627e-f0e4-46f1-b501-8a4c1cc7be72\/cd.js\" type=\"text\/javascript\" async><\/script>\t\t\t\t<\/div>\n\t\t\t\t<\/div>\n\t\t\t\t<\/div>\n\t\t\t\t\t<\/div>\n\t\t\t\t<\/div>\n\t\t\t\t<\/div>\n\t\t","protected":false},"excerpt":{"rendered":"<p>Politique en mati\u00e8re de cookies Veuillez noter que ce document est une traduction \u00e0 des fins d&rsquo;information uniquement. La version officielle et juridiquement contraignante est la version italienne. Qu&rsquo;est-ce qu&rsquo;un biscuit ? Le responsable du traitement des donn\u00e9es personnelles collect\u00e9es par le biais de ce site Web est SmartBugs s.s. (\u00ab\u00a0SB\u00a0\u00bb), dont le si\u00e8ge social [&hellip;]<\/p>\n","protected":false},"author":1,"featured_media":0,"parent":0,"menu_order":0,"comment_status":"closed","ping_status":"closed","template":"","meta":{"_acf_changed":false,"footnotes":""},"folder":[282],"class_list":["post-13009","page","type-page","status-publish","hentry"],"acf":[],"yoast_head":"<!-- This site is optimized with the Yoast SEO plugin v27.5 - https:\/\/yoast.com\/product\/yoast-seo-wordpress\/ -->\n<title>Politique en mati\u00e8re de cookies &#8226; %.<\/title>\n<meta name=\"robots\" content=\"index, follow, max-snippet:-1, max-image-preview:large, max-video-preview:-1\" \/>\n<link rel=\"canonical\" href=\"https:\/\/butterflies4events.com\/fr\/politique-en-matiere-de-cookies\/\" \/>\n<meta property=\"og:locale\" content=\"fr_FR\" \/>\n<meta property=\"og:type\" content=\"article\" \/>\n<meta property=\"og:title\" content=\"Politique en mati\u00e8re de cookies &#8226; %.\" \/>\n<meta property=\"og:description\" content=\"Politique en mati\u00e8re de cookies Veuillez noter que ce document est une traduction \u00e0 des fins d&rsquo;information uniquement. La version officielle et juridiquement contraignante est la version italienne. Qu&rsquo;est-ce qu&rsquo;un biscuit ? Le responsable du traitement des donn\u00e9es personnelles collect\u00e9es par le biais de ce site Web est SmartBugs s.s. (\u00ab\u00a0SB\u00a0\u00bb), dont le si\u00e8ge social [&hellip;]\" \/>\n<meta property=\"og:url\" content=\"https:\/\/butterflies4events.com\/fr\/politique-en-matiere-de-cookies\/\" \/>\n<meta property=\"og:site_name\" content=\"Papillons pour les \u00e9v\u00e9nements\" \/>\n<meta property=\"article:publisher\" content=\"https:\/\/www.facebook.com\/farfallepereventi\/\" \/>\n<meta property=\"article:modified_time\" content=\"2026-01-19T17:00:20+00:00\" \/>\n<meta property=\"og:image\" content=\"https:\/\/butterflies4events.com\/wp-content\/uploads\/2023\/12\/GiadaAdMaiora-shooting@Gallizio-297-1.jpg?wsr\" \/>\n\t<meta property=\"og:image:width\" content=\"2249\" \/>\n\t<meta property=\"og:image:height\" content=\"1500\" \/>\n\t<meta property=\"og:image:type\" content=\"image\/jpeg\" \/>\n<meta name=\"twitter:card\" content=\"summary_large_image\" \/>\n<meta name=\"twitter:label1\" content=\"Dur\u00e9e de lecture estim\u00e9e\" \/>\n\t<meta name=\"twitter:data1\" content=\"4 minutes\" \/>\n<script type=\"application\/ld+json\" class=\"yoast-schema-graph\">{\"@context\":\"https:\\\/\\\/schema.org\",\"@graph\":[{\"@type\":\"WebPage\",\"@id\":\"https:\\\/\\\/butterflies4events.com\\\/fr\\\/politique-en-matiere-de-cookies\\\/\",\"url\":\"https:\\\/\\\/butterflies4events.com\\\/fr\\\/politique-en-matiere-de-cookies\\\/\",\"name\":\"Politique en mati\u00e8re de cookies &#8226; %.\",\"isPartOf\":{\"@id\":\"https:\\\/\\\/butterflies4events.com\\\/fr\\\/#website\"},\"datePublished\":\"2024-05-16T15:25:30+00:00\",\"dateModified\":\"2026-01-19T17:00:20+00:00\",\"breadcrumb\":{\"@id\":\"https:\\\/\\\/butterflies4events.com\\\/fr\\\/politique-en-matiere-de-cookies\\\/#breadcrumb\"},\"inLanguage\":\"fr-FR\",\"potentialAction\":[{\"@type\":\"ReadAction\",\"target\":[\"https:\\\/\\\/butterflies4events.com\\\/fr\\\/politique-en-matiere-de-cookies\\\/\"]}]},{\"@type\":\"BreadcrumbList\",\"@id\":\"https:\\\/\\\/butterflies4events.com\\\/fr\\\/politique-en-matiere-de-cookies\\\/#breadcrumb\",\"itemListElement\":[{\"@type\":\"ListItem\",\"position\":1,\"name\":\"Accueil\",\"item\":\"https:\\\/\\\/butterflies4events.com\\\/fr\\\/\"},{\"@type\":\"ListItem\",\"position\":2,\"name\":\"Politique en mati\u00e8re de cookies\"}]},{\"@type\":\"WebSite\",\"@id\":\"https:\\\/\\\/butterflies4events.com\\\/fr\\\/#website\",\"url\":\"https:\\\/\\\/butterflies4events.com\\\/fr\\\/\",\"name\":\"Farfalle x Eventi\",\"description\":\"Moments inoubliables\",\"publisher\":{\"@id\":\"https:\\\/\\\/butterflies4events.com\\\/fr\\\/#organization\"},\"alternateName\":\"FxE\",\"potentialAction\":[{\"@type\":\"SearchAction\",\"target\":{\"@type\":\"EntryPoint\",\"urlTemplate\":\"https:\\\/\\\/butterflies4events.com\\\/fr\\\/?s={search_term_string}\"},\"query-input\":{\"@type\":\"PropertyValueSpecification\",\"valueRequired\":true,\"valueName\":\"search_term_string\"}}],\"inLanguage\":\"fr-FR\"},{\"@type\":\"Organization\",\"@id\":\"https:\\\/\\\/butterflies4events.com\\\/fr\\\/#organization\",\"name\":\"Farfalle x Eventi\",\"alternateName\":\"FxE\",\"url\":\"https:\\\/\\\/butterflies4events.com\\\/fr\\\/\",\"logo\":{\"@type\":\"ImageObject\",\"inLanguage\":\"fr-FR\",\"@id\":\"https:\\\/\\\/butterflies4events.com\\\/fr\\\/#\\\/schema\\\/logo\\\/image\\\/\",\"url\":\"\",\"contentUrl\":\"\",\"caption\":\"Farfalle x Eventi\"},\"image\":{\"@id\":\"https:\\\/\\\/butterflies4events.com\\\/fr\\\/#\\\/schema\\\/logo\\\/image\\\/\"},\"sameAs\":[\"https:\\\/\\\/www.facebook.com\\\/farfallepereventi\\\/\",\"https:\\\/\\\/www.instagram.com\\\/farfallexeventi\\\/\"]}]}<\/script>\n<!-- \/ Yoast SEO plugin. -->","yoast_head_json":{"title":"Politique en mati\u00e8re de cookies &#8226; %.","robots":{"index":"index","follow":"follow","max-snippet":"max-snippet:-1","max-image-preview":"max-image-preview:large","max-video-preview":"max-video-preview:-1"},"canonical":"https:\/\/butterflies4events.com\/fr\/politique-en-matiere-de-cookies\/","og_locale":"fr_FR","og_type":"article","og_title":"Politique en mati\u00e8re de cookies &#8226; %.","og_description":"Politique en mati\u00e8re de cookies Veuillez noter que ce document est une traduction \u00e0 des fins d&rsquo;information uniquement. La version officielle et juridiquement contraignante est la version italienne. Qu&rsquo;est-ce qu&rsquo;un biscuit ? Le responsable du traitement des donn\u00e9es personnelles collect\u00e9es par le biais de ce site Web est SmartBugs s.s. (\u00ab\u00a0SB\u00a0\u00bb), dont le si\u00e8ge social [&hellip;]","og_url":"https:\/\/butterflies4events.com\/fr\/politique-en-matiere-de-cookies\/","og_site_name":"Papillons pour les \u00e9v\u00e9nements","article_publisher":"https:\/\/www.facebook.com\/farfallepereventi\/","article_modified_time":"2026-01-19T17:00:20+00:00","og_image":[{"width":2249,"height":1500,"url":"https:\/\/butterflies4events.com\/wp-content\/uploads\/2023\/12\/GiadaAdMaiora-shooting@Gallizio-297-1.jpg?wsr","type":"image\/jpeg"}],"twitter_card":"summary_large_image","twitter_misc":{"Dur\u00e9e de lecture estim\u00e9e":"4 minutes"},"schema":{"@context":"https:\/\/schema.org","@graph":[{"@type":"WebPage","@id":"https:\/\/butterflies4events.com\/fr\/politique-en-matiere-de-cookies\/","url":"https:\/\/butterflies4events.com\/fr\/politique-en-matiere-de-cookies\/","name":"Politique en mati\u00e8re de cookies &#8226; %.","isPartOf":{"@id":"https:\/\/butterflies4events.com\/fr\/#website"},"datePublished":"2024-05-16T15:25:30+00:00","dateModified":"2026-01-19T17:00:20+00:00","breadcrumb":{"@id":"https:\/\/butterflies4events.com\/fr\/politique-en-matiere-de-cookies\/#breadcrumb"},"inLanguage":"fr-FR","potentialAction":[{"@type":"ReadAction","target":["https:\/\/butterflies4events.com\/fr\/politique-en-matiere-de-cookies\/"]}]},{"@type":"BreadcrumbList","@id":"https:\/\/butterflies4events.com\/fr\/politique-en-matiere-de-cookies\/#breadcrumb","itemListElement":[{"@type":"ListItem","position":1,"name":"Accueil","item":"https:\/\/butterflies4events.com\/fr\/"},{"@type":"ListItem","position":2,"name":"Politique en mati\u00e8re de cookies"}]},{"@type":"WebSite","@id":"https:\/\/butterflies4events.com\/fr\/#website","url":"https:\/\/butterflies4events.com\/fr\/","name":"Farfalle x Eventi","description":"Moments inoubliables","publisher":{"@id":"https:\/\/butterflies4events.com\/fr\/#organization"},"alternateName":"FxE","potentialAction":[{"@type":"SearchAction","target":{"@type":"EntryPoint","urlTemplate":"https:\/\/butterflies4events.com\/fr\/?s={search_term_string}"},"query-input":{"@type":"PropertyValueSpecification","valueRequired":true,"valueName":"search_term_string"}}],"inLanguage":"fr-FR"},{"@type":"Organization","@id":"https:\/\/butterflies4events.com\/fr\/#organization","name":"Farfalle x Eventi","alternateName":"FxE","url":"https:\/\/butterflies4events.com\/fr\/","logo":{"@type":"ImageObject","inLanguage":"fr-FR","@id":"https:\/\/butterflies4events.com\/fr\/#\/schema\/logo\/image\/","url":"","contentUrl":"","caption":"Farfalle x Eventi"},"image":{"@id":"https:\/\/butterflies4events.com\/fr\/#\/schema\/logo\/image\/"},"sameAs":["https:\/\/www.facebook.com\/farfallepereventi\/","https:\/\/www.instagram.com\/farfallexeventi\/"]}]}},"_links":{"self":[{"href":"https:\/\/butterflies4events.com\/fr\/wp-json\/wp\/v2\/pages\/13009","targetHints":{"allow":["GET"]}}],"collection":[{"href":"https:\/\/butterflies4events.com\/fr\/wp-json\/wp\/v2\/pages"}],"about":[{"href":"https:\/\/butterflies4events.com\/fr\/wp-json\/wp\/v2\/types\/page"}],"author":[{"embeddable":true,"href":"https:\/\/butterflies4events.com\/fr\/wp-json\/wp\/v2\/users\/1"}],"replies":[{"embeddable":true,"href":"https:\/\/butterflies4events.com\/fr\/wp-json\/wp\/v2\/comments?post=13009"}],"version-history":[{"count":1,"href":"https:\/\/butterflies4events.com\/fr\/wp-json\/wp\/v2\/pages\/13009\/revisions"}],"predecessor-version":[{"id":13010,"href":"https:\/\/butterflies4events.com\/fr\/wp-json\/wp\/v2\/pages\/13009\/revisions\/13010"}],"wp:attachment":[{"href":"https:\/\/butterflies4events.com\/fr\/wp-json\/wp\/v2\/media?parent=13009"}],"wp:term":[{"taxonomy":"folder","embeddable":true,"href":"https:\/\/butterflies4events.com\/fr\/wp-json\/wp\/v2\/folder?post=13009"}],"curies":[{"name":"wp","href":"https:\/\/api.w.org\/{rel}","templated":true}]}}