{"id":13000,"date":"2024-02-06T14:01:17","date_gmt":"2024-02-06T14:01:17","guid":{"rendered":"https:\/\/butterflies4events.com\/inscription-des-entreprises\/"},"modified":"2026-01-19T17:00:18","modified_gmt":"2026-01-19T17:00:18","slug":"inscription-des-entreprises","status":"publish","type":"page","link":"https:\/\/butterflies4events.com\/fr\/inscription-des-entreprises\/","title":{"rendered":"Inscription des entreprises"},"content":{"rendered":"\t\t<div data-elementor-type=\"wp-page\" data-elementor-id=\"13000\" class=\"elementor elementor-13000 elementor-1415\" data-elementor-post-type=\"page\">\n\t\t\t\t<div class=\"elementor-element elementor-element-a116879 e-flex e-con-boxed e-con e-parent\" data-id=\"a116879\" data-element_type=\"container\" data-e-type=\"container\">\n\t\t\t\t\t<div class=\"e-con-inner\">\n\t\t\t\t<div class=\"elementor-element elementor-element-7fa6e9c elementor-widget elementor-widget-text-editor\" data-id=\"7fa6e9c\" data-element_type=\"widget\" data-e-type=\"widget\" data-widget_type=\"text-editor.default\">\n\t\t\t\t<div class=\"elementor-widget-container\">\n\t\t\t\t\t\t\t\t\t<p style=\"text-align: center;\">Des prix sp\u00e9ciaux sont disponibles pour les professionnels de l&rsquo;\u00e9v\u00e9nementiel.<\/p>\t\t\t\t\t\t\t\t<\/div>\n\t\t\t\t<\/div>\n\t\t\t\t<div class=\"elementor-element elementor-element-8036bcc elementor-widget elementor-widget-shortcode\" data-id=\"8036bcc\" data-element_type=\"widget\" data-e-type=\"widget\" data-widget_type=\"shortcode.default\">\n\t\t\t\t<div class=\"elementor-widget-container\">\n\t\t\t\t\t\t\t<div class=\"elementor-shortcode\">\t\t\t<h2>\n\t\t\tS\u2019inscrire<\/h2>\n\t\t\t<div class=\"woocommerce\">\n\t\t\t\t<form method=\"post\" class=\"woocommerce-form woocommerce-form-register register\" enctype=\"multipart\/form-data\" >\n\n\t\t\t\t\t\n\t\t\t\t\t\n\t\t\t\t\t<p class=\"woocommerce-form-row woocommerce-form-row--wide form-row form-row-wide\">\n\t\t\t\t\t\t<label for=\"reg_email\">Adresse e-mail&nbsp;<span class=\"required\">*<\/span><\/label>\n\t\t\t\t\t\t<input type=\"email\" class=\"woocommerce-Input woocommerce-Input--text input-text\" name=\"email\" id=\"reg_email\" autocomplete=\"email\" value=\"\" \/>\n\t\t\t\t\t<\/p>\n\n\t\t\t\t\t\n\t\t\t\t\t\t<p>A password will be sent to your email address.<\/p>\n\n\t\t\t\t\t\n\t\t\t\t\t<p class=\"form-row privacy\">  <label class=\"woocommerce-form__label woocommerce-form__label-for-checkbox checkbox\">    <input class=\"woocommerce-form__input woocommerce-form__input-checkbox\" type=\"checkbox\" name=\"privacy_policy\" id=\"privacy_policy\" value=\"1\" \/>    <span>J'ai lu et j'accepte la <a href=\"https:\/\/butterflies4events.com\/privacy-policy\/\" target=\"_blank\" rel=\"noopener\">politique de confidentialit\u00e9<\/a> <span class=\"required\">*<\/span><\/span>  <\/label><\/p>\t\t\t<p class=\"woocommerce-form-row woocommerce-form-row--wide form-row form-row-wide b2bwhs_registration_options_dropdown_section \n\t\t\t\t\t\t\">\n\t\t\t\t<label for=\"b2bwhs_registration_options_dropdown\">\n\t\t\t\t\tUser Type&nbsp;<span class=\"required\">*<\/span>\n\t\t\t\t<\/label>\n\t\t\t\t<select id=\"b2bwhs_registration_options_dropdown\" name=\"b2bwhs_registration_options_dropdown\" required>\n\t\t\t\t\t<option value=\"role_1220\" >Professionnel de l&rsquo;\u00e9v\u00e9nementiel<\/option>\t\t\t\t<\/select>\n\t\t\t<\/p>\n\t\t\t<div class=\" b2bwhs_custom_registration_container b2bwhs_custom_registration_role_6817 b2bwhs_custom_registration_role_1220 \"><p class=\"woocommerce-form-row woocommerce-form-row--wide form-row form-row-wide \"><label>&nbsp;<span class=\"required\">*<\/span><\/label><input type=\"text\" class=\"b2bwhs_custom_registration_field b2bwhs_custom_field_req_required\" name=\"b2bwhs_custom_field_1223\" id=\"b2bwhs_custom_field_1223\" value=\"\" placeholder=\"\" required><\/div><div class=\" b2bwhs_custom_registration_container b2bwhs_custom_registration_multiplerole\"><p class=\"woocommerce-form-row woocommerce-form-row--wide form-row form-row-wide \"><label>&nbsp;<span class=\"required\">*<\/span><\/label><input type=\"text\" class=\"b2bwhs_custom_registration_field b2bwhs_custom_field_req_required\" name=\"b2bwhs_custom_field_10617\" id=\"b2bwhs_custom_field_10617\" value=\"\" placeholder=\"\" required><\/div><div class=\" b2bwhs_custom_registration_container b2bwhs_custom_registration_Multiplerolen\"><p class=\"woocommerce-form-row woocommerce-form-row--wide form-row form-row-wide \"><label>&nbsp;<span class=\"required\">*<\/span><\/label><\/div><div class=\" b2bwhs_custom_registration_container b2bwhs_custom_registration_role_6817 b2bwhs_custom_registration_role_1220 \"><p class=\"woocommerce-form-row woocommerce-form-row--wide form-row form-row-wide \"><label>&nbsp;<span class=\"required\">*<\/span><\/label><input type=\"text\" class=\"b2bwhs_custom_registration_field b2bwhs_custom_field_req_required\" name=\"b2bwhs_custom_field_1381\" id=\"b2bwhs_custom_field_1381\" value=\"\" placeholder=\"\" required><\/div><div class=\" b2bwhs_custom_registration_container b2bwhs_custom_registration_multiplerole\"><p class=\"woocommerce-form-row woocommerce-form-row--wide form-row form-row-wide \"><label>&nbsp;<span class=\"required\">*<\/span><\/label><input type=\"text\" class=\"b2bwhs_custom_registration_field b2bwhs_custom_field_req_required\" name=\"b2bwhs_custom_field_10624\" id=\"b2bwhs_custom_field_10624\" value=\"\" placeholder=\"\" required><\/div><div class=\" b2bwhs_custom_registration_container b2bwhs_custom_registration_Multiplerolen\"><p class=\"woocommerce-form-row woocommerce-form-row--wide form-row form-row-wide \"><label>&nbsp;<span class=\"required\">*<\/span><\/label><\/div><div class=\" b2bwhs_custom_registration_container b2bwhs_custom_registration_role_6817 b2bwhs_custom_registration_role_1220 \"><p class=\"woocommerce-form-row woocommerce-form-row--wide form-row form-row-wide \"><label>&nbsp;<span class=\"required\">*<\/span><\/label><input type=\"tel\" class=\"b2bwhs_custom_registration_field b2bwhs_custom_field_req_required\" id=\"b2bwhs_custom_field_1228\"  name=\"b2bwhs_custom_field_1228\" value=\"\" placeholder=\"\" required><\/div><div class=\" b2bwhs_custom_registration_container b2bwhs_custom_registration_multiplerole\"><p class=\"woocommerce-form-row woocommerce-form-row--wide form-row form-row-wide \"><label>&nbsp;<span class=\"required\">*<\/span><\/label><input type=\"tel\" class=\"b2bwhs_custom_registration_field b2bwhs_custom_field_req_required\" id=\"b2bwhs_custom_field_10648\"  name=\"b2bwhs_custom_field_10648\" value=\"\" placeholder=\"\" required><\/div><div class=\" b2bwhs_custom_registration_container b2bwhs_custom_registration_Multiplerolen\"><p class=\"woocommerce-form-row woocommerce-form-row--wide form-row form-row-wide \"><label>&nbsp;<span class=\"required\">*<\/span><\/label><input type=\"tel\" class=\"b2bwhs_custom_registration_field b2bwhs_custom_field_req_required\" id=\"b2bwhs_custom_field_10710\"  name=\"b2bwhs_custom_field_10710\" value=\"\" placeholder=\"\" required><\/div><wc-order-attribution-inputs><\/wc-order-attribution-inputs><div class=\"woocommerce-privacy-policy-text\"><\/div>\n\t\t\t\t\t<p class=\"woocommerce-form-row form-row\">\n\t\t\t\t\t\t<input type=\"hidden\" id=\"woocommerce-register-nonce\" name=\"woocommerce-register-nonce\" value=\"a7f0013df3\" \/><input type=\"hidden\" name=\"_wp_http_referer\" value=\"\/fr\/wp-json\/wp\/v2\/pages\/13000\" \/>\t\t\t\t\t\t<button type=\"submit\" class=\"woocommerce-Button woocommerce-button button woocommerce-form-register__submit\" name=\"register\" value=\"S\u2019inscrire\">S\u2019inscrire<\/button>\n\t\t\t\t\t<\/p>\n\n\t\t\t\t\t\n\t\t\t\t<\/form>\n\t\t\t<\/div>\n\t\t\t<\/div>\n\t\t\t\t\t\t<\/div>\n\t\t\t\t<\/div>\n\t\t\t\t<div class=\"elementor-element elementor-element-f03ddde elementor-widget elementor-widget-spacer\" data-id=\"f03ddde\" data-element_type=\"widget\" data-e-type=\"widget\" data-widget_type=\"spacer.default\">\n\t\t\t\t<div class=\"elementor-widget-container\">\n\t\t\t\t\t\t\t<div class=\"elementor-spacer\">\n\t\t\t<div class=\"elementor-spacer-inner\"><\/div>\n\t\t<\/div>\n\t\t\t\t\t\t<\/div>\n\t\t\t\t<\/div>\n\t\t\t\t\t<\/div>\n\t\t\t\t<\/div>\n\t\t\t\t<\/div>\n\t\t","protected":false},"excerpt":{"rendered":"<p>Des prix sp\u00e9ciaux sont disponibles pour les professionnels de l&rsquo;\u00e9v\u00e9nementiel.<\/p>\n","protected":false},"author":1,"featured_media":0,"parent":0,"menu_order":0,"comment_status":"closed","ping_status":"closed","template":"","meta":{"_acf_changed":false,"footnotes":""},"folder":[337],"class_list":["post-13000","page","type-page","status-publish","hentry"],"acf":[],"yoast_head":"<!-- This site is optimized with the Yoast SEO plugin v27.5 - https:\/\/yoast.com\/product\/yoast-seo-wordpress\/ -->\n<title>Inscription des entreprises &#8226; %.<\/title>\n<meta name=\"robots\" content=\"index, follow, max-snippet:-1, max-image-preview:large, max-video-preview:-1\" \/>\n<link rel=\"canonical\" href=\"https:\/\/butterflies4events.com\/fr\/inscription-des-entreprises\/\" \/>\n<meta property=\"og:locale\" content=\"fr_FR\" \/>\n<meta property=\"og:type\" content=\"article\" \/>\n<meta property=\"og:title\" content=\"Inscription des entreprises &#8226; %.\" \/>\n<meta property=\"og:description\" content=\"Des prix sp\u00e9ciaux sont disponibles pour les professionnels de l&rsquo;\u00e9v\u00e9nementiel.\" \/>\n<meta property=\"og:url\" content=\"https:\/\/butterflies4events.com\/fr\/inscription-des-entreprises\/\" \/>\n<meta property=\"og:site_name\" content=\"Papillons pour les \u00e9v\u00e9nements\" \/>\n<meta property=\"article:publisher\" content=\"https:\/\/www.facebook.com\/farfallepereventi\/\" \/>\n<meta property=\"article:modified_time\" content=\"2026-01-19T17:00:18+00:00\" \/>\n<meta property=\"og:image\" content=\"https:\/\/butterflies4events.com\/wp-content\/uploads\/2023\/12\/GiadaAdMaiora-shooting@Gallizio-297-1.jpg?wsr\" \/>\n\t<meta property=\"og:image:width\" content=\"2249\" \/>\n\t<meta property=\"og:image:height\" content=\"1500\" \/>\n\t<meta property=\"og:image:type\" content=\"image\/jpeg\" \/>\n<meta name=\"twitter:card\" content=\"summary_large_image\" \/>\n<script type=\"application\/ld+json\" class=\"yoast-schema-graph\">{\"@context\":\"https:\\\/\\\/schema.org\",\"@graph\":[{\"@type\":\"WebPage\",\"@id\":\"https:\\\/\\\/butterflies4events.com\\\/fr\\\/inscription-des-entreprises\\\/\",\"url\":\"https:\\\/\\\/butterflies4events.com\\\/fr\\\/inscription-des-entreprises\\\/\",\"name\":\"Inscription des entreprises &#8226; %.\",\"isPartOf\":{\"@id\":\"https:\\\/\\\/butterflies4events.com\\\/fr\\\/#website\"},\"datePublished\":\"2024-02-06T14:01:17+00:00\",\"dateModified\":\"2026-01-19T17:00:18+00:00\",\"breadcrumb\":{\"@id\":\"https:\\\/\\\/butterflies4events.com\\\/fr\\\/inscription-des-entreprises\\\/#breadcrumb\"},\"inLanguage\":\"fr-FR\",\"potentialAction\":[{\"@type\":\"ReadAction\",\"target\":[\"https:\\\/\\\/butterflies4events.com\\\/fr\\\/inscription-des-entreprises\\\/\"]}]},{\"@type\":\"BreadcrumbList\",\"@id\":\"https:\\\/\\\/butterflies4events.com\\\/fr\\\/inscription-des-entreprises\\\/#breadcrumb\",\"itemListElement\":[{\"@type\":\"ListItem\",\"position\":1,\"name\":\"Accueil\",\"item\":\"https:\\\/\\\/butterflies4events.com\\\/fr\\\/\"},{\"@type\":\"ListItem\",\"position\":2,\"name\":\"Inscription des entreprises\"}]},{\"@type\":\"WebSite\",\"@id\":\"https:\\\/\\\/butterflies4events.com\\\/fr\\\/#website\",\"url\":\"https:\\\/\\\/butterflies4events.com\\\/fr\\\/\",\"name\":\"Farfalle x Eventi\",\"description\":\"Moments inoubliables\",\"publisher\":{\"@id\":\"https:\\\/\\\/butterflies4events.com\\\/fr\\\/#organization\"},\"alternateName\":\"FxE\",\"potentialAction\":[{\"@type\":\"SearchAction\",\"target\":{\"@type\":\"EntryPoint\",\"urlTemplate\":\"https:\\\/\\\/butterflies4events.com\\\/fr\\\/?s={search_term_string}\"},\"query-input\":{\"@type\":\"PropertyValueSpecification\",\"valueRequired\":true,\"valueName\":\"search_term_string\"}}],\"inLanguage\":\"fr-FR\"},{\"@type\":\"Organization\",\"@id\":\"https:\\\/\\\/butterflies4events.com\\\/fr\\\/#organization\",\"name\":\"Farfalle x Eventi\",\"alternateName\":\"FxE\",\"url\":\"https:\\\/\\\/butterflies4events.com\\\/fr\\\/\",\"logo\":{\"@type\":\"ImageObject\",\"inLanguage\":\"fr-FR\",\"@id\":\"https:\\\/\\\/butterflies4events.com\\\/fr\\\/#\\\/schema\\\/logo\\\/image\\\/\",\"url\":\"\",\"contentUrl\":\"\",\"caption\":\"Farfalle x Eventi\"},\"image\":{\"@id\":\"https:\\\/\\\/butterflies4events.com\\\/fr\\\/#\\\/schema\\\/logo\\\/image\\\/\"},\"sameAs\":[\"https:\\\/\\\/www.facebook.com\\\/farfallepereventi\\\/\",\"https:\\\/\\\/www.instagram.com\\\/farfallexeventi\\\/\"]}]}<\/script>\n<!-- \/ Yoast SEO plugin. -->","yoast_head_json":{"title":"Inscription des entreprises &#8226; %.","robots":{"index":"index","follow":"follow","max-snippet":"max-snippet:-1","max-image-preview":"max-image-preview:large","max-video-preview":"max-video-preview:-1"},"canonical":"https:\/\/butterflies4events.com\/fr\/inscription-des-entreprises\/","og_locale":"fr_FR","og_type":"article","og_title":"Inscription des entreprises &#8226; %.","og_description":"Des prix sp\u00e9ciaux sont disponibles pour les professionnels de l&rsquo;\u00e9v\u00e9nementiel.","og_url":"https:\/\/butterflies4events.com\/fr\/inscription-des-entreprises\/","og_site_name":"Papillons pour les \u00e9v\u00e9nements","article_publisher":"https:\/\/www.facebook.com\/farfallepereventi\/","article_modified_time":"2026-01-19T17:00:18+00:00","og_image":[{"width":2249,"height":1500,"url":"https:\/\/butterflies4events.com\/wp-content\/uploads\/2023\/12\/GiadaAdMaiora-shooting@Gallizio-297-1.jpg?wsr","type":"image\/jpeg"}],"twitter_card":"summary_large_image","schema":{"@context":"https:\/\/schema.org","@graph":[{"@type":"WebPage","@id":"https:\/\/butterflies4events.com\/fr\/inscription-des-entreprises\/","url":"https:\/\/butterflies4events.com\/fr\/inscription-des-entreprises\/","name":"Inscription des entreprises &#8226; %.","isPartOf":{"@id":"https:\/\/butterflies4events.com\/fr\/#website"},"datePublished":"2024-02-06T14:01:17+00:00","dateModified":"2026-01-19T17:00:18+00:00","breadcrumb":{"@id":"https:\/\/butterflies4events.com\/fr\/inscription-des-entreprises\/#breadcrumb"},"inLanguage":"fr-FR","potentialAction":[{"@type":"ReadAction","target":["https:\/\/butterflies4events.com\/fr\/inscription-des-entreprises\/"]}]},{"@type":"BreadcrumbList","@id":"https:\/\/butterflies4events.com\/fr\/inscription-des-entreprises\/#breadcrumb","itemListElement":[{"@type":"ListItem","position":1,"name":"Accueil","item":"https:\/\/butterflies4events.com\/fr\/"},{"@type":"ListItem","position":2,"name":"Inscription des entreprises"}]},{"@type":"WebSite","@id":"https:\/\/butterflies4events.com\/fr\/#website","url":"https:\/\/butterflies4events.com\/fr\/","name":"Farfalle x Eventi","description":"Moments inoubliables","publisher":{"@id":"https:\/\/butterflies4events.com\/fr\/#organization"},"alternateName":"FxE","potentialAction":[{"@type":"SearchAction","target":{"@type":"EntryPoint","urlTemplate":"https:\/\/butterflies4events.com\/fr\/?s={search_term_string}"},"query-input":{"@type":"PropertyValueSpecification","valueRequired":true,"valueName":"search_term_string"}}],"inLanguage":"fr-FR"},{"@type":"Organization","@id":"https:\/\/butterflies4events.com\/fr\/#organization","name":"Farfalle x Eventi","alternateName":"FxE","url":"https:\/\/butterflies4events.com\/fr\/","logo":{"@type":"ImageObject","inLanguage":"fr-FR","@id":"https:\/\/butterflies4events.com\/fr\/#\/schema\/logo\/image\/","url":"","contentUrl":"","caption":"Farfalle x Eventi"},"image":{"@id":"https:\/\/butterflies4events.com\/fr\/#\/schema\/logo\/image\/"},"sameAs":["https:\/\/www.facebook.com\/farfallepereventi\/","https:\/\/www.instagram.com\/farfallexeventi\/"]}]}},"_links":{"self":[{"href":"https:\/\/butterflies4events.com\/fr\/wp-json\/wp\/v2\/pages\/13000","targetHints":{"allow":["GET"]}}],"collection":[{"href":"https:\/\/butterflies4events.com\/fr\/wp-json\/wp\/v2\/pages"}],"about":[{"href":"https:\/\/butterflies4events.com\/fr\/wp-json\/wp\/v2\/types\/page"}],"author":[{"embeddable":true,"href":"https:\/\/butterflies4events.com\/fr\/wp-json\/wp\/v2\/users\/1"}],"replies":[{"embeddable":true,"href":"https:\/\/butterflies4events.com\/fr\/wp-json\/wp\/v2\/comments?post=13000"}],"version-history":[{"count":1,"href":"https:\/\/butterflies4events.com\/fr\/wp-json\/wp\/v2\/pages\/13000\/revisions"}],"predecessor-version":[{"id":13002,"href":"https:\/\/butterflies4events.com\/fr\/wp-json\/wp\/v2\/pages\/13000\/revisions\/13002"}],"wp:attachment":[{"href":"https:\/\/butterflies4events.com\/fr\/wp-json\/wp\/v2\/media?parent=13000"}],"wp:term":[{"taxonomy":"folder","embeddable":true,"href":"https:\/\/butterflies4events.com\/fr\/wp-json\/wp\/v2\/folder?post=13000"}],"curies":[{"name":"wp","href":"https:\/\/api.w.org\/{rel}","templated":true}]}}