{"id":12979,"date":"2024-05-16T15:26:14","date_gmt":"2024-05-16T15:26:14","guid":{"rendered":"https:\/\/butterflies4events.com\/conditions-dutilisation-du-site-web\/"},"modified":"2026-01-19T17:00:20","modified_gmt":"2026-01-19T17:00:20","slug":"conditions-dutilisation-du-site-web","status":"publish","type":"page","link":"https:\/\/butterflies4events.com\/fr\/conditions-dutilisation-du-site-web\/","title":{"rendered":"Conditions d&rsquo;utilisation du site web"},"content":{"rendered":"\t\t<div data-elementor-type=\"wp-page\" data-elementor-id=\"12979\" class=\"elementor elementor-12979 elementor-2442\" data-elementor-post-type=\"page\">\n\t\t\t\t<div class=\"elementor-element elementor-element-1c4f99d e-flex e-con-boxed e-con e-parent\" data-id=\"1c4f99d\" data-element_type=\"container\" data-e-type=\"container\">\n\t\t\t\t\t<div class=\"e-con-inner\">\n\t\t\t\t<div class=\"elementor-element elementor-element-6224cb1f elementor-widget elementor-widget-text-editor\" data-id=\"6224cb1f\" data-element_type=\"widget\" data-e-type=\"widget\" data-widget_type=\"text-editor.default\">\n\t\t\t\t<div class=\"elementor-widget-container\">\n\t\t\t\t\t\t\t\t\t<h1>Conditions d&rsquo;utilisation du site web<\/h1>\t\t\t\t\t\t\t\t<\/div>\n\t\t\t\t<\/div>\n\t\t\t\t<div class=\"elementor-element elementor-element-a53da97 elementor-widget elementor-widget-text-editor\" data-id=\"a53da97\" data-element_type=\"widget\" data-e-type=\"widget\" data-widget_type=\"text-editor.default\">\n\t\t\t\t<div class=\"elementor-widget-container\">\n\t\t\t\t\t\t\t\t\t<p><em>Veuillez noter que ce document est une traduction \u00e0 des fins d&rsquo;information uniquement. La version officielle et juridiquement contraignante est la version italienne. <\/em><\/p><p> <\/p><p>Cher utilisateur, veuillez lire attentivement les pr\u00e9sentes conditions d&rsquo;utilisation (\u00ab\u00a0conditions\u00a0\u00bb) avant d&rsquo;utiliser le site web welcome.farfallexeventi.com (le \u00ab\u00a0site web\u00a0\u00bb). L&rsquo;acc\u00e8s et l&rsquo;utilisation de ce site web et des services qui y sont li\u00e9s impliquent que vous avez lu, compris et accept\u00e9 les pr\u00e9sentes conditions g\u00e9n\u00e9rales, qui peuvent \u00eatre mises \u00e0 jour p\u00e9riodiquement en fonction des besoins. Si vous n&rsquo;\u00eates pas d&rsquo;accord avec l&rsquo;une de ces clauses, veuillez vous abstenir d&rsquo;utiliser notre site web. En acc\u00e9dant au site web, vous d\u00e9clarez \u00e9galement que vous \u00eates majeur et que vous avez la capacit\u00e9 d&rsquo;agir.   <\/p><p>Le site Web est d\u00e9tenu et exploit\u00e9 par SmartBugs s.s., dont le si\u00e8ge social se trouve \u00e0 Via Cave, 66, Villorba (TV), Italie &#8211; N\u00b0 de TVA 04659080263, N\u00b0 R.E.A. TV-38727, ci-apr\u00e8s d\u00e9nomm\u00e9e \u00ab\u00a0SB\u00a0\u00bb ou \u00ab\u00a0le propri\u00e9taire\u00a0\u00bb. Veuillez noter que le site Web peut contenir des liens vers des sites Web de tiers non contr\u00f4l\u00e9s par SB et que, par cons\u00e9quent, SB ne peut \u00eatre tenu responsable de leur contenu.  <\/p><p>Ce site web vous permet de parcourir nos produits et services, de les choisir et de les acheter par l&rsquo;interm\u00e9diaire de notre boutique en ligne, sous r\u00e9serve des conditions g\u00e9n\u00e9rales de vente (dont vous devrez prendre connaissance avant d&rsquo;effectuer tout achat). Les produits\/services achet\u00e9s seront livr\u00e9s sur le territoire national. Notre service client\u00e8le (info@farfallexeventi.com) est \u00e0 votre disposition si vous avez besoin d&rsquo;aide ou d&rsquo;informations suppl\u00e9mentaires concernant nos produits et services.  <\/p><p>Ce site Web est prot\u00e9g\u00e9 en tant qu&rsquo;\u0153uvre intellectuelle par les lois applicables en mati\u00e8re de droits d&rsquo;auteur (en particulier la loi n\u00b0 633\/1941 et ses modifications ult\u00e9rieures). Vous n&rsquo;\u00eates pas autoris\u00e9 \u00e0 modifier, publier, distribuer, conc\u00e9der des droits, reproduire, modifier ou exploiter commercialement de quelque mani\u00e8re que ce soit le contenu &#8211; y compris les noms de domaine &#8211; ou les services li\u00e9s \u00e0 notre site Web, en tout ou en partie. Cette interdiction s&rsquo;\u00e9tend \u00e9galement \u00e0 l&rsquo;utilisation non autoris\u00e9e des marques et autres signes distinctifs appartenant \u00e0 SB.  <\/p><p>Nous vous informons que les donn\u00e9es personnelles que vous fournissez sont prot\u00e9g\u00e9es conform\u00e9ment \u00e0 la l\u00e9gislation italienne (d\u00e9cret l\u00e9gislatif n\u00b0 196\/2003 et modifications ult\u00e9rieures, \u00a0\u00bb Code de la vie priv\u00e9e \u00ab\u00a0) et \u00e0 la l\u00e9gislation europ\u00e9enne (R\u00e8glement UE 2016\/679, \u00a0\u00bb GDPR \u00ab\u00a0) sur la protection des donn\u00e9es personnelles. Pour plus d&rsquo;informations juridiques, veuillez consulter nos sections Politique de confidentialit\u00e9 et Politique en mati\u00e8re de cookies. <\/p><p>Vous pouvez vous inscrire pour recevoir notre lettre d&rsquo;information par courrier \u00e9lectronique, gr\u00e2ce \u00e0 laquelle nous vous informerons des promotions, des \u00e9v\u00e9nements et des offres sp\u00e9ciales. Vos donn\u00e9es personnelles seront trait\u00e9es conform\u00e9ment \u00e0 notre politique de confidentialit\u00e9. <\/p>\t\t\t\t\t\t\t\t<\/div>\n\t\t\t\t<\/div>\n\t\t\t\t\t<\/div>\n\t\t\t\t<\/div>\n\t\t\t\t<\/div>\n\t\t","protected":false},"excerpt":{"rendered":"<p>Conditions d&rsquo;utilisation du site web Veuillez noter que ce document est une traduction \u00e0 des fins d&rsquo;information uniquement. La version officielle et juridiquement contraignante est la version italienne. Cher utilisateur, veuillez lire attentivement les pr\u00e9sentes conditions d&rsquo;utilisation (\u00ab\u00a0conditions\u00a0\u00bb) avant d&rsquo;utiliser le site web welcome.farfallexeventi.com (le \u00ab\u00a0site web\u00a0\u00bb). L&rsquo;acc\u00e8s et l&rsquo;utilisation de ce site web et [&hellip;]<\/p>\n","protected":false},"author":1,"featured_media":0,"parent":0,"menu_order":0,"comment_status":"closed","ping_status":"closed","template":"","meta":{"_acf_changed":false,"footnotes":""},"folder":[282],"class_list":["post-12979","page","type-page","status-publish","hentry"],"acf":[],"yoast_head":"<!-- This site is optimized with the Yoast SEO plugin v27.5 - https:\/\/yoast.com\/product\/yoast-seo-wordpress\/ -->\n<title>Conditions d&#039;utilisation du site web &#8226; %.<\/title>\n<meta name=\"robots\" content=\"index, follow, max-snippet:-1, max-image-preview:large, max-video-preview:-1\" \/>\n<link rel=\"canonical\" href=\"https:\/\/butterflies4events.com\/fr\/conditions-dutilisation-du-site-web\/\" \/>\n<meta property=\"og:locale\" content=\"fr_FR\" \/>\n<meta property=\"og:type\" content=\"article\" \/>\n<meta property=\"og:title\" content=\"Conditions d&#039;utilisation du site web &#8226; %.\" \/>\n<meta property=\"og:description\" content=\"Conditions d&rsquo;utilisation du site web Veuillez noter que ce document est une traduction \u00e0 des fins d&rsquo;information uniquement. La version officielle et juridiquement contraignante est la version italienne. Cher utilisateur, veuillez lire attentivement les pr\u00e9sentes conditions d&rsquo;utilisation (\u00ab\u00a0conditions\u00a0\u00bb) avant d&rsquo;utiliser le site web welcome.farfallexeventi.com (le \u00ab\u00a0site web\u00a0\u00bb). L&rsquo;acc\u00e8s et l&rsquo;utilisation de ce site web et [&hellip;]\" \/>\n<meta property=\"og:url\" content=\"https:\/\/butterflies4events.com\/fr\/conditions-dutilisation-du-site-web\/\" \/>\n<meta property=\"og:site_name\" content=\"Papillons pour les \u00e9v\u00e9nements\" \/>\n<meta property=\"article:publisher\" content=\"https:\/\/www.facebook.com\/farfallepereventi\/\" \/>\n<meta property=\"article:modified_time\" content=\"2026-01-19T17:00:20+00:00\" \/>\n<meta property=\"og:image\" content=\"https:\/\/butterflies4events.com\/wp-content\/uploads\/2023\/12\/GiadaAdMaiora-shooting@Gallizio-297-1.jpg?wsr\" \/>\n\t<meta property=\"og:image:width\" content=\"2249\" \/>\n\t<meta property=\"og:image:height\" content=\"1500\" \/>\n\t<meta property=\"og:image:type\" content=\"image\/jpeg\" \/>\n<meta name=\"twitter:card\" content=\"summary_large_image\" \/>\n<meta name=\"twitter:label1\" content=\"Dur\u00e9e de lecture estim\u00e9e\" \/>\n\t<meta name=\"twitter:data1\" content=\"2 minutes\" \/>\n<script type=\"application\/ld+json\" class=\"yoast-schema-graph\">{\"@context\":\"https:\\\/\\\/schema.org\",\"@graph\":[{\"@type\":\"WebPage\",\"@id\":\"https:\\\/\\\/butterflies4events.com\\\/fr\\\/conditions-dutilisation-du-site-web\\\/\",\"url\":\"https:\\\/\\\/butterflies4events.com\\\/fr\\\/conditions-dutilisation-du-site-web\\\/\",\"name\":\"Conditions d'utilisation du site web &#8226; %.\",\"isPartOf\":{\"@id\":\"https:\\\/\\\/butterflies4events.com\\\/fr\\\/#website\"},\"datePublished\":\"2024-05-16T15:26:14+00:00\",\"dateModified\":\"2026-01-19T17:00:20+00:00\",\"breadcrumb\":{\"@id\":\"https:\\\/\\\/butterflies4events.com\\\/fr\\\/conditions-dutilisation-du-site-web\\\/#breadcrumb\"},\"inLanguage\":\"fr-FR\",\"potentialAction\":[{\"@type\":\"ReadAction\",\"target\":[\"https:\\\/\\\/butterflies4events.com\\\/fr\\\/conditions-dutilisation-du-site-web\\\/\"]}]},{\"@type\":\"BreadcrumbList\",\"@id\":\"https:\\\/\\\/butterflies4events.com\\\/fr\\\/conditions-dutilisation-du-site-web\\\/#breadcrumb\",\"itemListElement\":[{\"@type\":\"ListItem\",\"position\":1,\"name\":\"Accueil\",\"item\":\"https:\\\/\\\/butterflies4events.com\\\/fr\\\/\"},{\"@type\":\"ListItem\",\"position\":2,\"name\":\"Conditions d&#8217;utilisation du site web\"}]},{\"@type\":\"WebSite\",\"@id\":\"https:\\\/\\\/butterflies4events.com\\\/fr\\\/#website\",\"url\":\"https:\\\/\\\/butterflies4events.com\\\/fr\\\/\",\"name\":\"Farfalle x Eventi\",\"description\":\"Moments inoubliables\",\"publisher\":{\"@id\":\"https:\\\/\\\/butterflies4events.com\\\/fr\\\/#organization\"},\"alternateName\":\"FxE\",\"potentialAction\":[{\"@type\":\"SearchAction\",\"target\":{\"@type\":\"EntryPoint\",\"urlTemplate\":\"https:\\\/\\\/butterflies4events.com\\\/fr\\\/?s={search_term_string}\"},\"query-input\":{\"@type\":\"PropertyValueSpecification\",\"valueRequired\":true,\"valueName\":\"search_term_string\"}}],\"inLanguage\":\"fr-FR\"},{\"@type\":\"Organization\",\"@id\":\"https:\\\/\\\/butterflies4events.com\\\/fr\\\/#organization\",\"name\":\"Farfalle x Eventi\",\"alternateName\":\"FxE\",\"url\":\"https:\\\/\\\/butterflies4events.com\\\/fr\\\/\",\"logo\":{\"@type\":\"ImageObject\",\"inLanguage\":\"fr-FR\",\"@id\":\"https:\\\/\\\/butterflies4events.com\\\/fr\\\/#\\\/schema\\\/logo\\\/image\\\/\",\"url\":\"\",\"contentUrl\":\"\",\"caption\":\"Farfalle x Eventi\"},\"image\":{\"@id\":\"https:\\\/\\\/butterflies4events.com\\\/fr\\\/#\\\/schema\\\/logo\\\/image\\\/\"},\"sameAs\":[\"https:\\\/\\\/www.facebook.com\\\/farfallepereventi\\\/\",\"https:\\\/\\\/www.instagram.com\\\/farfallexeventi\\\/\"]}]}<\/script>\n<!-- \/ Yoast SEO plugin. -->","yoast_head_json":{"title":"Conditions d'utilisation du site web &#8226; %.","robots":{"index":"index","follow":"follow","max-snippet":"max-snippet:-1","max-image-preview":"max-image-preview:large","max-video-preview":"max-video-preview:-1"},"canonical":"https:\/\/butterflies4events.com\/fr\/conditions-dutilisation-du-site-web\/","og_locale":"fr_FR","og_type":"article","og_title":"Conditions d'utilisation du site web &#8226; %.","og_description":"Conditions d&rsquo;utilisation du site web Veuillez noter que ce document est une traduction \u00e0 des fins d&rsquo;information uniquement. La version officielle et juridiquement contraignante est la version italienne. Cher utilisateur, veuillez lire attentivement les pr\u00e9sentes conditions d&rsquo;utilisation (\u00ab\u00a0conditions\u00a0\u00bb) avant d&rsquo;utiliser le site web welcome.farfallexeventi.com (le \u00ab\u00a0site web\u00a0\u00bb). L&rsquo;acc\u00e8s et l&rsquo;utilisation de ce site web et [&hellip;]","og_url":"https:\/\/butterflies4events.com\/fr\/conditions-dutilisation-du-site-web\/","og_site_name":"Papillons pour les \u00e9v\u00e9nements","article_publisher":"https:\/\/www.facebook.com\/farfallepereventi\/","article_modified_time":"2026-01-19T17:00:20+00:00","og_image":[{"width":2249,"height":1500,"url":"https:\/\/butterflies4events.com\/wp-content\/uploads\/2023\/12\/GiadaAdMaiora-shooting@Gallizio-297-1.jpg?wsr","type":"image\/jpeg"}],"twitter_card":"summary_large_image","twitter_misc":{"Dur\u00e9e de lecture estim\u00e9e":"2 minutes"},"schema":{"@context":"https:\/\/schema.org","@graph":[{"@type":"WebPage","@id":"https:\/\/butterflies4events.com\/fr\/conditions-dutilisation-du-site-web\/","url":"https:\/\/butterflies4events.com\/fr\/conditions-dutilisation-du-site-web\/","name":"Conditions d'utilisation du site web &#8226; %.","isPartOf":{"@id":"https:\/\/butterflies4events.com\/fr\/#website"},"datePublished":"2024-05-16T15:26:14+00:00","dateModified":"2026-01-19T17:00:20+00:00","breadcrumb":{"@id":"https:\/\/butterflies4events.com\/fr\/conditions-dutilisation-du-site-web\/#breadcrumb"},"inLanguage":"fr-FR","potentialAction":[{"@type":"ReadAction","target":["https:\/\/butterflies4events.com\/fr\/conditions-dutilisation-du-site-web\/"]}]},{"@type":"BreadcrumbList","@id":"https:\/\/butterflies4events.com\/fr\/conditions-dutilisation-du-site-web\/#breadcrumb","itemListElement":[{"@type":"ListItem","position":1,"name":"Accueil","item":"https:\/\/butterflies4events.com\/fr\/"},{"@type":"ListItem","position":2,"name":"Conditions d&#8217;utilisation du site web"}]},{"@type":"WebSite","@id":"https:\/\/butterflies4events.com\/fr\/#website","url":"https:\/\/butterflies4events.com\/fr\/","name":"Farfalle x Eventi","description":"Moments inoubliables","publisher":{"@id":"https:\/\/butterflies4events.com\/fr\/#organization"},"alternateName":"FxE","potentialAction":[{"@type":"SearchAction","target":{"@type":"EntryPoint","urlTemplate":"https:\/\/butterflies4events.com\/fr\/?s={search_term_string}"},"query-input":{"@type":"PropertyValueSpecification","valueRequired":true,"valueName":"search_term_string"}}],"inLanguage":"fr-FR"},{"@type":"Organization","@id":"https:\/\/butterflies4events.com\/fr\/#organization","name":"Farfalle x Eventi","alternateName":"FxE","url":"https:\/\/butterflies4events.com\/fr\/","logo":{"@type":"ImageObject","inLanguage":"fr-FR","@id":"https:\/\/butterflies4events.com\/fr\/#\/schema\/logo\/image\/","url":"","contentUrl":"","caption":"Farfalle x Eventi"},"image":{"@id":"https:\/\/butterflies4events.com\/fr\/#\/schema\/logo\/image\/"},"sameAs":["https:\/\/www.facebook.com\/farfallepereventi\/","https:\/\/www.instagram.com\/farfallexeventi\/"]}]}},"_links":{"self":[{"href":"https:\/\/butterflies4events.com\/fr\/wp-json\/wp\/v2\/pages\/12979","targetHints":{"allow":["GET"]}}],"collection":[{"href":"https:\/\/butterflies4events.com\/fr\/wp-json\/wp\/v2\/pages"}],"about":[{"href":"https:\/\/butterflies4events.com\/fr\/wp-json\/wp\/v2\/types\/page"}],"author":[{"embeddable":true,"href":"https:\/\/butterflies4events.com\/fr\/wp-json\/wp\/v2\/users\/1"}],"replies":[{"embeddable":true,"href":"https:\/\/butterflies4events.com\/fr\/wp-json\/wp\/v2\/comments?post=12979"}],"version-history":[{"count":1,"href":"https:\/\/butterflies4events.com\/fr\/wp-json\/wp\/v2\/pages\/12979\/revisions"}],"predecessor-version":[{"id":12980,"href":"https:\/\/butterflies4events.com\/fr\/wp-json\/wp\/v2\/pages\/12979\/revisions\/12980"}],"wp:attachment":[{"href":"https:\/\/butterflies4events.com\/fr\/wp-json\/wp\/v2\/media?parent=12979"}],"wp:term":[{"taxonomy":"folder","embeddable":true,"href":"https:\/\/butterflies4events.com\/fr\/wp-json\/wp\/v2\/folder?post=12979"}],"curies":[{"name":"wp","href":"https:\/\/api.w.org\/{rel}","templated":true}]}}