{"id":12787,"date":"2024-01-03T10:59:28","date_gmt":"2024-01-03T10:59:28","guid":{"rendered":"https:\/\/butterflies4events.com\/lignes-directrices-juridiques\/"},"modified":"2026-01-19T17:00:18","modified_gmt":"2026-01-19T17:00:18","slug":"lignes-directrices-juridiques","status":"publish","type":"page","link":"https:\/\/butterflies4events.com\/fr\/lignes-directrices-juridiques\/","title":{"rendered":"Lignes directrices juridiques"},"content":{"rendered":"\t\t<div data-elementor-type=\"wp-page\" data-elementor-id=\"12787\" class=\"elementor elementor-12787 elementor-769\" data-elementor-post-type=\"page\">\n\t\t\t\t<div class=\"elementor-element elementor-element-5adb5572 e-flex e-con-boxed e-con e-parent\" data-id=\"5adb5572\" data-element_type=\"container\" data-e-type=\"container\">\n\t\t\t\t\t<div class=\"e-con-inner\">\n\t\t\t\t<div class=\"elementor-element elementor-element-55b60a3a elementor-widget elementor-widget-text-editor\" data-id=\"55b60a3a\" data-element_type=\"widget\" data-e-type=\"widget\" data-widget_type=\"text-editor.default\">\n\t\t\t\t<div class=\"elementor-widget-container\">\n\t\t\t\t\t\t\t\t\t<h1>Avis juridique<\/h1>\t\t\t\t\t\t\t\t<\/div>\n\t\t\t\t<\/div>\n\t\t\t\t<div class=\"elementor-element elementor-element-0dd2bb2 elementor-widget elementor-widget-text-editor\" data-id=\"0dd2bb2\" data-element_type=\"widget\" data-e-type=\"widget\" data-widget_type=\"text-editor.default\">\n\t\t\t\t<div class=\"elementor-widget-container\">\n\t\t\t\t\t\t\t\t\t<p data-start=\"191\" data-end=\"315\"><strong>Pr\u00e9par\u00e9 par la Ligue italienne pour la protection des oiseaux (L.I.P.U.), D\u00e9l\u00e9gation de Bologne et de la ville m\u00e9tropolitaine<\/strong><\/p><p data-start=\"191\" data-end=\"315\"> <\/p><p data-start=\"317\" data-end=\"505\">A) Selon l&rsquo;article 727, premier paragraphe, du code p\u00e9nal italien, la lib\u00e9ration d&rsquo;esp\u00e8ces animales non indig\u00e8nes sur le territoire national constitue le crime d'\u00a0\u00bbabandon d&rsquo;animaux\u00a0\u00bb ;<\/p><p data-start=\"507\" data-end=\"673\">B) Conform\u00e9ment \u00e0 la loi r\u00e9gionale n\u00b0 5 du 17 f\u00e9vrier 2005, article 8, paragraphe 1, dans la r\u00e9gion Emilia-Romagna, la lib\u00e9ration d&rsquo;esp\u00e8ces animales non indig\u00e8nes est interdite ;<\/p><p data-start=\"675\" data-end=\"1018\">C) Conform\u00e9ment \u00e0 la loi r\u00e9gionale n\u00b0 15 du 31 juillet 2006, article 3, paragraphe 1, lettre d, dans la r\u00e9gion Emilia-Romagna, la lib\u00e9ration d&rsquo;esp\u00e8ces animales non indig\u00e8nes susceptibles de nuire aux esp\u00e8ces animales indig\u00e8nes prot\u00e9g\u00e9es est interdite. Cela inclut les l\u00e9pidopt\u00e8res indig\u00e8nes, qui seraient \u00e9videmment gravement affect\u00e9s par l&rsquo;introduction de l\u00e9pidopt\u00e8res non indig\u00e8nes ; <\/p><p data-start=\"1020\" data-end=\"1427\">D) En application du r\u00e8glement (CE) n\u00b0 338\/97 du 9 d\u00e9cembre 1996 portant application dans l&rsquo;Union europ\u00e9enne de la Convention sur le commerce international des esp\u00e8ces de faune et de flore sauvages menac\u00e9es d&rsquo;extinction (CITES), \u00e9galement connue sous le nom de Convention de Washington, tout transfert d&rsquo;esp\u00e8ces animales figurant aux annexes A et B dudit r\u00e8glement doit \u00eatre accompagn\u00e9 d&rsquo;une documentation appropri\u00e9e certifiant l&rsquo;origine licite des sp\u00e9cimens ;<\/p><p data-start=\"1429\" data-end=\"1821\">E) Conform\u00e9ment \u00e0 la loi r\u00e9gionale n\u00b0 15 du 31 juillet 2006, article 3, paragraphe 1, lettre a, dans la r\u00e9gion Emilia-Romagna, la capture et la d\u00e9tention ult\u00e9rieure de nombreuses esp\u00e8ces animales indig\u00e8nes sont interdites, y compris diverses esp\u00e8ces de l\u00e9pidopt\u00e8res. Par cons\u00e9quent, tout envoi de sp\u00e9cimens appartenant \u00e0 ces esp\u00e8ces doit \u00eatre accompagn\u00e9 d&rsquo;une documentation certifiant leur origine d&rsquo;un \u00e9levage autoris\u00e9 ; <\/p><p data-start=\"1823\" data-end=\"2256\">F) Selon l&rsquo;article 544-ter du code p\u00e9nal italien, le fait de soumettre un animal (quelle que soit l&rsquo;esp\u00e8ce) \u00e0 la torture constitue le crime de \u00ab\u00a0cruaut\u00e9 envers les animaux\u00a0\u00bb. Il convient donc d&rsquo;\u00eatre particuli\u00e8rement attentif aux m\u00e9thodes d&rsquo;exp\u00e9dition (choix du conteneur le plus appropri\u00e9 pour prot\u00e9ger les animaux des chocs in\u00e9vitables tout en assurant une ventilation ad\u00e9quate) et aux l\u00e2chers de l\u00e9pidopt\u00e8res (les l\u00e2chers \u00e0 la fin de l&rsquo;automne et pendant l&rsquo;hiver sont strictement interdits). <\/p>\t\t\t\t\t\t\t\t<\/div>\n\t\t\t\t<\/div>\n\t\t\t\t\t<\/div>\n\t\t\t\t<\/div>\n\t\t<div class=\"elementor-element elementor-element-ad2a23a e-con-full e-flex e-con e-parent\" data-id=\"ad2a23a\" data-element_type=\"container\" data-e-type=\"container\">\n\t\t\t\t<div class=\"elementor-element elementor-element-794f0aa elementor-widget elementor-widget-shortcode\" data-id=\"794f0aa\" data-element_type=\"widget\" data-e-type=\"widget\" data-widget_type=\"shortcode.default\">\n\t\t\t\t<div class=\"elementor-widget-container\">\n\t\t\t\t\t\t\t<div class=\"elementor-shortcode\">\t\t<div data-elementor-type=\"container\" data-elementor-id=\"12637\" class=\"elementor elementor-12637 elementor-2624 elementor-2624\" data-elementor-post-type=\"elementor_library\">\n\t\t\t\t<div class=\"elementor-element elementor-element-b43722c e-con-full e-flex e-con e-parent\" data-id=\"b43722c\" data-element_type=\"container\" data-e-type=\"container\" data-settings=\"{&quot;background_background&quot;:&quot;classic&quot;}\">\n\t\t\t\t<div class=\"elementor-element elementor-element-c6df457 elementor-widget__width-inherit elementor-widget elementor-widget-text-editor\" data-id=\"c6df457\" data-element_type=\"widget\" data-e-type=\"widget\" data-widget_type=\"text-editor.default\">\n\t\t\t\t<div class=\"elementor-widget-container\">\n\t\t\t\t\t\t\t\t\t<h2 style=\"text-align: center;\">Voir ce que nous offrons<\/h2>\t\t\t\t\t\t\t\t<\/div>\n\t\t\t\t<\/div>\n\t\t\t\t<div class=\"elementor-element elementor-element-c9488b7 elementor-product-loop-item--align-center elementor-grid-2 elementor-widget__width-auto elementor-grid-mobile-1 elementor-grid-tablet-3 elementor-products-grid elementor-wc-products elementor-show-pagination-border-yes elementor-widget elementor-widget-woocommerce-products\" data-id=\"c9488b7\" data-element_type=\"widget\" data-e-type=\"widget\" data-widget_type=\"woocommerce-products.default\">\n\t\t\t\t<div class=\"elementor-widget-container\">\n\t\t\t\t\t<div class=\"woocommerce columns-2 \"><div class=\"woocommerce-notices-wrapper\"><\/div><ul class=\"products elementor-grid columns-2\">\n<li class=\"wvs-archive-product-wrapper product type-product post-12898 status-publish first instock product_cat-nos-selections has-post-thumbnail taxable shipping-taxable product-type-variable\">\n\t<a href=\"https:\/\/butterflies4events.com\/fr\/shop\/publication-dans-le-nuage\/\" class=\"woocommerce-LoopProduct-link woocommerce-loop-product__link\"><img fetchpriority=\"high\" decoding=\"async\" width=\"300\" height=\"300\" src=\"https:\/\/butterflies4events.com\/wp-content\/uploads\/2024\/06\/1-300x300.jpg?wsr\" class=\"attachment-woocommerce_thumbnail size-woocommerce_thumbnail wvs-archive-product-image\" alt=\"Publication dans le nuage\" srcset=\"https:\/\/butterflies4events.com\/wp-content\/uploads\/2024\/06\/1-300x300.jpg 300w, https:\/\/butterflies4events.com\/wp-content\/uploads\/2024\/06\/1-100x100.jpg 100w, https:\/\/butterflies4events.com\/wp-content\/uploads\/2024\/06\/1-600x600.jpg 600w, https:\/\/butterflies4events.com\/wp-content\/uploads\/2024\/06\/1-1024x1024.jpg 1024w, https:\/\/butterflies4events.com\/wp-content\/uploads\/2024\/06\/1-150x150.jpg 150w, https:\/\/butterflies4events.com\/wp-content\/uploads\/2024\/06\/1-768x768.jpg 768w, https:\/\/butterflies4events.com\/wp-content\/uploads\/2024\/06\/1-1536x1536.jpg 1536w, https:\/\/butterflies4events.com\/wp-content\/uploads\/2024\/06\/1-2048x2048.jpg 2048w, https:\/\/butterflies4events.com\/wp-content\/uploads\/2024\/06\/1-50x50.jpg 50w, https:\/\/butterflies4events.com\/wp-content\/uploads\/2024\/06\/1-32x32.jpg 32w\" sizes=\"(max-width: 300px) 100vw, 300px\" \/><div class=\"berocket_better_labels berocket_better_labels_image\"><div class=\"berocket_better_labels_position berocket_better_labels_position_left\"><div class=\"berocket_better_labels_line berocket_better_labels_line_1\"><div class=\"berocket_better_labels_inline berocket_better_labels_inline_1\"><div class=\"br_alabel br_alabel_type_text br_alabel_template_type_image berocket_alabel_id_4981 berocket-label-user-image br_alabel_better_compatibility\" style=\"\"><span  style=\" background: transparent url('https:\/\/butterflies4events.com\/wp-content\/uploads\/2024\/10\/best-seller.png') no-repeat right top\/contain;\" class=\"berocket-label-user-image\"><i style=\"background-color: #f16543; border-color: #f16543;\" class=\"template-span-before \"><\/i><i style=\"background-color: #f16543; border-color: #f16543;\" class=\"template-i \"><\/i><i style=\"background-color: #f16543; border-color: #f16543;\" class=\"template-i-before \"><\/i><i style=\"background-color: #f16543; border-color: #f16543;\" class=\"template-i-after \"><\/i><b style=\"text-align: center;z-index: 100;display: none;\" class=\"br-labels-image br-labels-image-1000\">SALE<\/b><\/span><\/div><\/div><\/div><\/div><\/div><h2 class=\"woocommerce-loop-product__title\">Publication dans le nuage<\/h2>\n<\/a><div class=\"woocommerce-loop-product__buttons\"><a href=\"https:\/\/butterflies4events.com\/fr\/shop\/publication-dans-le-nuage\/\" aria-describedby=\"woocommerce_loop_add_to_cart_link_describedby_12898\" data-quantity=\"1\" class=\"button product_type_variable\" data-product_id=\"12898\" data-product_sku=\"\" aria-label=\"S\u00e9lectionner les options pour &ldquo;Publication dans le nuage&rdquo;\" rel=\"nofollow\">D\u00e9couvrez<\/a><\/div>\t<span id=\"woocommerce_loop_add_to_cart_link_describedby_12898\" class=\"screen-reader-text\">\n\t\t\t<\/span>\n<\/li>\n<li class=\"wvs-archive-product-wrapper product type-product post-12881 status-publish last instock product_cat-nos-selections has-post-thumbnail taxable shipping-taxable product-type-variable\">\n\t<a href=\"https:\/\/butterflies4events.com\/fr\/shop\/publication-personnelle\/\" class=\"woocommerce-LoopProduct-link woocommerce-loop-product__link\"><img decoding=\"async\" width=\"300\" height=\"300\" src=\"https:\/\/butterflies4events.com\/wp-content\/uploads\/2024\/08\/1-1-300x300.png?wsr\" class=\"attachment-woocommerce_thumbnail size-woocommerce_thumbnail wvs-archive-product-image\" alt=\"Publication personnelle\" srcset=\"https:\/\/butterflies4events.com\/wp-content\/uploads\/2024\/08\/1-1-300x300.png 300w, https:\/\/butterflies4events.com\/wp-content\/uploads\/2024\/08\/1-1-100x100.png 100w, https:\/\/butterflies4events.com\/wp-content\/uploads\/2024\/08\/1-1-600x600.png 600w, https:\/\/butterflies4events.com\/wp-content\/uploads\/2024\/08\/1-1-1024x1024.png 1024w, https:\/\/butterflies4events.com\/wp-content\/uploads\/2024\/08\/1-1-150x150.png 150w, https:\/\/butterflies4events.com\/wp-content\/uploads\/2024\/08\/1-1-768x768.png 768w, https:\/\/butterflies4events.com\/wp-content\/uploads\/2024\/08\/1-1-1536x1536.png 1536w, https:\/\/butterflies4events.com\/wp-content\/uploads\/2024\/08\/1-1-50x50.png 50w, https:\/\/butterflies4events.com\/wp-content\/uploads\/2024\/08\/1-1-32x32.png 32w, https:\/\/butterflies4events.com\/wp-content\/uploads\/2024\/08\/1-1.png 1620w\" sizes=\"(max-width: 300px) 100vw, 300px\" \/><h2 class=\"woocommerce-loop-product__title\">Publication personnelle<\/h2>\n<\/a><div class=\"woocommerce-loop-product__buttons\"><a href=\"https:\/\/butterflies4events.com\/fr\/shop\/publication-personnelle\/\" aria-describedby=\"woocommerce_loop_add_to_cart_link_describedby_12881\" data-quantity=\"1\" class=\"button product_type_variable\" data-product_id=\"12881\" data-product_sku=\"\" aria-label=\"S\u00e9lectionner les options pour &ldquo;Publication personnelle&rdquo;\" rel=\"nofollow\">D\u00e9couvrez<\/a><\/div>\t<span id=\"woocommerce_loop_add_to_cart_link_describedby_12881\" class=\"screen-reader-text\">\n\t\t\t<\/span>\n<\/li>\n<\/ul>\n<\/div>\t\t\t\t<\/div>\n\t\t\t\t<\/div>\n\t\t\t\t<div class=\"elementor-element elementor-element-3cf6ff1 elementor-widget elementor-widget-shortcode\" data-id=\"3cf6ff1\" data-element_type=\"widget\" data-e-type=\"widget\" data-widget_type=\"shortcode.default\">\n\t\t\t\t<div class=\"elementor-widget-container\">\n\t\t\t\t\t\t\t<div class=\"elementor-shortcode\">\t\t<div data-elementor-type=\"container\" data-elementor-id=\"12924\" class=\"elementor elementor-12924 elementor-9971 elementor-9971 elementor-9971\" data-elementor-post-type=\"elementor_library\">\n\t\t\t\t<div class=\"elementor-element elementor-element-110602d e-con-full e-flex e-con e-parent\" data-id=\"110602d\" data-element_type=\"container\" data-e-type=\"container\">\n\t\t\t\t<div class=\"elementor-element elementor-element-b45cbf3 elementor-align-center elementor-widget elementor-widget-button\" data-id=\"b45cbf3\" data-element_type=\"widget\" data-e-type=\"widget\" data-widget_type=\"button.default\">\n\t\t\t\t<div class=\"elementor-widget-container\">\n\t\t\t\t\t\t\t\t\t<div class=\"elementor-button-wrapper\">\n\t\t\t\t\t<a class=\"elementor-button elementor-button-link elementor-size-sm\" href=\"#elementor-action%3Aaction%3Dpopup%3Aopen%26settings%3DeyJpZCI6MTI2MjQsInRvZ2dsZSI6ZmFsc2V9\">\n\t\t\t\t\t\t<span class=\"elementor-button-content-wrapper\">\n\t\t\t\t\t\t\t\t\t<span class=\"elementor-button-text\">Connectez-vous pour voir les prix<\/span>\n\t\t\t\t\t<\/span>\n\t\t\t\t\t<\/a>\n\t\t\t\t<\/div>\n\t\t\t\t\t\t\t\t<\/div>\n\t\t\t\t<\/div>\n\t\t\t\t<\/div>\n\t\t\t\t<\/div>\n\t\t<\/div>\n\t\t\t\t\t\t<\/div>\n\t\t\t\t<\/div>\n\t\t\t\t<\/div>\n\t\t\t\t<\/div>\n\t\t<\/div>\n\t\t\t\t\t\t<\/div>\n\t\t\t\t<\/div>\n\t\t\t\t<\/div>\n\t\t<div class=\"elementor-element elementor-element-6d00d2d e-con-full e-flex e-con e-parent\" data-id=\"6d00d2d\" data-element_type=\"container\" data-e-type=\"container\">\n\t\t\t\t<div class=\"elementor-element elementor-element-4f625a3 elementor-widget elementor-widget-shortcode\" data-id=\"4f625a3\" data-element_type=\"widget\" data-e-type=\"widget\" data-widget_type=\"shortcode.default\">\n\t\t\t\t<div class=\"elementor-widget-container\">\n\t\t\t\t\t\t\t<div class=\"elementor-shortcode\">\t\t<div data-elementor-type=\"container\" data-elementor-id=\"12628\" class=\"elementor elementor-12628 elementor-9478 elementor-9478\" data-elementor-post-type=\"elementor_library\">\n\t\t\t\t<div class=\"elementor-element elementor-element-41f4cae e-flex e-con-boxed e-con e-child\" data-id=\"41f4cae\" data-element_type=\"container\" data-e-type=\"container\" data-settings=\"{&quot;background_background&quot;:&quot;classic&quot;}\">\n\t\t\t\t\t<div class=\"e-con-inner\">\n\t\t\t\t<div class=\"elementor-element elementor-element-0cb4b32 elementor-align-justify elementor-widget elementor-widget-button\" data-id=\"0cb4b32\" data-element_type=\"widget\" data-e-type=\"widget\" data-widget_type=\"button.default\">\n\t\t\t\t<div class=\"elementor-widget-container\">\n\t\t\t\t\t\t\t\t\t<div class=\"elementor-button-wrapper\">\n\t\t\t\t\t<a class=\"elementor-button elementor-button-link elementor-size-md\" href=\"https:\/\/butterflies4events.com\/fr\/comment-ca-marche\/\">\n\t\t\t\t\t\t<span class=\"elementor-button-content-wrapper\">\n\t\t\t\t\t\t\t\t\t<span class=\"elementor-button-text\">Comment recevoir vos papillons<\/span>\n\t\t\t\t\t<\/span>\n\t\t\t\t\t<\/a>\n\t\t\t\t<\/div>\n\t\t\t\t\t\t\t\t<\/div>\n\t\t\t\t<\/div>\n\t\t\t\t<div class=\"elementor-element elementor-element-2f7852c elementor-align-center elementor-widget elementor-widget-button\" data-id=\"2f7852c\" data-element_type=\"widget\" data-e-type=\"widget\" data-widget_type=\"button.default\">\n\t\t\t\t<div class=\"elementor-widget-container\">\n\t\t\t\t\t\t\t\t\t<div class=\"elementor-button-wrapper\">\n\t\t\t\t\t<a class=\"elementor-button elementor-button-link elementor-size-md\" href=\"https:\/\/butterflies4events.com\/fr\/conseils-pour-la-photo-et-la-video\/\">\n\t\t\t\t\t\t<span class=\"elementor-button-content-wrapper\">\n\t\t\t\t\t\t\t\t\t<span class=\"elementor-button-text\">D\u00e9couvrez nos conseils pour des photos et des vid\u00e9os inoubliables<\/span>\n\t\t\t\t\t<\/span>\n\t\t\t\t\t<\/a>\n\t\t\t\t<\/div>\n\t\t\t\t\t\t\t\t<\/div>\n\t\t\t\t<\/div>\n\t\t\t\t\t<\/div>\n\t\t\t\t<\/div>\n\t\t\t\t<\/div>\n\t\t<\/div>\n\t\t\t\t\t\t<\/div>\n\t\t\t\t<\/div>\n\t\t\t\t<\/div>\n\t\t\t\t<\/div>\n\t\t","protected":false},"excerpt":{"rendered":"<p>Avis juridique Pr\u00e9par\u00e9 par la Ligue italienne pour la protection des oiseaux (L.I.P.U.), D\u00e9l\u00e9gation de Bologne et de la ville m\u00e9tropolitaine A) Selon l&rsquo;article 727, premier paragraphe, du code p\u00e9nal italien, la lib\u00e9ration d&rsquo;esp\u00e8ces animales non indig\u00e8nes sur le territoire national constitue le crime d&rsquo;\u00a0\u00bbabandon d&rsquo;animaux\u00a0\u00bb ; B) Conform\u00e9ment \u00e0 la loi r\u00e9gionale n\u00b0 5 [&hellip;]<\/p>\n","protected":false},"author":1,"featured_media":0,"parent":0,"menu_order":0,"comment_status":"closed","ping_status":"closed","template":"","meta":{"_acf_changed":false,"footnotes":""},"folder":[282],"class_list":["post-12787","page","type-page","status-publish","hentry"],"acf":[],"yoast_head":"<!-- This site is optimized with the Yoast SEO plugin v27.5 - https:\/\/yoast.com\/product\/yoast-seo-wordpress\/ -->\n<title>Lignes directrices juridiques &#8226; %.<\/title>\n<meta name=\"robots\" content=\"index, follow, max-snippet:-1, max-image-preview:large, max-video-preview:-1\" \/>\n<link rel=\"canonical\" href=\"https:\/\/butterflies4events.com\/fr\/lignes-directrices-juridiques\/\" \/>\n<meta property=\"og:locale\" content=\"fr_FR\" \/>\n<meta property=\"og:type\" content=\"article\" \/>\n<meta property=\"og:title\" content=\"Lignes directrices juridiques &#8226; %.\" \/>\n<meta property=\"og:description\" content=\"Avis juridique Pr\u00e9par\u00e9 par la Ligue italienne pour la protection des oiseaux (L.I.P.U.), D\u00e9l\u00e9gation de Bologne et de la ville m\u00e9tropolitaine A) Selon l&rsquo;article 727, premier paragraphe, du code p\u00e9nal italien, la lib\u00e9ration d&rsquo;esp\u00e8ces animales non indig\u00e8nes sur le territoire national constitue le crime d&#039;\u00a0\u00bbabandon d&rsquo;animaux\u00a0\u00bb ; B) Conform\u00e9ment \u00e0 la loi r\u00e9gionale n\u00b0 5 [&hellip;]\" \/>\n<meta property=\"og:url\" content=\"https:\/\/butterflies4events.com\/fr\/lignes-directrices-juridiques\/\" \/>\n<meta property=\"og:site_name\" content=\"Papillons pour les \u00e9v\u00e9nements\" \/>\n<meta property=\"article:publisher\" content=\"https:\/\/www.facebook.com\/farfallepereventi\/\" \/>\n<meta property=\"article:modified_time\" content=\"2026-01-19T17:00:18+00:00\" \/>\n<meta property=\"og:image\" content=\"https:\/\/butterflies4events.com\/wp-content\/uploads\/2023\/12\/GiadaAdMaiora-shooting@Gallizio-297-1.jpg?wsr\" \/>\n\t<meta property=\"og:image:width\" content=\"2249\" \/>\n\t<meta property=\"og:image:height\" content=\"1500\" \/>\n\t<meta property=\"og:image:type\" content=\"image\/jpeg\" \/>\n<meta name=\"twitter:card\" content=\"summary_large_image\" \/>\n<meta name=\"twitter:label1\" content=\"Dur\u00e9e de lecture estim\u00e9e\" \/>\n\t<meta name=\"twitter:data1\" content=\"2 minutes\" \/>\n<script type=\"application\/ld+json\" class=\"yoast-schema-graph\">{\"@context\":\"https:\\\/\\\/schema.org\",\"@graph\":[{\"@type\":\"WebPage\",\"@id\":\"https:\\\/\\\/butterflies4events.com\\\/fr\\\/lignes-directrices-juridiques\\\/\",\"url\":\"https:\\\/\\\/butterflies4events.com\\\/fr\\\/lignes-directrices-juridiques\\\/\",\"name\":\"Lignes directrices juridiques &#8226; %.\",\"isPartOf\":{\"@id\":\"https:\\\/\\\/butterflies4events.com\\\/fr\\\/#website\"},\"datePublished\":\"2024-01-03T10:59:28+00:00\",\"dateModified\":\"2026-01-19T17:00:18+00:00\",\"breadcrumb\":{\"@id\":\"https:\\\/\\\/butterflies4events.com\\\/fr\\\/lignes-directrices-juridiques\\\/#breadcrumb\"},\"inLanguage\":\"fr-FR\",\"potentialAction\":[{\"@type\":\"ReadAction\",\"target\":[\"https:\\\/\\\/butterflies4events.com\\\/fr\\\/lignes-directrices-juridiques\\\/\"]}]},{\"@type\":\"BreadcrumbList\",\"@id\":\"https:\\\/\\\/butterflies4events.com\\\/fr\\\/lignes-directrices-juridiques\\\/#breadcrumb\",\"itemListElement\":[{\"@type\":\"ListItem\",\"position\":1,\"name\":\"Accueil\",\"item\":\"https:\\\/\\\/butterflies4events.com\\\/fr\\\/\"},{\"@type\":\"ListItem\",\"position\":2,\"name\":\"Lignes directrices juridiques\"}]},{\"@type\":\"WebSite\",\"@id\":\"https:\\\/\\\/butterflies4events.com\\\/fr\\\/#website\",\"url\":\"https:\\\/\\\/butterflies4events.com\\\/fr\\\/\",\"name\":\"Farfalle x Eventi\",\"description\":\"Moments inoubliables\",\"publisher\":{\"@id\":\"https:\\\/\\\/butterflies4events.com\\\/fr\\\/#organization\"},\"alternateName\":\"FxE\",\"potentialAction\":[{\"@type\":\"SearchAction\",\"target\":{\"@type\":\"EntryPoint\",\"urlTemplate\":\"https:\\\/\\\/butterflies4events.com\\\/fr\\\/?s={search_term_string}\"},\"query-input\":{\"@type\":\"PropertyValueSpecification\",\"valueRequired\":true,\"valueName\":\"search_term_string\"}}],\"inLanguage\":\"fr-FR\"},{\"@type\":\"Organization\",\"@id\":\"https:\\\/\\\/butterflies4events.com\\\/fr\\\/#organization\",\"name\":\"Farfalle x Eventi\",\"alternateName\":\"FxE\",\"url\":\"https:\\\/\\\/butterflies4events.com\\\/fr\\\/\",\"logo\":{\"@type\":\"ImageObject\",\"inLanguage\":\"fr-FR\",\"@id\":\"https:\\\/\\\/butterflies4events.com\\\/fr\\\/#\\\/schema\\\/logo\\\/image\\\/\",\"url\":\"\",\"contentUrl\":\"\",\"caption\":\"Farfalle x Eventi\"},\"image\":{\"@id\":\"https:\\\/\\\/butterflies4events.com\\\/fr\\\/#\\\/schema\\\/logo\\\/image\\\/\"},\"sameAs\":[\"https:\\\/\\\/www.facebook.com\\\/farfallepereventi\\\/\",\"https:\\\/\\\/www.instagram.com\\\/farfallexeventi\\\/\"]}]}<\/script>\n<!-- \/ Yoast SEO plugin. -->","yoast_head_json":{"title":"Lignes directrices juridiques &#8226; %.","robots":{"index":"index","follow":"follow","max-snippet":"max-snippet:-1","max-image-preview":"max-image-preview:large","max-video-preview":"max-video-preview:-1"},"canonical":"https:\/\/butterflies4events.com\/fr\/lignes-directrices-juridiques\/","og_locale":"fr_FR","og_type":"article","og_title":"Lignes directrices juridiques &#8226; %.","og_description":"Avis juridique Pr\u00e9par\u00e9 par la Ligue italienne pour la protection des oiseaux (L.I.P.U.), D\u00e9l\u00e9gation de Bologne et de la ville m\u00e9tropolitaine A) Selon l&rsquo;article 727, premier paragraphe, du code p\u00e9nal italien, la lib\u00e9ration d&rsquo;esp\u00e8ces animales non indig\u00e8nes sur le territoire national constitue le crime d'\u00a0\u00bbabandon d&rsquo;animaux\u00a0\u00bb ; B) Conform\u00e9ment \u00e0 la loi r\u00e9gionale n\u00b0 5 [&hellip;]","og_url":"https:\/\/butterflies4events.com\/fr\/lignes-directrices-juridiques\/","og_site_name":"Papillons pour les \u00e9v\u00e9nements","article_publisher":"https:\/\/www.facebook.com\/farfallepereventi\/","article_modified_time":"2026-01-19T17:00:18+00:00","og_image":[{"width":2249,"height":1500,"url":"https:\/\/butterflies4events.com\/wp-content\/uploads\/2023\/12\/GiadaAdMaiora-shooting@Gallizio-297-1.jpg?wsr","type":"image\/jpeg"}],"twitter_card":"summary_large_image","twitter_misc":{"Dur\u00e9e de lecture estim\u00e9e":"2 minutes"},"schema":{"@context":"https:\/\/schema.org","@graph":[{"@type":"WebPage","@id":"https:\/\/butterflies4events.com\/fr\/lignes-directrices-juridiques\/","url":"https:\/\/butterflies4events.com\/fr\/lignes-directrices-juridiques\/","name":"Lignes directrices juridiques &#8226; %.","isPartOf":{"@id":"https:\/\/butterflies4events.com\/fr\/#website"},"datePublished":"2024-01-03T10:59:28+00:00","dateModified":"2026-01-19T17:00:18+00:00","breadcrumb":{"@id":"https:\/\/butterflies4events.com\/fr\/lignes-directrices-juridiques\/#breadcrumb"},"inLanguage":"fr-FR","potentialAction":[{"@type":"ReadAction","target":["https:\/\/butterflies4events.com\/fr\/lignes-directrices-juridiques\/"]}]},{"@type":"BreadcrumbList","@id":"https:\/\/butterflies4events.com\/fr\/lignes-directrices-juridiques\/#breadcrumb","itemListElement":[{"@type":"ListItem","position":1,"name":"Accueil","item":"https:\/\/butterflies4events.com\/fr\/"},{"@type":"ListItem","position":2,"name":"Lignes directrices juridiques"}]},{"@type":"WebSite","@id":"https:\/\/butterflies4events.com\/fr\/#website","url":"https:\/\/butterflies4events.com\/fr\/","name":"Farfalle x Eventi","description":"Moments inoubliables","publisher":{"@id":"https:\/\/butterflies4events.com\/fr\/#organization"},"alternateName":"FxE","potentialAction":[{"@type":"SearchAction","target":{"@type":"EntryPoint","urlTemplate":"https:\/\/butterflies4events.com\/fr\/?s={search_term_string}"},"query-input":{"@type":"PropertyValueSpecification","valueRequired":true,"valueName":"search_term_string"}}],"inLanguage":"fr-FR"},{"@type":"Organization","@id":"https:\/\/butterflies4events.com\/fr\/#organization","name":"Farfalle x Eventi","alternateName":"FxE","url":"https:\/\/butterflies4events.com\/fr\/","logo":{"@type":"ImageObject","inLanguage":"fr-FR","@id":"https:\/\/butterflies4events.com\/fr\/#\/schema\/logo\/image\/","url":"","contentUrl":"","caption":"Farfalle x Eventi"},"image":{"@id":"https:\/\/butterflies4events.com\/fr\/#\/schema\/logo\/image\/"},"sameAs":["https:\/\/www.facebook.com\/farfallepereventi\/","https:\/\/www.instagram.com\/farfallexeventi\/"]}]}},"_links":{"self":[{"href":"https:\/\/butterflies4events.com\/fr\/wp-json\/wp\/v2\/pages\/12787","targetHints":{"allow":["GET"]}}],"collection":[{"href":"https:\/\/butterflies4events.com\/fr\/wp-json\/wp\/v2\/pages"}],"about":[{"href":"https:\/\/butterflies4events.com\/fr\/wp-json\/wp\/v2\/types\/page"}],"author":[{"embeddable":true,"href":"https:\/\/butterflies4events.com\/fr\/wp-json\/wp\/v2\/users\/1"}],"replies":[{"embeddable":true,"href":"https:\/\/butterflies4events.com\/fr\/wp-json\/wp\/v2\/comments?post=12787"}],"version-history":[{"count":1,"href":"https:\/\/butterflies4events.com\/fr\/wp-json\/wp\/v2\/pages\/12787\/revisions"}],"predecessor-version":[{"id":12788,"href":"https:\/\/butterflies4events.com\/fr\/wp-json\/wp\/v2\/pages\/12787\/revisions\/12788"}],"wp:attachment":[{"href":"https:\/\/butterflies4events.com\/fr\/wp-json\/wp\/v2\/media?parent=12787"}],"wp:term":[{"taxonomy":"folder","embeddable":true,"href":"https:\/\/butterflies4events.com\/fr\/wp-json\/wp\/v2\/folder?post=12787"}],"curies":[{"name":"wp","href":"https:\/\/api.w.org\/{rel}","templated":true}]}}