{"id":12461,"date":"2023-12-14T11:56:00","date_gmt":"2023-12-14T11:56:00","guid":{"rendered":"https:\/\/butterflies4events.com\/politique-de-confidentialite\/"},"modified":"2026-01-19T17:00:13","modified_gmt":"2026-01-19T17:00:13","slug":"politique-de-confidentialite","status":"publish","type":"page","link":"https:\/\/butterflies4events.com\/fr\/politique-de-confidentialite\/","title":{"rendered":"Politique de confidentialit\u00e9"},"content":{"rendered":"\t\t<div data-elementor-type=\"wp-page\" data-elementor-id=\"12461\" class=\"elementor elementor-12461 elementor-3\" data-elementor-post-type=\"page\">\n\t\t\t\t<div class=\"elementor-element elementor-element-1c4f99d e-flex e-con-boxed e-con e-parent\" data-id=\"1c4f99d\" data-element_type=\"container\" data-e-type=\"container\">\n\t\t\t\t\t<div class=\"e-con-inner\">\n\t\t\t\t<div class=\"elementor-element elementor-element-6224cb1f elementor-widget elementor-widget-text-editor\" data-id=\"6224cb1f\" data-element_type=\"widget\" data-e-type=\"widget\" data-widget_type=\"text-editor.default\">\n\t\t\t\t<div class=\"elementor-widget-container\">\n\t\t\t\t\t\t\t\t\t<h1>Politique de confidentialit\u00e9<\/h1>\t\t\t\t\t\t\t\t<\/div>\n\t\t\t\t<\/div>\n\t\t\t\t<div class=\"elementor-element elementor-element-954a21f elementor-widget elementor-widget-text-editor\" data-id=\"954a21f\" data-element_type=\"widget\" data-e-type=\"widget\" data-widget_type=\"text-editor.default\">\n\t\t\t\t<div class=\"elementor-widget-container\">\n\t\t\t\t\t\t\t\t\t<p><em>Veuillez noter que ce document est une traduction \u00e0 des fins d&rsquo;information uniquement. La version officielle et juridiquement contraignante est la version italienne. <\/em><\/p><p> <\/p><h3>Avis de traitement des donn\u00e9es personnelles<\/h3><p><strong>Conform\u00e9ment \u00e0 l&rsquo;article 13 du R\u00e8glement UE n\u00b0 2016\/679 (\u00a0\u00bb R\u00e8glement g\u00e9n\u00e9ral sur la protection des donn\u00e9es \u00a0\u00bb ou \u00a0\u00bb RGPD \u00ab\u00a0), SmartBugs s.s. (\u00a0\u00bb SB \u00ab\u00a0) informe par la pr\u00e9sente tous les utilisateurs (\u00a0\u00bb utilisateurs \u00a0\u00bb ou \u00a0\u00bb personnes concern\u00e9es \u00ab\u00a0) qui acc\u00e8dent au site web https:\/\/butterflies4events.com et utilisent ses services en ligne des informations suivantes. Cet avis s&rsquo;applique exclusivement au site web welcome.farfallexeventi.com et non aux autres sites web auxquels les utilisateurs peuvent acc\u00e9der par le biais de liens sur ce portail. <\/strong><\/p><p> <\/p><h3>Contr\u00f4leur des donn\u00e9es<\/h3><p>Le contr\u00f4leur des donn\u00e9es est SmartBugs s.s., dont le si\u00e8ge se trouve \u00e0 Villorba (TV), Via Cave, 66 &#8211; num\u00e9ro de TVA IT04659080263, e-mail <a class=\"cursor-pointer\" rel=\"noopener\" data-start=\"804\" data-end=\"828\">info.smartbugs@gmail.com<\/a>. <\/p><p> <\/p><h3>Donn\u00e9es trait\u00e9es, finalit\u00e9 et base juridique du traitement<\/h3><p data-start=\"836\" data-end=\"1134\">Les donn\u00e9es personnelles trait\u00e9es directement par le contr\u00f4leur ou par des sous-traitants tiers comprennent des donn\u00e9es d&rsquo;identification telles que le nom, le pr\u00e9nom, le code fiscal, l&rsquo;adresse, le num\u00e9ro de t\u00e9l\u00e9phone, l&rsquo;adresse \u00e9lectronique, les coordonn\u00e9es bancaires et de paiement, aux fins suivantes :<\/p><ul data-start=\"1136\" data-end=\"1723\"><li data-start=\"1136\" data-end=\"1228\"><p data-start=\"1138\" data-end=\"1228\">remplir les obligations pr\u00e9contractuelles et contractuelles li\u00e9es au service demand\u00e9 ;<\/p><\/li><li data-start=\"1229\" data-end=\"1326\"><p data-start=\"1231\" data-end=\"1326\">Respecter les obligations l\u00e9gales ou r\u00e9glementaires, y compris les demandes des autorit\u00e9s judiciaires ;<\/p><\/li><li data-start=\"1327\" data-end=\"1392\"><p data-start=\"1329\" data-end=\"1392\">Exercer les droits du contr\u00f4leur, y compris la d\u00e9fense juridique ;<\/p><\/li><li data-start=\"1393\" data-end=\"1541\"><p data-start=\"1395\" data-end=\"1541\">Uniquement sur consentement explicite, \u00e0 des fins de marketing (envoi d&rsquo;e-mails, de SMS, de bulletins d&rsquo;information pour promouvoir les produits ou services offerts par le contr\u00f4leur) ;<\/p><\/li><li data-start=\"1542\" data-end=\"1723\"><p data-start=\"1544\" data-end=\"1723\">G\u00e9rer et entretenir le site web, permettre l&rsquo;utilisation des services, satisfaire les demandes des utilisateurs et pr\u00e9venir ou d\u00e9tecter les activit\u00e9s frauduleuses ou les abus \u00e0 l&rsquo;encontre du contr\u00f4leur via le site web.<\/p><\/li><\/ul><p data-start=\"1725\" data-end=\"2057\">La base juridique du traitement des donn\u00e9es en vertu des points 1 et 5 est l&rsquo;ex\u00e9cution du contrat ou des activit\u00e9s pr\u00e9contractuelles demand\u00e9es par l&rsquo;utilisateur ; pour le point 2, il s&rsquo;agit du respect des obligations l\u00e9gales ; pour le point 3, il s&rsquo;agit des int\u00e9r\u00eats l\u00e9gitimes poursuivis par le responsable du traitement ; pour le point 4, il s&rsquo;agit du consentement librement donn\u00e9 de la personne concern\u00e9e.<\/p><p data-start=\"1725\" data-end=\"2057\"> <\/p><h3>Nature des donn\u00e9es fournies<\/h3><p>La fourniture de donn\u00e9es \u00e0 caract\u00e8re personnel pour le traitement est facultative. Toutefois, le fait de ne pas fournir tout ou partie des donn\u00e9es peut entra\u00eener l&rsquo;impossibilit\u00e9 partielle ou totale d&rsquo;\u00e9tablir ou de poursuivre la relation contractuelle, lorsque ces donn\u00e9es sont n\u00e9cessaires \u00e0 l&rsquo;ex\u00e9cution du contrat. <\/p><p>La fourniture de donn\u00e9es \u00e0 des fins de marketing est \u00e9galement facultative. Les utilisateurs peuvent refuser ou r\u00e9voquer ult\u00e9rieurement leur consentement aux communications marketing ; dans ce cas, ils ne recevront pas de bulletins d&rsquo;information, de communications commerciales ou de mat\u00e9riel publicitaire li\u00e9 aux services du contr\u00f4leur. <\/p><p> <\/p><h3>Destinataires ou cat\u00e9gories de destinataires des donn\u00e9es \u00e0 caract\u00e8re personnel<\/h3><p data-start=\"2614\" data-end=\"2997\">Le traitement des donn\u00e9es est effectu\u00e9 par du personnel interne autoris\u00e9 (employ\u00e9s, collaborateurs) instruit conform\u00e9ment aux r\u00e9glementations applicables en mati\u00e8re de protection de la vie priv\u00e9e et de s\u00e9curit\u00e9 des donn\u00e9es.<\/p><p data-start=\"2614\" data-end=\"2997\">Le cas \u00e9ch\u00e9ant, les donn\u00e9es peuvent \u00eatre trait\u00e9es par des sous-traitants tiers (conform\u00e9ment \u00e0 l&rsquo;article 28 du RGPD) ou des responsables du traitement ind\u00e9pendants, y compris mais sans s&rsquo;y limiter :<\/p><ul data-start=\"2999\" data-end=\"3494\"><li data-start=\"2999\" data-end=\"3105\"><p data-start=\"3001\" data-end=\"3105\">Professionnels, entreprises, associations ou cabinets fournissant une assistance administrative, comptable ou fiscale ;<\/p><\/li><li data-start=\"3106\" data-end=\"3182\"><p data-start=\"3108\" data-end=\"3182\">Les institutions publiques tenues par la loi de recevoir des communications obligatoires ;<\/p><\/li><li data-start=\"3183\" data-end=\"3345\"><p data-start=\"3185\" data-end=\"3345\">Les banques, les prestataires de services de paiement, les professionnels qui g\u00e8rent les paiements par carte de cr\u00e9dit ou les paiements \u00e9lectroniques, les services postaux et de messagerie, et les agents de recouvrement ;<\/p><\/li><li data-start=\"3346\" data-end=\"3430\"><p data-start=\"3348\" data-end=\"3430\">Plateformes de services de messagerie (par exemple, <a class=\"\" href=\"https:\/\/it.sendinblue.com\/legal\/termsofuse\/\" target=\"_new\" rel=\"noopener\" data-start=\"3383\" data-end=\"3426\">https:\/\/it.sendinblue.com\/legal\/termsofuse\/)<\/a>;<\/p><\/li><li data-start=\"3431\" data-end=\"3494\"><p data-start=\"3433\" data-end=\"3494\">Les courriers et autres transporteurs responsables de la livraison des produits.<\/p><\/li><\/ul><p data-start=\"3496\" data-end=\"3550\">Les donn\u00e9es \u00e0 caract\u00e8re personnel ne font pas l&rsquo;objet d&rsquo;une diffusion publique.<\/p><p data-start=\"3496\" data-end=\"3550\"> <\/p><h3>Transferts de donn\u00e9es vers des pays tiers ou des organisations internationales<\/h3><p>Aucun transfert de donn\u00e9es \u00e0 caract\u00e8re personnel en dehors de l&rsquo;UE ou \u00e0 des organisations internationales ne disposant pas de garanties juridiques ad\u00e9quates au titre du GDPR n&rsquo;est pr\u00e9vu dans le cadre de la gestion contractuelle.<\/p><p> <\/p><h3>P\u00e9riode de conservation des donn\u00e9es<\/h3><p>Aux fins des points 1, 2 et 3, les donn\u00e9es personnelles seront trait\u00e9es et conserv\u00e9es par le responsable du traitement pendant la dur\u00e9e de la relation contractuelle et, par la suite, pendant les p\u00e9riodes l\u00e9galement requises en mati\u00e8re de comptabilit\u00e9, de fiscalit\u00e9, de droit civil et de proc\u00e9dures (10 ans).<\/p><p>\u00c0 des fins de marketing (point 4), les donn\u00e9es seront conserv\u00e9es pendant deux ans ou jusqu&rsquo;au retrait du consentement ou \u00e0 l&rsquo;exercice du droit \u00e0 l&rsquo;effacement par la personne concern\u00e9e.<\/p><p> <\/p><h3>Acc\u00e8s aux sites web externes<\/h3><p>Le portail peut contenir des liens vers des sites web de tiers pour la commodit\u00e9 et l&rsquo;information des utilisateurs. L&rsquo;acc\u00e8s \u00e0 ces liens conduit les utilisateurs hors du site du contr\u00f4leur vers des sites externes non contr\u00f4l\u00e9s par le contr\u00f4leur, qui n&rsquo;assume aucune responsabilit\u00e9 quant \u00e0 leurs pratiques en mati\u00e8re de donn\u00e9es. Il est conseill\u00e9 aux utilisateurs de consulter les politiques de confidentialit\u00e9 de chaque site externe.  <\/p><p> <\/p><h3>Droits des personnes concern\u00e9es<\/h3><p data-start=\"4662\" data-end=\"4773\">En vertu des articles 7, 15 \u00e0 21 et 77 du GDPR, les personnes concern\u00e9es ont les droits suivants :<\/p><ul data-start=\"4775\" data-end=\"6102\"><li data-start=\"4775\" data-end=\"4902\"><p data-start=\"4777\" data-end=\"4902\">Droit d&rsquo;acc\u00e8s (art. 15) : confirmer si des donn\u00e9es \u00e0 caract\u00e8re personnel les concernant sont trait\u00e9es et obtenir une copie de ces donn\u00e9es ;<\/p><\/li><li data-start=\"4903\" data-end=\"5036\"><p data-start=\"4905\" data-end=\"5036\">Droit de rectification (article 16) : droit de faire rectifier des donn\u00e9es \u00e0 caract\u00e8re personnel inexactes dans un d\u00e9lai raisonnable et de compl\u00e9ter des donn\u00e9es incompl\u00e8tes ;<\/p><\/li><li data-start=\"5037\" data-end=\"5149\"><p data-start=\"5039\" data-end=\"5149\">Droit \u00e0 l&rsquo;effacement (droit \u00e0 l&rsquo;oubli) (article 17) : obtenir l&rsquo;effacement des donn\u00e9es \u00e0 caract\u00e8re personnel dans un d\u00e9lai raisonnable ;<\/p><\/li><li data-start=\"5150\" data-end=\"5316\"><p data-start=\"5152\" data-end=\"5316\">Droit \u00e0 la limitation du traitement (article 18) : pour limiter le traitement dans des circonstances sp\u00e9cifiques (par exemple, contestation de l&rsquo;exactitude des donn\u00e9es, traitement ill\u00e9gal, actions en justice) ;<\/p><\/li><li data-start=\"5317\" data-end=\"5477\"><p data-start=\"5319\" data-end=\"5477\">Droit \u00e0 la portabilit\u00e9 des donn\u00e9es (article 20) : recevoir les donn\u00e9es \u00e0 caract\u00e8re personnel dans un format structur\u00e9, couramment utilis\u00e9 et lisible par machine, et les transmettre \u00e0 un autre responsable du traitement ;<\/p><\/li><li data-start=\"5478\" data-end=\"5766\"><p data-start=\"5480\" data-end=\"5766\">Droit d&rsquo;opposition (article 21) : s&rsquo;opposer au traitement des donn\u00e9es fond\u00e9 sur les int\u00e9r\u00eats l\u00e9gitimes ou l&rsquo;int\u00e9r\u00eat public, y compris le profilage, sauf s&rsquo;il existe des motifs l\u00e9gitimes imp\u00e9rieux ; s&rsquo;opposer \u00e9galement \u00e0 tout moment au traitement par marketing direct, y compris le profilage li\u00e9 au marketing direct ;<\/p><\/li><li data-start=\"5767\" data-end=\"5907\"><p data-start=\"5769\" data-end=\"5907\">Droit de retirer son consentement (article 7) : le consentement peut \u00eatre r\u00e9voqu\u00e9 \u00e0 tout moment sans affecter la l\u00e9galit\u00e9 du traitement avant le retrait ;<\/p><\/li><li data-start=\"5908\" data-end=\"6102\"><p data-start=\"5910\" data-end=\"6102\">Droit d&rsquo;introduire une r\u00e9clamation (article 77) : la personne concern\u00e9e peut introduire une r\u00e9clamation aupr\u00e8s de l&rsquo;autorit\u00e9 de contr\u00f4le (Garante per la protezione dei dati personali, Piazza Venezia 11, 00187 Rome, Italie).<\/p><\/li><\/ul><p data-start=\"6104\" data-end=\"6448\">Les personnes concern\u00e9es peuvent exercer leurs droits gratuitement en envoyant une lettre recommand\u00e9e avec accus\u00e9 de r\u00e9ception \u00e0 : SmartBugs s.s., Via Cave, 66 &#8211; 31020 Villorba (TV), Italie, ou par courrier \u00e9lectronique \u00e0 l&rsquo;adresse <a class=\"cursor-pointer\" rel=\"noopener\" data-start=\"6288\" data-end=\"6312\">info.smartbugs@gmail.com.<\/a><\/p><p data-start=\"6104\" data-end=\"6448\">Les demandes infond\u00e9es ou excessives, y compris les demandes r\u00e9p\u00e9titives, peuvent donner lieu \u00e0 des frais administratifs raisonnables ou au rejet de la demande.<\/p>\t\t\t\t\t\t\t\t<\/div>\n\t\t\t\t<\/div>\n\t\t\t\t\t<\/div>\n\t\t\t\t<\/div>\n\t\t\t\t<\/div>\n\t\t","protected":false},"excerpt":{"rendered":"<p>Politique de confidentialit\u00e9 Veuillez noter que ce document est une traduction \u00e0 des fins d&rsquo;information uniquement. La version officielle et juridiquement contraignante est la version italienne. Avis de traitement des donn\u00e9es personnelles Conform\u00e9ment \u00e0 l&rsquo;article 13 du R\u00e8glement UE n\u00b0 2016\/679 (\u00a0\u00bb R\u00e8glement g\u00e9n\u00e9ral sur la protection des donn\u00e9es \u00a0\u00bb ou \u00a0\u00bb RGPD \u00ab\u00a0), SmartBugs [&hellip;]<\/p>\n","protected":false},"author":1,"featured_media":0,"parent":0,"menu_order":0,"comment_status":"closed","ping_status":"open","template":"","meta":{"_acf_changed":false,"footnotes":""},"folder":[282],"class_list":["post-12461","page","type-page","status-publish","hentry"],"acf":[],"yoast_head":"<!-- This site is optimized with the Yoast SEO plugin v27.5 - https:\/\/yoast.com\/product\/yoast-seo-wordpress\/ -->\n<title>Politique de confidentialit\u00e9 &#8226; %.<\/title>\n<meta name=\"robots\" content=\"index, follow, max-snippet:-1, max-image-preview:large, max-video-preview:-1\" \/>\n<link rel=\"canonical\" href=\"https:\/\/butterflies4events.com\/fr\/politique-de-confidentialite\/\" \/>\n<meta property=\"og:locale\" content=\"fr_FR\" \/>\n<meta property=\"og:type\" content=\"article\" \/>\n<meta property=\"og:title\" content=\"Politique de confidentialit\u00e9 &#8226; %.\" \/>\n<meta property=\"og:description\" content=\"Politique de confidentialit\u00e9 Veuillez noter que ce document est une traduction \u00e0 des fins d&rsquo;information uniquement. La version officielle et juridiquement contraignante est la version italienne. Avis de traitement des donn\u00e9es personnelles Conform\u00e9ment \u00e0 l&rsquo;article 13 du R\u00e8glement UE n\u00b0 2016\/679 (\u00a0\u00bb R\u00e8glement g\u00e9n\u00e9ral sur la protection des donn\u00e9es \u00a0\u00bb ou \u00a0\u00bb RGPD \u00ab\u00a0), SmartBugs [&hellip;]\" \/>\n<meta property=\"og:url\" content=\"https:\/\/butterflies4events.com\/fr\/politique-de-confidentialite\/\" \/>\n<meta property=\"og:site_name\" content=\"Papillons pour les \u00e9v\u00e9nements\" \/>\n<meta property=\"article:publisher\" content=\"https:\/\/www.facebook.com\/farfallepereventi\/\" \/>\n<meta property=\"article:modified_time\" content=\"2026-01-19T17:00:13+00:00\" \/>\n<meta property=\"og:image\" content=\"https:\/\/butterflies4events.com\/wp-content\/uploads\/2023\/12\/GiadaAdMaiora-shooting@Gallizio-297-1.jpg?wsr\" \/>\n\t<meta property=\"og:image:width\" content=\"2249\" \/>\n\t<meta property=\"og:image:height\" content=\"1500\" \/>\n\t<meta property=\"og:image:type\" content=\"image\/jpeg\" \/>\n<meta name=\"twitter:card\" content=\"summary_large_image\" \/>\n<meta name=\"twitter:label1\" content=\"Dur\u00e9e de lecture estim\u00e9e\" \/>\n\t<meta name=\"twitter:data1\" content=\"6 minutes\" \/>\n<script type=\"application\/ld+json\" class=\"yoast-schema-graph\">{\"@context\":\"https:\\\/\\\/schema.org\",\"@graph\":[{\"@type\":\"WebPage\",\"@id\":\"https:\\\/\\\/butterflies4events.com\\\/fr\\\/politique-de-confidentialite\\\/\",\"url\":\"https:\\\/\\\/butterflies4events.com\\\/fr\\\/politique-de-confidentialite\\\/\",\"name\":\"Politique de confidentialit\u00e9 &#8226; %.\",\"isPartOf\":{\"@id\":\"https:\\\/\\\/butterflies4events.com\\\/fr\\\/#website\"},\"datePublished\":\"2023-12-14T11:56:00+00:00\",\"dateModified\":\"2026-01-19T17:00:13+00:00\",\"breadcrumb\":{\"@id\":\"https:\\\/\\\/butterflies4events.com\\\/fr\\\/politique-de-confidentialite\\\/#breadcrumb\"},\"inLanguage\":\"fr-FR\",\"potentialAction\":[{\"@type\":\"ReadAction\",\"target\":[\"https:\\\/\\\/butterflies4events.com\\\/fr\\\/politique-de-confidentialite\\\/\"]}]},{\"@type\":\"BreadcrumbList\",\"@id\":\"https:\\\/\\\/butterflies4events.com\\\/fr\\\/politique-de-confidentialite\\\/#breadcrumb\",\"itemListElement\":[{\"@type\":\"ListItem\",\"position\":1,\"name\":\"Accueil\",\"item\":\"https:\\\/\\\/butterflies4events.com\\\/fr\\\/\"},{\"@type\":\"ListItem\",\"position\":2,\"name\":\"Politique de confidentialit\u00e9\"}]},{\"@type\":\"WebSite\",\"@id\":\"https:\\\/\\\/butterflies4events.com\\\/fr\\\/#website\",\"url\":\"https:\\\/\\\/butterflies4events.com\\\/fr\\\/\",\"name\":\"Farfalle x Eventi\",\"description\":\"Moments inoubliables\",\"publisher\":{\"@id\":\"https:\\\/\\\/butterflies4events.com\\\/fr\\\/#organization\"},\"alternateName\":\"FxE\",\"potentialAction\":[{\"@type\":\"SearchAction\",\"target\":{\"@type\":\"EntryPoint\",\"urlTemplate\":\"https:\\\/\\\/butterflies4events.com\\\/fr\\\/?s={search_term_string}\"},\"query-input\":{\"@type\":\"PropertyValueSpecification\",\"valueRequired\":true,\"valueName\":\"search_term_string\"}}],\"inLanguage\":\"fr-FR\"},{\"@type\":\"Organization\",\"@id\":\"https:\\\/\\\/butterflies4events.com\\\/fr\\\/#organization\",\"name\":\"Farfalle x Eventi\",\"alternateName\":\"FxE\",\"url\":\"https:\\\/\\\/butterflies4events.com\\\/fr\\\/\",\"logo\":{\"@type\":\"ImageObject\",\"inLanguage\":\"fr-FR\",\"@id\":\"https:\\\/\\\/butterflies4events.com\\\/fr\\\/#\\\/schema\\\/logo\\\/image\\\/\",\"url\":\"\",\"contentUrl\":\"\",\"caption\":\"Farfalle x Eventi\"},\"image\":{\"@id\":\"https:\\\/\\\/butterflies4events.com\\\/fr\\\/#\\\/schema\\\/logo\\\/image\\\/\"},\"sameAs\":[\"https:\\\/\\\/www.facebook.com\\\/farfallepereventi\\\/\",\"https:\\\/\\\/www.instagram.com\\\/farfallexeventi\\\/\"]}]}<\/script>\n<!-- \/ Yoast SEO plugin. -->","yoast_head_json":{"title":"Politique de confidentialit\u00e9 &#8226; %.","robots":{"index":"index","follow":"follow","max-snippet":"max-snippet:-1","max-image-preview":"max-image-preview:large","max-video-preview":"max-video-preview:-1"},"canonical":"https:\/\/butterflies4events.com\/fr\/politique-de-confidentialite\/","og_locale":"fr_FR","og_type":"article","og_title":"Politique de confidentialit\u00e9 &#8226; %.","og_description":"Politique de confidentialit\u00e9 Veuillez noter que ce document est une traduction \u00e0 des fins d&rsquo;information uniquement. La version officielle et juridiquement contraignante est la version italienne. Avis de traitement des donn\u00e9es personnelles Conform\u00e9ment \u00e0 l&rsquo;article 13 du R\u00e8glement UE n\u00b0 2016\/679 (\u00a0\u00bb R\u00e8glement g\u00e9n\u00e9ral sur la protection des donn\u00e9es \u00a0\u00bb ou \u00a0\u00bb RGPD \u00ab\u00a0), SmartBugs [&hellip;]","og_url":"https:\/\/butterflies4events.com\/fr\/politique-de-confidentialite\/","og_site_name":"Papillons pour les \u00e9v\u00e9nements","article_publisher":"https:\/\/www.facebook.com\/farfallepereventi\/","article_modified_time":"2026-01-19T17:00:13+00:00","og_image":[{"width":2249,"height":1500,"url":"https:\/\/butterflies4events.com\/wp-content\/uploads\/2023\/12\/GiadaAdMaiora-shooting@Gallizio-297-1.jpg?wsr","type":"image\/jpeg"}],"twitter_card":"summary_large_image","twitter_misc":{"Dur\u00e9e de lecture estim\u00e9e":"6 minutes"},"schema":{"@context":"https:\/\/schema.org","@graph":[{"@type":"WebPage","@id":"https:\/\/butterflies4events.com\/fr\/politique-de-confidentialite\/","url":"https:\/\/butterflies4events.com\/fr\/politique-de-confidentialite\/","name":"Politique de confidentialit\u00e9 &#8226; %.","isPartOf":{"@id":"https:\/\/butterflies4events.com\/fr\/#website"},"datePublished":"2023-12-14T11:56:00+00:00","dateModified":"2026-01-19T17:00:13+00:00","breadcrumb":{"@id":"https:\/\/butterflies4events.com\/fr\/politique-de-confidentialite\/#breadcrumb"},"inLanguage":"fr-FR","potentialAction":[{"@type":"ReadAction","target":["https:\/\/butterflies4events.com\/fr\/politique-de-confidentialite\/"]}]},{"@type":"BreadcrumbList","@id":"https:\/\/butterflies4events.com\/fr\/politique-de-confidentialite\/#breadcrumb","itemListElement":[{"@type":"ListItem","position":1,"name":"Accueil","item":"https:\/\/butterflies4events.com\/fr\/"},{"@type":"ListItem","position":2,"name":"Politique de confidentialit\u00e9"}]},{"@type":"WebSite","@id":"https:\/\/butterflies4events.com\/fr\/#website","url":"https:\/\/butterflies4events.com\/fr\/","name":"Farfalle x Eventi","description":"Moments inoubliables","publisher":{"@id":"https:\/\/butterflies4events.com\/fr\/#organization"},"alternateName":"FxE","potentialAction":[{"@type":"SearchAction","target":{"@type":"EntryPoint","urlTemplate":"https:\/\/butterflies4events.com\/fr\/?s={search_term_string}"},"query-input":{"@type":"PropertyValueSpecification","valueRequired":true,"valueName":"search_term_string"}}],"inLanguage":"fr-FR"},{"@type":"Organization","@id":"https:\/\/butterflies4events.com\/fr\/#organization","name":"Farfalle x Eventi","alternateName":"FxE","url":"https:\/\/butterflies4events.com\/fr\/","logo":{"@type":"ImageObject","inLanguage":"fr-FR","@id":"https:\/\/butterflies4events.com\/fr\/#\/schema\/logo\/image\/","url":"","contentUrl":"","caption":"Farfalle x Eventi"},"image":{"@id":"https:\/\/butterflies4events.com\/fr\/#\/schema\/logo\/image\/"},"sameAs":["https:\/\/www.facebook.com\/farfallepereventi\/","https:\/\/www.instagram.com\/farfallexeventi\/"]}]}},"_links":{"self":[{"href":"https:\/\/butterflies4events.com\/fr\/wp-json\/wp\/v2\/pages\/12461","targetHints":{"allow":["GET"]}}],"collection":[{"href":"https:\/\/butterflies4events.com\/fr\/wp-json\/wp\/v2\/pages"}],"about":[{"href":"https:\/\/butterflies4events.com\/fr\/wp-json\/wp\/v2\/types\/page"}],"author":[{"embeddable":true,"href":"https:\/\/butterflies4events.com\/fr\/wp-json\/wp\/v2\/users\/1"}],"replies":[{"embeddable":true,"href":"https:\/\/butterflies4events.com\/fr\/wp-json\/wp\/v2\/comments?post=12461"}],"version-history":[{"count":1,"href":"https:\/\/butterflies4events.com\/fr\/wp-json\/wp\/v2\/pages\/12461\/revisions"}],"predecessor-version":[{"id":12463,"href":"https:\/\/butterflies4events.com\/fr\/wp-json\/wp\/v2\/pages\/12461\/revisions\/12463"}],"wp:attachment":[{"href":"https:\/\/butterflies4events.com\/fr\/wp-json\/wp\/v2\/media?parent=12461"}],"wp:term":[{"taxonomy":"folder","embeddable":true,"href":"https:\/\/butterflies4events.com\/fr\/wp-json\/wp\/v2\/folder?post=12461"}],"curies":[{"name":"wp","href":"https:\/\/api.w.org\/{rel}","templated":true}]}}