{"id":12912,"date":"2024-01-23T13:52:37","date_gmt":"2024-01-23T13:52:37","guid":{"rendered":"https:\/\/butterflies4events.com\/shop\/liberacion-en-la-nube\/"},"modified":"2026-04-24T08:19:42","modified_gmt":"2026-04-24T08:19:42","slug":"liberacion-en-la-nube","status":"publish","type":"product","link":"https:\/\/butterflies4events.com\/es\/shop\/liberacion-en-la-nube\/","title":{"rendered":"Liberaci\u00f3n en la nube"},"content":{"rendered":"\t\t<div data-elementor-type=\"product-post\" data-elementor-id=\"12912\" class=\"elementor elementor-12912 elementor-1162\" data-elementor-post-type=\"product\">\n\t\t\t\t<div class=\"elementor-element elementor-element-8ecce4f e-flex e-con-boxed e-con e-parent\" data-id=\"8ecce4f\" data-element_type=\"container\" data-e-type=\"container\">\n\t\t\t\t\t<div class=\"e-con-inner\">\n\t\t\t\t<div class=\"elementor-element elementor-element-dcec4dd elementor-widget elementor-widget-text-editor\" data-id=\"dcec4dd\" data-element_type=\"widget\" data-e-type=\"widget\" data-widget_type=\"text-editor.default\">\n\t\t\t\t<div class=\"elementor-widget-container\">\n\t\t\t\t\t\t\t\t\t<p>La <strong>Liberaci\u00f3n de Nubes (Mariposas<\/strong> ) es perfecta para quienes quieren impresionar a sus invitados. En el momento de la suelta, todas las mariposas despliegan sus alas y salen volando de una \u00fanica caja, creando un m\u00e1gico \u00abefecto nube\u00bb que sorprender\u00e1 y encantar\u00e1 a todos los participantes. <\/p>\t\t\t\t\t\t\t\t<\/div>\n\t\t\t\t<\/div>\n\t\t\t\t<div class=\"elementor-element elementor-element-ae31dcd elementor-widget elementor-widget-text-editor\" data-id=\"ae31dcd\" data-element_type=\"widget\" data-e-type=\"widget\" data-widget_type=\"text-editor.default\">\n\t\t\t\t<div class=\"elementor-widget-container\">\n\t\t\t\t\t\t\t\t\t<p data-start=\"374\" data-end=\"462\"><strong data-start=\"374\" data-end=\"460\">\u00a1Haz tu pedido ahora y encanta tu evento con la Liberaci\u00f3n de la Nube!<\/strong><\/p>\t\t\t\t\t\t\t\t<\/div>\n\t\t\t\t<\/div>\n\t\t<div class=\"elementor-element elementor-element-1e143c1 e-con-full e-flex e-con e-child\" data-id=\"1e143c1\" data-element_type=\"container\" data-e-type=\"container\">\n\t\t\t\t<div class=\"elementor-element elementor-element-2695c78 elementor-widget elementor-widget-text-editor\" data-id=\"2695c78\" data-element_type=\"widget\" data-e-type=\"widget\" data-widget_type=\"text-editor.default\">\n\t\t\t\t<div class=\"elementor-widget-container\">\n\t\t\t\t\t\t\t\t\t<h3 data-start=\"469\" data-end=\"487\">Caracter\u00edsticas principales<\/h3>\t\t\t\t\t\t\t\t<\/div>\n\t\t\t\t<\/div>\n\t\t\t\t<div class=\"elementor-element elementor-element-2c54db1 elementor-widget elementor-widget-text-editor\" data-id=\"2c54db1\" data-element_type=\"widget\" data-e-type=\"widget\" data-widget_type=\"text-editor.default\">\n\t\t\t\t<div class=\"elementor-widget-container\">\n\t\t\t\t\t\t\t\t\t<p><strong data-start=\"489\" data-end=\"517\">Un recuerdo para siempre<\/strong><\/p>\n<p style=\"font-weight: 400;\">Todos los participantes quedar\u00e1n asombrados de la poderosa y emotiva (impresi\u00f3n) debida al vuelo simult\u00e1neo de las mariposas todas juntas en el aire.<\/p>\n<p>Un efecto visual espectacular cuando decenas de mariposas se elevan en el aire a la vez. El impacto es emotivo, poderoso e inolvidable. <\/p>\t\t\t\t\t\t\t\t<\/div>\n\t\t\t\t<\/div>\n\t\t\t\t<div class=\"elementor-element elementor-element-f6567b3 elementor-widget elementor-widget-text-editor\" data-id=\"f6567b3\" data-element_type=\"widget\" data-e-type=\"widget\" data-widget_type=\"text-editor.default\">\n\t\t\t\t<div class=\"elementor-widget-container\">\n\t\t\t\t\t\t\t\t\t<p><strong data-start=\"661\" data-end=\"678\">Personalizaci\u00f3n<\/strong><\/p><p>Elige el n\u00famero de mariposas, la especie y el color de la cinta para que combinen perfectamente con tu evento.<\/p>\t\t\t\t\t\t\t\t<\/div>\n\t\t\t\t<\/div>\n\t\t\t\t<div class=\"elementor-element elementor-element-1b437e9 elementor-widget elementor-widget-text-editor\" data-id=\"1b437e9\" data-element_type=\"widget\" data-e-type=\"widget\" data-widget_type=\"text-editor.default\">\n\t\t\t\t<div class=\"elementor-widget-container\">\n\t\t\t\t\t\t\t\t\t<p><strong data-start=\"783\" data-end=\"820\">Una elecci\u00f3n \u00e9tica y sostenible<\/strong><\/p><p>Tu liberaci\u00f3n contribuye a mantener las especies de mariposas europeas, muchas de las cuales est\u00e1n en declive. Una vez liberadas, las mariposas continuar\u00e1n su ciclo vital natural en la naturaleza. Se transportan de forma segura en embalajes con temperatura estabilizada. Para respetar su ciclo biol\u00f3gico, la disponibilidad de determinadas especies puede variar en funci\u00f3n de la temporada de tu evento.   <\/p>\t\t\t\t\t\t\t\t<\/div>\n\t\t\t\t<\/div>\n\t\t\t\t<\/div>\n\t\t\t\t\t<\/div>\n\t\t\t\t<\/div>\n\t\t<div class=\"elementor-element elementor-element-d0b9a1d e-flex e-con-boxed e-con e-parent\" data-id=\"d0b9a1d\" data-element_type=\"container\" data-e-type=\"container\" data-settings=\"{&quot;background_background&quot;:&quot;classic&quot;}\">\n\t\t\t\t\t<div class=\"e-con-inner\">\n\t\t<div class=\"elementor-element elementor-element-95c7af0 e-con-full e-flex e-con e-child\" data-id=\"95c7af0\" data-element_type=\"container\" data-e-type=\"container\" data-settings=\"{&quot;background_background&quot;:&quot;classic&quot;}\">\n\t\t\t\t<div class=\"elementor-element elementor-element-037f898 elementor-widget elementor-widget-text-editor\" data-id=\"037f898\" data-element_type=\"widget\" data-e-type=\"widget\" data-widget_type=\"text-editor.default\">\n\t\t\t\t<div class=\"elementor-widget-container\">\n\t\t\t\t\t\t\t\t\t<p>Nube de liberaci\u00f3n<br><strong>50 Mariposas Blancas Grandes<\/strong><\/p>\t\t\t\t\t\t\t\t<\/div>\n\t\t\t\t<\/div>\n\t\t\t\t<div class=\"elementor-element elementor-element-166418a elementor-widget elementor-widget-video\" data-id=\"166418a\" data-element_type=\"widget\" data-e-type=\"widget\" data-settings=\"{&quot;autoplay&quot;:&quot;yes&quot;,&quot;play_on_mobile&quot;:&quot;yes&quot;,&quot;mute&quot;:&quot;yes&quot;,&quot;loop&quot;:&quot;yes&quot;,&quot;video_type&quot;:&quot;hosted&quot;}\" data-widget_type=\"video.default\">\n\t\t\t\t<div class=\"elementor-widget-container\">\n\t\t\t\t\t\t\t<div class=\"e-hosted-video elementor-wrapper elementor-open-inline\">\n\t\t\t\t\t<video class=\"elementor-video\" src=\"https:\/\/butterflies4events.com\/wp-content\/uploads\/2024\/01\/FxE-50-cav.mp4\" autoplay=\"\" loop=\"\" muted=\"muted\" playsinline=\"\" controlsList=\"nodownload\"><\/video>\n\t\t\t\t<\/div>\n\t\t\t\t\t\t<\/div>\n\t\t\t\t<\/div>\n\t\t\t\t<\/div>\n\t\t<div class=\"elementor-element elementor-element-e8350ed e-con-full e-flex e-con e-child\" data-id=\"e8350ed\" data-element_type=\"container\" data-e-type=\"container\" data-settings=\"{&quot;background_background&quot;:&quot;classic&quot;}\">\n\t\t\t\t<div class=\"elementor-element elementor-element-205235e elementor-widget elementor-widget-text-editor\" data-id=\"205235e\" data-element_type=\"widget\" data-e-type=\"widget\" data-widget_type=\"text-editor.default\">\n\t\t\t\t<div class=\"elementor-widget-container\">\n\t\t\t\t\t\t\t\t\t<p>Cloud Release<br><strong>100 Mariposas Blancas Grandes<\/strong><\/p>\t\t\t\t\t\t\t\t<\/div>\n\t\t\t\t<\/div>\n\t\t\t\t<div class=\"elementor-element elementor-element-c05e554 elementor-widget elementor-widget-video\" data-id=\"c05e554\" data-element_type=\"widget\" data-e-type=\"widget\" data-settings=\"{&quot;autoplay&quot;:&quot;yes&quot;,&quot;play_on_mobile&quot;:&quot;yes&quot;,&quot;mute&quot;:&quot;yes&quot;,&quot;loop&quot;:&quot;yes&quot;,&quot;video_type&quot;:&quot;hosted&quot;}\" data-widget_type=\"video.default\">\n\t\t\t\t<div class=\"elementor-widget-container\">\n\t\t\t\t\t\t\t<div class=\"e-hosted-video elementor-wrapper elementor-open-inline\">\n\t\t\t\t\t<video class=\"elementor-video\" src=\"https:\/\/butterflies4events.com\/wp-content\/uploads\/2024\/01\/FxE-100-cav.mp4\" autoplay=\"\" loop=\"\" muted=\"muted\" playsinline=\"\" controlsList=\"nodownload\"><\/video>\n\t\t\t\t<\/div>\n\t\t\t\t\t\t<\/div>\n\t\t\t\t<\/div>\n\t\t\t\t<\/div>\n\t\t<div class=\"elementor-element elementor-element-0450713 e-con-full e-flex e-con e-child\" data-id=\"0450713\" data-element_type=\"container\" data-e-type=\"container\" data-settings=\"{&quot;background_background&quot;:&quot;classic&quot;}\">\n\t\t\t\t<div class=\"elementor-element elementor-element-e8c1fa8 elementor-widget elementor-widget-text-editor\" data-id=\"e8c1fa8\" data-element_type=\"widget\" data-e-type=\"widget\" data-widget_type=\"text-editor.default\">\n\t\t\t\t<div class=\"elementor-widget-container\">\n\t\t\t\t\t\t\t\t\t<p>Nube de liberaci\u00f3n<br><strong>150 Mariposas Blancas Grandes<\/strong><\/p>\t\t\t\t\t\t\t\t<\/div>\n\t\t\t\t<\/div>\n\t\t\t\t<div class=\"elementor-element elementor-element-6dcbbdc elementor-widget elementor-widget-video\" data-id=\"6dcbbdc\" data-element_type=\"widget\" data-e-type=\"widget\" data-settings=\"{&quot;autoplay&quot;:&quot;yes&quot;,&quot;play_on_mobile&quot;:&quot;yes&quot;,&quot;mute&quot;:&quot;yes&quot;,&quot;loop&quot;:&quot;yes&quot;,&quot;video_type&quot;:&quot;hosted&quot;}\" data-widget_type=\"video.default\">\n\t\t\t\t<div class=\"elementor-widget-container\">\n\t\t\t\t\t\t\t<div class=\"e-hosted-video elementor-wrapper elementor-open-inline\">\n\t\t\t\t\t<video class=\"elementor-video\" src=\"https:\/\/butterflies4events.com\/wp-content\/uploads\/2024\/01\/FxE-150-cav.mp4\" autoplay=\"\" loop=\"\" muted=\"muted\" playsinline=\"\" controlsList=\"nodownload\"><\/video>\n\t\t\t\t<\/div>\n\t\t\t\t\t\t<\/div>\n\t\t\t\t<\/div>\n\t\t\t\t<\/div>\n\t\t\t\t\t<\/div>\n\t\t\t\t<\/div>\n\t\t\t\t<\/div>\n\t\t","protected":false},"excerpt":{"rendered":"<p>La Liberaci\u00f3n de Nubes (Mariposas ) es perfecta para quienes quieren impresionar a sus invitados. En el momento de la suelta, todas las mariposas despliegan sus alas y salen volando de una \u00fanica caja, creando un m\u00e1gico \u00abefecto nube\u00bb que sorprender\u00e1 y encantar\u00e1 a todos los participantes. \u00a1Haz tu pedido ahora y encanta tu evento [&hellip;]<\/p>\n","protected":false},"featured_media":12736,"comment_status":"open","ping_status":"closed","template":"","meta":{"_acf_changed":false},"product_brand":[],"product_cat":[358],"product_tag":[],"class_list":{"0":"post-12912","1":"product","2":"type-product","3":"status-publish","4":"has-post-thumbnail","6":"product_cat-nuestras-selecciones","7":"product_shipping_class-envio-a-temperatura-controlada","9":"first","10":"instock","11":"taxable","12":"shipping-taxable","13":"product-type-variable","14":"wvs-archive-product-wrapper"},"acf":{"custom_text_a":"Romeo y Julieta\n20 de junio de 2020","custom_text_a_source":{"label":"Custom Text A","type":"textarea","formatted_value":"Romeo y Julieta\n20 de junio de 2020"},"custom_text_b":"No desperdicies tu amor en alguien que no lo valora.","custom_text_b_source":{"label":"Custom Text B","type":"textarea","formatted_value":"No desperdicies tu amor en alguien que no lo valora."}},"yoast_head":"<!-- This site is optimized with the Yoast SEO plugin v27.5 - https:\/\/yoast.com\/product\/yoast-seo-wordpress\/ -->\n<title>Liberaci\u00f3n en la nube &#8226; Mariposas para eventos%<\/title>\n<meta name=\"robots\" content=\"index, follow, max-snippet:-1, max-image-preview:large, max-video-preview:-1\" \/>\n<link rel=\"canonical\" href=\"https:\/\/butterflies4events.com\/es\/shop\/liberacion-en-la-nube\/\" \/>\n<meta property=\"og:locale\" content=\"es_ES\" \/>\n<meta property=\"og:type\" content=\"article\" \/>\n<meta property=\"og:title\" content=\"Liberaci\u00f3n en la nube &#8226; Mariposas para eventos%\" \/>\n<meta property=\"og:description\" content=\"La Liberaci\u00f3n de Nubes (Mariposas ) es perfecta para quienes quieren impresionar a sus invitados. En el momento de la suelta, todas las mariposas despliegan sus alas y salen volando de una \u00fanica caja, creando un m\u00e1gico \u00abefecto nube\u00bb que sorprender\u00e1 y encantar\u00e1 a todos los participantes. \u00a1Haz tu pedido ahora y encanta tu evento [&hellip;]\" \/>\n<meta property=\"og:url\" content=\"https:\/\/butterflies4events.com\/es\/shop\/liberacion-en-la-nube\/\" \/>\n<meta property=\"og:site_name\" content=\"Mariposas para eventos\" \/>\n<meta property=\"article:publisher\" content=\"https:\/\/www.facebook.com\/farfallepereventi\/\" \/>\n<meta property=\"article:modified_time\" content=\"2026-04-24T08:19:42+00:00\" \/>\n<meta property=\"og:image\" content=\"https:\/\/butterflies4events.com\/wp-content\/uploads\/2024\/06\/1.jpg\" \/>\n\t<meta property=\"og:image:width\" content=\"2085\" \/>\n\t<meta property=\"og:image:height\" content=\"2085\" \/>\n\t<meta property=\"og:image:type\" content=\"image\/jpeg\" \/>\n<meta name=\"twitter:card\" content=\"summary_large_image\" \/>\n<meta name=\"twitter:label1\" content=\"Tiempo de lectura\" \/>\n\t<meta name=\"twitter:data1\" content=\"1 minuto\" \/>\n<script type=\"application\/ld+json\" class=\"yoast-schema-graph\">{\"@context\":\"https:\\\/\\\/schema.org\",\"@graph\":[{\"@type\":\"WebPage\",\"@id\":\"https:\\\/\\\/butterflies4events.com\\\/es\\\/shop\\\/liberacion-en-la-nube\\\/\",\"url\":\"https:\\\/\\\/butterflies4events.com\\\/es\\\/shop\\\/liberacion-en-la-nube\\\/\",\"name\":\"Liberaci\u00f3n en la nube &#8226; Mariposas para eventos%\",\"isPartOf\":{\"@id\":\"https:\\\/\\\/butterflies4events.com\\\/es\\\/#website\"},\"primaryImageOfPage\":{\"@id\":\"https:\\\/\\\/butterflies4events.com\\\/es\\\/shop\\\/liberacion-en-la-nube\\\/#primaryimage\"},\"image\":{\"@id\":\"https:\\\/\\\/butterflies4events.com\\\/es\\\/shop\\\/liberacion-en-la-nube\\\/#primaryimage\"},\"thumbnailUrl\":\"https:\\\/\\\/butterflies4events.com\\\/wp-content\\\/uploads\\\/2024\\\/06\\\/1.jpg?wsr\",\"datePublished\":\"2024-01-23T13:52:37+00:00\",\"dateModified\":\"2026-04-24T08:19:42+00:00\",\"breadcrumb\":{\"@id\":\"https:\\\/\\\/butterflies4events.com\\\/es\\\/shop\\\/liberacion-en-la-nube\\\/#breadcrumb\"},\"inLanguage\":\"es\",\"potentialAction\":[{\"@type\":\"ReadAction\",\"target\":[\"https:\\\/\\\/butterflies4events.com\\\/es\\\/shop\\\/liberacion-en-la-nube\\\/\"]}]},{\"@type\":\"ImageObject\",\"inLanguage\":\"es\",\"@id\":\"https:\\\/\\\/butterflies4events.com\\\/es\\\/shop\\\/liberacion-en-la-nube\\\/#primaryimage\",\"url\":\"https:\\\/\\\/butterflies4events.com\\\/wp-content\\\/uploads\\\/2024\\\/06\\\/1.jpg?wsr\",\"contentUrl\":\"https:\\\/\\\/butterflies4events.com\\\/wp-content\\\/uploads\\\/2024\\\/06\\\/1.jpg?wsr\",\"width\":2085,\"height\":2085},{\"@type\":\"BreadcrumbList\",\"@id\":\"https:\\\/\\\/butterflies4events.com\\\/es\\\/shop\\\/liberacion-en-la-nube\\\/#breadcrumb\",\"itemListElement\":[{\"@type\":\"ListItem\",\"position\":1,\"name\":\"Inicio\",\"item\":\"https:\\\/\\\/butterflies4events.com\\\/es\\\/\"},{\"@type\":\"ListItem\",\"position\":2,\"name\":\"Tienda\",\"item\":\"https:\\\/\\\/butterflies4events.com\\\/es\\\/tienda\\\/\"},{\"@type\":\"ListItem\",\"position\":3,\"name\":\"Liberaci\u00f3n en la nube\"}]},{\"@type\":\"WebSite\",\"@id\":\"https:\\\/\\\/butterflies4events.com\\\/es\\\/#website\",\"url\":\"https:\\\/\\\/butterflies4events.com\\\/es\\\/\",\"name\":\"Farfalle x Eventi\",\"description\":\"Momentos inolvidables\",\"publisher\":{\"@id\":\"https:\\\/\\\/butterflies4events.com\\\/es\\\/#organization\"},\"alternateName\":\"FxE\",\"potentialAction\":[{\"@type\":\"SearchAction\",\"target\":{\"@type\":\"EntryPoint\",\"urlTemplate\":\"https:\\\/\\\/butterflies4events.com\\\/es\\\/?s={search_term_string}\"},\"query-input\":{\"@type\":\"PropertyValueSpecification\",\"valueRequired\":true,\"valueName\":\"search_term_string\"}}],\"inLanguage\":\"es\"},{\"@type\":\"Organization\",\"@id\":\"https:\\\/\\\/butterflies4events.com\\\/es\\\/#organization\",\"name\":\"Farfalle x Eventi\",\"alternateName\":\"FxE\",\"url\":\"https:\\\/\\\/butterflies4events.com\\\/es\\\/\",\"logo\":{\"@type\":\"ImageObject\",\"inLanguage\":\"es\",\"@id\":\"https:\\\/\\\/butterflies4events.com\\\/es\\\/#\\\/schema\\\/logo\\\/image\\\/\",\"url\":\"\",\"contentUrl\":\"\",\"caption\":\"Farfalle x Eventi\"},\"image\":{\"@id\":\"https:\\\/\\\/butterflies4events.com\\\/es\\\/#\\\/schema\\\/logo\\\/image\\\/\"},\"sameAs\":[\"https:\\\/\\\/www.facebook.com\\\/farfallepereventi\\\/\",\"https:\\\/\\\/www.instagram.com\\\/farfallexeventi\\\/\"]}]}<\/script>\n<!-- \/ Yoast SEO plugin. -->","yoast_head_json":{"title":"Liberaci\u00f3n en la nube &#8226; Mariposas para eventos%","robots":{"index":"index","follow":"follow","max-snippet":"max-snippet:-1","max-image-preview":"max-image-preview:large","max-video-preview":"max-video-preview:-1"},"canonical":"https:\/\/butterflies4events.com\/es\/shop\/liberacion-en-la-nube\/","og_locale":"es_ES","og_type":"article","og_title":"Liberaci\u00f3n en la nube &#8226; Mariposas para eventos%","og_description":"La Liberaci\u00f3n de Nubes (Mariposas ) es perfecta para quienes quieren impresionar a sus invitados. En el momento de la suelta, todas las mariposas despliegan sus alas y salen volando de una \u00fanica caja, creando un m\u00e1gico \u00abefecto nube\u00bb que sorprender\u00e1 y encantar\u00e1 a todos los participantes. \u00a1Haz tu pedido ahora y encanta tu evento [&hellip;]","og_url":"https:\/\/butterflies4events.com\/es\/shop\/liberacion-en-la-nube\/","og_site_name":"Mariposas para eventos","article_publisher":"https:\/\/www.facebook.com\/farfallepereventi\/","article_modified_time":"2026-04-24T08:19:42+00:00","og_image":[{"width":2085,"height":2085,"url":"https:\/\/butterflies4events.com\/wp-content\/uploads\/2024\/06\/1.jpg","type":"image\/jpeg"}],"twitter_card":"summary_large_image","twitter_misc":{"Tiempo de lectura":"1 minuto"},"schema":{"@context":"https:\/\/schema.org","@graph":[{"@type":"WebPage","@id":"https:\/\/butterflies4events.com\/es\/shop\/liberacion-en-la-nube\/","url":"https:\/\/butterflies4events.com\/es\/shop\/liberacion-en-la-nube\/","name":"Liberaci\u00f3n en la nube &#8226; Mariposas para eventos%","isPartOf":{"@id":"https:\/\/butterflies4events.com\/es\/#website"},"primaryImageOfPage":{"@id":"https:\/\/butterflies4events.com\/es\/shop\/liberacion-en-la-nube\/#primaryimage"},"image":{"@id":"https:\/\/butterflies4events.com\/es\/shop\/liberacion-en-la-nube\/#primaryimage"},"thumbnailUrl":"https:\/\/butterflies4events.com\/wp-content\/uploads\/2024\/06\/1.jpg?wsr","datePublished":"2024-01-23T13:52:37+00:00","dateModified":"2026-04-24T08:19:42+00:00","breadcrumb":{"@id":"https:\/\/butterflies4events.com\/es\/shop\/liberacion-en-la-nube\/#breadcrumb"},"inLanguage":"es","potentialAction":[{"@type":"ReadAction","target":["https:\/\/butterflies4events.com\/es\/shop\/liberacion-en-la-nube\/"]}]},{"@type":"ImageObject","inLanguage":"es","@id":"https:\/\/butterflies4events.com\/es\/shop\/liberacion-en-la-nube\/#primaryimage","url":"https:\/\/butterflies4events.com\/wp-content\/uploads\/2024\/06\/1.jpg?wsr","contentUrl":"https:\/\/butterflies4events.com\/wp-content\/uploads\/2024\/06\/1.jpg?wsr","width":2085,"height":2085},{"@type":"BreadcrumbList","@id":"https:\/\/butterflies4events.com\/es\/shop\/liberacion-en-la-nube\/#breadcrumb","itemListElement":[{"@type":"ListItem","position":1,"name":"Inicio","item":"https:\/\/butterflies4events.com\/es\/"},{"@type":"ListItem","position":2,"name":"Tienda","item":"https:\/\/butterflies4events.com\/es\/tienda\/"},{"@type":"ListItem","position":3,"name":"Liberaci\u00f3n en la nube"}]},{"@type":"WebSite","@id":"https:\/\/butterflies4events.com\/es\/#website","url":"https:\/\/butterflies4events.com\/es\/","name":"Farfalle x Eventi","description":"Momentos inolvidables","publisher":{"@id":"https:\/\/butterflies4events.com\/es\/#organization"},"alternateName":"FxE","potentialAction":[{"@type":"SearchAction","target":{"@type":"EntryPoint","urlTemplate":"https:\/\/butterflies4events.com\/es\/?s={search_term_string}"},"query-input":{"@type":"PropertyValueSpecification","valueRequired":true,"valueName":"search_term_string"}}],"inLanguage":"es"},{"@type":"Organization","@id":"https:\/\/butterflies4events.com\/es\/#organization","name":"Farfalle x Eventi","alternateName":"FxE","url":"https:\/\/butterflies4events.com\/es\/","logo":{"@type":"ImageObject","inLanguage":"es","@id":"https:\/\/butterflies4events.com\/es\/#\/schema\/logo\/image\/","url":"","contentUrl":"","caption":"Farfalle x Eventi"},"image":{"@id":"https:\/\/butterflies4events.com\/es\/#\/schema\/logo\/image\/"},"sameAs":["https:\/\/www.facebook.com\/farfallepereventi\/","https:\/\/www.instagram.com\/farfallexeventi\/"]}]}},"_links":{"self":[{"href":"https:\/\/butterflies4events.com\/es\/wp-json\/wp\/v2\/product\/12912","targetHints":{"allow":["GET"]}}],"collection":[{"href":"https:\/\/butterflies4events.com\/es\/wp-json\/wp\/v2\/product"}],"about":[{"href":"https:\/\/butterflies4events.com\/es\/wp-json\/wp\/v2\/types\/product"}],"replies":[{"embeddable":true,"href":"https:\/\/butterflies4events.com\/es\/wp-json\/wp\/v2\/comments?post=12912"}],"version-history":[{"count":1,"href":"https:\/\/butterflies4events.com\/es\/wp-json\/wp\/v2\/product\/12912\/revisions"}],"predecessor-version":[{"id":12921,"href":"https:\/\/butterflies4events.com\/es\/wp-json\/wp\/v2\/product\/12912\/revisions\/12921"}],"wp:featuredmedia":[{"embeddable":true,"href":"https:\/\/butterflies4events.com\/es\/wp-json\/wp\/v2\/media\/12736"}],"wp:attachment":[{"href":"https:\/\/butterflies4events.com\/es\/wp-json\/wp\/v2\/media?parent=12912"}],"wp:term":[{"taxonomy":"product_brand","embeddable":true,"href":"https:\/\/butterflies4events.com\/es\/wp-json\/wp\/v2\/product_brand?post=12912"},{"taxonomy":"product_cat","embeddable":true,"href":"https:\/\/butterflies4events.com\/es\/wp-json\/wp\/v2\/product_cat?post=12912"},{"taxonomy":"product_tag","embeddable":true,"href":"https:\/\/butterflies4events.com\/es\/wp-json\/wp\/v2\/product_tag?post=12912"}],"curies":[{"name":"wp","href":"https:\/\/api.w.org\/{rel}","templated":true}]}}