{"id":12888,"date":"2024-01-23T13:47:41","date_gmt":"2024-01-23T13:47:41","guid":{"rendered":"https:\/\/butterflies4events.com\/shop\/liberacion-personal\/"},"modified":"2026-02-10T16:56:12","modified_gmt":"2026-02-10T16:56:12","slug":"liberacion-personal","status":"publish","type":"product","link":"https:\/\/butterflies4events.com\/es\/shop\/liberacion-personal\/","title":{"rendered":"Liberaci\u00f3n personal"},"content":{"rendered":"\t\t<div data-elementor-type=\"product-post\" data-elementor-id=\"12888\" class=\"elementor elementor-12888 elementor-1169\" data-elementor-post-type=\"product\">\n\t\t\t\t<div class=\"elementor-element elementor-element-2fe6b0aa e-flex e-con-boxed e-con e-parent\" data-id=\"2fe6b0aa\" data-element_type=\"container\" data-e-type=\"container\">\n\t\t\t\t\t<div class=\"e-con-inner\">\n\t\t\t\t<div class=\"elementor-element elementor-element-4eb76a41 elementor-widget elementor-widget-text-editor\" data-id=\"4eb76a41\" data-element_type=\"widget\" data-e-type=\"widget\" data-widget_type=\"text-editor.default\">\n\t\t\t\t<div class=\"elementor-widget-container\">\n\t\t\t\t\t\t\t\t\t<p data-start=\"132\" data-end=\"505\">La <strong>Liberaci\u00f3n Personal (de Mariposas<\/strong> ) ofrece una experiencia realmente exclusiva, ya que permite a cada invitado liberar su propia mariposa de una peque\u00f1a caja individual. Esto crea un v\u00ednculo directo entre la mariposa y la persona, haciendo que el acontecimiento sea a\u00fan m\u00e1s conmovedor y memorable. Especialmente los ni\u00f1os apreciar\u00e1n el momento y quedar\u00e1n fascinados por la belleza de las mariposas.  <\/p>\t\t\t\t\t\t\t\t<\/div>\n\t\t\t\t<\/div>\n\t\t\t\t<div class=\"elementor-element elementor-element-7b65c56 elementor-widget elementor-widget-text-editor\" data-id=\"7b65c56\" data-element_type=\"widget\" data-e-type=\"widget\" data-widget_type=\"text-editor.default\">\n\t\t\t\t<div class=\"elementor-widget-container\">\n\t\t\t\t\t\t\t\t\t<p data-start=\"507\" data-end=\"620\"><strong data-start=\"507\" data-end=\"618\">\u00a1Haz tu pedido ahora y crea un momento \u00fanico e inolvidable para tus invitados con la Liberaci\u00f3n Personal de Mariposas!<\/strong><\/p>\t\t\t\t\t\t\t\t<\/div>\n\t\t\t\t<\/div>\n\t\t<div class=\"elementor-element elementor-element-d7e02e8 e-con-full e-flex e-con e-child\" data-id=\"d7e02e8\" data-element_type=\"container\" data-e-type=\"container\">\n\t\t\t\t<div class=\"elementor-element elementor-element-384a591 elementor-widget elementor-widget-video\" data-id=\"384a591\" data-element_type=\"widget\" data-e-type=\"widget\" data-settings=\"{&quot;youtube_url&quot;:&quot;https:\\\/\\\/youtube.com\\\/shorts\\\/6AVNq4dbljU&quot;,&quot;autoplay&quot;:&quot;yes&quot;,&quot;play_on_mobile&quot;:&quot;yes&quot;,&quot;mute&quot;:&quot;yes&quot;,&quot;loop&quot;:&quot;yes&quot;,&quot;cc_load_policy&quot;:&quot;yes&quot;,&quot;yt_privacy&quot;:&quot;yes&quot;,&quot;lazy_load&quot;:&quot;yes&quot;,&quot;video_type&quot;:&quot;youtube&quot;,&quot;controls&quot;:&quot;yes&quot;}\" data-widget_type=\"video.default\">\n\t\t\t\t<div class=\"elementor-widget-container\">\n\t\t\t\t\t\t\t<div class=\"elementor-wrapper elementor-open-inline\">\n\t\t\t<div class=\"elementor-video\"><\/div>\t\t<\/div>\n\t\t\t\t\t\t<\/div>\n\t\t\t\t<\/div>\n\t\t\t\t<div class=\"elementor-element elementor-element-b7dc2c6 elementor-widget elementor-widget-video\" data-id=\"b7dc2c6\" data-element_type=\"widget\" data-e-type=\"widget\" data-settings=\"{&quot;youtube_url&quot;:&quot;https:\\\/\\\/youtube.com\\\/shorts\\\/i0pTmB8daB0&quot;,&quot;autoplay&quot;:&quot;yes&quot;,&quot;play_on_mobile&quot;:&quot;yes&quot;,&quot;mute&quot;:&quot;yes&quot;,&quot;loop&quot;:&quot;yes&quot;,&quot;cc_load_policy&quot;:&quot;yes&quot;,&quot;yt_privacy&quot;:&quot;yes&quot;,&quot;lazy_load&quot;:&quot;yes&quot;,&quot;video_type&quot;:&quot;youtube&quot;,&quot;controls&quot;:&quot;yes&quot;}\" data-widget_type=\"video.default\">\n\t\t\t\t<div class=\"elementor-widget-container\">\n\t\t\t\t\t\t\t<div class=\"elementor-wrapper elementor-open-inline\">\n\t\t\t<div class=\"elementor-video\"><\/div>\t\t<\/div>\n\t\t\t\t\t\t<\/div>\n\t\t\t\t<\/div>\n\t\t\t\t<\/div>\n\t\t<div class=\"elementor-element elementor-element-58bd755 e-con-full e-flex e-con e-child\" data-id=\"58bd755\" data-element_type=\"container\" data-e-type=\"container\">\n\t\t\t\t<div class=\"elementor-element elementor-element-55da154 elementor-widget elementor-widget-text-editor\" data-id=\"55da154\" data-element_type=\"widget\" data-e-type=\"widget\" data-widget_type=\"text-editor.default\">\n\t\t\t\t<div class=\"elementor-widget-container\">\n\t\t\t\t\t\t\t\t\t<p>Caracter\u00edsticas principales<\/p>\t\t\t\t\t\t\t\t<\/div>\n\t\t\t\t<\/div>\n\t\t\t\t<div class=\"elementor-element elementor-element-1b1e15c elementor-widget elementor-widget-text-editor\" data-id=\"1b1e15c\" data-element_type=\"widget\" data-e-type=\"widget\" data-widget_type=\"text-editor.default\">\n\t\t\t\t<div class=\"elementor-widget-container\">\n\t\t\t\t\t\t\t\t\t<p><strong>Participaci\u00f3n exclusiva<\/strong><\/p><p>Un momento \u00fanico, perfecto para implicar a personas de todas las edades. Cada invitado se convierte en protagonista al liberar una mariposa, haciendo que la experiencia sea profundamente personal e inolvidable. <\/p>\t\t\t\t\t\t\t\t<\/div>\n\t\t\t\t<\/div>\n\t\t\t\t<div class=\"elementor-element elementor-element-2eba8d9 elementor-widget elementor-widget-text-editor\" data-id=\"2eba8d9\" data-element_type=\"widget\" data-e-type=\"widget\" data-widget_type=\"text-editor.default\">\n\t\t\t\t<div class=\"elementor-widget-container\">\n\t\t\t\t\t\t\t\t\t<p><strong>Personalizaci\u00f3n<\/strong><\/p><p>Elige entre diferentes especies de mariposas y el n\u00famero de cajas individuales para adaptar perfectamente la suelta a tu evento.<\/p>\t\t\t\t\t\t\t\t<\/div>\n\t\t\t\t<\/div>\n\t\t\t\t<div class=\"elementor-element elementor-element-e9a7f9d elementor-widget elementor-widget-text-editor\" data-id=\"e9a7f9d\" data-element_type=\"widget\" data-e-type=\"widget\" data-widget_type=\"text-editor.default\">\n\t\t\t\t<div class=\"elementor-widget-container\">\n\t\t\t\t\t\t\t\t\t<p><strong>Una elecci\u00f3n \u00e9tica y sostenible<\/strong><\/p><p data-start=\"1017\" data-end=\"1458\">La suelta no s\u00f3lo har\u00e1 que tu celebraci\u00f3n sea \u00fanica, sino que tambi\u00e9n ayudar\u00e1 a proteger la biodiversidad, ya que las mariposas son importantes polinizadores. Una vez liberadas, las mariposas continuar\u00e1n su ciclo vital natural en la naturaleza. Se transportan de forma segura en envases de temperatura estabilizada. Para respetar su ciclo biol\u00f3gico, algunas especies pueden no estar disponibles en funci\u00f3n de la temporada de tu evento.   <\/p>\t\t\t\t\t\t\t\t<\/div>\n\t\t\t\t<\/div>\n\t\t\t\t<\/div>\n\t\t\t\t\t<\/div>\n\t\t\t\t<\/div>\n\t\t\t\t<\/div>\n\t\t","protected":false},"excerpt":{"rendered":"<p><span style=\"font-weight: 400;\">En el Rilascio Personal, cada hu\u00e9sped ser\u00e1 obsequiado con una escarapela que contendr\u00e1 un \u00fanico farfalla, listo para volar en el momento del evento. El Rilascio Personal puede ser a\u00f1adido al Rilascio de Nuvola. <\/span><\/p>\n","protected":false},"featured_media":12891,"comment_status":"open","ping_status":"closed","template":"","meta":{"_acf_changed":false},"product_brand":[],"product_cat":[358],"product_tag":[],"class_list":{"0":"post-12888","1":"product","2":"type-product","3":"status-publish","4":"has-post-thumbnail","6":"product_cat-nuestras-selecciones","7":"product_shipping_class-envio-a-temperatura-controlada","9":"first","10":"instock","11":"taxable","12":"shipping-taxable","13":"product-type-variable","14":"wvs-archive-product-wrapper"},"acf":{"custom_text_a":"Romeo y Julieta\n20 de junio de 2020","custom_text_a_source":{"label":"Custom Text A","type":"textarea","formatted_value":"Romeo y Julieta\n20 de junio de 2020"},"custom_text_b":"No desperdicies tu amor en alguien que no lo valora.","custom_text_b_source":{"label":"Custom Text B","type":"textarea","formatted_value":"No desperdicies tu amor en alguien que no lo valora."}},"yoast_head":"<!-- This site is optimized with the Yoast SEO plugin v27.5 - https:\/\/yoast.com\/product\/yoast-seo-wordpress\/ -->\n<title>Liberaci\u00f3n personal &#8226; Mariposas para eventos%<\/title>\n<meta name=\"robots\" content=\"index, follow, max-snippet:-1, max-image-preview:large, max-video-preview:-1\" \/>\n<link rel=\"canonical\" href=\"https:\/\/butterflies4events.com\/es\/shop\/liberacion-personal\/\" \/>\n<meta property=\"og:locale\" content=\"es_ES\" \/>\n<meta property=\"og:type\" content=\"article\" \/>\n<meta property=\"og:title\" content=\"Liberaci\u00f3n personal &#8226; Mariposas para eventos%\" \/>\n<meta property=\"og:description\" content=\"En el Rilascio Personal, cada hu\u00e9sped ser\u00e1 obsequiado con una escarapela que contendr\u00e1 un \u00fanico farfalla, listo para volar en el momento del evento. El Rilascio Personal puede ser a\u00f1adido al Rilascio de Nuvola.\" \/>\n<meta property=\"og:url\" content=\"https:\/\/butterflies4events.com\/es\/shop\/liberacion-personal\/\" \/>\n<meta property=\"og:site_name\" content=\"Mariposas para eventos\" \/>\n<meta property=\"article:publisher\" content=\"https:\/\/www.facebook.com\/farfallepereventi\/\" \/>\n<meta property=\"article:modified_time\" content=\"2026-02-10T16:56:12+00:00\" \/>\n<meta property=\"og:image\" content=\"https:\/\/butterflies4events.com\/wp-content\/uploads\/2024\/08\/1-1.png\" \/>\n\t<meta property=\"og:image:width\" content=\"1620\" \/>\n\t<meta property=\"og:image:height\" content=\"1620\" \/>\n\t<meta property=\"og:image:type\" content=\"image\/png\" \/>\n<meta name=\"twitter:card\" content=\"summary_large_image\" \/>\n<meta name=\"twitter:label1\" content=\"Tiempo de lectura\" \/>\n\t<meta name=\"twitter:data1\" content=\"1 minuto\" \/>\n<script type=\"application\/ld+json\" class=\"yoast-schema-graph\">{\"@context\":\"https:\\\/\\\/schema.org\",\"@graph\":[{\"@type\":\"WebPage\",\"@id\":\"https:\\\/\\\/butterflies4events.com\\\/es\\\/shop\\\/liberacion-personal\\\/\",\"url\":\"https:\\\/\\\/butterflies4events.com\\\/es\\\/shop\\\/liberacion-personal\\\/\",\"name\":\"Liberaci\u00f3n personal &#8226; Mariposas para eventos%\",\"isPartOf\":{\"@id\":\"https:\\\/\\\/butterflies4events.com\\\/es\\\/#website\"},\"primaryImageOfPage\":{\"@id\":\"https:\\\/\\\/butterflies4events.com\\\/es\\\/shop\\\/liberacion-personal\\\/#primaryimage\"},\"image\":{\"@id\":\"https:\\\/\\\/butterflies4events.com\\\/es\\\/shop\\\/liberacion-personal\\\/#primaryimage\"},\"thumbnailUrl\":\"https:\\\/\\\/butterflies4events.com\\\/wp-content\\\/uploads\\\/2024\\\/08\\\/1-1.png?wsr\",\"datePublished\":\"2024-01-23T13:47:41+00:00\",\"dateModified\":\"2026-02-10T16:56:12+00:00\",\"breadcrumb\":{\"@id\":\"https:\\\/\\\/butterflies4events.com\\\/es\\\/shop\\\/liberacion-personal\\\/#breadcrumb\"},\"inLanguage\":\"es\",\"potentialAction\":[{\"@type\":\"ReadAction\",\"target\":[\"https:\\\/\\\/butterflies4events.com\\\/es\\\/shop\\\/liberacion-personal\\\/\"]}]},{\"@type\":\"ImageObject\",\"inLanguage\":\"es\",\"@id\":\"https:\\\/\\\/butterflies4events.com\\\/es\\\/shop\\\/liberacion-personal\\\/#primaryimage\",\"url\":\"https:\\\/\\\/butterflies4events.com\\\/wp-content\\\/uploads\\\/2024\\\/08\\\/1-1.png?wsr\",\"contentUrl\":\"https:\\\/\\\/butterflies4events.com\\\/wp-content\\\/uploads\\\/2024\\\/08\\\/1-1.png?wsr\",\"width\":1620,\"height\":1620},{\"@type\":\"BreadcrumbList\",\"@id\":\"https:\\\/\\\/butterflies4events.com\\\/es\\\/shop\\\/liberacion-personal\\\/#breadcrumb\",\"itemListElement\":[{\"@type\":\"ListItem\",\"position\":1,\"name\":\"Inicio\",\"item\":\"https:\\\/\\\/butterflies4events.com\\\/es\\\/\"},{\"@type\":\"ListItem\",\"position\":2,\"name\":\"Tienda\",\"item\":\"https:\\\/\\\/butterflies4events.com\\\/es\\\/tienda\\\/\"},{\"@type\":\"ListItem\",\"position\":3,\"name\":\"Liberaci\u00f3n personal\"}]},{\"@type\":\"WebSite\",\"@id\":\"https:\\\/\\\/butterflies4events.com\\\/es\\\/#website\",\"url\":\"https:\\\/\\\/butterflies4events.com\\\/es\\\/\",\"name\":\"Farfalle x Eventi\",\"description\":\"Momentos inolvidables\",\"publisher\":{\"@id\":\"https:\\\/\\\/butterflies4events.com\\\/es\\\/#organization\"},\"alternateName\":\"FxE\",\"potentialAction\":[{\"@type\":\"SearchAction\",\"target\":{\"@type\":\"EntryPoint\",\"urlTemplate\":\"https:\\\/\\\/butterflies4events.com\\\/es\\\/?s={search_term_string}\"},\"query-input\":{\"@type\":\"PropertyValueSpecification\",\"valueRequired\":true,\"valueName\":\"search_term_string\"}}],\"inLanguage\":\"es\"},{\"@type\":\"Organization\",\"@id\":\"https:\\\/\\\/butterflies4events.com\\\/es\\\/#organization\",\"name\":\"Farfalle x Eventi\",\"alternateName\":\"FxE\",\"url\":\"https:\\\/\\\/butterflies4events.com\\\/es\\\/\",\"logo\":{\"@type\":\"ImageObject\",\"inLanguage\":\"es\",\"@id\":\"https:\\\/\\\/butterflies4events.com\\\/es\\\/#\\\/schema\\\/logo\\\/image\\\/\",\"url\":\"\",\"contentUrl\":\"\",\"caption\":\"Farfalle x Eventi\"},\"image\":{\"@id\":\"https:\\\/\\\/butterflies4events.com\\\/es\\\/#\\\/schema\\\/logo\\\/image\\\/\"},\"sameAs\":[\"https:\\\/\\\/www.facebook.com\\\/farfallepereventi\\\/\",\"https:\\\/\\\/www.instagram.com\\\/farfallexeventi\\\/\"]}]}<\/script>\n<!-- \/ Yoast SEO plugin. -->","yoast_head_json":{"title":"Liberaci\u00f3n personal &#8226; Mariposas para eventos%","robots":{"index":"index","follow":"follow","max-snippet":"max-snippet:-1","max-image-preview":"max-image-preview:large","max-video-preview":"max-video-preview:-1"},"canonical":"https:\/\/butterflies4events.com\/es\/shop\/liberacion-personal\/","og_locale":"es_ES","og_type":"article","og_title":"Liberaci\u00f3n personal &#8226; Mariposas para eventos%","og_description":"En el Rilascio Personal, cada hu\u00e9sped ser\u00e1 obsequiado con una escarapela que contendr\u00e1 un \u00fanico farfalla, listo para volar en el momento del evento. El Rilascio Personal puede ser a\u00f1adido al Rilascio de Nuvola.","og_url":"https:\/\/butterflies4events.com\/es\/shop\/liberacion-personal\/","og_site_name":"Mariposas para eventos","article_publisher":"https:\/\/www.facebook.com\/farfallepereventi\/","article_modified_time":"2026-02-10T16:56:12+00:00","og_image":[{"width":1620,"height":1620,"url":"https:\/\/butterflies4events.com\/wp-content\/uploads\/2024\/08\/1-1.png","type":"image\/png"}],"twitter_card":"summary_large_image","twitter_misc":{"Tiempo de lectura":"1 minuto"},"schema":{"@context":"https:\/\/schema.org","@graph":[{"@type":"WebPage","@id":"https:\/\/butterflies4events.com\/es\/shop\/liberacion-personal\/","url":"https:\/\/butterflies4events.com\/es\/shop\/liberacion-personal\/","name":"Liberaci\u00f3n personal &#8226; Mariposas para eventos%","isPartOf":{"@id":"https:\/\/butterflies4events.com\/es\/#website"},"primaryImageOfPage":{"@id":"https:\/\/butterflies4events.com\/es\/shop\/liberacion-personal\/#primaryimage"},"image":{"@id":"https:\/\/butterflies4events.com\/es\/shop\/liberacion-personal\/#primaryimage"},"thumbnailUrl":"https:\/\/butterflies4events.com\/wp-content\/uploads\/2024\/08\/1-1.png?wsr","datePublished":"2024-01-23T13:47:41+00:00","dateModified":"2026-02-10T16:56:12+00:00","breadcrumb":{"@id":"https:\/\/butterflies4events.com\/es\/shop\/liberacion-personal\/#breadcrumb"},"inLanguage":"es","potentialAction":[{"@type":"ReadAction","target":["https:\/\/butterflies4events.com\/es\/shop\/liberacion-personal\/"]}]},{"@type":"ImageObject","inLanguage":"es","@id":"https:\/\/butterflies4events.com\/es\/shop\/liberacion-personal\/#primaryimage","url":"https:\/\/butterflies4events.com\/wp-content\/uploads\/2024\/08\/1-1.png?wsr","contentUrl":"https:\/\/butterflies4events.com\/wp-content\/uploads\/2024\/08\/1-1.png?wsr","width":1620,"height":1620},{"@type":"BreadcrumbList","@id":"https:\/\/butterflies4events.com\/es\/shop\/liberacion-personal\/#breadcrumb","itemListElement":[{"@type":"ListItem","position":1,"name":"Inicio","item":"https:\/\/butterflies4events.com\/es\/"},{"@type":"ListItem","position":2,"name":"Tienda","item":"https:\/\/butterflies4events.com\/es\/tienda\/"},{"@type":"ListItem","position":3,"name":"Liberaci\u00f3n personal"}]},{"@type":"WebSite","@id":"https:\/\/butterflies4events.com\/es\/#website","url":"https:\/\/butterflies4events.com\/es\/","name":"Farfalle x Eventi","description":"Momentos inolvidables","publisher":{"@id":"https:\/\/butterflies4events.com\/es\/#organization"},"alternateName":"FxE","potentialAction":[{"@type":"SearchAction","target":{"@type":"EntryPoint","urlTemplate":"https:\/\/butterflies4events.com\/es\/?s={search_term_string}"},"query-input":{"@type":"PropertyValueSpecification","valueRequired":true,"valueName":"search_term_string"}}],"inLanguage":"es"},{"@type":"Organization","@id":"https:\/\/butterflies4events.com\/es\/#organization","name":"Farfalle x Eventi","alternateName":"FxE","url":"https:\/\/butterflies4events.com\/es\/","logo":{"@type":"ImageObject","inLanguage":"es","@id":"https:\/\/butterflies4events.com\/es\/#\/schema\/logo\/image\/","url":"","contentUrl":"","caption":"Farfalle x Eventi"},"image":{"@id":"https:\/\/butterflies4events.com\/es\/#\/schema\/logo\/image\/"},"sameAs":["https:\/\/www.facebook.com\/farfallepereventi\/","https:\/\/www.instagram.com\/farfallexeventi\/"]}]}},"_links":{"self":[{"href":"https:\/\/butterflies4events.com\/es\/wp-json\/wp\/v2\/product\/12888","targetHints":{"allow":["GET"]}}],"collection":[{"href":"https:\/\/butterflies4events.com\/es\/wp-json\/wp\/v2\/product"}],"about":[{"href":"https:\/\/butterflies4events.com\/es\/wp-json\/wp\/v2\/types\/product"}],"replies":[{"embeddable":true,"href":"https:\/\/butterflies4events.com\/es\/wp-json\/wp\/v2\/comments?post=12888"}],"version-history":[{"count":2,"href":"https:\/\/butterflies4events.com\/es\/wp-json\/wp\/v2\/product\/12888\/revisions"}],"predecessor-version":[{"id":13111,"href":"https:\/\/butterflies4events.com\/es\/wp-json\/wp\/v2\/product\/12888\/revisions\/13111"}],"wp:featuredmedia":[{"embeddable":true,"href":"https:\/\/butterflies4events.com\/es\/wp-json\/wp\/v2\/media\/12891"}],"wp:attachment":[{"href":"https:\/\/butterflies4events.com\/es\/wp-json\/wp\/v2\/media?parent=12888"}],"wp:term":[{"taxonomy":"product_brand","embeddable":true,"href":"https:\/\/butterflies4events.com\/es\/wp-json\/wp\/v2\/product_brand?post=12888"},{"taxonomy":"product_cat","embeddable":true,"href":"https:\/\/butterflies4events.com\/es\/wp-json\/wp\/v2\/product_cat?post=12888"},{"taxonomy":"product_tag","embeddable":true,"href":"https:\/\/butterflies4events.com\/es\/wp-json\/wp\/v2\/product_tag?post=12888"}],"curies":[{"name":"wp","href":"https:\/\/api.w.org\/{rel}","templated":true}]}}