{"id":12870,"date":"2024-12-03T11:35:37","date_gmt":"2024-12-03T11:35:37","guid":{"rendered":"https:\/\/butterflies4events.com\/shop\/butterfly-dream-bomboniera\/"},"modified":"2026-01-19T17:00:22","modified_gmt":"2026-01-19T17:00:22","slug":"butterfly-dream-bomboniera","status":"publish","type":"product","link":"https:\/\/butterflies4events.com\/es\/shop\/butterfly-dream-bomboniera\/","title":{"rendered":"Butterfly Dream Bomboniera"},"content":{"rendered":"\t\t<div data-elementor-type=\"product-post\" data-elementor-id=\"12870\" class=\"elementor elementor-12870 elementor-7321\" data-elementor-post-type=\"product\">\n\t\t\t\t<div class=\"elementor-element elementor-element-7d55c94 e-flex e-con-boxed e-con e-parent\" data-id=\"7d55c94\" data-element_type=\"container\" data-e-type=\"container\">\n\t\t\t\t\t<div class=\"e-con-inner\">\n\t\t\t\t<div class=\"elementor-element elementor-element-97ac4a7 elementor-widget elementor-widget-text-editor\" data-id=\"97ac4a7\" data-element_type=\"widget\" data-e-type=\"widget\" data-widget_type=\"text-editor.default\">\n\t\t\t\t<div class=\"elementor-widget-container\">\n\t\t\t\t\t\t\t\t\t<p><strong data-start=\"140\" data-end=\"165\">La Bombonera Butterfly Dream<\/strong> es una opci\u00f3n original y ecol\u00f3gica, perfecta para quienes quieran sorprender a sus invitados con un regalo exclusivo. Dentro de cada bombonni\u00e8re hay una cris\u00e1lida que se transformar\u00e1 en una hermosa mariposa pocos d\u00edas despu\u00e9s del evento. Los invitados tendr\u00e1n la oportunidad de experimentar la maravilla de liberar su mariposa en casa, reviviendo la alegr\u00eda de tu d\u00eda especial.  <\/p>\t\t\t\t\t\t\t\t<\/div>\n\t\t\t\t<\/div>\n\t\t\t\t<div class=\"elementor-element elementor-element-c64ba65 elementor-widget elementor-widget-text-editor\" data-id=\"c64ba65\" data-element_type=\"widget\" data-e-type=\"widget\" data-widget_type=\"text-editor.default\">\n\t\t\t\t<div class=\"elementor-widget-container\">\n\t\t\t\t\t\t\t\t\t<p><strong>Encarga ahora una bombonera que no acumular\u00e1 polvo en una estanter\u00eda. Las emociones que despierta Butterfly Dream son realmente inolvidables. <\/strong><\/p>\t\t\t\t\t\t\t\t<\/div>\n\t\t\t\t<\/div>\n\t\t<div class=\"elementor-element elementor-element-2052f4e e-con-full e-flex e-con e-child\" data-id=\"2052f4e\" data-element_type=\"container\" data-e-type=\"container\">\n\t\t\t\t<div class=\"elementor-element elementor-element-bcf330b elementor-widget elementor-widget-text-editor\" data-id=\"bcf330b\" data-element_type=\"widget\" data-e-type=\"widget\" data-widget_type=\"text-editor.default\">\n\t\t\t\t<div class=\"elementor-widget-container\">\n\t\t\t\t\t\t\t\t\t<p>Caracter\u00edsticas principales<\/p>\t\t\t\t\t\t\t\t<\/div>\n\t\t\t\t<\/div>\n\t\t\t\t<div class=\"elementor-element elementor-element-2badc76 elementor-widget elementor-widget-text-editor\" data-id=\"2badc76\" data-element_type=\"widget\" data-e-type=\"widget\" data-widget_type=\"text-editor.default\">\n\t\t\t\t<div class=\"elementor-widget-container\">\n\t\t\t\t\t\t\t\t\t<p><strong>Un regalo memorable<\/strong><\/p><p data-start=\"680\" data-end=\"790\">Todos los invitados participar\u00e1n en la magia de la naturaleza gracias a este detalle \u00fanico.<\/p>\t\t\t\t\t\t\t\t<\/div>\n\t\t\t\t<\/div>\n\t\t\t\t<div class=\"elementor-element elementor-element-37bdc74 elementor-widget elementor-widget-text-editor\" data-id=\"37bdc74\" data-element_type=\"widget\" data-e-type=\"widget\" data-widget_type=\"text-editor.default\">\n\t\t\t\t<div class=\"elementor-widget-container\">\n\t\t\t\t\t\t\t\t\t<p><strong>F\u00e1cil de montar<\/strong><\/p><p>S\u00f3lo tienes que cerrar la caja de la bombonera (el adhesivo ya est\u00e1 incluido y preaplicado), a\u00f1adir almendras garrapi\u00f1adas (no incluidas) y colocar la cris\u00e1lida dentro. Si lo deseas, tambi\u00e9n podemos enviarte la bonbonni\u00e8re ya montada. <\/p>\t\t\t\t\t\t\t\t<\/div>\n\t\t\t\t<\/div>\n\t\t\t\t<div class=\"elementor-element elementor-element-07a64a3 elementor-widget elementor-widget-text-editor\" data-id=\"07a64a3\" data-element_type=\"widget\" data-e-type=\"widget\" data-widget_type=\"text-editor.default\">\n\t\t\t\t<div class=\"elementor-widget-container\">\n\t\t\t\t\t\t\t\t\t<p><strong>Sostenible<\/strong><\/p><p>Hechas totalmente de papel y dise\u00f1adas pensando en el medio ambiente. Cada oruga se cr\u00eda con cuidado y respeto. Para preservar su ciclo natural, algunas especies pueden no estar disponibles dependiendo de la temporada de tu evento. Una vez liberada, la mariposa contribuir\u00e1 a la polinizaci\u00f3n de cientos de flores, apoyando la biodiversidad.   <\/p>\t\t\t\t\t\t\t\t<\/div>\n\t\t\t\t<\/div>\n\t\t\t\t<\/div>\n\t\t\t\t\t<\/div>\n\t\t\t\t<\/div>\n\t\t\t\t<\/div>\n\t\t","protected":false},"excerpt":{"rendered":"<p>La Bombonera Butterfly Dream es una opci\u00f3n original y ecol\u00f3gica, perfecta para quienes quieran sorprender a sus invitados con un regalo exclusivo. Dentro de cada bombonni\u00e8re hay una cris\u00e1lida que se transformar\u00e1 en una hermosa mariposa pocos d\u00edas despu\u00e9s del evento. Los invitados tendr\u00e1n la oportunidad de experimentar la maravilla de liberar su mariposa en [&hellip;]<\/p>\n","protected":false},"featured_media":12872,"comment_status":"closed","ping_status":"closed","template":"","meta":{"_acf_changed":false},"product_brand":[],"product_cat":[358],"product_tag":[],"class_list":{"0":"post-12870","1":"product","2":"type-product","3":"status-publish","4":"has-post-thumbnail","6":"product_cat-nuestras-selecciones","7":"product_shipping_class-envio-a-temperatura-controlada","9":"first","10":"instock","11":"taxable","12":"shipping-taxable","13":"product-type-variable","14":"wvs-archive-product-wrapper"},"acf":{"custom_text_a":"Romeo y Julieta\n20 de junio de 2020","custom_text_a_source":{"label":"Custom Text A","type":"textarea","formatted_value":"Romeo y Julieta\n20 de junio de 2020"},"custom_text_b":"No desperdicies tu amor en alguien que no lo valora.","custom_text_b_source":{"label":"Custom Text B","type":"textarea","formatted_value":"No desperdicies tu amor en alguien que no lo valora."}},"yoast_head":"<!-- This site is optimized with the Yoast SEO plugin v27.5 - https:\/\/yoast.com\/product\/yoast-seo-wordpress\/ -->\n<title>Butterfly Dream Bomboniera &#8226; Mariposas para eventos%<\/title>\n<meta name=\"robots\" content=\"index, follow, max-snippet:-1, max-image-preview:large, max-video-preview:-1\" \/>\n<link rel=\"canonical\" href=\"https:\/\/butterflies4events.com\/es\/shop\/butterfly-dream-bomboniera\/\" \/>\n<meta property=\"og:locale\" content=\"es_ES\" \/>\n<meta property=\"og:type\" content=\"article\" \/>\n<meta property=\"og:title\" content=\"Butterfly Dream Bomboniera &#8226; Mariposas para eventos%\" \/>\n<meta property=\"og:description\" content=\"La Bombonera Butterfly Dream es una opci\u00f3n original y ecol\u00f3gica, perfecta para quienes quieran sorprender a sus invitados con un regalo exclusivo. Dentro de cada bombonni\u00e8re hay una cris\u00e1lida que se transformar\u00e1 en una hermosa mariposa pocos d\u00edas despu\u00e9s del evento. Los invitados tendr\u00e1n la oportunidad de experimentar la maravilla de liberar su mariposa en [&hellip;]\" \/>\n<meta property=\"og:url\" content=\"https:\/\/butterflies4events.com\/es\/shop\/butterfly-dream-bomboniera\/\" \/>\n<meta property=\"og:site_name\" content=\"Mariposas para eventos\" \/>\n<meta property=\"article:publisher\" content=\"https:\/\/www.facebook.com\/farfallepereventi\/\" \/>\n<meta property=\"article:modified_time\" content=\"2026-01-19T17:00:22+00:00\" \/>\n<meta property=\"og:image\" content=\"https:\/\/butterflies4events.com\/wp-content\/uploads\/2025\/07\/1.png\" \/>\n\t<meta property=\"og:image:width\" content=\"938\" \/>\n\t<meta property=\"og:image:height\" content=\"938\" \/>\n\t<meta property=\"og:image:type\" content=\"image\/png\" \/>\n<meta name=\"twitter:card\" content=\"summary_large_image\" \/>\n<meta name=\"twitter:label1\" content=\"Tiempo de lectura\" \/>\n\t<meta name=\"twitter:data1\" content=\"1 minuto\" \/>\n<script type=\"application\/ld+json\" class=\"yoast-schema-graph\">{\"@context\":\"https:\\\/\\\/schema.org\",\"@graph\":[{\"@type\":\"WebPage\",\"@id\":\"https:\\\/\\\/butterflies4events.com\\\/es\\\/shop\\\/butterfly-dream-bomboniera\\\/\",\"url\":\"https:\\\/\\\/butterflies4events.com\\\/es\\\/shop\\\/butterfly-dream-bomboniera\\\/\",\"name\":\"Butterfly Dream Bomboniera &#8226; Mariposas para eventos%\",\"isPartOf\":{\"@id\":\"https:\\\/\\\/butterflies4events.com\\\/es\\\/#website\"},\"primaryImageOfPage\":{\"@id\":\"https:\\\/\\\/butterflies4events.com\\\/es\\\/shop\\\/butterfly-dream-bomboniera\\\/#primaryimage\"},\"image\":{\"@id\":\"https:\\\/\\\/butterflies4events.com\\\/es\\\/shop\\\/butterfly-dream-bomboniera\\\/#primaryimage\"},\"thumbnailUrl\":\"https:\\\/\\\/butterflies4events.com\\\/wp-content\\\/uploads\\\/2025\\\/07\\\/1.png?wsr\",\"datePublished\":\"2024-12-03T11:35:37+00:00\",\"dateModified\":\"2026-01-19T17:00:22+00:00\",\"breadcrumb\":{\"@id\":\"https:\\\/\\\/butterflies4events.com\\\/es\\\/shop\\\/butterfly-dream-bomboniera\\\/#breadcrumb\"},\"inLanguage\":\"es\",\"potentialAction\":[{\"@type\":\"ReadAction\",\"target\":[\"https:\\\/\\\/butterflies4events.com\\\/es\\\/shop\\\/butterfly-dream-bomboniera\\\/\"]}]},{\"@type\":\"ImageObject\",\"inLanguage\":\"es\",\"@id\":\"https:\\\/\\\/butterflies4events.com\\\/es\\\/shop\\\/butterfly-dream-bomboniera\\\/#primaryimage\",\"url\":\"https:\\\/\\\/butterflies4events.com\\\/wp-content\\\/uploads\\\/2025\\\/07\\\/1.png?wsr\",\"contentUrl\":\"https:\\\/\\\/butterflies4events.com\\\/wp-content\\\/uploads\\\/2025\\\/07\\\/1.png?wsr\",\"width\":938,\"height\":938},{\"@type\":\"BreadcrumbList\",\"@id\":\"https:\\\/\\\/butterflies4events.com\\\/es\\\/shop\\\/butterfly-dream-bomboniera\\\/#breadcrumb\",\"itemListElement\":[{\"@type\":\"ListItem\",\"position\":1,\"name\":\"Inicio\",\"item\":\"https:\\\/\\\/butterflies4events.com\\\/es\\\/\"},{\"@type\":\"ListItem\",\"position\":2,\"name\":\"Tienda\",\"item\":\"https:\\\/\\\/butterflies4events.com\\\/es\\\/tienda\\\/\"},{\"@type\":\"ListItem\",\"position\":3,\"name\":\"Butterfly Dream Bomboniera\"}]},{\"@type\":\"WebSite\",\"@id\":\"https:\\\/\\\/butterflies4events.com\\\/es\\\/#website\",\"url\":\"https:\\\/\\\/butterflies4events.com\\\/es\\\/\",\"name\":\"Farfalle x Eventi\",\"description\":\"Momentos inolvidables\",\"publisher\":{\"@id\":\"https:\\\/\\\/butterflies4events.com\\\/es\\\/#organization\"},\"alternateName\":\"FxE\",\"potentialAction\":[{\"@type\":\"SearchAction\",\"target\":{\"@type\":\"EntryPoint\",\"urlTemplate\":\"https:\\\/\\\/butterflies4events.com\\\/es\\\/?s={search_term_string}\"},\"query-input\":{\"@type\":\"PropertyValueSpecification\",\"valueRequired\":true,\"valueName\":\"search_term_string\"}}],\"inLanguage\":\"es\"},{\"@type\":\"Organization\",\"@id\":\"https:\\\/\\\/butterflies4events.com\\\/es\\\/#organization\",\"name\":\"Farfalle x Eventi\",\"alternateName\":\"FxE\",\"url\":\"https:\\\/\\\/butterflies4events.com\\\/es\\\/\",\"logo\":{\"@type\":\"ImageObject\",\"inLanguage\":\"es\",\"@id\":\"https:\\\/\\\/butterflies4events.com\\\/es\\\/#\\\/schema\\\/logo\\\/image\\\/\",\"url\":\"\",\"contentUrl\":\"\",\"caption\":\"Farfalle x Eventi\"},\"image\":{\"@id\":\"https:\\\/\\\/butterflies4events.com\\\/es\\\/#\\\/schema\\\/logo\\\/image\\\/\"},\"sameAs\":[\"https:\\\/\\\/www.facebook.com\\\/farfallepereventi\\\/\",\"https:\\\/\\\/www.instagram.com\\\/farfallexeventi\\\/\"]}]}<\/script>\n<!-- \/ Yoast SEO plugin. -->","yoast_head_json":{"title":"Butterfly Dream Bomboniera &#8226; Mariposas para eventos%","robots":{"index":"index","follow":"follow","max-snippet":"max-snippet:-1","max-image-preview":"max-image-preview:large","max-video-preview":"max-video-preview:-1"},"canonical":"https:\/\/butterflies4events.com\/es\/shop\/butterfly-dream-bomboniera\/","og_locale":"es_ES","og_type":"article","og_title":"Butterfly Dream Bomboniera &#8226; Mariposas para eventos%","og_description":"La Bombonera Butterfly Dream es una opci\u00f3n original y ecol\u00f3gica, perfecta para quienes quieran sorprender a sus invitados con un regalo exclusivo. Dentro de cada bombonni\u00e8re hay una cris\u00e1lida que se transformar\u00e1 en una hermosa mariposa pocos d\u00edas despu\u00e9s del evento. Los invitados tendr\u00e1n la oportunidad de experimentar la maravilla de liberar su mariposa en [&hellip;]","og_url":"https:\/\/butterflies4events.com\/es\/shop\/butterfly-dream-bomboniera\/","og_site_name":"Mariposas para eventos","article_publisher":"https:\/\/www.facebook.com\/farfallepereventi\/","article_modified_time":"2026-01-19T17:00:22+00:00","og_image":[{"width":938,"height":938,"url":"https:\/\/butterflies4events.com\/wp-content\/uploads\/2025\/07\/1.png","type":"image\/png"}],"twitter_card":"summary_large_image","twitter_misc":{"Tiempo de lectura":"1 minuto"},"schema":{"@context":"https:\/\/schema.org","@graph":[{"@type":"WebPage","@id":"https:\/\/butterflies4events.com\/es\/shop\/butterfly-dream-bomboniera\/","url":"https:\/\/butterflies4events.com\/es\/shop\/butterfly-dream-bomboniera\/","name":"Butterfly Dream Bomboniera &#8226; Mariposas para eventos%","isPartOf":{"@id":"https:\/\/butterflies4events.com\/es\/#website"},"primaryImageOfPage":{"@id":"https:\/\/butterflies4events.com\/es\/shop\/butterfly-dream-bomboniera\/#primaryimage"},"image":{"@id":"https:\/\/butterflies4events.com\/es\/shop\/butterfly-dream-bomboniera\/#primaryimage"},"thumbnailUrl":"https:\/\/butterflies4events.com\/wp-content\/uploads\/2025\/07\/1.png?wsr","datePublished":"2024-12-03T11:35:37+00:00","dateModified":"2026-01-19T17:00:22+00:00","breadcrumb":{"@id":"https:\/\/butterflies4events.com\/es\/shop\/butterfly-dream-bomboniera\/#breadcrumb"},"inLanguage":"es","potentialAction":[{"@type":"ReadAction","target":["https:\/\/butterflies4events.com\/es\/shop\/butterfly-dream-bomboniera\/"]}]},{"@type":"ImageObject","inLanguage":"es","@id":"https:\/\/butterflies4events.com\/es\/shop\/butterfly-dream-bomboniera\/#primaryimage","url":"https:\/\/butterflies4events.com\/wp-content\/uploads\/2025\/07\/1.png?wsr","contentUrl":"https:\/\/butterflies4events.com\/wp-content\/uploads\/2025\/07\/1.png?wsr","width":938,"height":938},{"@type":"BreadcrumbList","@id":"https:\/\/butterflies4events.com\/es\/shop\/butterfly-dream-bomboniera\/#breadcrumb","itemListElement":[{"@type":"ListItem","position":1,"name":"Inicio","item":"https:\/\/butterflies4events.com\/es\/"},{"@type":"ListItem","position":2,"name":"Tienda","item":"https:\/\/butterflies4events.com\/es\/tienda\/"},{"@type":"ListItem","position":3,"name":"Butterfly Dream Bomboniera"}]},{"@type":"WebSite","@id":"https:\/\/butterflies4events.com\/es\/#website","url":"https:\/\/butterflies4events.com\/es\/","name":"Farfalle x Eventi","description":"Momentos inolvidables","publisher":{"@id":"https:\/\/butterflies4events.com\/es\/#organization"},"alternateName":"FxE","potentialAction":[{"@type":"SearchAction","target":{"@type":"EntryPoint","urlTemplate":"https:\/\/butterflies4events.com\/es\/?s={search_term_string}"},"query-input":{"@type":"PropertyValueSpecification","valueRequired":true,"valueName":"search_term_string"}}],"inLanguage":"es"},{"@type":"Organization","@id":"https:\/\/butterflies4events.com\/es\/#organization","name":"Farfalle x Eventi","alternateName":"FxE","url":"https:\/\/butterflies4events.com\/es\/","logo":{"@type":"ImageObject","inLanguage":"es","@id":"https:\/\/butterflies4events.com\/es\/#\/schema\/logo\/image\/","url":"","contentUrl":"","caption":"Farfalle x Eventi"},"image":{"@id":"https:\/\/butterflies4events.com\/es\/#\/schema\/logo\/image\/"},"sameAs":["https:\/\/www.facebook.com\/farfallepereventi\/","https:\/\/www.instagram.com\/farfallexeventi\/"]}]}},"_links":{"self":[{"href":"https:\/\/butterflies4events.com\/es\/wp-json\/wp\/v2\/product\/12870","targetHints":{"allow":["GET"]}}],"collection":[{"href":"https:\/\/butterflies4events.com\/es\/wp-json\/wp\/v2\/product"}],"about":[{"href":"https:\/\/butterflies4events.com\/es\/wp-json\/wp\/v2\/types\/product"}],"replies":[{"embeddable":true,"href":"https:\/\/butterflies4events.com\/es\/wp-json\/wp\/v2\/comments?post=12870"}],"version-history":[{"count":1,"href":"https:\/\/butterflies4events.com\/es\/wp-json\/wp\/v2\/product\/12870\/revisions"}],"predecessor-version":[{"id":12880,"href":"https:\/\/butterflies4events.com\/es\/wp-json\/wp\/v2\/product\/12870\/revisions\/12880"}],"wp:featuredmedia":[{"embeddable":true,"href":"https:\/\/butterflies4events.com\/es\/wp-json\/wp\/v2\/media\/12872"}],"wp:attachment":[{"href":"https:\/\/butterflies4events.com\/es\/wp-json\/wp\/v2\/media?parent=12870"}],"wp:term":[{"taxonomy":"product_brand","embeddable":true,"href":"https:\/\/butterflies4events.com\/es\/wp-json\/wp\/v2\/product_brand?post=12870"},{"taxonomy":"product_cat","embeddable":true,"href":"https:\/\/butterflies4events.com\/es\/wp-json\/wp\/v2\/product_cat?post=12870"},{"taxonomy":"product_tag","embeddable":true,"href":"https:\/\/butterflies4events.com\/es\/wp-json\/wp\/v2\/product_tag?post=12870"}],"curies":[{"name":"wp","href":"https:\/\/api.w.org\/{rel}","templated":true}]}}