{"id":12995,"date":"2024-05-16T15:26:14","date_gmt":"2024-05-16T15:26:14","guid":{"rendered":"https:\/\/butterflies4events.com\/condiciones-de-uso-del-sitio-web\/"},"modified":"2026-01-19T17:00:20","modified_gmt":"2026-01-19T17:00:20","slug":"condiciones-de-uso-del-sitio-web","status":"publish","type":"page","link":"https:\/\/butterflies4events.com\/es\/condiciones-de-uso-del-sitio-web\/","title":{"rendered":"Condiciones de uso del sitio web"},"content":{"rendered":"\t\t<div data-elementor-type=\"wp-page\" data-elementor-id=\"12995\" class=\"elementor elementor-12995 elementor-2442\" data-elementor-post-type=\"page\">\n\t\t\t\t<div class=\"elementor-element elementor-element-1c4f99d e-flex e-con-boxed e-con e-parent\" data-id=\"1c4f99d\" data-element_type=\"container\" data-e-type=\"container\">\n\t\t\t\t\t<div class=\"e-con-inner\">\n\t\t\t\t<div class=\"elementor-element elementor-element-6224cb1f elementor-widget elementor-widget-text-editor\" data-id=\"6224cb1f\" data-element_type=\"widget\" data-e-type=\"widget\" data-widget_type=\"text-editor.default\">\n\t\t\t\t<div class=\"elementor-widget-container\">\n\t\t\t\t\t\t\t\t\t<h1>Condiciones de uso del sitio web<\/h1>\t\t\t\t\t\t\t\t<\/div>\n\t\t\t\t<\/div>\n\t\t\t\t<div class=\"elementor-element elementor-element-a53da97 elementor-widget elementor-widget-text-editor\" data-id=\"a53da97\" data-element_type=\"widget\" data-e-type=\"widget\" data-widget_type=\"text-editor.default\">\n\t\t\t\t<div class=\"elementor-widget-container\">\n\t\t\t\t\t\t\t\t\t<p><em>Ten en cuenta que este documento es una traducci\u00f3n con fines meramente informativos. La versi\u00f3n oficial y jur\u00eddicamente vinculante es la italiana. <\/em><\/p><p> <\/p><p>Estimado usuario, por favor, lee atentamente estos T\u00e9rminos y Condiciones de Uso (\u00abT\u00e9rminos y Condiciones\u00bb) antes de utilizar el sitio web welcome.farfallexeventi.com (el \u00abSitio Web\u00bb). Acceder y utilizar este Sitio Web y sus servicios relacionados implica que has le\u00eddo, entendido y aceptado estas Condiciones, que pueden actualizarse peri\u00f3dicamente seg\u00fan sea necesario. Si no est\u00e1s de acuerdo con alguna de estas cl\u00e1usulas, abstente de utilizar nuestro Sitio Web. Al acceder al Sitio Web, tambi\u00e9n declaras que eres mayor de edad y tienes capacidad de obrar.   <\/p><p>El Sitio Web es propiedad y est\u00e1 gestionado por SmartBugs s.s., con domicilio social en Via Cave, 66, Villorba (TV), Italia &#8211; NIF 04659080263, R.E.A. N.\u00ba TV-38727, en lo sucesivo \u00abSB\u00bb o \u00abel Propietario\u00bb. Ten en cuenta que el Sitio Web puede contener enlaces a sitios web de terceros no controlados por SB, por lo que SB no se hace responsable de su contenido.  <\/p><p>Este Sitio Web te permite navegar por nuestros productos y servicios y elegirlos y comprarlos a trav\u00e9s de nuestra tienda online, sujeto a las Condiciones Generales de Venta (que deber\u00e1s revisar antes de completar cualquier compra). Los productos\/servicios adquiridos se entregar\u00e1n dentro del territorio nacional. Nuestro Servicio de Atenci\u00f3n al Cliente (info@farfallexeventi.com) est\u00e1 a tu disposici\u00f3n en caso de que necesites asistencia o m\u00e1s informaci\u00f3n sobre nuestros productos y servicios.  <\/p><p>Este Sitio Web est\u00e1 protegido como obra intelectual en virtud de las leyes de derechos de autor aplicables (en particular la Ley n\u00ba 633\/1941 y sus modificaciones posteriores). No est\u00e1s autorizado a modificar, publicar, distribuir, conceder derechos, reproducir, modificar o explotar comercialmente de ning\u00fan modo el contenido -incluidos los nombres de dominio- ni los servicios relacionados con nuestro Sitio Web, en su totalidad o en parte. Esta prohibici\u00f3n se extiende tambi\u00e9n al uso no autorizado de marcas y otros signos distintivos propiedad de SB.  <\/p><p>Te informamos de que los datos personales que nos facilitas est\u00e1n protegidos de conformidad con la legislaci\u00f3n italiana (Decreto Legislativo n\u00ba 196\/2003 y modificaciones posteriores, \u00abC\u00f3digo de Privacidad\u00bb) y la legislaci\u00f3n europea (Reglamento UE 2016\/679, \u00abGDPR\u00bb) sobre protecci\u00f3n de datos personales. Para m\u00e1s informaci\u00f3n legal, consulta nuestras secciones Pol\u00edtica de privacidad y Pol\u00edtica de cookies. <\/p><p>Puedes suscribirte para recibir nuestro bolet\u00edn por correo electr\u00f3nico, a trav\u00e9s del cual te informaremos sobre promociones, eventos y ofertas especiales. Tus datos personales ser\u00e1n tratados de acuerdo con nuestra Pol\u00edtica de Privacidad. <\/p>\t\t\t\t\t\t\t\t<\/div>\n\t\t\t\t<\/div>\n\t\t\t\t\t<\/div>\n\t\t\t\t<\/div>\n\t\t\t\t<\/div>\n\t\t","protected":false},"excerpt":{"rendered":"<p>Condiciones de uso del sitio web Ten en cuenta que este documento es una traducci\u00f3n con fines meramente informativos. La versi\u00f3n oficial y jur\u00eddicamente vinculante es la italiana. Estimado usuario, por favor, lee atentamente estos T\u00e9rminos y Condiciones de Uso (\u00abT\u00e9rminos y Condiciones\u00bb) antes de utilizar el sitio web welcome.farfallexeventi.com (el \u00abSitio Web\u00bb). Acceder y [&hellip;]<\/p>\n","protected":false},"author":1,"featured_media":0,"parent":0,"menu_order":0,"comment_status":"closed","ping_status":"closed","template":"","meta":{"_acf_changed":false,"footnotes":""},"folder":[283],"class_list":["post-12995","page","type-page","status-publish","hentry"],"acf":[],"yoast_head":"<!-- This site is optimized with the Yoast SEO plugin v27.5 - https:\/\/yoast.com\/product\/yoast-seo-wordpress\/ -->\n<title>Condiciones de uso del sitio web &#8226; Mariposas para eventos%<\/title>\n<meta name=\"robots\" content=\"index, follow, max-snippet:-1, max-image-preview:large, max-video-preview:-1\" \/>\n<link rel=\"canonical\" href=\"https:\/\/butterflies4events.com\/es\/condiciones-de-uso-del-sitio-web\/\" \/>\n<meta property=\"og:locale\" content=\"es_ES\" \/>\n<meta property=\"og:type\" content=\"article\" \/>\n<meta property=\"og:title\" content=\"Condiciones de uso del sitio web &#8226; Mariposas para eventos%\" \/>\n<meta property=\"og:description\" content=\"Condiciones de uso del sitio web Ten en cuenta que este documento es una traducci\u00f3n con fines meramente informativos. La versi\u00f3n oficial y jur\u00eddicamente vinculante es la italiana. Estimado usuario, por favor, lee atentamente estos T\u00e9rminos y Condiciones de Uso (\u00abT\u00e9rminos y Condiciones\u00bb) antes de utilizar el sitio web welcome.farfallexeventi.com (el \u00abSitio Web\u00bb). Acceder y [&hellip;]\" \/>\n<meta property=\"og:url\" content=\"https:\/\/butterflies4events.com\/es\/condiciones-de-uso-del-sitio-web\/\" \/>\n<meta property=\"og:site_name\" content=\"Mariposas para eventos\" \/>\n<meta property=\"article:publisher\" content=\"https:\/\/www.facebook.com\/farfallepereventi\/\" \/>\n<meta property=\"article:modified_time\" content=\"2026-01-19T17:00:20+00:00\" \/>\n<meta property=\"og:image\" content=\"https:\/\/butterflies4events.com\/wp-content\/uploads\/2023\/12\/GiadaAdMaiora-shooting@Gallizio-297-1.jpg?wsr\" \/>\n\t<meta property=\"og:image:width\" content=\"2249\" \/>\n\t<meta property=\"og:image:height\" content=\"1500\" \/>\n\t<meta property=\"og:image:type\" content=\"image\/jpeg\" \/>\n<meta name=\"twitter:card\" content=\"summary_large_image\" \/>\n<meta name=\"twitter:label1\" content=\"Tiempo de lectura\" \/>\n\t<meta name=\"twitter:data1\" content=\"2 minuto\" \/>\n<script type=\"application\/ld+json\" class=\"yoast-schema-graph\">{\"@context\":\"https:\\\/\\\/schema.org\",\"@graph\":[{\"@type\":\"WebPage\",\"@id\":\"https:\\\/\\\/butterflies4events.com\\\/es\\\/condiciones-de-uso-del-sitio-web\\\/\",\"url\":\"https:\\\/\\\/butterflies4events.com\\\/es\\\/condiciones-de-uso-del-sitio-web\\\/\",\"name\":\"Condiciones de uso del sitio web &#8226; Mariposas para eventos%\",\"isPartOf\":{\"@id\":\"https:\\\/\\\/butterflies4events.com\\\/es\\\/#website\"},\"datePublished\":\"2024-05-16T15:26:14+00:00\",\"dateModified\":\"2026-01-19T17:00:20+00:00\",\"breadcrumb\":{\"@id\":\"https:\\\/\\\/butterflies4events.com\\\/es\\\/condiciones-de-uso-del-sitio-web\\\/#breadcrumb\"},\"inLanguage\":\"es\",\"potentialAction\":[{\"@type\":\"ReadAction\",\"target\":[\"https:\\\/\\\/butterflies4events.com\\\/es\\\/condiciones-de-uso-del-sitio-web\\\/\"]}]},{\"@type\":\"BreadcrumbList\",\"@id\":\"https:\\\/\\\/butterflies4events.com\\\/es\\\/condiciones-de-uso-del-sitio-web\\\/#breadcrumb\",\"itemListElement\":[{\"@type\":\"ListItem\",\"position\":1,\"name\":\"Inicio\",\"item\":\"https:\\\/\\\/butterflies4events.com\\\/es\\\/\"},{\"@type\":\"ListItem\",\"position\":2,\"name\":\"Condiciones de uso del sitio web\"}]},{\"@type\":\"WebSite\",\"@id\":\"https:\\\/\\\/butterflies4events.com\\\/es\\\/#website\",\"url\":\"https:\\\/\\\/butterflies4events.com\\\/es\\\/\",\"name\":\"Farfalle x Eventi\",\"description\":\"Momentos inolvidables\",\"publisher\":{\"@id\":\"https:\\\/\\\/butterflies4events.com\\\/es\\\/#organization\"},\"alternateName\":\"FxE\",\"potentialAction\":[{\"@type\":\"SearchAction\",\"target\":{\"@type\":\"EntryPoint\",\"urlTemplate\":\"https:\\\/\\\/butterflies4events.com\\\/es\\\/?s={search_term_string}\"},\"query-input\":{\"@type\":\"PropertyValueSpecification\",\"valueRequired\":true,\"valueName\":\"search_term_string\"}}],\"inLanguage\":\"es\"},{\"@type\":\"Organization\",\"@id\":\"https:\\\/\\\/butterflies4events.com\\\/es\\\/#organization\",\"name\":\"Farfalle x Eventi\",\"alternateName\":\"FxE\",\"url\":\"https:\\\/\\\/butterflies4events.com\\\/es\\\/\",\"logo\":{\"@type\":\"ImageObject\",\"inLanguage\":\"es\",\"@id\":\"https:\\\/\\\/butterflies4events.com\\\/es\\\/#\\\/schema\\\/logo\\\/image\\\/\",\"url\":\"\",\"contentUrl\":\"\",\"caption\":\"Farfalle x Eventi\"},\"image\":{\"@id\":\"https:\\\/\\\/butterflies4events.com\\\/es\\\/#\\\/schema\\\/logo\\\/image\\\/\"},\"sameAs\":[\"https:\\\/\\\/www.facebook.com\\\/farfallepereventi\\\/\",\"https:\\\/\\\/www.instagram.com\\\/farfallexeventi\\\/\"]}]}<\/script>\n<!-- \/ Yoast SEO plugin. -->","yoast_head_json":{"title":"Condiciones de uso del sitio web &#8226; Mariposas para eventos%","robots":{"index":"index","follow":"follow","max-snippet":"max-snippet:-1","max-image-preview":"max-image-preview:large","max-video-preview":"max-video-preview:-1"},"canonical":"https:\/\/butterflies4events.com\/es\/condiciones-de-uso-del-sitio-web\/","og_locale":"es_ES","og_type":"article","og_title":"Condiciones de uso del sitio web &#8226; Mariposas para eventos%","og_description":"Condiciones de uso del sitio web Ten en cuenta que este documento es una traducci\u00f3n con fines meramente informativos. La versi\u00f3n oficial y jur\u00eddicamente vinculante es la italiana. Estimado usuario, por favor, lee atentamente estos T\u00e9rminos y Condiciones de Uso (\u00abT\u00e9rminos y Condiciones\u00bb) antes de utilizar el sitio web welcome.farfallexeventi.com (el \u00abSitio Web\u00bb). Acceder y [&hellip;]","og_url":"https:\/\/butterflies4events.com\/es\/condiciones-de-uso-del-sitio-web\/","og_site_name":"Mariposas para eventos","article_publisher":"https:\/\/www.facebook.com\/farfallepereventi\/","article_modified_time":"2026-01-19T17:00:20+00:00","og_image":[{"width":2249,"height":1500,"url":"https:\/\/butterflies4events.com\/wp-content\/uploads\/2023\/12\/GiadaAdMaiora-shooting@Gallizio-297-1.jpg?wsr","type":"image\/jpeg"}],"twitter_card":"summary_large_image","twitter_misc":{"Tiempo de lectura":"2 minuto"},"schema":{"@context":"https:\/\/schema.org","@graph":[{"@type":"WebPage","@id":"https:\/\/butterflies4events.com\/es\/condiciones-de-uso-del-sitio-web\/","url":"https:\/\/butterflies4events.com\/es\/condiciones-de-uso-del-sitio-web\/","name":"Condiciones de uso del sitio web &#8226; Mariposas para eventos%","isPartOf":{"@id":"https:\/\/butterflies4events.com\/es\/#website"},"datePublished":"2024-05-16T15:26:14+00:00","dateModified":"2026-01-19T17:00:20+00:00","breadcrumb":{"@id":"https:\/\/butterflies4events.com\/es\/condiciones-de-uso-del-sitio-web\/#breadcrumb"},"inLanguage":"es","potentialAction":[{"@type":"ReadAction","target":["https:\/\/butterflies4events.com\/es\/condiciones-de-uso-del-sitio-web\/"]}]},{"@type":"BreadcrumbList","@id":"https:\/\/butterflies4events.com\/es\/condiciones-de-uso-del-sitio-web\/#breadcrumb","itemListElement":[{"@type":"ListItem","position":1,"name":"Inicio","item":"https:\/\/butterflies4events.com\/es\/"},{"@type":"ListItem","position":2,"name":"Condiciones de uso del sitio web"}]},{"@type":"WebSite","@id":"https:\/\/butterflies4events.com\/es\/#website","url":"https:\/\/butterflies4events.com\/es\/","name":"Farfalle x Eventi","description":"Momentos inolvidables","publisher":{"@id":"https:\/\/butterflies4events.com\/es\/#organization"},"alternateName":"FxE","potentialAction":[{"@type":"SearchAction","target":{"@type":"EntryPoint","urlTemplate":"https:\/\/butterflies4events.com\/es\/?s={search_term_string}"},"query-input":{"@type":"PropertyValueSpecification","valueRequired":true,"valueName":"search_term_string"}}],"inLanguage":"es"},{"@type":"Organization","@id":"https:\/\/butterflies4events.com\/es\/#organization","name":"Farfalle x Eventi","alternateName":"FxE","url":"https:\/\/butterflies4events.com\/es\/","logo":{"@type":"ImageObject","inLanguage":"es","@id":"https:\/\/butterflies4events.com\/es\/#\/schema\/logo\/image\/","url":"","contentUrl":"","caption":"Farfalle x Eventi"},"image":{"@id":"https:\/\/butterflies4events.com\/es\/#\/schema\/logo\/image\/"},"sameAs":["https:\/\/www.facebook.com\/farfallepereventi\/","https:\/\/www.instagram.com\/farfallexeventi\/"]}]}},"_links":{"self":[{"href":"https:\/\/butterflies4events.com\/es\/wp-json\/wp\/v2\/pages\/12995","targetHints":{"allow":["GET"]}}],"collection":[{"href":"https:\/\/butterflies4events.com\/es\/wp-json\/wp\/v2\/pages"}],"about":[{"href":"https:\/\/butterflies4events.com\/es\/wp-json\/wp\/v2\/types\/page"}],"author":[{"embeddable":true,"href":"https:\/\/butterflies4events.com\/es\/wp-json\/wp\/v2\/users\/1"}],"replies":[{"embeddable":true,"href":"https:\/\/butterflies4events.com\/es\/wp-json\/wp\/v2\/comments?post=12995"}],"version-history":[{"count":1,"href":"https:\/\/butterflies4events.com\/es\/wp-json\/wp\/v2\/pages\/12995\/revisions"}],"predecessor-version":[{"id":12996,"href":"https:\/\/butterflies4events.com\/es\/wp-json\/wp\/v2\/pages\/12995\/revisions\/12996"}],"wp:attachment":[{"href":"https:\/\/butterflies4events.com\/es\/wp-json\/wp\/v2\/media?parent=12995"}],"wp:term":[{"taxonomy":"folder","embeddable":true,"href":"https:\/\/butterflies4events.com\/es\/wp-json\/wp\/v2\/folder?post=12995"}],"curies":[{"name":"wp","href":"https:\/\/api.w.org\/{rel}","templated":true}]}}