{"id":12466,"date":"2023-12-14T11:56:00","date_gmt":"2023-12-14T11:56:00","guid":{"rendered":"https:\/\/butterflies4events.com\/politica-de-privacidad\/"},"modified":"2026-01-19T17:00:13","modified_gmt":"2026-01-19T17:00:13","slug":"politica-de-privacidad","status":"publish","type":"page","link":"https:\/\/butterflies4events.com\/es\/politica-de-privacidad\/","title":{"rendered":"Pol\u00edtica de privacidad"},"content":{"rendered":"\t\t<div data-elementor-type=\"wp-page\" data-elementor-id=\"12466\" class=\"elementor elementor-12466 elementor-3\" data-elementor-post-type=\"page\">\n\t\t\t\t<div class=\"elementor-element elementor-element-1c4f99d e-flex e-con-boxed e-con e-parent\" data-id=\"1c4f99d\" data-element_type=\"container\" data-e-type=\"container\">\n\t\t\t\t\t<div class=\"e-con-inner\">\n\t\t\t\t<div class=\"elementor-element elementor-element-6224cb1f elementor-widget elementor-widget-text-editor\" data-id=\"6224cb1f\" data-element_type=\"widget\" data-e-type=\"widget\" data-widget_type=\"text-editor.default\">\n\t\t\t\t<div class=\"elementor-widget-container\">\n\t\t\t\t\t\t\t\t\t<h1>Pol\u00edtica de privacidad<\/h1>\t\t\t\t\t\t\t\t<\/div>\n\t\t\t\t<\/div>\n\t\t\t\t<div class=\"elementor-element elementor-element-954a21f elementor-widget elementor-widget-text-editor\" data-id=\"954a21f\" data-element_type=\"widget\" data-e-type=\"widget\" data-widget_type=\"text-editor.default\">\n\t\t\t\t<div class=\"elementor-widget-container\">\n\t\t\t\t\t\t\t\t\t<p><em>Ten en cuenta que este documento es una traducci\u00f3n con fines meramente informativos. La versi\u00f3n oficial y jur\u00eddicamente vinculante es la italiana. <\/em><\/p><p> <\/p><h3>Aviso sobre el tratamiento de datos personales<\/h3><p><strong>De conformidad con el art\u00edculo 13 del Reglamento n\u00ba 2016\/679 de la UE (\u00abReglamento General de Protecci\u00f3n de Datos\u00bb o \u00abRGPD\u00bb), SmartBugs s.s. (\u00abSB\u00bb) informa a todos los usuarios (\u00abusuarios\u00bb o \u00abinteresados\u00bb) que accedan al sitio web https:\/\/butterflies4events.com y utilicen sus servicios en l\u00ednea de la siguiente informaci\u00f3n. Este aviso se aplica exclusivamente al sitio web welcome.farfallexeventi.com y no a otros sitios web a los que puedan acceder los usuarios a trav\u00e9s de enlaces de este portal. <\/strong><\/p><p> <\/p><h3>Responsable del tratamiento<\/h3><p>El Responsable del Tratamiento es SmartBugs s.s., con sede en Villorba (TV), Via Cave, 66 &#8211; NIF IT04659080263, correo electr\u00f3nico <a class=\"cursor-pointer\" rel=\"noopener\" data-start=\"804\" data-end=\"828\">info.smartbugs@gmail.com.<\/a> <\/p><p> <\/p><h3>Datos tratados, finalidad y base jur\u00eddica del tratamiento<\/h3><p data-start=\"836\" data-end=\"1134\">Los datos personales tratados directamente por el Responsable del tratamiento o por terceros Encargados del tratamiento incluyen datos de identificaci\u00f3n como nombre, apellidos, c\u00f3digo fiscal, direcci\u00f3n, n\u00famero de tel\u00e9fono, correo electr\u00f3nico, datos bancarios y de pago, para los siguientes fines:<\/p><ul data-start=\"1136\" data-end=\"1723\"><li data-start=\"1136\" data-end=\"1228\"><p data-start=\"1138\" data-end=\"1228\">Para cumplir las obligaciones precontractuales y contractuales relacionadas con el servicio solicitado;<\/p><\/li><li data-start=\"1229\" data-end=\"1326\"><p data-start=\"1231\" data-end=\"1326\">Para cumplir con las obligaciones legales o reglamentarias, incluidas las solicitudes de las autoridades judiciales;<\/p><\/li><li data-start=\"1327\" data-end=\"1392\"><p data-start=\"1329\" data-end=\"1392\">Para ejercer los derechos del Responsable del Tratamiento, incluida la defensa jur\u00eddica;<\/p><\/li><li data-start=\"1393\" data-end=\"1541\"><p data-start=\"1395\" data-end=\"1541\">S\u00f3lo previo consentimiento expl\u00edcito, con fines de marketing (env\u00edo de correos electr\u00f3nicos, SMS, boletines informativos para promocionar productos o servicios ofrecidos por el Responsable del Tratamiento);<\/p><\/li><li data-start=\"1542\" data-end=\"1723\"><p data-start=\"1544\" data-end=\"1723\">Para gestionar y mantener el sitio web, permitir el uso de los servicios, satisfacer las solicitudes de los usuarios y prevenir o detectar actividades fraudulentas o abusos contra el Responsable del tratamiento a trav\u00e9s del sitio web.<\/p><\/li><\/ul><p data-start=\"1725\" data-end=\"2057\">La base jur\u00eddica para el tratamiento de los datos de los puntos 1 y 5 es la ejecuci\u00f3n del contrato o de las actividades precontractuales solicitadas por el usuario; para el punto 2, es el cumplimiento de obligaciones legales; para el punto 3, son los intereses leg\u00edtimos perseguidos por el Responsable del tratamiento; para el punto 4, es el consentimiento libremente otorgado del interesado.<\/p><p data-start=\"1725\" data-end=\"2057\"> <\/p><h3>Naturaleza del suministro de datos<\/h3><p>El suministro de datos personales para su tratamiento es opcional. Sin embargo, el hecho de no facilitar algunos o todos los datos puede dar lugar a la imposibilidad parcial o total de establecer o continuar la relaci\u00f3n contractual, cuando dichos datos sean necesarios para la ejecuci\u00f3n del contrato. <\/p><p>Facilitar datos con fines de marketing tambi\u00e9n es opcional. Los usuarios pueden rechazar o revocar posteriormente el consentimiento a las comunicaciones de marketing; en este caso, no recibir\u00e1n boletines informativos, comunicaciones comerciales ni material publicitario relacionado con los servicios del Responsable. <\/p><p> <\/p><h3>Destinatarios o categor\u00edas de destinatarios de los datos personales<\/h3><p data-start=\"2614\" data-end=\"2997\">El tratamiento de datos lo lleva a cabo personal interno autorizado (empleados, colaboradores) instruido de acuerdo con la normativa aplicable sobre privacidad y seguridad de los datos.<\/p><p data-start=\"2614\" data-end=\"2997\">Cuando sea necesario, los datos pueden ser procesados por Procesadores de Datos de terceros (seg\u00fan el Art\u00edculo 28 del GDPR) o Controladores de Datos independientes, incluidos, entre otros:<\/p><ul data-start=\"2999\" data-end=\"3494\"><li data-start=\"2999\" data-end=\"3105\"><p data-start=\"3001\" data-end=\"3105\">Profesionales, empresas, asociaciones o despachos que prestan apoyo administrativo, contable o fiscal;<\/p><\/li><li data-start=\"3106\" data-end=\"3182\"><p data-start=\"3108\" data-end=\"3182\">Instituciones p\u00fablicas obligadas por ley a recibir comunicaciones obligatorias;<\/p><\/li><li data-start=\"3183\" data-end=\"3345\"><p data-start=\"3185\" data-end=\"3345\">Bancos, proveedores de servicios de pago, profesionales que gestionan pagos con tarjeta de cr\u00e9dito o pagos electr\u00f3nicos, servicios postales y de mensajer\u00eda, y agentes de cobro de deudas;<\/p><\/li><li data-start=\"3346\" data-end=\"3430\"><p data-start=\"3348\" data-end=\"3430\">Plataformas de servicios de mensajer\u00eda (por ejemplo, <a class=\"\" href=\"https:\/\/it.sendinblue.com\/legal\/termsofuse\/\" target=\"_new\" rel=\"noopener\" data-start=\"3383\" data-end=\"3426\">https:\/\/it.sendinblue.com\/legal\/termsofuse\/)<\/a>;<\/p><\/li><li data-start=\"3431\" data-end=\"3494\"><p data-start=\"3433\" data-end=\"3494\">Mensajeros y otros transportistas responsables de la entrega del producto.<\/p><\/li><\/ul><p data-start=\"3496\" data-end=\"3550\">Los datos personales no est\u00e1n sujetos a difusi\u00f3n p\u00fablica.<\/p><p data-start=\"3496\" data-end=\"3550\"> <\/p><h3>Transferencias de datos a terceros pa\u00edses u organizaciones internacionales<\/h3><p>En el \u00e1mbito de la gesti\u00f3n contractual no est\u00e1 prevista la transferencia de datos personales fuera de la UE o a organizaciones internacionales sin las garant\u00edas legales adecuadas conforme al GDPR.<\/p><p> <\/p><h3>Per\u00edodo de conservaci\u00f3n de los datos<\/h3><p>Para los fines previstos en los puntos 1, 2 y 3, los datos personales ser\u00e1n tratados y conservados por el Responsable del Tratamiento durante la vigencia de la relaci\u00f3n contractual y, posteriormente, durante los plazos legalmente exigidos por la normativa contable, fiscal, civil y procesal (10 a\u00f1os).<\/p><p>Para fines de marketing (punto 4), los datos se conservar\u00e1n durante dos a\u00f1os o hasta la retirada del consentimiento o el ejercicio del derecho de supresi\u00f3n por parte del interesado.<\/p><p> <\/p><h3>Acceso a sitios web externos<\/h3><p>El portal puede contener enlaces a sitios web de terceros para comodidad e informaci\u00f3n del usuario. El acceso a estos enlaces lleva a los usuarios fuera del sitio del Responsable a sitios externos no controlados por el Responsable, que no asume ninguna responsabilidad por sus pr\u00e1cticas en materia de datos. Se aconseja a los usuarios que revisen las pol\u00edticas de privacidad de cada sitio externo.  <\/p><p> <\/p><h3>Derechos del interesado<\/h3><p data-start=\"4662\" data-end=\"4773\">En virtud de los art\u00edculos 7, 15-21 y 77 del RGPD, los interesados tienen los siguientes derechos:<\/p><ul data-start=\"4775\" data-end=\"6102\"><li data-start=\"4775\" data-end=\"4902\"><p data-start=\"4777\" data-end=\"4902\">Derecho de acceso (art. 15): a confirmar si se tratan datos personales que les conciernen y a obtener una copia de dichos datos;<\/p><\/li><li data-start=\"4903\" data-end=\"5036\"><p data-start=\"4905\" data-end=\"5036\">Derecho de rectificaci\u00f3n (art. 16): a que se rectifiquen sin demora indebida los datos personales inexactos y a completar los datos incompletos;<\/p><\/li><li data-start=\"5037\" data-end=\"5149\"><p data-start=\"5039\" data-end=\"5149\">Derecho de supresi\u00f3n (derecho a ser olvidado) (Art. 17): obtener la supresi\u00f3n de los datos personales sin demora indebida;<\/p><\/li><li data-start=\"5150\" data-end=\"5316\"><p data-start=\"5152\" data-end=\"5316\">Derecho a la limitaci\u00f3n del tratamiento (art. 18): para limitar el tratamiento en circunstancias espec\u00edficas (por ejemplo, impugnaci\u00f3n de la exactitud de los datos, tratamiento il\u00edcito, reclamaciones legales);<\/p><\/li><li data-start=\"5317\" data-end=\"5477\"><p data-start=\"5319\" data-end=\"5477\">Derecho a la portabilidad de los datos (art. 20): a recibir los datos personales en un formato estructurado, de uso com\u00fan y lectura mec\u00e1nica, y a transmitirlos a otro responsable del tratamiento;<\/p><\/li><li data-start=\"5478\" data-end=\"5766\"><p data-start=\"5480\" data-end=\"5766\">Derecho de oposici\u00f3n (Art. 21): a oponerse al tratamiento de datos basado en intereses leg\u00edtimos o en el inter\u00e9s p\u00fablico, incluida la elaboraci\u00f3n de perfiles, excepto cuando existan motivos leg\u00edtimos imperiosos; tambi\u00e9n, a oponerse en cualquier momento al tratamiento de marketing directo, incluida la elaboraci\u00f3n de perfiles relacionada con el marketing directo;<\/p><\/li><li data-start=\"5767\" data-end=\"5907\"><p data-start=\"5769\" data-end=\"5907\">Derecho a retirar el consentimiento (Art. 7): el consentimiento puede revocarse en cualquier momento sin que ello afecte a la legalidad del tratamiento anterior a la retirada;<\/p><\/li><li data-start=\"5908\" data-end=\"6102\"><p data-start=\"5910\" data-end=\"6102\">Derecho a presentar una reclamaci\u00f3n (art. 77): el interesado puede presentar una reclamaci\u00f3n ante la Autoridad de Control (Garante per la protezione dei dati personali, Piazza Venezia 11, 00187 Roma, Italia).<\/p><\/li><\/ul><p data-start=\"6104\" data-end=\"6448\">Los interesados pueden ejercer sus derechos de forma gratuita enviando una carta certificada con acuse de recibo a: SmartBugs s.s., Via Cave, 66 &#8211; 31020 Villorba (TV), Italia, o por correo electr\u00f3nico a <a class=\"cursor-pointer\" rel=\"noopener\" data-start=\"6288\" data-end=\"6312\">info.smartbugs@gmail.com.<\/a><\/p><p data-start=\"6104\" data-end=\"6448\">Las solicitudes infundadas o excesivas, incluidas las repetitivas, pueden dar lugar a una tasa administrativa razonable o a la denegaci\u00f3n de la solicitud.<\/p>\t\t\t\t\t\t\t\t<\/div>\n\t\t\t\t<\/div>\n\t\t\t\t\t<\/div>\n\t\t\t\t<\/div>\n\t\t\t\t<\/div>\n\t\t","protected":false},"excerpt":{"rendered":"<p>Pol\u00edtica de privacidad Ten en cuenta que este documento es una traducci\u00f3n con fines meramente informativos. La versi\u00f3n oficial y jur\u00eddicamente vinculante es la italiana. Aviso sobre el tratamiento de datos personales De conformidad con el art\u00edculo 13 del Reglamento n\u00ba 2016\/679 de la UE (\u00abReglamento General de Protecci\u00f3n de Datos\u00bb o \u00abRGPD\u00bb), SmartBugs s.s. [&hellip;]<\/p>\n","protected":false},"author":1,"featured_media":0,"parent":0,"menu_order":0,"comment_status":"closed","ping_status":"open","template":"","meta":{"_acf_changed":false,"footnotes":""},"folder":[283],"class_list":["post-12466","page","type-page","status-publish","hentry"],"acf":[],"yoast_head":"<!-- This site is optimized with the Yoast SEO plugin v27.5 - https:\/\/yoast.com\/product\/yoast-seo-wordpress\/ -->\n<title>Pol\u00edtica de privacidad &#8226; Mariposas para eventos%<\/title>\n<meta name=\"robots\" content=\"index, follow, max-snippet:-1, max-image-preview:large, max-video-preview:-1\" \/>\n<link rel=\"canonical\" href=\"https:\/\/butterflies4events.com\/es\/politica-de-privacidad\/\" \/>\n<meta property=\"og:locale\" content=\"es_ES\" \/>\n<meta property=\"og:type\" content=\"article\" \/>\n<meta property=\"og:title\" content=\"Pol\u00edtica de privacidad &#8226; Mariposas para eventos%\" \/>\n<meta property=\"og:description\" content=\"Pol\u00edtica de privacidad Ten en cuenta que este documento es una traducci\u00f3n con fines meramente informativos. La versi\u00f3n oficial y jur\u00eddicamente vinculante es la italiana. Aviso sobre el tratamiento de datos personales De conformidad con el art\u00edculo 13 del Reglamento n\u00ba 2016\/679 de la UE (\u00abReglamento General de Protecci\u00f3n de Datos\u00bb o \u00abRGPD\u00bb), SmartBugs s.s. [&hellip;]\" \/>\n<meta property=\"og:url\" content=\"https:\/\/butterflies4events.com\/es\/politica-de-privacidad\/\" \/>\n<meta property=\"og:site_name\" content=\"Mariposas para eventos\" \/>\n<meta property=\"article:publisher\" content=\"https:\/\/www.facebook.com\/farfallepereventi\/\" \/>\n<meta property=\"article:modified_time\" content=\"2026-01-19T17:00:13+00:00\" \/>\n<meta property=\"og:image\" content=\"https:\/\/butterflies4events.com\/wp-content\/uploads\/2023\/12\/GiadaAdMaiora-shooting@Gallizio-297-1.jpg?wsr\" \/>\n\t<meta property=\"og:image:width\" content=\"2249\" \/>\n\t<meta property=\"og:image:height\" content=\"1500\" \/>\n\t<meta property=\"og:image:type\" content=\"image\/jpeg\" \/>\n<meta name=\"twitter:card\" content=\"summary_large_image\" \/>\n<meta name=\"twitter:label1\" content=\"Tiempo de lectura\" \/>\n\t<meta name=\"twitter:data1\" content=\"6 minuto\" \/>\n<script type=\"application\/ld+json\" class=\"yoast-schema-graph\">{\"@context\":\"https:\\\/\\\/schema.org\",\"@graph\":[{\"@type\":\"WebPage\",\"@id\":\"https:\\\/\\\/butterflies4events.com\\\/es\\\/politica-de-privacidad\\\/\",\"url\":\"https:\\\/\\\/butterflies4events.com\\\/es\\\/politica-de-privacidad\\\/\",\"name\":\"Pol\u00edtica de privacidad &#8226; Mariposas para eventos%\",\"isPartOf\":{\"@id\":\"https:\\\/\\\/butterflies4events.com\\\/es\\\/#website\"},\"datePublished\":\"2023-12-14T11:56:00+00:00\",\"dateModified\":\"2026-01-19T17:00:13+00:00\",\"breadcrumb\":{\"@id\":\"https:\\\/\\\/butterflies4events.com\\\/es\\\/politica-de-privacidad\\\/#breadcrumb\"},\"inLanguage\":\"es\",\"potentialAction\":[{\"@type\":\"ReadAction\",\"target\":[\"https:\\\/\\\/butterflies4events.com\\\/es\\\/politica-de-privacidad\\\/\"]}]},{\"@type\":\"BreadcrumbList\",\"@id\":\"https:\\\/\\\/butterflies4events.com\\\/es\\\/politica-de-privacidad\\\/#breadcrumb\",\"itemListElement\":[{\"@type\":\"ListItem\",\"position\":1,\"name\":\"Inicio\",\"item\":\"https:\\\/\\\/butterflies4events.com\\\/es\\\/\"},{\"@type\":\"ListItem\",\"position\":2,\"name\":\"Pol\u00edtica de privacidad\"}]},{\"@type\":\"WebSite\",\"@id\":\"https:\\\/\\\/butterflies4events.com\\\/es\\\/#website\",\"url\":\"https:\\\/\\\/butterflies4events.com\\\/es\\\/\",\"name\":\"Farfalle x Eventi\",\"description\":\"Momentos inolvidables\",\"publisher\":{\"@id\":\"https:\\\/\\\/butterflies4events.com\\\/es\\\/#organization\"},\"alternateName\":\"FxE\",\"potentialAction\":[{\"@type\":\"SearchAction\",\"target\":{\"@type\":\"EntryPoint\",\"urlTemplate\":\"https:\\\/\\\/butterflies4events.com\\\/es\\\/?s={search_term_string}\"},\"query-input\":{\"@type\":\"PropertyValueSpecification\",\"valueRequired\":true,\"valueName\":\"search_term_string\"}}],\"inLanguage\":\"es\"},{\"@type\":\"Organization\",\"@id\":\"https:\\\/\\\/butterflies4events.com\\\/es\\\/#organization\",\"name\":\"Farfalle x Eventi\",\"alternateName\":\"FxE\",\"url\":\"https:\\\/\\\/butterflies4events.com\\\/es\\\/\",\"logo\":{\"@type\":\"ImageObject\",\"inLanguage\":\"es\",\"@id\":\"https:\\\/\\\/butterflies4events.com\\\/es\\\/#\\\/schema\\\/logo\\\/image\\\/\",\"url\":\"\",\"contentUrl\":\"\",\"caption\":\"Farfalle x Eventi\"},\"image\":{\"@id\":\"https:\\\/\\\/butterflies4events.com\\\/es\\\/#\\\/schema\\\/logo\\\/image\\\/\"},\"sameAs\":[\"https:\\\/\\\/www.facebook.com\\\/farfallepereventi\\\/\",\"https:\\\/\\\/www.instagram.com\\\/farfallexeventi\\\/\"]}]}<\/script>\n<!-- \/ Yoast SEO plugin. -->","yoast_head_json":{"title":"Pol\u00edtica de privacidad &#8226; Mariposas para eventos%","robots":{"index":"index","follow":"follow","max-snippet":"max-snippet:-1","max-image-preview":"max-image-preview:large","max-video-preview":"max-video-preview:-1"},"canonical":"https:\/\/butterflies4events.com\/es\/politica-de-privacidad\/","og_locale":"es_ES","og_type":"article","og_title":"Pol\u00edtica de privacidad &#8226; Mariposas para eventos%","og_description":"Pol\u00edtica de privacidad Ten en cuenta que este documento es una traducci\u00f3n con fines meramente informativos. La versi\u00f3n oficial y jur\u00eddicamente vinculante es la italiana. Aviso sobre el tratamiento de datos personales De conformidad con el art\u00edculo 13 del Reglamento n\u00ba 2016\/679 de la UE (\u00abReglamento General de Protecci\u00f3n de Datos\u00bb o \u00abRGPD\u00bb), SmartBugs s.s. [&hellip;]","og_url":"https:\/\/butterflies4events.com\/es\/politica-de-privacidad\/","og_site_name":"Mariposas para eventos","article_publisher":"https:\/\/www.facebook.com\/farfallepereventi\/","article_modified_time":"2026-01-19T17:00:13+00:00","og_image":[{"width":2249,"height":1500,"url":"https:\/\/butterflies4events.com\/wp-content\/uploads\/2023\/12\/GiadaAdMaiora-shooting@Gallizio-297-1.jpg?wsr","type":"image\/jpeg"}],"twitter_card":"summary_large_image","twitter_misc":{"Tiempo de lectura":"6 minuto"},"schema":{"@context":"https:\/\/schema.org","@graph":[{"@type":"WebPage","@id":"https:\/\/butterflies4events.com\/es\/politica-de-privacidad\/","url":"https:\/\/butterflies4events.com\/es\/politica-de-privacidad\/","name":"Pol\u00edtica de privacidad &#8226; Mariposas para eventos%","isPartOf":{"@id":"https:\/\/butterflies4events.com\/es\/#website"},"datePublished":"2023-12-14T11:56:00+00:00","dateModified":"2026-01-19T17:00:13+00:00","breadcrumb":{"@id":"https:\/\/butterflies4events.com\/es\/politica-de-privacidad\/#breadcrumb"},"inLanguage":"es","potentialAction":[{"@type":"ReadAction","target":["https:\/\/butterflies4events.com\/es\/politica-de-privacidad\/"]}]},{"@type":"BreadcrumbList","@id":"https:\/\/butterflies4events.com\/es\/politica-de-privacidad\/#breadcrumb","itemListElement":[{"@type":"ListItem","position":1,"name":"Inicio","item":"https:\/\/butterflies4events.com\/es\/"},{"@type":"ListItem","position":2,"name":"Pol\u00edtica de privacidad"}]},{"@type":"WebSite","@id":"https:\/\/butterflies4events.com\/es\/#website","url":"https:\/\/butterflies4events.com\/es\/","name":"Farfalle x Eventi","description":"Momentos inolvidables","publisher":{"@id":"https:\/\/butterflies4events.com\/es\/#organization"},"alternateName":"FxE","potentialAction":[{"@type":"SearchAction","target":{"@type":"EntryPoint","urlTemplate":"https:\/\/butterflies4events.com\/es\/?s={search_term_string}"},"query-input":{"@type":"PropertyValueSpecification","valueRequired":true,"valueName":"search_term_string"}}],"inLanguage":"es"},{"@type":"Organization","@id":"https:\/\/butterflies4events.com\/es\/#organization","name":"Farfalle x Eventi","alternateName":"FxE","url":"https:\/\/butterflies4events.com\/es\/","logo":{"@type":"ImageObject","inLanguage":"es","@id":"https:\/\/butterflies4events.com\/es\/#\/schema\/logo\/image\/","url":"","contentUrl":"","caption":"Farfalle x Eventi"},"image":{"@id":"https:\/\/butterflies4events.com\/es\/#\/schema\/logo\/image\/"},"sameAs":["https:\/\/www.facebook.com\/farfallepereventi\/","https:\/\/www.instagram.com\/farfallexeventi\/"]}]}},"_links":{"self":[{"href":"https:\/\/butterflies4events.com\/es\/wp-json\/wp\/v2\/pages\/12466","targetHints":{"allow":["GET"]}}],"collection":[{"href":"https:\/\/butterflies4events.com\/es\/wp-json\/wp\/v2\/pages"}],"about":[{"href":"https:\/\/butterflies4events.com\/es\/wp-json\/wp\/v2\/types\/page"}],"author":[{"embeddable":true,"href":"https:\/\/butterflies4events.com\/es\/wp-json\/wp\/v2\/users\/1"}],"replies":[{"embeddable":true,"href":"https:\/\/butterflies4events.com\/es\/wp-json\/wp\/v2\/comments?post=12466"}],"version-history":[{"count":1,"href":"https:\/\/butterflies4events.com\/es\/wp-json\/wp\/v2\/pages\/12466\/revisions"}],"predecessor-version":[{"id":12467,"href":"https:\/\/butterflies4events.com\/es\/wp-json\/wp\/v2\/pages\/12466\/revisions\/12467"}],"wp:attachment":[{"href":"https:\/\/butterflies4events.com\/es\/wp-json\/wp\/v2\/media?parent=12466"}],"wp:term":[{"taxonomy":"folder","embeddable":true,"href":"https:\/\/butterflies4events.com\/es\/wp-json\/wp\/v2\/folder?post=12466"}],"curies":[{"name":"wp","href":"https:\/\/api.w.org\/{rel}","templated":true}]}}