{"id":12462,"date":"2023-12-14T11:56:00","date_gmt":"2023-12-14T11:56:00","guid":{"rendered":"https:\/\/butterflies4events.com\/bodas\/"},"modified":"2026-04-27T15:16:31","modified_gmt":"2026-04-27T15:16:31","slug":"bodas","status":"publish","type":"page","link":"https:\/\/butterflies4events.com\/es\/bodas\/","title":{"rendered":"Bodas"},"content":{"rendered":"\t\t<div data-elementor-type=\"wp-page\" data-elementor-id=\"12462\" class=\"elementor elementor-12462 elementor-52\" data-elementor-post-type=\"page\">\n\t\t\t\t<div class=\"elementor-element elementor-element-d7cc84f e-con-full e-flex e-con e-parent\" data-id=\"d7cc84f\" data-element_type=\"container\" data-e-type=\"container\" data-settings=\"{&quot;background_background&quot;:&quot;classic&quot;}\">\n\t\t<div class=\"elementor-element elementor-element-6cb727e e-con-full e-flex e-con e-child\" data-id=\"6cb727e\" data-element_type=\"container\" data-e-type=\"container\" data-settings=\"{&quot;background_background&quot;:&quot;classic&quot;}\">\n\t\t\t\t<div class=\"elementor-element elementor-element-11132b1 elementor-widget elementor-widget-text-editor\" data-id=\"11132b1\" data-element_type=\"widget\" data-e-type=\"widget\" data-widget_type=\"text-editor.default\">\n\t\t\t\t<div class=\"elementor-widget-container\">\n\t\t\t\t\t\t\t\t\t<h4>Elige tus mariposas<\/h4><h2>Para tu boda<\/h2>\t\t\t\t\t\t\t\t<\/div>\n\t\t\t\t<\/div>\n\t\t\t\t<\/div>\n\t\t<div class=\"elementor-element elementor-element-933fc9b e-con-full e-flex e-con e-child\" data-id=\"933fc9b\" data-element_type=\"container\" data-e-type=\"container\" data-settings=\"{&quot;background_background&quot;:&quot;classic&quot;}\">\n\t\t\t\t<\/div>\n\t\t\t\t<\/div>\n\t\t<div class=\"elementor-element elementor-element-c952d60 e-flex e-con-boxed e-con e-parent\" data-id=\"c952d60\" data-element_type=\"container\" data-e-type=\"container\" data-settings=\"{&quot;background_background&quot;:&quot;classic&quot;}\">\n\t\t\t\t\t<div class=\"e-con-inner\">\n\t\t\t\t<div class=\"elementor-element elementor-element-64c4297 elementor-widget elementor-widget-text-editor\" data-id=\"64c4297\" data-element_type=\"widget\" data-e-type=\"widget\" data-widget_type=\"text-editor.default\">\n\t\t\t\t<div class=\"elementor-widget-container\">\n\t\t\t\t\t\t\t\t\t<h3 style=\"text-align: left;\">Liberaci\u00f3n de Mariposas y Bombonera<\/h3><p data-start=\"191\" data-end=\"356\">Una boda es una celebraci\u00f3n de amor y unidad. Una <strong>Liberaci\u00f3n de Mariposas<\/strong> a\u00f1ade un toque de magia y asombro durante la ceremonia o el banquete. <\/p><p data-start=\"358\" data-end=\"551\">Imagina mariposas revoloteando en el aire mientras intercambi\u00e1is vuestros votos, creando una atm\u00f3sfera de cuento de hadas y oportunidades fotogr\u00e1ficas inolvidables. Es una forma preciosa de comenzar vuestro viaje juntos. <\/p><p data-start=\"553\" data-end=\"659\">Da las gracias a tus invitados con una <strong data-start=\"578\" data-end=\"605\">Bomboniera Butterfly Dream<\/strong>, un recuerdo perfecto para conmemorar tu d\u00eda especial.<\/p>\t\t\t\t\t\t\t\t<\/div>\n\t\t\t\t<\/div>\n\t\t<div class=\"elementor-element elementor-element-f4fee72 e-con-full e-flex e-con e-child\" data-id=\"f4fee72\" data-element_type=\"container\" data-e-type=\"container\">\n\t\t\t\t<div class=\"elementor-element elementor-element-4b93b2c elementor-widget__width-initial elementor-widget-tablet__width-initial elementor-widget-mobile__width-inherit elementor-widget elementor-widget-video\" data-id=\"4b93b2c\" data-element_type=\"widget\" data-e-type=\"widget\" data-settings=\"{&quot;mute&quot;:&quot;yes&quot;,&quot;loop&quot;:&quot;yes&quot;,&quot;autoplay&quot;:&quot;yes&quot;,&quot;play_on_mobile&quot;:&quot;yes&quot;,&quot;video_type&quot;:&quot;hosted&quot;}\" data-widget_type=\"video.default\">\n\t\t\t\t<div class=\"elementor-widget-container\">\n\t\t\t\t\t\t\t<div class=\"e-hosted-video elementor-wrapper elementor-open-inline\">\n\t\t\t\t\t<video class=\"elementor-video\" src=\"https:\/\/butterflies4events.com\/wp-content\/uploads\/2025\/08\/FxE-Esempio-video-1.mp4\" autoplay=\"\" loop=\"\" muted=\"muted\" playsinline=\"\" controlsList=\"nodownload\"><\/video>\n\t\t\t\t<\/div>\n\t\t\t\t\t\t<\/div>\n\t\t\t\t<\/div>\n\t\t\t\t<div class=\"elementor-element elementor-element-28eb64c elementor-widget elementor-widget-text-editor\" data-id=\"28eb64c\" data-element_type=\"widget\" data-e-type=\"widget\" data-widget_type=\"text-editor.default\">\n\t\t\t\t<div class=\"elementor-widget-container\">\n\t\t\t\t\t\t\t\t\t<h3>Para una boda perfecta<\/h3><p>Tu felicidad es nuestra prioridad. Con a\u00f1os de experiencia, \u00a1sabemos exactamente lo que hace falta para que tu boda sea inolvidable! <\/p><p>Te lo recomendamos:<\/p><ul><li><h5><a href=\"https:\/\/butterflies4events.com\/shop\/cloud-butterfly-release\/\">Liberaci\u00f3n en la nube<\/a><\/h5><\/li><\/ul><p style=\"padding-left: 80px;\"><strong>100 mariposas blancas (Pieris brassicae)<br><\/strong>Aunque peque\u00f1as, estas mariposas reflejan maravillosamente la luz, creando un efecto visual impresionante. Sugerimos un n\u00famero elevado para crear una \u00abnube\u00bb espectacular que asombrar\u00e1 a tus invitados. <\/p><ul><li><a href=\"https:\/\/butterflies4events.com\/shop\/personal-butterfly-release\/\">Comunicados personales<\/a><\/li><\/ul><p style=\"padding-left: 80px;\"><strong>Mariposa de colores (Papilio machaon)<br><\/strong>Una de las mariposas m\u00e1s grandes de Europa, perfecta para admirarla de cerca. Crea un v\u00ednculo especial entre la mariposa y la persona que la suelta, haciendo que la experiencia sea m\u00e1s atractiva. Especialmente apreciada por los ni\u00f1os.  <\/p><ul><li><a href=\"https:\/\/butterflies4events.com\/shop\/butterfly-dream-favor\/\">Bombonera Butterfly Dream<\/a><\/li><\/ul><p style=\"padding-left: 80px;\"><strong>Mariposa de colores (<em data-start=\"1408\" data-end=\"1425\">Papilio machaon<\/em>) con caja de regalo marfil<br><\/strong>Una elecci\u00f3n original y sostenible, ideal para sorprender a los invitados con un regalo exclusivo. El color marfil armoniza perfectamente con la paleta de tu boda. En su interior, la cris\u00e1lida se transformar\u00e1 en una hermosa mariposa unos d\u00edas despu\u00e9s del evento.  <\/p>\t\t\t\t\t\t\t\t<\/div>\n\t\t\t\t<\/div>\n\t\t\t\t<\/div>\n\t\t\t\t\t<\/div>\n\t\t\t\t<\/div>\n\t\t<div class=\"elementor-element elementor-element-b2bcc28 e-con-full e-flex e-con e-parent\" data-id=\"b2bcc28\" data-element_type=\"container\" data-e-type=\"container\" data-settings=\"{&quot;background_background&quot;:&quot;classic&quot;}\">\n\t\t\t\t<div class=\"elementor-element elementor-element-ddf60a7 elementor-widget elementor-widget-shortcode\" data-id=\"ddf60a7\" data-element_type=\"widget\" data-e-type=\"widget\" data-widget_type=\"shortcode.default\">\n\t\t\t\t<div class=\"elementor-widget-container\">\n\t\t\t\t\t\t\t<div class=\"elementor-shortcode\">\t\t<div data-elementor-type=\"container\" data-elementor-id=\"12643\" class=\"elementor elementor-12643 elementor-2624 elementor-2624\" data-elementor-post-type=\"elementor_library\">\n\t\t\t\t<div class=\"elementor-element elementor-element-b43722c e-con-full e-flex e-con e-parent\" data-id=\"b43722c\" data-element_type=\"container\" data-e-type=\"container\" data-settings=\"{&quot;background_background&quot;:&quot;classic&quot;}\">\n\t\t\t\t<div class=\"elementor-element elementor-element-c6df457 elementor-widget__width-inherit elementor-widget elementor-widget-text-editor\" data-id=\"c6df457\" data-element_type=\"widget\" data-e-type=\"widget\" data-widget_type=\"text-editor.default\">\n\t\t\t\t<div class=\"elementor-widget-container\">\n\t\t\t\t\t\t\t\t\t<h2 style=\"text-align: center;\">Ver lo que ofrecemos<\/h2>\t\t\t\t\t\t\t\t<\/div>\n\t\t\t\t<\/div>\n\t\t\t\t<div class=\"elementor-element elementor-element-c9488b7 elementor-product-loop-item--align-center elementor-grid-2 elementor-widget__width-auto elementor-grid-mobile-1 elementor-grid-tablet-3 elementor-products-grid elementor-wc-products elementor-show-pagination-border-yes elementor-widget elementor-widget-woocommerce-products\" data-id=\"c9488b7\" data-element_type=\"widget\" data-e-type=\"widget\" data-widget_type=\"woocommerce-products.default\">\n\t\t\t\t<div class=\"elementor-widget-container\">\n\t\t\t\t\t<div class=\"woocommerce columns-2 \"><div class=\"woocommerce-notices-wrapper\"><\/div><ul class=\"products elementor-grid columns-2\">\n<li class=\"wvs-archive-product-wrapper product type-product post-12912 status-publish first instock product_cat-nuestras-selecciones has-post-thumbnail taxable shipping-taxable product-type-variable\">\n\t<a href=\"https:\/\/butterflies4events.com\/es\/shop\/liberacion-en-la-nube\/\" class=\"woocommerce-LoopProduct-link woocommerce-loop-product__link\"><img fetchpriority=\"high\" decoding=\"async\" width=\"300\" height=\"300\" src=\"https:\/\/butterflies4events.com\/wp-content\/uploads\/2024\/06\/1-300x300.jpg?wsr\" class=\"attachment-woocommerce_thumbnail size-woocommerce_thumbnail wvs-archive-product-image\" alt=\"Liberaci\u00f3n en la nube\" srcset=\"https:\/\/butterflies4events.com\/wp-content\/uploads\/2024\/06\/1-300x300.jpg 300w, https:\/\/butterflies4events.com\/wp-content\/uploads\/2024\/06\/1-100x100.jpg 100w, https:\/\/butterflies4events.com\/wp-content\/uploads\/2024\/06\/1-600x600.jpg 600w, https:\/\/butterflies4events.com\/wp-content\/uploads\/2024\/06\/1-1024x1024.jpg 1024w, https:\/\/butterflies4events.com\/wp-content\/uploads\/2024\/06\/1-150x150.jpg 150w, https:\/\/butterflies4events.com\/wp-content\/uploads\/2024\/06\/1-768x768.jpg 768w, https:\/\/butterflies4events.com\/wp-content\/uploads\/2024\/06\/1-1536x1536.jpg 1536w, https:\/\/butterflies4events.com\/wp-content\/uploads\/2024\/06\/1-2048x2048.jpg 2048w, https:\/\/butterflies4events.com\/wp-content\/uploads\/2024\/06\/1-50x50.jpg 50w, https:\/\/butterflies4events.com\/wp-content\/uploads\/2024\/06\/1-32x32.jpg 32w\" sizes=\"(max-width: 300px) 100vw, 300px\" \/><div class=\"berocket_better_labels berocket_better_labels_image\"><div class=\"berocket_better_labels_position berocket_better_labels_position_left\"><div class=\"berocket_better_labels_line berocket_better_labels_line_1\"><div class=\"berocket_better_labels_inline berocket_better_labels_inline_1\"><div class=\"br_alabel br_alabel_type_text br_alabel_template_type_image berocket_alabel_id_4981 berocket-label-user-image br_alabel_better_compatibility\" style=\"\"><span  style=\" background: transparent url('https:\/\/butterflies4events.com\/wp-content\/uploads\/2024\/10\/best-seller.png') no-repeat right top\/contain;\" class=\"berocket-label-user-image\"><i style=\"background-color: #f16543; border-color: #f16543;\" class=\"template-span-before \"><\/i><i style=\"background-color: #f16543; border-color: #f16543;\" class=\"template-i \"><\/i><i style=\"background-color: #f16543; border-color: #f16543;\" class=\"template-i-before \"><\/i><i style=\"background-color: #f16543; border-color: #f16543;\" class=\"template-i-after \"><\/i><b style=\"text-align: center;z-index: 100;display: none;\" class=\"br-labels-image br-labels-image-1000\">SALE<\/b><\/span><\/div><\/div><\/div><\/div><\/div><h2 class=\"woocommerce-loop-product__title\">Liberaci\u00f3n en la nube<\/h2>\n<\/a><div class=\"woocommerce-loop-product__buttons\"><a href=\"https:\/\/butterflies4events.com\/es\/shop\/liberacion-en-la-nube\/\" aria-describedby=\"woocommerce_loop_add_to_cart_link_describedby_12912\" data-quantity=\"1\" class=\"button product_type_variable\" data-product_id=\"12912\" data-product_sku=\"\" aria-label=\"Elige las opciones para &ldquo;Liberaci\u00f3n en la nube&rdquo;\" rel=\"nofollow\">Descubre<\/a><\/div>\t<span id=\"woocommerce_loop_add_to_cart_link_describedby_12912\" class=\"screen-reader-text\">\n\t\t\t<\/span>\n<\/li>\n<li class=\"wvs-archive-product-wrapper product type-product post-12888 status-publish last instock product_cat-nuestras-selecciones has-post-thumbnail taxable shipping-taxable product-type-variable\">\n\t<a href=\"https:\/\/butterflies4events.com\/es\/shop\/liberacion-personal\/\" class=\"woocommerce-LoopProduct-link woocommerce-loop-product__link\"><img decoding=\"async\" width=\"300\" height=\"300\" src=\"https:\/\/butterflies4events.com\/wp-content\/uploads\/2024\/08\/1-1-300x300.png?wsr\" class=\"attachment-woocommerce_thumbnail size-woocommerce_thumbnail wvs-archive-product-image\" alt=\"Liberaci\u00f3n personal\" srcset=\"https:\/\/butterflies4events.com\/wp-content\/uploads\/2024\/08\/1-1-300x300.png 300w, https:\/\/butterflies4events.com\/wp-content\/uploads\/2024\/08\/1-1-100x100.png 100w, https:\/\/butterflies4events.com\/wp-content\/uploads\/2024\/08\/1-1-600x600.png 600w, https:\/\/butterflies4events.com\/wp-content\/uploads\/2024\/08\/1-1-1024x1024.png 1024w, https:\/\/butterflies4events.com\/wp-content\/uploads\/2024\/08\/1-1-150x150.png 150w, https:\/\/butterflies4events.com\/wp-content\/uploads\/2024\/08\/1-1-768x768.png 768w, https:\/\/butterflies4events.com\/wp-content\/uploads\/2024\/08\/1-1-1536x1536.png 1536w, https:\/\/butterflies4events.com\/wp-content\/uploads\/2024\/08\/1-1-50x50.png 50w, https:\/\/butterflies4events.com\/wp-content\/uploads\/2024\/08\/1-1-32x32.png 32w, https:\/\/butterflies4events.com\/wp-content\/uploads\/2024\/08\/1-1.png 1620w\" sizes=\"(max-width: 300px) 100vw, 300px\" \/><h2 class=\"woocommerce-loop-product__title\">Liberaci\u00f3n personal<\/h2>\n<\/a><div class=\"woocommerce-loop-product__buttons\"><a href=\"https:\/\/butterflies4events.com\/es\/shop\/liberacion-personal\/\" aria-describedby=\"woocommerce_loop_add_to_cart_link_describedby_12888\" data-quantity=\"1\" class=\"button product_type_variable\" data-product_id=\"12888\" data-product_sku=\"\" aria-label=\"Elige las opciones para &ldquo;Liberaci\u00f3n personal&rdquo;\" rel=\"nofollow\">Descubre<\/a><\/div>\t<span id=\"woocommerce_loop_add_to_cart_link_describedby_12888\" class=\"screen-reader-text\">\n\t\t\t<\/span>\n<\/li>\n<\/ul>\n<\/div>\t\t\t\t<\/div>\n\t\t\t\t<\/div>\n\t\t\t\t<div class=\"elementor-element elementor-element-3cf6ff1 elementor-widget elementor-widget-shortcode\" data-id=\"3cf6ff1\" data-element_type=\"widget\" data-e-type=\"widget\" data-widget_type=\"shortcode.default\">\n\t\t\t\t<div class=\"elementor-widget-container\">\n\t\t\t\t\t\t\t<div class=\"elementor-shortcode\">\t\t<div data-elementor-type=\"container\" data-elementor-id=\"12620\" class=\"elementor elementor-12620 elementor-9971 elementor-9971 elementor-9971\" data-elementor-post-type=\"elementor_library\">\n\t\t\t\t<div class=\"elementor-element elementor-element-110602d e-con-full e-flex e-con e-parent\" data-id=\"110602d\" data-element_type=\"container\" data-e-type=\"container\">\n\t\t\t\t<div class=\"elementor-element elementor-element-b45cbf3 elementor-align-center elementor-widget elementor-widget-button\" data-id=\"b45cbf3\" data-element_type=\"widget\" data-e-type=\"widget\" data-widget_type=\"button.default\">\n\t\t\t\t<div class=\"elementor-widget-container\">\n\t\t\t\t\t\t\t\t\t<div class=\"elementor-button-wrapper\">\n\t\t\t\t\t<a class=\"elementor-button elementor-button-link elementor-size-sm\" href=\"#elementor-action%3Aaction%3Dpopup%3Aopen%26settings%3DeyJpZCI6MTI2MjYsInRvZ2dsZSI6ZmFsc2V9\">\n\t\t\t\t\t\t<span class=\"elementor-button-content-wrapper\">\n\t\t\t\t\t\t\t\t\t<span class=\"elementor-button-text\">Inicia sesi\u00f3n para ver los precios<\/span>\n\t\t\t\t\t<\/span>\n\t\t\t\t\t<\/a>\n\t\t\t\t<\/div>\n\t\t\t\t\t\t\t\t<\/div>\n\t\t\t\t<\/div>\n\t\t\t\t<\/div>\n\t\t\t\t<\/div>\n\t\t<\/div>\n\t\t\t\t\t\t<\/div>\n\t\t\t\t<\/div>\n\t\t\t\t<\/div>\n\t\t\t\t<\/div>\n\t\t<\/div>\n\t\t\t\t\t\t<\/div>\n\t\t\t\t<\/div>\n\t\t\t\t<\/div>\n\t\t<div class=\"elementor-element elementor-element-28ac33e e-con-full e-flex e-con e-parent\" data-id=\"28ac33e\" data-element_type=\"container\" data-e-type=\"container\">\n\t\t\t\t<div class=\"elementor-element elementor-element-5048b60 elementor-widget elementor-widget-shortcode\" data-id=\"5048b60\" data-element_type=\"widget\" data-e-type=\"widget\" data-widget_type=\"shortcode.default\">\n\t\t\t\t<div class=\"elementor-widget-container\">\n\t\t\t\t\t\t\t<div class=\"elementor-shortcode\">\t\t<div data-elementor-type=\"container\" data-elementor-id=\"12632\" class=\"elementor elementor-12632 elementor-9478 elementor-9478\" data-elementor-post-type=\"elementor_library\">\n\t\t\t\t<div class=\"elementor-element elementor-element-41f4cae e-flex e-con-boxed e-con e-child\" data-id=\"41f4cae\" data-element_type=\"container\" data-e-type=\"container\" data-settings=\"{&quot;background_background&quot;:&quot;classic&quot;}\">\n\t\t\t\t\t<div class=\"e-con-inner\">\n\t\t\t\t<div class=\"elementor-element elementor-element-0cb4b32 elementor-align-justify elementor-widget elementor-widget-button\" data-id=\"0cb4b32\" data-element_type=\"widget\" data-e-type=\"widget\" data-widget_type=\"button.default\">\n\t\t\t\t<div class=\"elementor-widget-container\">\n\t\t\t\t\t\t\t\t\t<div class=\"elementor-button-wrapper\">\n\t\t\t\t\t<a class=\"elementor-button elementor-button-link elementor-size-md\" href=\"https:\/\/butterflies4events.com\/es\/como-funciona\/\">\n\t\t\t\t\t\t<span class=\"elementor-button-content-wrapper\">\n\t\t\t\t\t\t\t\t\t<span class=\"elementor-button-text\">C\u00f3mo recibir tus mariposas<\/span>\n\t\t\t\t\t<\/span>\n\t\t\t\t\t<\/a>\n\t\t\t\t<\/div>\n\t\t\t\t\t\t\t\t<\/div>\n\t\t\t\t<\/div>\n\t\t\t\t<div class=\"elementor-element elementor-element-2f7852c elementor-align-center elementor-widget elementor-widget-button\" data-id=\"2f7852c\" data-element_type=\"widget\" data-e-type=\"widget\" data-widget_type=\"button.default\">\n\t\t\t\t<div class=\"elementor-widget-container\">\n\t\t\t\t\t\t\t\t\t<div class=\"elementor-button-wrapper\">\n\t\t\t\t\t<a class=\"elementor-button elementor-button-link elementor-size-md\" href=\"https:\/\/butterflies4events.com\/es\/consejos-de-fotografia-y-video\/\">\n\t\t\t\t\t\t<span class=\"elementor-button-content-wrapper\">\n\t\t\t\t\t\t\t\t\t<span class=\"elementor-button-text\">Descubre nuestros consejos para hacer fotos y v\u00eddeos inolvidables<\/span>\n\t\t\t\t\t<\/span>\n\t\t\t\t\t<\/a>\n\t\t\t\t<\/div>\n\t\t\t\t\t\t\t\t<\/div>\n\t\t\t\t<\/div>\n\t\t\t\t\t<\/div>\n\t\t\t\t<\/div>\n\t\t\t\t<\/div>\n\t\t<\/div>\n\t\t\t\t\t\t<\/div>\n\t\t\t\t<\/div>\n\t\t\t\t<\/div>\n\t\t\t\t<\/div>\n\t\t","protected":false},"excerpt":{"rendered":"<p>Elige tus mariposas Para tu boda Liberaci\u00f3n de Mariposas y Bombonera Una boda es una celebraci\u00f3n de amor y unidad. Una Liberaci\u00f3n de Mariposas a\u00f1ade un toque de magia y asombro durante la ceremonia o el banquete. Imagina mariposas revoloteando en el aire mientras intercambi\u00e1is vuestros votos, creando una atm\u00f3sfera de cuento de hadas y [&hellip;]<\/p>\n","protected":false},"author":1,"featured_media":0,"parent":0,"menu_order":0,"comment_status":"closed","ping_status":"closed","template":"","meta":{"_acf_changed":false,"footnotes":""},"folder":[276],"class_list":["post-12462","page","type-page","status-publish","hentry"],"acf":[],"yoast_head":"<!-- This site is optimized with the Yoast SEO plugin v27.5 - https:\/\/yoast.com\/product\/yoast-seo-wordpress\/ -->\n<title>Bodas &#8226; Mariposas para eventos%<\/title>\n<meta name=\"robots\" content=\"index, follow, max-snippet:-1, max-image-preview:large, max-video-preview:-1\" \/>\n<link rel=\"canonical\" href=\"https:\/\/butterflies4events.com\/es\/bodas\/\" \/>\n<meta property=\"og:locale\" content=\"es_ES\" \/>\n<meta property=\"og:type\" content=\"article\" \/>\n<meta property=\"og:title\" content=\"Bodas &#8226; Mariposas para eventos%\" \/>\n<meta property=\"og:description\" content=\"Elige tus mariposas Para tu boda Liberaci\u00f3n de Mariposas y Bombonera Una boda es una celebraci\u00f3n de amor y unidad. Una Liberaci\u00f3n de Mariposas a\u00f1ade un toque de magia y asombro durante la ceremonia o el banquete. Imagina mariposas revoloteando en el aire mientras intercambi\u00e1is vuestros votos, creando una atm\u00f3sfera de cuento de hadas y [&hellip;]\" \/>\n<meta property=\"og:url\" content=\"https:\/\/butterflies4events.com\/es\/bodas\/\" \/>\n<meta property=\"og:site_name\" content=\"Mariposas para eventos\" \/>\n<meta property=\"article:publisher\" content=\"https:\/\/www.facebook.com\/farfallepereventi\/\" \/>\n<meta property=\"article:modified_time\" content=\"2026-04-27T15:16:31+00:00\" \/>\n<meta property=\"og:image\" content=\"https:\/\/butterflies4events.com\/wp-content\/uploads\/2023\/12\/GiadaAdMaiora-shooting@Gallizio-297-1.jpg?wsr\" \/>\n\t<meta property=\"og:image:width\" content=\"2249\" \/>\n\t<meta property=\"og:image:height\" content=\"1500\" \/>\n\t<meta property=\"og:image:type\" content=\"image\/jpeg\" \/>\n<meta name=\"twitter:card\" content=\"summary_large_image\" \/>\n<meta name=\"twitter:label1\" content=\"Tiempo de lectura\" \/>\n\t<meta name=\"twitter:data1\" content=\"1 minuto\" \/>\n<script type=\"application\/ld+json\" class=\"yoast-schema-graph\">{\"@context\":\"https:\\\/\\\/schema.org\",\"@graph\":[{\"@type\":\"WebPage\",\"@id\":\"https:\\\/\\\/butterflies4events.com\\\/es\\\/bodas\\\/\",\"url\":\"https:\\\/\\\/butterflies4events.com\\\/es\\\/bodas\\\/\",\"name\":\"Bodas &#8226; Mariposas para eventos%\",\"isPartOf\":{\"@id\":\"https:\\\/\\\/butterflies4events.com\\\/es\\\/#website\"},\"datePublished\":\"2023-12-14T11:56:00+00:00\",\"dateModified\":\"2026-04-27T15:16:31+00:00\",\"breadcrumb\":{\"@id\":\"https:\\\/\\\/butterflies4events.com\\\/es\\\/bodas\\\/#breadcrumb\"},\"inLanguage\":\"es\",\"potentialAction\":[{\"@type\":\"ReadAction\",\"target\":[\"https:\\\/\\\/butterflies4events.com\\\/es\\\/bodas\\\/\"]}]},{\"@type\":\"BreadcrumbList\",\"@id\":\"https:\\\/\\\/butterflies4events.com\\\/es\\\/bodas\\\/#breadcrumb\",\"itemListElement\":[{\"@type\":\"ListItem\",\"position\":1,\"name\":\"Inicio\",\"item\":\"https:\\\/\\\/butterflies4events.com\\\/es\\\/\"},{\"@type\":\"ListItem\",\"position\":2,\"name\":\"Bodas\"}]},{\"@type\":\"WebSite\",\"@id\":\"https:\\\/\\\/butterflies4events.com\\\/es\\\/#website\",\"url\":\"https:\\\/\\\/butterflies4events.com\\\/es\\\/\",\"name\":\"Farfalle x Eventi\",\"description\":\"Momentos inolvidables\",\"publisher\":{\"@id\":\"https:\\\/\\\/butterflies4events.com\\\/es\\\/#organization\"},\"alternateName\":\"FxE\",\"potentialAction\":[{\"@type\":\"SearchAction\",\"target\":{\"@type\":\"EntryPoint\",\"urlTemplate\":\"https:\\\/\\\/butterflies4events.com\\\/es\\\/?s={search_term_string}\"},\"query-input\":{\"@type\":\"PropertyValueSpecification\",\"valueRequired\":true,\"valueName\":\"search_term_string\"}}],\"inLanguage\":\"es\"},{\"@type\":\"Organization\",\"@id\":\"https:\\\/\\\/butterflies4events.com\\\/es\\\/#organization\",\"name\":\"Farfalle x Eventi\",\"alternateName\":\"FxE\",\"url\":\"https:\\\/\\\/butterflies4events.com\\\/es\\\/\",\"logo\":{\"@type\":\"ImageObject\",\"inLanguage\":\"es\",\"@id\":\"https:\\\/\\\/butterflies4events.com\\\/es\\\/#\\\/schema\\\/logo\\\/image\\\/\",\"url\":\"\",\"contentUrl\":\"\",\"caption\":\"Farfalle x Eventi\"},\"image\":{\"@id\":\"https:\\\/\\\/butterflies4events.com\\\/es\\\/#\\\/schema\\\/logo\\\/image\\\/\"},\"sameAs\":[\"https:\\\/\\\/www.facebook.com\\\/farfallepereventi\\\/\",\"https:\\\/\\\/www.instagram.com\\\/farfallexeventi\\\/\"]}]}<\/script>\n<!-- \/ Yoast SEO plugin. -->","yoast_head_json":{"title":"Bodas &#8226; Mariposas para eventos%","robots":{"index":"index","follow":"follow","max-snippet":"max-snippet:-1","max-image-preview":"max-image-preview:large","max-video-preview":"max-video-preview:-1"},"canonical":"https:\/\/butterflies4events.com\/es\/bodas\/","og_locale":"es_ES","og_type":"article","og_title":"Bodas &#8226; Mariposas para eventos%","og_description":"Elige tus mariposas Para tu boda Liberaci\u00f3n de Mariposas y Bombonera Una boda es una celebraci\u00f3n de amor y unidad. Una Liberaci\u00f3n de Mariposas a\u00f1ade un toque de magia y asombro durante la ceremonia o el banquete. Imagina mariposas revoloteando en el aire mientras intercambi\u00e1is vuestros votos, creando una atm\u00f3sfera de cuento de hadas y [&hellip;]","og_url":"https:\/\/butterflies4events.com\/es\/bodas\/","og_site_name":"Mariposas para eventos","article_publisher":"https:\/\/www.facebook.com\/farfallepereventi\/","article_modified_time":"2026-04-27T15:16:31+00:00","og_image":[{"width":2249,"height":1500,"url":"https:\/\/butterflies4events.com\/wp-content\/uploads\/2023\/12\/GiadaAdMaiora-shooting@Gallizio-297-1.jpg?wsr","type":"image\/jpeg"}],"twitter_card":"summary_large_image","twitter_misc":{"Tiempo de lectura":"1 minuto"},"schema":{"@context":"https:\/\/schema.org","@graph":[{"@type":"WebPage","@id":"https:\/\/butterflies4events.com\/es\/bodas\/","url":"https:\/\/butterflies4events.com\/es\/bodas\/","name":"Bodas &#8226; Mariposas para eventos%","isPartOf":{"@id":"https:\/\/butterflies4events.com\/es\/#website"},"datePublished":"2023-12-14T11:56:00+00:00","dateModified":"2026-04-27T15:16:31+00:00","breadcrumb":{"@id":"https:\/\/butterflies4events.com\/es\/bodas\/#breadcrumb"},"inLanguage":"es","potentialAction":[{"@type":"ReadAction","target":["https:\/\/butterflies4events.com\/es\/bodas\/"]}]},{"@type":"BreadcrumbList","@id":"https:\/\/butterflies4events.com\/es\/bodas\/#breadcrumb","itemListElement":[{"@type":"ListItem","position":1,"name":"Inicio","item":"https:\/\/butterflies4events.com\/es\/"},{"@type":"ListItem","position":2,"name":"Bodas"}]},{"@type":"WebSite","@id":"https:\/\/butterflies4events.com\/es\/#website","url":"https:\/\/butterflies4events.com\/es\/","name":"Farfalle x Eventi","description":"Momentos inolvidables","publisher":{"@id":"https:\/\/butterflies4events.com\/es\/#organization"},"alternateName":"FxE","potentialAction":[{"@type":"SearchAction","target":{"@type":"EntryPoint","urlTemplate":"https:\/\/butterflies4events.com\/es\/?s={search_term_string}"},"query-input":{"@type":"PropertyValueSpecification","valueRequired":true,"valueName":"search_term_string"}}],"inLanguage":"es"},{"@type":"Organization","@id":"https:\/\/butterflies4events.com\/es\/#organization","name":"Farfalle x Eventi","alternateName":"FxE","url":"https:\/\/butterflies4events.com\/es\/","logo":{"@type":"ImageObject","inLanguage":"es","@id":"https:\/\/butterflies4events.com\/es\/#\/schema\/logo\/image\/","url":"","contentUrl":"","caption":"Farfalle x Eventi"},"image":{"@id":"https:\/\/butterflies4events.com\/es\/#\/schema\/logo\/image\/"},"sameAs":["https:\/\/www.facebook.com\/farfallepereventi\/","https:\/\/www.instagram.com\/farfallexeventi\/"]}]}},"_links":{"self":[{"href":"https:\/\/butterflies4events.com\/es\/wp-json\/wp\/v2\/pages\/12462","targetHints":{"allow":["GET"]}}],"collection":[{"href":"https:\/\/butterflies4events.com\/es\/wp-json\/wp\/v2\/pages"}],"about":[{"href":"https:\/\/butterflies4events.com\/es\/wp-json\/wp\/v2\/types\/page"}],"author":[{"embeddable":true,"href":"https:\/\/butterflies4events.com\/es\/wp-json\/wp\/v2\/users\/1"}],"replies":[{"embeddable":true,"href":"https:\/\/butterflies4events.com\/es\/wp-json\/wp\/v2\/comments?post=12462"}],"version-history":[{"count":2,"href":"https:\/\/butterflies4events.com\/es\/wp-json\/wp\/v2\/pages\/12462\/revisions"}],"predecessor-version":[{"id":13340,"href":"https:\/\/butterflies4events.com\/es\/wp-json\/wp\/v2\/pages\/12462\/revisions\/13340"}],"wp:attachment":[{"href":"https:\/\/butterflies4events.com\/es\/wp-json\/wp\/v2\/media?parent=12462"}],"wp:term":[{"taxonomy":"folder","embeddable":true,"href":"https:\/\/butterflies4events.com\/es\/wp-json\/wp\/v2\/folder?post=12462"}],"curies":[{"name":"wp","href":"https:\/\/api.w.org\/{rel}","templated":true}]}}