{"id":10438,"date":"2024-01-23T13:52:37","date_gmt":"2024-01-23T13:52:37","guid":{"rendered":"https:\/\/butterflies4events.com\/shop\/cloud-butterfly-release\/"},"modified":"2026-01-19T17:00:01","modified_gmt":"2026-01-19T17:00:01","slug":"cloud-butterfly-release","status":"publish","type":"product","link":"https:\/\/butterflies4events.com\/de\/shop\/cloud-butterfly-release\/","title":{"rendered":"Wolke Freigabe"},"content":{"rendered":"\t\t<div data-elementor-type=\"product-post\" data-elementor-id=\"10438\" class=\"elementor elementor-10438 elementor-1162\" data-elementor-post-type=\"product\">\n\t\t\t\t<div class=\"elementor-element elementor-element-8ecce4f e-flex e-con-boxed e-con e-parent\" data-id=\"8ecce4f\" data-element_type=\"container\" data-e-type=\"container\">\n\t\t\t\t\t<div class=\"e-con-inner\">\n\t\t\t\t<div class=\"elementor-element elementor-element-dcec4dd elementor-widget elementor-widget-text-editor\" data-id=\"dcec4dd\" data-element_type=\"widget\" data-e-type=\"widget\" data-widget_type=\"text-editor.default\">\n\t\t\t\t<div class=\"elementor-widget-container\">\n\t\t\t\t\t\t\t\t\t<p>Die <strong>Cloud (Butterfly) Freigabe<\/strong> ist perfekt f\u00fcr alle, die ihre G\u00e4ste beeindrucken wollen. Im Moment der Freigabe breiten alle Schmetterlinge ihre Fl\u00fcgel aus und fliegen von einer einzigen Box weg. So entsteht ein magischer &#8222;Wolkeneffekt&#8220;, der alle Teilnehmer \u00fcberraschen und verzaubern wird. <\/p>\t\t\t\t\t\t\t\t<\/div>\n\t\t\t\t<\/div>\n\t\t\t\t<div class=\"elementor-element elementor-element-ae31dcd elementor-widget elementor-widget-text-editor\" data-id=\"ae31dcd\" data-element_type=\"widget\" data-e-type=\"widget\" data-widget_type=\"text-editor.default\">\n\t\t\t\t<div class=\"elementor-widget-container\">\n\t\t\t\t\t\t\t\t\t<p data-start=\"374\" data-end=\"462\"><strong data-start=\"374\" data-end=\"460\">Bestellen Sie jetzt und verzaubern Sie Ihre Veranstaltung mit der Wolke Freigabe!<\/strong><\/p>\t\t\t\t\t\t\t\t<\/div>\n\t\t\t\t<\/div>\n\t\t<div class=\"elementor-element elementor-element-1e143c1 e-con-full e-flex e-con e-child\" data-id=\"1e143c1\" data-element_type=\"container\" data-e-type=\"container\">\n\t\t\t\t<div class=\"elementor-element elementor-element-2695c78 elementor-widget elementor-widget-text-editor\" data-id=\"2695c78\" data-element_type=\"widget\" data-e-type=\"widget\" data-widget_type=\"text-editor.default\">\n\t\t\t\t<div class=\"elementor-widget-container\">\n\t\t\t\t\t\t\t\t\t<h3 data-start=\"469\" data-end=\"487\">Wesentliche Merkmale<\/h3>\t\t\t\t\t\t\t\t<\/div>\n\t\t\t\t<\/div>\n\t\t\t\t<div class=\"elementor-element elementor-element-2c54db1 elementor-widget elementor-widget-text-editor\" data-id=\"2c54db1\" data-element_type=\"widget\" data-e-type=\"widget\" data-widget_type=\"text-editor.default\">\n\t\t\t\t<div class=\"elementor-widget-container\">\n\t\t\t\t\t\t\t\t\t<p><strong data-start=\"489\" data-end=\"517\">Eine Erinnerung f\u00fcr immer<\/strong><\/p>\n<p style=\"font-weight: 400;\">Alle Teilnehmer werden von dem kraftvollen und emotionalen (Eindruck) \u00fcberrascht sein, den der gleichzeitige Flug der Schmetterlinge in der Luft vermittelt.<\/p>\n<p>Ein spektakul\u00e4rer visueller Effekt, wenn Dutzende von Schmetterlingen auf einmal in die Luft steigen. Die Wirkung ist emotional, kraftvoll und unvergesslich. <\/p>\t\t\t\t\t\t\t\t<\/div>\n\t\t\t\t<\/div>\n\t\t\t\t<div class=\"elementor-element elementor-element-f6567b3 elementor-widget elementor-widget-text-editor\" data-id=\"f6567b3\" data-element_type=\"widget\" data-e-type=\"widget\" data-widget_type=\"text-editor.default\">\n\t\t\t\t<div class=\"elementor-widget-container\">\n\t\t\t\t\t\t\t\t\t<p><strong data-start=\"661\" data-end=\"678\">Anpassung<\/strong><\/p><p>W\u00e4hlen Sie die Anzahl der Schmetterlinge, die Art und die Farbe des Bandes, damit es perfekt zu Ihrer Veranstaltung passt.<\/p>\t\t\t\t\t\t\t\t<\/div>\n\t\t\t\t<\/div>\n\t\t\t\t<div class=\"elementor-element elementor-element-1b437e9 elementor-widget elementor-widget-text-editor\" data-id=\"1b437e9\" data-element_type=\"widget\" data-e-type=\"widget\" data-widget_type=\"text-editor.default\">\n\t\t\t\t<div class=\"elementor-widget-container\">\n\t\t\t\t\t\t\t\t\t<p><strong data-start=\"783\" data-end=\"820\">Eine ethische und nachhaltige Wahl<\/strong><\/p><p>Ihre Freilassung tr\u00e4gt zur Unterst\u00fctzung europ\u00e4ischer Schmetterlingsarten bei, von denen viele im R\u00fcckgang begriffen sind. Sobald die Schmetterlinge freigelassen werden, setzen sie ihren nat\u00fcrlichen Lebenszyklus in der freien Natur fort. Sie werden sicher in temperaturstabilisierten Verpackungen transportiert. Um ihren biologischen Zyklus zu respektieren, kann die Verf\u00fcgbarkeit bestimmter Arten je nach Jahreszeit Ihrer Veranstaltung variieren.   <\/p>\t\t\t\t\t\t\t\t<\/div>\n\t\t\t\t<\/div>\n\t\t\t\t<\/div>\n\t\t\t\t\t<\/div>\n\t\t\t\t<\/div>\n\t\t<div class=\"elementor-element elementor-element-d0b9a1d e-flex e-con-boxed e-con e-parent\" data-id=\"d0b9a1d\" data-element_type=\"container\" data-e-type=\"container\" data-settings=\"{&quot;background_background&quot;:&quot;classic&quot;}\">\n\t\t\t\t\t<div class=\"e-con-inner\">\n\t\t<div class=\"elementor-element elementor-element-95c7af0 e-con-full e-flex e-con e-child\" data-id=\"95c7af0\" data-element_type=\"container\" data-e-type=\"container\" data-settings=\"{&quot;background_background&quot;:&quot;classic&quot;}\">\n\t\t\t\t<div class=\"elementor-element elementor-element-037f898 elementor-widget elementor-widget-text-editor\" data-id=\"037f898\" data-element_type=\"widget\" data-e-type=\"widget\" data-widget_type=\"text-editor.default\">\n\t\t\t\t<div class=\"elementor-widget-container\">\n\t\t\t\t\t\t\t\t\t<p>Wolke Freigabe<br><strong>50 gro\u00dfe wei\u00dfe Schmetterlinge<\/strong><\/p>\t\t\t\t\t\t\t\t<\/div>\n\t\t\t\t<\/div>\n\t\t\t\t<div class=\"elementor-element elementor-element-166418a elementor-widget elementor-widget-video\" data-id=\"166418a\" data-element_type=\"widget\" data-e-type=\"widget\" data-settings=\"{&quot;autoplay&quot;:&quot;yes&quot;,&quot;play_on_mobile&quot;:&quot;yes&quot;,&quot;mute&quot;:&quot;yes&quot;,&quot;loop&quot;:&quot;yes&quot;,&quot;video_type&quot;:&quot;hosted&quot;}\" data-widget_type=\"video.default\">\n\t\t\t\t<div class=\"elementor-widget-container\">\n\t\t\t\t\t\t\t<div class=\"e-hosted-video elementor-wrapper elementor-open-inline\">\n\t\t\t\t\t<video class=\"elementor-video\" src=\"https:\/\/butterflies4events.com\/wp-content\/uploads\/2024\/01\/FxE-50-cav.mp4\" autoplay=\"\" loop=\"\" muted=\"muted\" playsinline=\"\" controlsList=\"nodownload\"><\/video>\n\t\t\t\t<\/div>\n\t\t\t\t\t\t<\/div>\n\t\t\t\t<\/div>\n\t\t\t\t<\/div>\n\t\t<div class=\"elementor-element elementor-element-e8350ed e-con-full e-flex e-con e-child\" data-id=\"e8350ed\" data-element_type=\"container\" data-e-type=\"container\" data-settings=\"{&quot;background_background&quot;:&quot;classic&quot;}\">\n\t\t\t\t<div class=\"elementor-element elementor-element-205235e elementor-widget elementor-widget-text-editor\" data-id=\"205235e\" data-element_type=\"widget\" data-e-type=\"widget\" data-widget_type=\"text-editor.default\">\n\t\t\t\t<div class=\"elementor-widget-container\">\n\t\t\t\t\t\t\t\t\t<p>Wolke Freigabe<br><strong>100 gro\u00dfe wei\u00dfe Schmetterlinge<\/strong><\/p>\t\t\t\t\t\t\t\t<\/div>\n\t\t\t\t<\/div>\n\t\t\t\t<div class=\"elementor-element elementor-element-c05e554 elementor-widget elementor-widget-video\" data-id=\"c05e554\" data-element_type=\"widget\" data-e-type=\"widget\" data-settings=\"{&quot;autoplay&quot;:&quot;yes&quot;,&quot;play_on_mobile&quot;:&quot;yes&quot;,&quot;mute&quot;:&quot;yes&quot;,&quot;loop&quot;:&quot;yes&quot;,&quot;video_type&quot;:&quot;hosted&quot;}\" data-widget_type=\"video.default\">\n\t\t\t\t<div class=\"elementor-widget-container\">\n\t\t\t\t\t\t\t<div class=\"e-hosted-video elementor-wrapper elementor-open-inline\">\n\t\t\t\t\t<video class=\"elementor-video\" src=\"https:\/\/butterflies4events.com\/wp-content\/uploads\/2024\/01\/FxE-100-cav.mp4\" autoplay=\"\" loop=\"\" muted=\"muted\" playsinline=\"\" controlsList=\"nodownload\"><\/video>\n\t\t\t\t<\/div>\n\t\t\t\t\t\t<\/div>\n\t\t\t\t<\/div>\n\t\t\t\t<\/div>\n\t\t<div class=\"elementor-element elementor-element-0450713 e-con-full e-flex e-con e-child\" data-id=\"0450713\" data-element_type=\"container\" data-e-type=\"container\" data-settings=\"{&quot;background_background&quot;:&quot;classic&quot;}\">\n\t\t\t\t<div class=\"elementor-element elementor-element-e8c1fa8 elementor-widget elementor-widget-text-editor\" data-id=\"e8c1fa8\" data-element_type=\"widget\" data-e-type=\"widget\" data-widget_type=\"text-editor.default\">\n\t\t\t\t<div class=\"elementor-widget-container\">\n\t\t\t\t\t\t\t\t\t<p>Wolke Freigabe<br><strong>150 gro\u00dfe wei\u00dfe Schmetterlinge<\/strong><\/p>\t\t\t\t\t\t\t\t<\/div>\n\t\t\t\t<\/div>\n\t\t\t\t<div class=\"elementor-element elementor-element-6dcbbdc elementor-widget elementor-widget-video\" data-id=\"6dcbbdc\" data-element_type=\"widget\" data-e-type=\"widget\" data-settings=\"{&quot;autoplay&quot;:&quot;yes&quot;,&quot;play_on_mobile&quot;:&quot;yes&quot;,&quot;mute&quot;:&quot;yes&quot;,&quot;loop&quot;:&quot;yes&quot;,&quot;video_type&quot;:&quot;hosted&quot;}\" data-widget_type=\"video.default\">\n\t\t\t\t<div class=\"elementor-widget-container\">\n\t\t\t\t\t\t\t<div class=\"e-hosted-video elementor-wrapper elementor-open-inline\">\n\t\t\t\t\t<video class=\"elementor-video\" src=\"https:\/\/butterflies4events.com\/wp-content\/uploads\/2024\/01\/FxE-150-cav.mp4\" autoplay=\"\" loop=\"\" muted=\"muted\" playsinline=\"\" controlsList=\"nodownload\"><\/video>\n\t\t\t\t<\/div>\n\t\t\t\t\t\t<\/div>\n\t\t\t\t<\/div>\n\t\t\t\t<\/div>\n\t\t\t\t\t<\/div>\n\t\t\t\t<\/div>\n\t\t\t\t<\/div>\n\t\t","protected":false},"excerpt":{"rendered":"<p>Die Cloud (Butterfly) Freigabe ist perfekt f\u00fcr alle, die ihre G\u00e4ste beeindrucken wollen. Im Moment der Freigabe breiten alle Schmetterlinge ihre Fl\u00fcgel aus und fliegen von einer einzigen Box weg. So entsteht ein magischer &#8222;Wolkeneffekt&#8220;, der alle Teilnehmer \u00fcberraschen und verzaubern wird. Bestellen Sie jetzt und verzaubern Sie Ihre Veranstaltung mit der Wolke Freigabe! Wesentliche [&hellip;]<\/p>\n","protected":false},"featured_media":11990,"comment_status":"open","ping_status":"closed","template":"","meta":{"_acf_changed":false},"product_brand":[],"product_cat":[98],"product_tag":[],"class_list":{"0":"post-10438","1":"product","2":"type-product","3":"status-publish","4":"has-post-thumbnail","6":"product_cat-nicht-kategorisiert","7":"product_shipping_class-temperaturgesteuerter-versand","9":"first","10":"instock","11":"taxable","12":"shipping-taxable","13":"product-type-variable","14":"wvs-archive-product-wrapper"},"acf":{"custom_text_a":"Romeo & Julia\n20. Juni 2020","custom_text_a_source":{"label":"Custom Text A","type":"textarea","formatted_value":"Romeo & Julia\n20. Juni 2020"},"custom_text_b":"Verschwenden Sie Ihre Liebe nicht an jemanden, der sie nicht zu sch\u00e4tzen wei\u00df.","custom_text_b_source":{"label":"Custom Text B","type":"textarea","formatted_value":"Verschwenden Sie Ihre Liebe nicht an jemanden, der sie nicht zu sch\u00e4tzen wei\u00df."}},"_links":{"self":[{"href":"https:\/\/butterflies4events.com\/de\/wp-json\/wp\/v2\/product\/10438","targetHints":{"allow":["GET"]}}],"collection":[{"href":"https:\/\/butterflies4events.com\/de\/wp-json\/wp\/v2\/product"}],"about":[{"href":"https:\/\/butterflies4events.com\/de\/wp-json\/wp\/v2\/types\/product"}],"replies":[{"embeddable":true,"href":"https:\/\/butterflies4events.com\/de\/wp-json\/wp\/v2\/comments?post=10438"}],"version-history":[{"count":6,"href":"https:\/\/butterflies4events.com\/de\/wp-json\/wp\/v2\/product\/10438\/revisions"}],"predecessor-version":[{"id":11849,"href":"https:\/\/butterflies4events.com\/de\/wp-json\/wp\/v2\/product\/10438\/revisions\/11849"}],"wp:featuredmedia":[{"embeddable":true,"href":"https:\/\/butterflies4events.com\/de\/wp-json\/wp\/v2\/media\/11990"}],"wp:attachment":[{"href":"https:\/\/butterflies4events.com\/de\/wp-json\/wp\/v2\/media?parent=10438"}],"wp:term":[{"taxonomy":"product_brand","embeddable":true,"href":"https:\/\/butterflies4events.com\/de\/wp-json\/wp\/v2\/product_brand?post=10438"},{"taxonomy":"product_cat","embeddable":true,"href":"https:\/\/butterflies4events.com\/de\/wp-json\/wp\/v2\/product_cat?post=10438"},{"taxonomy":"product_tag","embeddable":true,"href":"https:\/\/butterflies4events.com\/de\/wp-json\/wp\/v2\/product_tag?post=10438"}],"curies":[{"name":"wp","href":"https:\/\/api.w.org\/{rel}","templated":true}]}}