{"id":10388,"date":"2024-12-03T11:35:37","date_gmt":"2024-12-03T11:35:37","guid":{"rendered":"https:\/\/butterflies4events.com\/shop\/schmetterling-traum-gunst\/"},"modified":"2026-01-19T17:00:22","modified_gmt":"2026-01-19T17:00:22","slug":"schmetterling-traum-gunst","status":"publish","type":"product","link":"https:\/\/butterflies4events.com\/de\/shop\/schmetterling-traum-gunst\/","title":{"rendered":"Butterfly Dream Bomboniera"},"content":{"rendered":"\t\t<div data-elementor-type=\"product-post\" data-elementor-id=\"10388\" class=\"elementor elementor-10388 elementor-7321\" data-elementor-post-type=\"product\">\n\t\t\t\t<div class=\"elementor-element elementor-element-7d55c94 e-flex e-con-boxed e-con e-parent\" data-id=\"7d55c94\" data-element_type=\"container\" data-e-type=\"container\">\n\t\t\t\t\t<div class=\"e-con-inner\">\n\t\t\t\t<div class=\"elementor-element elementor-element-97ac4a7 elementor-widget elementor-widget-text-editor\" data-id=\"97ac4a7\" data-element_type=\"widget\" data-e-type=\"widget\" data-widget_type=\"text-editor.default\">\n\t\t\t\t<div class=\"elementor-widget-container\">\n\t\t\t\t\t\t\t\t\t<p>Die <strong data-start=\"140\" data-end=\"165\">Butterfly Dream Bonbonniere<\/strong> ist eine originelle und umweltfreundliche Wahl, perfekt f\u00fcr alle, die ihre G\u00e4ste mit einem exklusiven Geschenk \u00fcberraschen m\u00f6chten. Im Inneren jeder Bonbonniere befindet sich eine Puppe, die sich nur wenige Tage nach der Veranstaltung in einen wundersch\u00f6nen Schmetterling verwandeln wird. Die G\u00e4ste k\u00f6nnen das Wunder erleben, wenn sie ihren Schmetterling zu Hause freilassen und so die Freude an Ihrem besonderen Tag noch einmal erleben.  <\/p>\t\t\t\t\t\t\t\t<\/div>\n\t\t\t\t<\/div>\n\t\t\t\t<div class=\"elementor-element elementor-element-c64ba65 elementor-widget elementor-widget-text-editor\" data-id=\"c64ba65\" data-element_type=\"widget\" data-e-type=\"widget\" data-widget_type=\"text-editor.default\">\n\t\t\t\t<div class=\"elementor-widget-container\">\n\t\t\t\t\t\t\t\t\t<p><strong>Bestellen Sie jetzt eine Bonbonni\u00e8re, die nicht im Regal verstaubt. Die Emotionen, die Butterfly Dream ausl\u00f6st, sind wirklich unvergesslich. <\/strong><\/p>\t\t\t\t\t\t\t\t<\/div>\n\t\t\t\t<\/div>\n\t\t<div class=\"elementor-element elementor-element-2052f4e e-con-full e-flex e-con e-child\" data-id=\"2052f4e\" data-element_type=\"container\" data-e-type=\"container\">\n\t\t\t\t<div class=\"elementor-element elementor-element-bcf330b elementor-widget elementor-widget-text-editor\" data-id=\"bcf330b\" data-element_type=\"widget\" data-e-type=\"widget\" data-widget_type=\"text-editor.default\">\n\t\t\t\t<div class=\"elementor-widget-container\">\n\t\t\t\t\t\t\t\t\t<p>Wesentliche Merkmale<\/p>\t\t\t\t\t\t\t\t<\/div>\n\t\t\t\t<\/div>\n\t\t\t\t<div class=\"elementor-element elementor-element-2badc76 elementor-widget elementor-widget-text-editor\" data-id=\"2badc76\" data-element_type=\"widget\" data-e-type=\"widget\" data-widget_type=\"text-editor.default\">\n\t\t\t\t<div class=\"elementor-widget-container\">\n\t\t\t\t\t\t\t\t\t<p><strong>Ein unverge\u00dfliches Geschenk<\/strong><\/p><p data-start=\"680\" data-end=\"790\">Mit diesem einzigartigen Geschenk wird jeder Gast an der Magie der Natur teilhaben.<\/p>\t\t\t\t\t\t\t\t<\/div>\n\t\t\t\t<\/div>\n\t\t\t\t<div class=\"elementor-element elementor-element-37bdc74 elementor-widget elementor-widget-text-editor\" data-id=\"37bdc74\" data-element_type=\"widget\" data-e-type=\"widget\" data-widget_type=\"text-editor.default\">\n\t\t\t\t<div class=\"elementor-widget-container\">\n\t\t\t\t\t\t\t\t\t<p><strong>Leicht zu montieren<\/strong><\/p><p>Verschlie\u00dfen Sie einfach die Bonbonni\u00e8re-Schachtel (Kleber ist bereits enthalten), f\u00fcgen Sie gezuckerte Mandeln hinzu (nicht enthalten) und legen Sie die Chrysalis hinein. Auf Wunsch k\u00f6nnen wir die Bonbonniere auch fertig montiert versenden. <\/p>\t\t\t\t\t\t\t\t<\/div>\n\t\t\t\t<\/div>\n\t\t\t\t<div class=\"elementor-element elementor-element-07a64a3 elementor-widget elementor-widget-text-editor\" data-id=\"07a64a3\" data-element_type=\"widget\" data-e-type=\"widget\" data-widget_type=\"text-editor.default\">\n\t\t\t\t<div class=\"elementor-widget-container\">\n\t\t\t\t\t\t\t\t\t<p><strong>Nachhaltig<\/strong><\/p><p>Komplett aus Papier hergestellt und mit Blick auf die Umwelt entworfen. Jede Raupe wird mit Sorgfalt und Respekt aufgezogen. Um ihren nat\u00fcrlichen Zyklus zu erhalten, sind einige Arten je nach Jahreszeit Ihrer Veranstaltung m\u00f6glicherweise nicht verf\u00fcgbar. Sobald der Schmetterling freigelassen wird, tr\u00e4gt er zur Best\u00e4ubung von Hunderten von Blumen bei und unterst\u00fctzt so die Artenvielfalt.   <\/p>\t\t\t\t\t\t\t\t<\/div>\n\t\t\t\t<\/div>\n\t\t\t\t<\/div>\n\t\t\t\t\t<\/div>\n\t\t\t\t<\/div>\n\t\t\t\t<\/div>\n\t\t","protected":false},"excerpt":{"rendered":"<p>Die Butterfly Dream Bonbonniere ist eine originelle und umweltfreundliche Wahl, perfekt f\u00fcr alle, die ihre G\u00e4ste mit einem exklusiven Geschenk \u00fcberraschen m\u00f6chten. Im Inneren jeder Bonbonniere befindet sich eine Puppe, die sich nur wenige Tage nach der Veranstaltung in einen wundersch\u00f6nen Schmetterling verwandeln wird. Die G\u00e4ste k\u00f6nnen das Wunder erleben, wenn sie ihren Schmetterling zu [&hellip;]<\/p>\n","protected":false},"featured_media":10401,"comment_status":"closed","ping_status":"closed","template":"","meta":{"_acf_changed":false},"product_brand":[],"product_cat":[98],"product_tag":[],"class_list":{"0":"post-10388","1":"product","2":"type-product","3":"status-publish","4":"has-post-thumbnail","6":"product_cat-nicht-kategorisiert","7":"product_shipping_class-temperaturgesteuerter-versand","9":"first","10":"instock","11":"taxable","12":"shipping-taxable","13":"product-type-variable","14":"wvs-archive-product-wrapper"},"acf":{"custom_text_a":"Romeo & Julia\n20. Juni 2020","custom_text_a_source":{"label":"Custom Text A","type":"textarea","formatted_value":"Romeo & Julia\n20. Juni 2020"},"custom_text_b":"Verschwenden Sie Ihre Liebe nicht an jemanden, der sie nicht zu sch\u00e4tzen wei\u00df.","custom_text_b_source":{"label":"Custom Text B","type":"textarea","formatted_value":"Verschwenden Sie Ihre Liebe nicht an jemanden, der sie nicht zu sch\u00e4tzen wei\u00df."}},"_links":{"self":[{"href":"https:\/\/butterflies4events.com\/de\/wp-json\/wp\/v2\/product\/10388","targetHints":{"allow":["GET"]}}],"collection":[{"href":"https:\/\/butterflies4events.com\/de\/wp-json\/wp\/v2\/product"}],"about":[{"href":"https:\/\/butterflies4events.com\/de\/wp-json\/wp\/v2\/types\/product"}],"replies":[{"embeddable":true,"href":"https:\/\/butterflies4events.com\/de\/wp-json\/wp\/v2\/comments?post=10388"}],"version-history":[{"count":8,"href":"https:\/\/butterflies4events.com\/de\/wp-json\/wp\/v2\/product\/10388\/revisions"}],"predecessor-version":[{"id":11992,"href":"https:\/\/butterflies4events.com\/de\/wp-json\/wp\/v2\/product\/10388\/revisions\/11992"}],"wp:featuredmedia":[{"embeddable":true,"href":"https:\/\/butterflies4events.com\/de\/wp-json\/wp\/v2\/media\/10401"}],"wp:attachment":[{"href":"https:\/\/butterflies4events.com\/de\/wp-json\/wp\/v2\/media?parent=10388"}],"wp:term":[{"taxonomy":"product_brand","embeddable":true,"href":"https:\/\/butterflies4events.com\/de\/wp-json\/wp\/v2\/product_brand?post=10388"},{"taxonomy":"product_cat","embeddable":true,"href":"https:\/\/butterflies4events.com\/de\/wp-json\/wp\/v2\/product_cat?post=10388"},{"taxonomy":"product_tag","embeddable":true,"href":"https:\/\/butterflies4events.com\/de\/wp-json\/wp\/v2\/product_tag?post=10388"}],"curies":[{"name":"wp","href":"https:\/\/api.w.org\/{rel}","templated":true}]}}