{"id":10321,"date":"2024-01-23T13:47:41","date_gmt":"2024-01-23T13:47:41","guid":{"rendered":"https:\/\/butterflies4events.com\/shop\/persoenliche-schmetterlingsfreigabe\/"},"modified":"2026-02-10T16:56:12","modified_gmt":"2026-02-10T16:56:12","slug":"persoenliche-schmetterlingsfreigabe","status":"publish","type":"product","link":"https:\/\/butterflies4events.com\/de\/shop\/persoenliche-schmetterlingsfreigabe\/","title":{"rendered":"Pers\u00f6nliche Freigabe"},"content":{"rendered":"\t\t<div data-elementor-type=\"product-post\" data-elementor-id=\"10321\" class=\"elementor elementor-10321 elementor-1169\" data-elementor-post-type=\"product\">\n\t\t\t\t<div class=\"elementor-element elementor-element-2fe6b0aa e-flex e-con-boxed e-con e-parent\" data-id=\"2fe6b0aa\" data-element_type=\"container\" data-e-type=\"container\">\n\t\t\t\t\t<div class=\"e-con-inner\">\n\t\t\t\t<div class=\"elementor-element elementor-element-4eb76a41 elementor-widget elementor-widget-text-editor\" data-id=\"4eb76a41\" data-element_type=\"widget\" data-e-type=\"widget\" data-widget_type=\"text-editor.default\">\n\t\t\t\t<div class=\"elementor-widget-container\">\n\t\t\t\t\t\t\t\t\t<p data-start=\"132\" data-end=\"505\">Die <strong>Pers\u00f6nliche (Schmetterlings-)Freigabe<\/strong> bietet ein wahrhaft exklusives Erlebnis, indem jeder Gast seinen eigenen Schmetterling aus einer kleinen Einzelbox freilassen kann. Dies schafft eine direkte Verbindung zwischen dem Schmetterling und der Person, was das Ereignis noch ber\u00fchrender und unvergesslicher macht. Besonders Kinder werden diesen Moment sch\u00e4tzen und von der Sch\u00f6nheit der Schmetterlinge fasziniert sein.  <\/p>\t\t\t\t\t\t\t\t<\/div>\n\t\t\t\t<\/div>\n\t\t\t\t<div class=\"elementor-element elementor-element-7b65c56 elementor-widget elementor-widget-text-editor\" data-id=\"7b65c56\" data-element_type=\"widget\" data-e-type=\"widget\" data-widget_type=\"text-editor.default\">\n\t\t\t\t<div class=\"elementor-widget-container\">\n\t\t\t\t\t\t\t\t\t<p data-start=\"507\" data-end=\"620\"><strong data-start=\"507\" data-end=\"618\">Bestellen Sie jetzt und schaffen Sie einen einzigartigen und unvergesslichen Moment f\u00fcr Ihre G\u00e4ste mit der Pers\u00f6nlichen Schmetterlingsfreigabe!<\/strong><\/p>\t\t\t\t\t\t\t\t<\/div>\n\t\t\t\t<\/div>\n\t\t<div class=\"elementor-element elementor-element-d7e02e8 e-con-full e-flex e-con e-child\" data-id=\"d7e02e8\" data-element_type=\"container\" data-e-type=\"container\">\n\t\t\t\t<div class=\"elementor-element elementor-element-384a591 elementor-widget elementor-widget-video\" data-id=\"384a591\" data-element_type=\"widget\" data-e-type=\"widget\" data-settings=\"{&quot;youtube_url&quot;:&quot;https:\\\/\\\/youtube.com\\\/shorts\\\/6AVNq4dbljU&quot;,&quot;autoplay&quot;:&quot;yes&quot;,&quot;play_on_mobile&quot;:&quot;yes&quot;,&quot;mute&quot;:&quot;yes&quot;,&quot;loop&quot;:&quot;yes&quot;,&quot;cc_load_policy&quot;:&quot;yes&quot;,&quot;yt_privacy&quot;:&quot;yes&quot;,&quot;lazy_load&quot;:&quot;yes&quot;,&quot;video_type&quot;:&quot;youtube&quot;,&quot;controls&quot;:&quot;yes&quot;}\" data-widget_type=\"video.default\">\n\t\t\t\t<div class=\"elementor-widget-container\">\n\t\t\t\t\t\t\t<div class=\"elementor-wrapper elementor-open-inline\">\n\t\t\t<div class=\"elementor-video\"><\/div>\t\t<\/div>\n\t\t\t\t\t\t<\/div>\n\t\t\t\t<\/div>\n\t\t\t\t<div class=\"elementor-element elementor-element-b7dc2c6 elementor-widget elementor-widget-video\" data-id=\"b7dc2c6\" data-element_type=\"widget\" data-e-type=\"widget\" data-settings=\"{&quot;youtube_url&quot;:&quot;https:\\\/\\\/youtube.com\\\/shorts\\\/i0pTmB8daB0&quot;,&quot;autoplay&quot;:&quot;yes&quot;,&quot;play_on_mobile&quot;:&quot;yes&quot;,&quot;mute&quot;:&quot;yes&quot;,&quot;loop&quot;:&quot;yes&quot;,&quot;cc_load_policy&quot;:&quot;yes&quot;,&quot;yt_privacy&quot;:&quot;yes&quot;,&quot;lazy_load&quot;:&quot;yes&quot;,&quot;video_type&quot;:&quot;youtube&quot;,&quot;controls&quot;:&quot;yes&quot;}\" data-widget_type=\"video.default\">\n\t\t\t\t<div class=\"elementor-widget-container\">\n\t\t\t\t\t\t\t<div class=\"elementor-wrapper elementor-open-inline\">\n\t\t\t<div class=\"elementor-video\"><\/div>\t\t<\/div>\n\t\t\t\t\t\t<\/div>\n\t\t\t\t<\/div>\n\t\t\t\t<\/div>\n\t\t<div class=\"elementor-element elementor-element-58bd755 e-con-full e-flex e-con e-child\" data-id=\"58bd755\" data-element_type=\"container\" data-e-type=\"container\">\n\t\t\t\t<div class=\"elementor-element elementor-element-55da154 elementor-widget elementor-widget-text-editor\" data-id=\"55da154\" data-element_type=\"widget\" data-e-type=\"widget\" data-widget_type=\"text-editor.default\">\n\t\t\t\t<div class=\"elementor-widget-container\">\n\t\t\t\t\t\t\t\t\t<p>Wesentliche Merkmale<\/p>\t\t\t\t\t\t\t\t<\/div>\n\t\t\t\t<\/div>\n\t\t\t\t<div class=\"elementor-element elementor-element-1b1e15c elementor-widget elementor-widget-text-editor\" data-id=\"1b1e15c\" data-element_type=\"widget\" data-e-type=\"widget\" data-widget_type=\"text-editor.default\">\n\t\t\t\t<div class=\"elementor-widget-container\">\n\t\t\t\t\t\t\t\t\t<p><strong>Exklusive Teilnahme<\/strong><\/p><p>Ein einzigartiger Moment, der Menschen aller Altersgruppen anspricht. Jeder Gast wird zum Protagonisten, indem er einen Schmetterling freil\u00e4sst. Das macht das Erlebnis sehr pers\u00f6nlich und unvergesslich. <\/p>\t\t\t\t\t\t\t\t<\/div>\n\t\t\t\t<\/div>\n\t\t\t\t<div class=\"elementor-element elementor-element-2eba8d9 elementor-widget elementor-widget-text-editor\" data-id=\"2eba8d9\" data-element_type=\"widget\" data-e-type=\"widget\" data-widget_type=\"text-editor.default\">\n\t\t\t\t<div class=\"elementor-widget-container\">\n\t\t\t\t\t\t\t\t\t<p><strong>Anpassung<\/strong><\/p><p>W\u00e4hlen Sie aus verschiedenen Schmetterlingsarten und der Anzahl der einzelnen Boxen, um die Freilassung perfekt auf Ihre Veranstaltung abzustimmen.<\/p>\t\t\t\t\t\t\t\t<\/div>\n\t\t\t\t<\/div>\n\t\t\t\t<div class=\"elementor-element elementor-element-e9a7f9d elementor-widget elementor-widget-text-editor\" data-id=\"e9a7f9d\" data-element_type=\"widget\" data-e-type=\"widget\" data-widget_type=\"text-editor.default\">\n\t\t\t\t<div class=\"elementor-widget-container\">\n\t\t\t\t\t\t\t\t\t<p><strong>Eine ethische und nachhaltige Wahl<\/strong><\/p><p data-start=\"1017\" data-end=\"1458\">Die Freilassung macht Ihre Feier nicht nur einzigartig, sondern tr\u00e4gt auch zum Schutz der Artenvielfalt bei, denn Schmetterlinge sind wichtige Best\u00e4uber. Sobald die Schmetterlinge freigelassen werden, setzen sie ihren nat\u00fcrlichen Lebenszyklus in der freien Natur fort. Sie werden sicher in temperaturstabilisierten Verpackungen transportiert. Um ihren biologischen Zyklus zu respektieren, kann es sein, dass bestimmte Arten je nach Jahreszeit Ihrer Veranstaltung nicht verf\u00fcgbar sind.   <\/p>\t\t\t\t\t\t\t\t<\/div>\n\t\t\t\t<\/div>\n\t\t\t\t<\/div>\n\t\t\t\t\t<\/div>\n\t\t\t\t<\/div>\n\t\t\t\t<\/div>\n\t\t","protected":false},"excerpt":{"rendered":"<p><span style=\"font-weight: 400;\">Jeder Gast wird mit einer Schatulle ausgestattet, die ein einzelnes Flugticket enth\u00e4lt, das im Moment der Veranstaltung abgestellt werden kann. Il Rilascio Personale pu\u00f2 essere accoppiato al Rilascio a Nuvola. <\/span><\/p>\n","protected":false},"featured_media":10896,"comment_status":"open","ping_status":"closed","template":"","meta":{"_acf_changed":false},"product_brand":[],"product_cat":[98],"product_tag":[],"class_list":{"0":"post-10321","1":"product","2":"type-product","3":"status-publish","4":"has-post-thumbnail","6":"product_cat-nicht-kategorisiert","7":"product_shipping_class-temperaturgesteuerter-versand","9":"first","10":"instock","11":"taxable","12":"shipping-taxable","13":"product-type-variable","14":"wvs-archive-product-wrapper"},"acf":{"custom_text_a":"Romeo & Julia\n20. Juni 2020","custom_text_a_source":{"label":"Custom Text A","type":"textarea","formatted_value":"Romeo & Julia\n20. Juni 2020"},"custom_text_b":"Verschwenden Sie Ihre Liebe nicht an jemanden, der sie nicht zu sch\u00e4tzen wei\u00df.","custom_text_b_source":{"label":"Custom Text B","type":"textarea","formatted_value":"Verschwenden Sie Ihre Liebe nicht an jemanden, der sie nicht zu sch\u00e4tzen wei\u00df."}},"_links":{"self":[{"href":"https:\/\/butterflies4events.com\/de\/wp-json\/wp\/v2\/product\/10321","targetHints":{"allow":["GET"]}}],"collection":[{"href":"https:\/\/butterflies4events.com\/de\/wp-json\/wp\/v2\/product"}],"about":[{"href":"https:\/\/butterflies4events.com\/de\/wp-json\/wp\/v2\/types\/product"}],"replies":[{"embeddable":true,"href":"https:\/\/butterflies4events.com\/de\/wp-json\/wp\/v2\/comments?post=10321"}],"version-history":[{"count":5,"href":"https:\/\/butterflies4events.com\/de\/wp-json\/wp\/v2\/product\/10321\/revisions"}],"predecessor-version":[{"id":13113,"href":"https:\/\/butterflies4events.com\/de\/wp-json\/wp\/v2\/product\/10321\/revisions\/13113"}],"wp:featuredmedia":[{"embeddable":true,"href":"https:\/\/butterflies4events.com\/de\/wp-json\/wp\/v2\/media\/10896"}],"wp:attachment":[{"href":"https:\/\/butterflies4events.com\/de\/wp-json\/wp\/v2\/media?parent=10321"}],"wp:term":[{"taxonomy":"product_brand","embeddable":true,"href":"https:\/\/butterflies4events.com\/de\/wp-json\/wp\/v2\/product_brand?post=10321"},{"taxonomy":"product_cat","embeddable":true,"href":"https:\/\/butterflies4events.com\/de\/wp-json\/wp\/v2\/product_cat?post=10321"},{"taxonomy":"product_tag","embeddable":true,"href":"https:\/\/butterflies4events.com\/de\/wp-json\/wp\/v2\/product_tag?post=10321"}],"curies":[{"name":"wp","href":"https:\/\/api.w.org\/{rel}","templated":true}]}}