{"id":10600,"date":"2024-05-16T15:25:30","date_gmt":"2024-05-16T15:25:30","guid":{"rendered":"https:\/\/butterflies4events.com\/cookie-richtlinie\/"},"modified":"2026-01-19T17:00:20","modified_gmt":"2026-01-19T17:00:20","slug":"cookie-richtlinie","status":"publish","type":"page","link":"https:\/\/butterflies4events.com\/de\/cookie-richtlinie\/","title":{"rendered":"Cookie-Richtlinie"},"content":{"rendered":"\t\t<div data-elementor-type=\"wp-page\" data-elementor-id=\"10600\" class=\"elementor elementor-10600 elementor-2444\" data-elementor-post-type=\"page\">\n\t\t\t\t<div class=\"elementor-element elementor-element-1c4f99d e-flex e-con-boxed e-con e-parent\" data-id=\"1c4f99d\" data-element_type=\"container\" data-e-type=\"container\">\n\t\t\t\t\t<div class=\"e-con-inner\">\n\t\t\t\t<div class=\"elementor-element elementor-element-6224cb1f elementor-widget elementor-widget-text-editor\" data-id=\"6224cb1f\" data-element_type=\"widget\" data-e-type=\"widget\" data-widget_type=\"text-editor.default\">\n\t\t\t\t<div class=\"elementor-widget-container\">\n\t\t\t\t\t\t\t\t\t<h1>Cookie-Richtlinie<\/h1>\t\t\t\t\t\t\t\t<\/div>\n\t\t\t\t<\/div>\n\t\t\t\t<div class=\"elementor-element elementor-element-16c17c4 elementor-widget elementor-widget-text-editor\" data-id=\"16c17c4\" data-element_type=\"widget\" data-e-type=\"widget\" data-widget_type=\"text-editor.default\">\n\t\t\t\t<div class=\"elementor-widget-container\">\n\t\t\t\t\t\t\t\t\t<p><em>Bitte beachten Sie, dass dieses Dokument nur eine \u00dcbersetzung zu Informationszwecken ist. Die offizielle und rechtsverbindliche Version ist die italienische Version. <\/em><\/p><h3 data-start=\"168\" data-end=\"189\"> <\/h3><h3 data-start=\"168\" data-end=\"189\">Was sind Cookies?<\/h3><p data-start=\"191\" data-end=\"391\">Der Datenverantwortliche f\u00fcr die \u00fcber diese Website erhobenen personenbezogenen Daten ist SmartBugs s.s. (&#8222;SB&#8220;) mit Sitz in Via Cave, 66 - 31020 Villorba (TV), Italien. Kontakt: <a class=\"cursor-pointer\" rel=\"noopener\" data-start=\"364\" data-end=\"388\">info.smartbugs@gmail.com.<\/a> <\/p><p data-start=\"393\" data-end=\"732\">Diese Website verwendet Cookies und \u00e4hnliche Technologien, um das Surferlebnis des Nutzers zu verbessern und ihre Dienste einfach und effizient zu gestalten. Wenn Nutzer auf die Website zugreifen, werden kleine Textdateien, so genannte &#8222;Cookies&#8220;, auf ihren Ger\u00e4ten gespeichert (normalerweise im Webbrowser). Es gibt verschiedene Arten von Cookies, die auf dieser Website verwendet werden (siehe unten).  <\/p><h5> <\/h5><h5>Cookies vom Eigent\u00fcmer der Website<\/h5><p data-start=\"775\" data-end=\"960\">Die Website verwendet in erster Linie Cookies, um die Navigation und die Nutzung ihrer Dienste zu erm\u00f6glichen. Diese Cookies sind so genannte &#8222;technische Cookies&#8220; und bed\u00fcrfen nicht der Zustimmung des Nutzers. Sie umfassen:  <\/p><ul data-start=\"962\" data-end=\"1563\"><li data-start=\"962\" data-end=\"1212\"><p data-start=\"964\" data-end=\"1212\"><strong data-start=\"964\" data-end=\"998\">Navigations- oder Sitzungscookies:<\/strong> gew\u00e4hrleisten die normale Navigation und Funktionalit\u00e4t der Website. Sitzungscookies sind tempor\u00e4r und werden gel\u00f6scht, wenn der Browser geschlossen wird. Sie \u00fcbermitteln Sitzungskennungen in anonymer Form und speichern keine pers\u00f6nlichen Informationen.  <\/p><\/li><li data-start=\"1214\" data-end=\"1404\"><p data-start=\"1216\" data-end=\"1404\"><strong data-start=\"1216\" data-end=\"1242\">Funktionalit\u00e4ts-Cookies:<\/strong> in der Regel dauerhafte Cookies, die sich die Pr\u00e4ferenzen und Aktionen des Benutzers (z.B. Spracheinstellungen oder Warenkorbinhalte) w\u00e4hrend der Sitzung oder bei erneuten Besuchen merken.<\/p><\/li><li data-start=\"1406\" data-end=\"1563\"><p data-start=\"1408\" data-end=\"1563\"><strong data-start=\"1408\" data-end=\"1431\">Analytische Cookies:<\/strong> werden ausschlie\u00dflich vom Eigent\u00fcmer der Website verwendet, um aggregierte und anonyme Daten \u00fcber die Anzahl der Nutzer und deren Nutzung der Website zu sammeln.<\/p><\/li><\/ul><h5> <\/h5><h5>Cookies von Dritten<\/h5><p style=\"padding-left: 40px;\"><strong><em>Analyse-Cookies von Drittanbietern<\/em><\/strong><\/p><p data-start=\"1645\" data-end=\"1911\">Diese Cookies sammeln anonyme Informationen dar\u00fcber, wie Benutzer mit der Website interagieren (besuchte Seiten, Dauer, Verkehrsquellen, geografische Herkunft, Alter, Geschlecht und Interessen f\u00fcr Marketingzwecke). Diese Cookies werden von Dom\u00e4nen Dritter au\u00dferhalb dieser Website gesetzt. <\/p><p data-start=\"1913\" data-end=\"2378\">Um unsere Nutzer besser zu verstehen, verwendet SB Google Analytics, einen Dienst der Google Inc. zur Analyse des Website-Verkehrs. Google Analytics sammelt, aggregiert und analysiert anonyme Daten, um Berichte und Statistiken \u00fcber die Nutzung der Website zu erstellen. Weitere Informationen dar\u00fcber, wie Google Nutzerdaten sch\u00fctzt und mit Analysen umgeht, finden Sie unter: <a class=\"\" href=\"http:\/\/www.google.com\/analytics\/terms\/it.html\" target=\"_new\" rel=\"noopener\" data-start=\"2228\" data-end=\"2273\">http:\/\/www.google.com\/analytics\/terms\/it.html.<\/a> Um Analyse-Cookies zu deaktivieren, folgen Sie den Anweisungen hier: <a class=\"cursor-pointer\" target=\"_new\" rel=\"noopener\" data-start=\"2331\" data-end=\"2377\">https:\/\/tools.google.com\/dlpage\/gaoptout?hl=en.<\/a>   <\/p><p data-start=\"2380\" data-end=\"2631\">In \u00dcbereinstimmung mit der italienischen Datenschutzbeh\u00f6rde hat SB Google Analytics so konfiguriert, dass (a) die gemeinsame Nutzung von Daten mit anderen Google-Diensten verhindert wird und (b) die IP-Anonymisierung aktiviert wird, wodurch ein Teil der IP-Adresse des Nutzers vor der Speicherung und Nutzung entfernt wird.  <\/p><p style=\"padding-left: 40px;\"><em><strong>Profilierungs-Cookies von Dritten<\/strong><\/em><\/p><p data-start=\"2669\" data-end=\"3013\">Diese Cookies werden von Dritten \u00fcber die Website gesetzt, um Nutzerprofile zu erstellen und gezielte Werbung auf der Grundlage der Nutzerinteressen zu liefern (Retargeting-Dienste). Retargeting-Anbieter speichern Cookies auf dem Ger\u00e4t des Nutzers, um auf anderen Websites Werbung anzuzeigen, die auf die Browsing-Pr\u00e4ferenzen abgestimmt ist. Diese Website verwendet keine propriet\u00e4ren Profilierungs-Cookies.  <\/p><p data-start=\"3015\" data-end=\"3245\">Insbesondere verwendet diese Website Google Ads und Facebook Ads, die Cookies zur Verbesserung der Werbung durch Retargeting setzen, indem sie Nutzern Anzeigen auf der Grundlage ihrer Website-Besuche und Suchanfragen im Zusammenhang mit den Produkten oder Dienstleistungen von SB liefern.<\/p><p data-start=\"3247\" data-end=\"3312\">Um diese Cookies zu deaktivieren, folgen Sie bitte den Anweisungen hier:<\/p><ul data-start=\"3314\" data-end=\"3452\"><li data-start=\"3314\" data-end=\"3381\"><p data-start=\"3316\" data-end=\"3381\">Google Ads: <a class=\"\" href=\"https:\/\/support.google.com\/ads\/answer\/2662922?hl=en\" target=\"_new\" rel=\"noopener\" data-start=\"3328\" data-end=\"3379\">https:\/\/support.google.com\/ads\/answer\/2662922?hl=en<\/a><\/p><\/li><li data-start=\"3382\" data-end=\"3452\"><p data-start=\"3384\" data-end=\"3452\">Facebook-Anzeigen: <a class=\"\" href=\"https:\/\/www.facebook.com\/ads\/website_custom_audiences\/\" target=\"_new\" rel=\"noopener\" data-start=\"3398\" data-end=\"3452\">https:\/\/www.facebook.com\/ads\/website_custom_audiences\/<\/a><\/p><\/li><\/ul><h3> <\/h3><h3>Verwaltung von Cookies und Browseroptionen<\/h3><p data-start=\"3501\" data-end=\"3718\">Benutzer k\u00f6nnen Cookies ablehnen, indem sie ihre Browsereinstellungen konfigurieren. Wenn Sie die Website weiterhin nutzen, ohne die Browsereinstellungen zu \u00e4ndern, stimmen Sie allen von der Website verwendeten Cookies und dem Zugriff auf alle Funktionen zu. <\/p><p data-start=\"3720\" data-end=\"3793\">Nachfolgend finden Sie Links mit Anleitungen zur Verwaltung von Cookies in den wichtigsten Browsern:<\/p><ul data-start=\"3795\" data-end=\"3881\"><li data-start=\"3795\" data-end=\"3826\"><p data-start=\"3797\" data-end=\"3826\"><a href=\"http:\/\/windows.microsoft.com\/en-us\/windows-vista\/block-or-allow-cookies\">Microsoft Internet Explorer<\/a><\/p><\/li><li data-start=\"3827\" data-end=\"3844\"><p data-start=\"3829\" data-end=\"3844\"><a href=\"https:\/\/support.google.com\/chrome\/answer\/95647?hl=en&amp;p=cpn_cookies\">Google Chrome<\/a><\/p><\/li><li data-start=\"3845\" data-end=\"3864\"><p data-start=\"3847\" data-end=\"3864\"><a href=\"https:\/\/support.mozilla.org\/en-US\/kb\/enable-and-disable-cookies-website-preferences\">Mozilla Firefox<\/a><\/p><\/li><li data-start=\"3865\" data-end=\"3881\"><p data-start=\"3867\" data-end=\"3881\"><a href=\"http:\/\/www.apple.com\/legal\/privacy\/it\/cookies\/\">Apple Safari<\/a><\/p><\/li><\/ul><p data-start=\"3883\" data-end=\"3972\">Weitere Informationen zur Cookie-Verwaltung finden Sie unter: <a class=\"\" href=\"http:\/\/www.youronlinechoices.eu\" target=\"_new\" rel=\"noopener\" data-start=\"3940\" data-end=\"3971\">http:\/\/www.youronlinechoices.eu.<\/a><\/p>\t\t\t\t\t\t\t\t<\/div>\n\t\t\t\t<\/div>\n\t\t<div class=\"elementor-element elementor-element-084ea98 e-con-full e-flex e-con e-child\" data-id=\"084ea98\" data-element_type=\"container\" data-e-type=\"container\" data-settings=\"{&quot;background_background&quot;:&quot;classic&quot;}\">\n\t\t\t\t<div class=\"elementor-element elementor-element-7ae2cd9 elementor-widget elementor-widget-html\" data-id=\"7ae2cd9\" data-element_type=\"widget\" data-e-type=\"widget\" data-widget_type=\"html.default\">\n\t\t\t\t<div class=\"elementor-widget-container\">\n\t\t\t\t\t<script id=\"CookieDeclaration\" src=\"https:\/\/consent.cookiebot.com\/6438627e-f0e4-46f1-b501-8a4c1cc7be72\/cd.js\" type=\"text\/javascript\" async><\/script>\t\t\t\t<\/div>\n\t\t\t\t<\/div>\n\t\t\t\t<\/div>\n\t\t\t\t\t<\/div>\n\t\t\t\t<\/div>\n\t\t\t\t<\/div>\n\t\t","protected":false},"excerpt":{"rendered":"<p>Cookie-Richtlinie Bitte beachten Sie, dass dieses Dokument nur eine \u00dcbersetzung zu Informationszwecken ist. Die offizielle und rechtsverbindliche Version ist die italienische Version. Was sind Cookies? Der Datenverantwortliche f\u00fcr die \u00fcber diese Website erhobenen personenbezogenen Daten ist SmartBugs s.s. (&#8222;SB&#8220;) mit Sitz in Via Cave, 66 - 31020 Villorba (TV), Italien. Kontakt: info.smartbugs@gmail.com. Diese Website verwendet [&hellip;]<\/p>\n","protected":false},"author":1,"featured_media":0,"parent":0,"menu_order":0,"comment_status":"closed","ping_status":"closed","template":"","meta":{"_acf_changed":false,"footnotes":""},"folder":[260],"class_list":["post-10600","page","type-page","status-publish","hentry"],"acf":[],"_links":{"self":[{"href":"https:\/\/butterflies4events.com\/de\/wp-json\/wp\/v2\/pages\/10600","targetHints":{"allow":["GET"]}}],"collection":[{"href":"https:\/\/butterflies4events.com\/de\/wp-json\/wp\/v2\/pages"}],"about":[{"href":"https:\/\/butterflies4events.com\/de\/wp-json\/wp\/v2\/types\/page"}],"author":[{"embeddable":true,"href":"https:\/\/butterflies4events.com\/de\/wp-json\/wp\/v2\/users\/1"}],"replies":[{"embeddable":true,"href":"https:\/\/butterflies4events.com\/de\/wp-json\/wp\/v2\/comments?post=10600"}],"version-history":[{"count":3,"href":"https:\/\/butterflies4events.com\/de\/wp-json\/wp\/v2\/pages\/10600\/revisions"}],"predecessor-version":[{"id":12076,"href":"https:\/\/butterflies4events.com\/de\/wp-json\/wp\/v2\/pages\/10600\/revisions\/12076"}],"wp:attachment":[{"href":"https:\/\/butterflies4events.com\/de\/wp-json\/wp\/v2\/media?parent=10600"}],"wp:term":[{"taxonomy":"folder","embeddable":true,"href":"https:\/\/butterflies4events.com\/de\/wp-json\/wp\/v2\/folder?post=10600"}],"curies":[{"name":"wp","href":"https:\/\/api.w.org\/{rel}","templated":true}]}}