{"id":10312,"date":"2024-01-02T15:49:20","date_gmt":"2024-01-02T15:49:20","guid":{"rendered":"https:\/\/butterflies4events.com\/kommunionen\/"},"modified":"2026-01-19T17:00:16","modified_gmt":"2026-01-19T17:00:16","slug":"kommunionen","status":"publish","type":"page","link":"https:\/\/butterflies4events.com\/de\/kommunionen\/","title":{"rendered":"Kommunionen"},"content":{"rendered":"\t\t<div data-elementor-type=\"wp-page\" data-elementor-id=\"10312\" class=\"elementor elementor-10312 elementor-654\" data-elementor-post-type=\"page\">\n\t\t\t\t<div class=\"elementor-element elementor-element-6f102cd e-con-full e-flex e-con e-parent\" data-id=\"6f102cd\" data-element_type=\"container\" data-e-type=\"container\" data-settings=\"{&quot;background_background&quot;:&quot;classic&quot;}\">\n\t\t<div class=\"elementor-element elementor-element-15589f1 e-con-full e-flex e-con e-child\" data-id=\"15589f1\" data-element_type=\"container\" data-e-type=\"container\" data-settings=\"{&quot;background_background&quot;:&quot;classic&quot;}\">\n\t\t\t\t<div class=\"elementor-element elementor-element-3215109 elementor-widget elementor-widget-text-editor\" data-id=\"3215109\" data-element_type=\"widget\" data-e-type=\"widget\" data-widget_type=\"text-editor.default\">\n\t\t\t\t<div class=\"elementor-widget-container\">\n\t\t\t\t\t\t\t\t\t<h4>Schmetterlinge w\u00e4hlen<\/h4><h2>F\u00fcr eine Erstkommunion<\/h2>\t\t\t\t\t\t\t\t<\/div>\n\t\t\t\t<\/div>\n\t\t\t\t<\/div>\n\t\t<div class=\"elementor-element elementor-element-03a20e4 e-con-full e-flex e-con e-child\" data-id=\"03a20e4\" data-element_type=\"container\" data-e-type=\"container\" data-settings=\"{&quot;background_background&quot;:&quot;classic&quot;}\">\n\t\t\t\t<\/div>\n\t\t\t\t<\/div>\n\t\t<div class=\"elementor-element elementor-element-3f87f0c e-flex e-con-boxed e-con e-parent\" data-id=\"3f87f0c\" data-element_type=\"container\" data-e-type=\"container\" data-settings=\"{&quot;background_background&quot;:&quot;classic&quot;}\">\n\t\t\t\t\t<div class=\"e-con-inner\">\n\t\t\t\t<div class=\"elementor-element elementor-element-bf5e171 elementor-widget elementor-widget-text-editor\" data-id=\"bf5e171\" data-element_type=\"widget\" data-e-type=\"widget\" data-widget_type=\"text-editor.default\">\n\t\t\t\t<div class=\"elementor-widget-container\">\n\t\t\t\t\t\t\t\t\t<h3 style=\"font-family: var( --e-global-typography-secondary-font-family ), Sans-serif; font-weight: var( --e-global-typography-secondary-font-weight ); line-height: var( --e-global-typography-secondary-line-height ); font-size: var( --e-global-typography-secondary-font-size ); font-style: normal;\">SCHMETTERLINGSFREIGABE &amp; GEF\u00c4LLIGKEITEN<\/h3><p data-start=\"178\" data-end=\"406\">Die Erstkommunion ist ein heiliger Meilenstein im Leben eines Kindes und markiert einen wichtigen Schritt auf seinem spirituellen Weg. Die Freilassung von Schmetterlingen verleiht dieser bedeutungsvollen Feierlichkeit Reinheit und Anmut. <\/p><p data-start=\"408\" data-end=\"559\">Stellen Sie sich die Freude und das Staunen auf den Gesichtern der Kinder vor, wenn sie die Schmetterlinge beim Fliegen beobachten. Das ist eine Erinnerung, die f\u00fcr immer in ihren Herzen bleiben wird. <\/p><p data-start=\"561\" data-end=\"813\">Mit Butterfly Dream k\u00f6nnen Sie Ihren G\u00e4sten auch ein ganz besonderes Andenken schenken. Jedes Geschenk enth\u00e4lt eine Puppe, die sich in einen wundersch\u00f6nen Schmetterling verwandeln wird. Sobald er freigelassen wird, hilft er bei der Best\u00e4ubung von Hunderten von Blumen und unterst\u00fctzt so die Artenvielfalt.  <\/p>\t\t\t\t\t\t\t\t<\/div>\n\t\t\t\t<\/div>\n\t\t<div class=\"elementor-element elementor-element-9861cef e-con-full e-flex e-con e-child\" data-id=\"9861cef\" data-element_type=\"container\" data-e-type=\"container\">\n\t\t\t\t<div class=\"elementor-element elementor-element-06d49b1 elementor-widget elementor-widget-image\" data-id=\"06d49b1\" data-element_type=\"widget\" data-e-type=\"widget\" data-widget_type=\"image.default\">\n\t\t\t\t<div class=\"elementor-widget-container\">\n\t\t\t\t\t\t\t\t\t\t\t\t\t\t\t<img fetchpriority=\"high\" decoding=\"async\" width=\"800\" height=\"800\" src=\"https:\/\/butterflies4events.com\/wp-content\/uploads\/2025\/08\/vlcsnap-2025-03-12-13h20m31s767-1.png\" class=\"attachment-large size-large wp-image-10580 wvs-archive-product-image\" alt=\"\" srcset=\"https:\/\/butterflies4events.com\/wp-content\/uploads\/2025\/08\/vlcsnap-2025-03-12-13h20m31s767-1.png 1014w, https:\/\/butterflies4events.com\/wp-content\/uploads\/2025\/08\/vlcsnap-2025-03-12-13h20m31s767-1-300x300.png 300w, https:\/\/butterflies4events.com\/wp-content\/uploads\/2025\/08\/vlcsnap-2025-03-12-13h20m31s767-1-100x100.png 100w, https:\/\/butterflies4events.com\/wp-content\/uploads\/2025\/08\/vlcsnap-2025-03-12-13h20m31s767-1-600x600.png 600w, https:\/\/butterflies4events.com\/wp-content\/uploads\/2025\/08\/vlcsnap-2025-03-12-13h20m31s767-1-150x150.png 150w, https:\/\/butterflies4events.com\/wp-content\/uploads\/2025\/08\/vlcsnap-2025-03-12-13h20m31s767-1-768x768.png 768w, https:\/\/butterflies4events.com\/wp-content\/uploads\/2025\/08\/vlcsnap-2025-03-12-13h20m31s767-1-50x50.png 50w, https:\/\/butterflies4events.com\/wp-content\/uploads\/2025\/08\/vlcsnap-2025-03-12-13h20m31s767-1-32x32.png 32w\" sizes=\"(max-width: 800px) 100vw, 800px\" \/>\t\t\t\t\t\t\t\t\t\t\t\t\t\t\t<\/div>\n\t\t\t\t<\/div>\n\t\t\t\t<div class=\"elementor-element elementor-element-89d7093 elementor-widget elementor-widget-text-editor\" data-id=\"89d7093\" data-element_type=\"widget\" data-e-type=\"widget\" data-widget_type=\"text-editor.default\">\n\t\t\t\t<div class=\"elementor-widget-container\">\n\t\t\t\t\t\t\t\t\t<h3>F\u00fcr eine perfekte Erstkommunion<\/h3><p>Mit unserer langj\u00e4hrigen Erfahrung wissen wir genau, was n\u00f6tig ist, um diesen Tag unvergesslich zu machen!<\/p><p>Wir empfehlen:<\/p><ul><li><h5><a href=\"https:\/\/butterflies4events.com\/shop\/personal-butterfly-release\/\">Pers\u00f6nliche Freigabe<\/a><\/h5><\/li><\/ul><p style=\"padding-left: 80px;\"><strong>Wei\u00dfer Schmetterling (<em data-start=\"1017\" data-end=\"1035\">Pieris brassicae)<\/em>:<\/strong> ein zarter kleiner wei\u00dfer Schmetterling, der eine direkte Verbindung zwischen dem Kind und der Natur herstellt. Seine Reinheit und Anmut machen die Ver\u00f6ffentlichung zu einem besonders bewegenden Erlebnis, das vor allem von Kindern gesch\u00e4tzt wird.<\/p><ul><li><h5><a href=\"https:\/\/butterflies4events.com\/shop\/butterfly-dream-favor\/\">Butterfly Dream Bomboniere<\/a><\/h5><\/li><\/ul><p style=\"padding-left: 80px;\"><strong>Bunter Schmetterling (<em data-start=\"1298\" data-end=\"1315\">Papilio machaon<\/em>) mit elfenbeinfarbener Geschenkbox:<\/strong> eine originelle und umweltfreundliche Wahl, perfekt um Ihre G\u00e4ste mit einem exklusiven Geschenk zu \u00fcberraschen. Die Puppe im Inneren wird sich bald in einen pr\u00e4chtigen Schmetterling verwandeln.<\/p>\t\t\t\t\t\t\t\t<\/div>\n\t\t\t\t<\/div>\n\t\t\t\t<\/div>\n\t\t\t\t\t<\/div>\n\t\t\t\t<\/div>\n\t\t<div class=\"elementor-element elementor-element-8118172 e-con-full e-flex e-con e-parent\" data-id=\"8118172\" data-element_type=\"container\" data-e-type=\"container\" data-settings=\"{&quot;background_background&quot;:&quot;classic&quot;}\">\n\t\t\t\t<div class=\"elementor-element elementor-element-ca53c23 elementor-widget elementor-widget-shortcode\" data-id=\"ca53c23\" data-element_type=\"widget\" data-e-type=\"widget\" data-widget_type=\"shortcode.default\">\n\t\t\t\t<div class=\"elementor-widget-container\">\n\t\t\t\t\t\t\t<div class=\"elementor-shortcode\">\t\t<div data-elementor-type=\"container\" data-elementor-id=\"10551\" class=\"elementor elementor-10551 elementor-2624 elementor-2624\" data-elementor-post-type=\"elementor_library\">\n\t\t\t\t<div class=\"elementor-element elementor-element-b43722c e-con-full e-flex e-con e-parent\" data-id=\"b43722c\" data-element_type=\"container\" data-e-type=\"container\" data-settings=\"{&quot;background_background&quot;:&quot;classic&quot;}\">\n\t\t\t\t<div class=\"elementor-element elementor-element-c6df457 elementor-widget__width-inherit elementor-widget elementor-widget-text-editor\" data-id=\"c6df457\" data-element_type=\"widget\" data-e-type=\"widget\" data-widget_type=\"text-editor.default\">\n\t\t\t\t<div class=\"elementor-widget-container\">\n\t\t\t\t\t\t\t\t\t<h2 style=\"text-align: center;\">Sehen Sie, was wir anbieten<\/h2>\t\t\t\t\t\t\t\t<\/div>\n\t\t\t\t<\/div>\n\t\t\t\t<div class=\"elementor-element elementor-element-c9488b7 elementor-product-loop-item--align-center elementor-grid-2 elementor-widget__width-auto elementor-grid-mobile-1 elementor-grid-tablet-3 elementor-products-grid elementor-wc-products elementor-show-pagination-border-yes elementor-widget elementor-widget-woocommerce-products\" data-id=\"c9488b7\" data-element_type=\"widget\" data-e-type=\"widget\" data-widget_type=\"woocommerce-products.default\">\n\t\t\t\t<div class=\"elementor-widget-container\">\n\t\t\t\t\t<div class=\"woocommerce columns-2 \"><div class=\"woocommerce-notices-wrapper\"><\/div><ul class=\"products elementor-grid columns-2\">\n<li class=\"wvs-archive-product-wrapper product type-product post-10438 status-publish first instock product_cat-nicht-kategorisiert has-post-thumbnail taxable shipping-taxable product-type-variable\">\n\t<a href=\"https:\/\/butterflies4events.com\/de\/shop\/cloud-butterfly-release\/\" class=\"woocommerce-LoopProduct-link woocommerce-loop-product__link\"><img decoding=\"async\" width=\"300\" height=\"300\" src=\"https:\/\/butterflies4events.com\/wp-content\/uploads\/2024\/06\/1-300x300.jpg?wsr\" class=\"attachment-woocommerce_thumbnail size-woocommerce_thumbnail wvs-archive-product-image\" alt=\"Wolke Freigabe\" srcset=\"https:\/\/butterflies4events.com\/wp-content\/uploads\/2024\/06\/1-300x300.jpg 300w, https:\/\/butterflies4events.com\/wp-content\/uploads\/2024\/06\/1-100x100.jpg 100w, https:\/\/butterflies4events.com\/wp-content\/uploads\/2024\/06\/1-600x600.jpg 600w, https:\/\/butterflies4events.com\/wp-content\/uploads\/2024\/06\/1-1024x1024.jpg 1024w, https:\/\/butterflies4events.com\/wp-content\/uploads\/2024\/06\/1-150x150.jpg 150w, https:\/\/butterflies4events.com\/wp-content\/uploads\/2024\/06\/1-768x768.jpg 768w, https:\/\/butterflies4events.com\/wp-content\/uploads\/2024\/06\/1-1536x1536.jpg 1536w, https:\/\/butterflies4events.com\/wp-content\/uploads\/2024\/06\/1-2048x2048.jpg 2048w, https:\/\/butterflies4events.com\/wp-content\/uploads\/2024\/06\/1-50x50.jpg 50w, https:\/\/butterflies4events.com\/wp-content\/uploads\/2024\/06\/1-32x32.jpg 32w\" sizes=\"(max-width: 300px) 100vw, 300px\" \/><h2 class=\"woocommerce-loop-product__title\">Wolke Freigabe<\/h2>\n<\/a><div class=\"woocommerce-loop-product__buttons\"><a href=\"https:\/\/butterflies4events.com\/de\/shop\/cloud-butterfly-release\/\" aria-describedby=\"woocommerce_loop_add_to_cart_link_describedby_10438\" data-quantity=\"1\" class=\"button product_type_variable\" data-product_id=\"10438\" data-product_sku=\"\" aria-label=\"W\u00e4hle Optionen f\u00fcr \u201eWolke Freigabe\u201c\" rel=\"nofollow\">Entdecken Sie<\/a><\/div>\t<span id=\"woocommerce_loop_add_to_cart_link_describedby_10438\" class=\"screen-reader-text\">\n\t\t\t<\/span>\n<\/li>\n<li class=\"wvs-archive-product-wrapper product type-product post-10321 status-publish last instock product_cat-nicht-kategorisiert has-post-thumbnail taxable shipping-taxable product-type-variable\">\n\t<a href=\"https:\/\/butterflies4events.com\/de\/shop\/persoenliche-schmetterlingsfreigabe\/\" class=\"woocommerce-LoopProduct-link woocommerce-loop-product__link\"><img decoding=\"async\" width=\"300\" height=\"300\" src=\"https:\/\/butterflies4events.com\/wp-content\/uploads\/2024\/08\/1-1-300x300.png?wsr\" class=\"attachment-woocommerce_thumbnail size-woocommerce_thumbnail wvs-archive-product-image\" alt=\"Pers\u00f6nliche Freigabe\" srcset=\"https:\/\/butterflies4events.com\/wp-content\/uploads\/2024\/08\/1-1-300x300.png 300w, https:\/\/butterflies4events.com\/wp-content\/uploads\/2024\/08\/1-1-100x100.png 100w, https:\/\/butterflies4events.com\/wp-content\/uploads\/2024\/08\/1-1-600x600.png 600w, https:\/\/butterflies4events.com\/wp-content\/uploads\/2024\/08\/1-1-1024x1024.png 1024w, https:\/\/butterflies4events.com\/wp-content\/uploads\/2024\/08\/1-1-150x150.png 150w, https:\/\/butterflies4events.com\/wp-content\/uploads\/2024\/08\/1-1-768x768.png 768w, https:\/\/butterflies4events.com\/wp-content\/uploads\/2024\/08\/1-1-1536x1536.png 1536w, https:\/\/butterflies4events.com\/wp-content\/uploads\/2024\/08\/1-1-50x50.png 50w, https:\/\/butterflies4events.com\/wp-content\/uploads\/2024\/08\/1-1-32x32.png 32w, https:\/\/butterflies4events.com\/wp-content\/uploads\/2024\/08\/1-1.png 1620w\" sizes=\"(max-width: 300px) 100vw, 300px\" \/><h2 class=\"woocommerce-loop-product__title\">Pers\u00f6nliche Freigabe<\/h2>\n<\/a><div class=\"woocommerce-loop-product__buttons\"><a href=\"https:\/\/butterflies4events.com\/de\/shop\/persoenliche-schmetterlingsfreigabe\/\" aria-describedby=\"woocommerce_loop_add_to_cart_link_describedby_10321\" data-quantity=\"1\" class=\"button product_type_variable\" data-product_id=\"10321\" data-product_sku=\"\" aria-label=\"W\u00e4hle Optionen f\u00fcr \u201ePers\u00f6nliche Freigabe\u201c\" rel=\"nofollow\">Entdecken Sie<\/a><\/div>\t<span id=\"woocommerce_loop_add_to_cart_link_describedby_10321\" class=\"screen-reader-text\">\n\t\t\t<\/span>\n<\/li>\n<\/ul>\n<\/div>\t\t\t\t<\/div>\n\t\t\t\t<\/div>\n\t\t\t\t<div class=\"elementor-element elementor-element-3cf6ff1 elementor-widget elementor-widget-shortcode\" data-id=\"3cf6ff1\" data-element_type=\"widget\" data-e-type=\"widget\" data-widget_type=\"shortcode.default\">\n\t\t\t\t<div class=\"elementor-widget-container\">\n\t\t\t\t\t\t\t<div class=\"elementor-shortcode\">\t\t<div data-elementor-type=\"container\" data-elementor-id=\"10753\" class=\"elementor elementor-10753 elementor-9971 elementor-9971 elementor-9971\" data-elementor-post-type=\"elementor_library\">\n\t\t\t\t<div class=\"elementor-element elementor-element-110602d e-con-full e-flex e-con e-parent\" data-id=\"110602d\" data-element_type=\"container\" data-e-type=\"container\">\n\t\t\t\t<div class=\"elementor-element elementor-element-b45cbf3 elementor-align-center elementor-widget elementor-widget-button\" data-id=\"b45cbf3\" data-element_type=\"widget\" data-e-type=\"widget\" data-widget_type=\"button.default\">\n\t\t\t\t<div class=\"elementor-widget-container\">\n\t\t\t\t\t\t\t\t\t<div class=\"elementor-button-wrapper\">\n\t\t\t\t\t<a class=\"elementor-button elementor-button-link elementor-size-sm\" href=\"#elementor-action%3Aaction%3Dpopup%3Aopen%26settings%3DeyJpZCI6MTA1MjcsInRvZ2dsZSI6ZmFsc2V9\">\n\t\t\t\t\t\t<span class=\"elementor-button-content-wrapper\">\n\t\t\t\t\t\t\t\t\t<span class=\"elementor-button-text\">Anmelden um Preise zu sehen<\/span>\n\t\t\t\t\t<\/span>\n\t\t\t\t\t<\/a>\n\t\t\t\t<\/div>\n\t\t\t\t\t\t\t\t<\/div>\n\t\t\t\t<\/div>\n\t\t\t\t<\/div>\n\t\t\t\t<\/div>\n\t\t<\/div>\n\t\t\t\t\t\t<\/div>\n\t\t\t\t<\/div>\n\t\t\t\t<\/div>\n\t\t\t\t<\/div>\n\t\t<\/div>\n\t\t\t\t\t\t<\/div>\n\t\t\t\t<\/div>\n\t\t\t\t<\/div>\n\t\t<div class=\"elementor-element elementor-element-afddbbe e-con-full e-flex e-con e-parent\" data-id=\"afddbbe\" data-element_type=\"container\" data-e-type=\"container\">\n\t\t\t\t<div class=\"elementor-element elementor-element-2092786 elementor-widget elementor-widget-shortcode\" data-id=\"2092786\" data-element_type=\"widget\" data-e-type=\"widget\" data-widget_type=\"shortcode.default\">\n\t\t\t\t<div class=\"elementor-widget-container\">\n\t\t\t\t\t\t\t<div class=\"elementor-shortcode\">\t\t<div data-elementor-type=\"container\" data-elementor-id=\"10532\" class=\"elementor elementor-10532 elementor-9478 elementor-9478\" data-elementor-post-type=\"elementor_library\">\n\t\t\t\t<div class=\"elementor-element elementor-element-41f4cae e-flex e-con-boxed e-con e-child\" data-id=\"41f4cae\" data-element_type=\"container\" data-e-type=\"container\" data-settings=\"{&quot;background_background&quot;:&quot;classic&quot;}\">\n\t\t\t\t\t<div class=\"e-con-inner\">\n\t\t\t\t<div class=\"elementor-element elementor-element-0cb4b32 elementor-align-justify elementor-widget elementor-widget-button\" data-id=\"0cb4b32\" data-element_type=\"widget\" data-e-type=\"widget\" data-widget_type=\"button.default\">\n\t\t\t\t<div class=\"elementor-widget-container\">\n\t\t\t\t\t\t\t\t\t<div class=\"elementor-button-wrapper\">\n\t\t\t\t\t<a class=\"elementor-button elementor-button-link elementor-size-md\" href=\"https:\/\/butterflies4events.com\/de\/wie-es-funktioniert\/\">\n\t\t\t\t\t\t<span class=\"elementor-button-content-wrapper\">\n\t\t\t\t\t\t\t\t\t<span class=\"elementor-button-text\">Wie Sie Ihre Schmetterlinge empfangen<\/span>\n\t\t\t\t\t<\/span>\n\t\t\t\t\t<\/a>\n\t\t\t\t<\/div>\n\t\t\t\t\t\t\t\t<\/div>\n\t\t\t\t<\/div>\n\t\t\t\t<div class=\"elementor-element elementor-element-2f7852c elementor-align-center elementor-widget elementor-widget-button\" data-id=\"2f7852c\" data-element_type=\"widget\" data-e-type=\"widget\" data-widget_type=\"button.default\">\n\t\t\t\t<div class=\"elementor-widget-container\">\n\t\t\t\t\t\t\t\t\t<div class=\"elementor-button-wrapper\">\n\t\t\t\t\t<a class=\"elementor-button elementor-button-link elementor-size-md\" href=\"https:\/\/butterflies4events.com\/de\/foto-video-tipps\/\">\n\t\t\t\t\t\t<span class=\"elementor-button-content-wrapper\">\n\t\t\t\t\t\t\t\t\t<span class=\"elementor-button-text\">Entdecken Sie unsere Tipps f\u00fcr unvergessliche Fotos und Videos<\/span>\n\t\t\t\t\t<\/span>\n\t\t\t\t\t<\/a>\n\t\t\t\t<\/div>\n\t\t\t\t\t\t\t\t<\/div>\n\t\t\t\t<\/div>\n\t\t\t\t\t<\/div>\n\t\t\t\t<\/div>\n\t\t\t\t<\/div>\n\t\t<\/div>\n\t\t\t\t\t\t<\/div>\n\t\t\t\t<\/div>\n\t\t\t\t<\/div>\n\t\t\t\t<\/div>\n\t\t","protected":false},"excerpt":{"rendered":"<p>Schmetterlinge w\u00e4hlen F\u00fcr eine Erstkommunion SCHMETTERLINGSFREIGABE &amp; GEF\u00c4LLIGKEITEN Die Erstkommunion ist ein heiliger Meilenstein im Leben eines Kindes und markiert einen wichtigen Schritt auf seinem spirituellen Weg. Die Freilassung von Schmetterlingen verleiht dieser bedeutungsvollen Feierlichkeit Reinheit und Anmut. Stellen Sie sich die Freude und das Staunen auf den Gesichtern der Kinder vor, wenn sie die [&hellip;]<\/p>\n","protected":false},"author":1,"featured_media":0,"parent":0,"menu_order":0,"comment_status":"closed","ping_status":"closed","template":"elementor_header_footer","meta":{"_acf_changed":false,"footnotes":""},"folder":[258],"class_list":["post-10312","page","type-page","status-publish","hentry"],"acf":[],"_links":{"self":[{"href":"https:\/\/butterflies4events.com\/de\/wp-json\/wp\/v2\/pages\/10312","targetHints":{"allow":["GET"]}}],"collection":[{"href":"https:\/\/butterflies4events.com\/de\/wp-json\/wp\/v2\/pages"}],"about":[{"href":"https:\/\/butterflies4events.com\/de\/wp-json\/wp\/v2\/types\/page"}],"author":[{"embeddable":true,"href":"https:\/\/butterflies4events.com\/de\/wp-json\/wp\/v2\/users\/1"}],"replies":[{"embeddable":true,"href":"https:\/\/butterflies4events.com\/de\/wp-json\/wp\/v2\/comments?post=10312"}],"version-history":[{"count":10,"href":"https:\/\/butterflies4events.com\/de\/wp-json\/wp\/v2\/pages\/10312\/revisions"}],"predecessor-version":[{"id":12134,"href":"https:\/\/butterflies4events.com\/de\/wp-json\/wp\/v2\/pages\/10312\/revisions\/12134"}],"wp:attachment":[{"href":"https:\/\/butterflies4events.com\/de\/wp-json\/wp\/v2\/media?parent=10312"}],"wp:term":[{"taxonomy":"folder","embeddable":true,"href":"https:\/\/butterflies4events.com\/de\/wp-json\/wp\/v2\/folder?post=10312"}],"curies":[{"name":"wp","href":"https:\/\/api.w.org\/{rel}","templated":true}]}}