{"id":10298,"date":"2024-01-03T10:59:28","date_gmt":"2024-01-03T10:59:28","guid":{"rendered":"https:\/\/butterflies4events.com\/rechtliche-richtlinien\/"},"modified":"2026-01-19T17:00:17","modified_gmt":"2026-01-19T17:00:17","slug":"rechtliche-richtlinien","status":"publish","type":"page","link":"https:\/\/butterflies4events.com\/de\/rechtliche-richtlinien\/","title":{"rendered":"Rechtliche Richtlinien"},"content":{"rendered":"\t\t<div data-elementor-type=\"wp-page\" data-elementor-id=\"10298\" class=\"elementor elementor-10298 elementor-769\" data-elementor-post-type=\"page\">\n\t\t\t\t<div class=\"elementor-element elementor-element-5adb5572 e-flex e-con-boxed e-con e-parent\" data-id=\"5adb5572\" data-element_type=\"container\" data-e-type=\"container\">\n\t\t\t\t\t<div class=\"e-con-inner\">\n\t\t\t\t<div class=\"elementor-element elementor-element-55b60a3a elementor-widget elementor-widget-text-editor\" data-id=\"55b60a3a\" data-element_type=\"widget\" data-e-type=\"widget\" data-widget_type=\"text-editor.default\">\n\t\t\t\t<div class=\"elementor-widget-container\">\n\t\t\t\t\t\t\t\t\t<h1>Rechtlicher Hinweis<\/h1>\t\t\t\t\t\t\t\t<\/div>\n\t\t\t\t<\/div>\n\t\t\t\t<div class=\"elementor-element elementor-element-0dd2bb2 elementor-widget elementor-widget-text-editor\" data-id=\"0dd2bb2\" data-element_type=\"widget\" data-e-type=\"widget\" data-widget_type=\"text-editor.default\">\n\t\t\t\t<div class=\"elementor-widget-container\">\n\t\t\t\t\t\t\t\t\t<p data-start=\"191\" data-end=\"315\"><strong>Vorbereitet von der Italienischen Liga f\u00fcr Vogelschutz (L.I.P.U.), Delegation Bologna und Metropolitan City<\/strong><\/p><p data-start=\"191\" data-end=\"315\"> <\/p><p data-start=\"317\" data-end=\"505\">A) Gem\u00e4\u00df Artikel 727, erster Absatz, des italienischen Strafgesetzbuches stellt das Aussetzen von nicht einheimischen Tierarten in das nationale Hoheitsgebiet den Straftatbestand des &#8222;Aussetzens von Tieren&#8220; dar;<\/p><p data-start=\"507\" data-end=\"673\">B) Gem\u00e4\u00df dem Regionalgesetz Nr. 5 vom 17. Februar 2005, Artikel 8, Absatz 1, ist in der Region Emilia-Romagna das Aussetzen nicht heimischer Tierarten verboten;<\/p><p data-start=\"675\" data-end=\"1018\">C) Gem\u00e4\u00df Regionalgesetz Nr. 15 vom 31. Juli 2006, Artikel 3, Absatz 1, Buchstabe d, ist in der Region Emilia-Romagna die Freisetzung nicht einheimischer Tierarten, die einheimischen gesch\u00fctzten Tierarten schaden k\u00f6nnen, verboten. Dies gilt auch f\u00fcr einheimische Lepidoptera, die durch die Einf\u00fchrung von nicht einheimischen Lepidoptera offensichtlich stark beeintr\u00e4chtigt w\u00fcrden; <\/p><p data-start=\"1020\" data-end=\"1427\">D) Gem\u00e4\u00df der Verordnung (EG) Nr. 338\/97 vom 9. Dezember 1996 zur Umsetzung des \u00dcbereinkommens \u00fcber den internationalen Handel mit gef\u00e4hrdeten Arten freilebender Tiere und Pflanzen (CITES), auch bekannt als Washingtoner Artenschutz\u00fcbereinkommen, in der Europ\u00e4ischen Union, muss jede Weitergabe von Tierarten, die in den Anh\u00e4ngen A und B der genannten Verordnung aufgef\u00fchrt sind, von geeigneten Unterlagen begleitet sein, die die rechtm\u00e4\u00dfige Herkunft der Exemplare bescheinigen;<\/p><p data-start=\"1429\" data-end=\"1821\">E) Gem\u00e4\u00df dem Regionalgesetz Nr. 15 vom 31. Juli 2006, Artikel 3, Absatz 1, Buchstabe a, ist in der Region Emilia-Romagna der Fang und die anschlie\u00dfende Verwahrung zahlreicher einheimischer Tierarten verboten, darunter auch verschiedener Lepidoptera-Arten. Daher muss jeder Sendung von Exemplaren dieser Arten eine Dokumentation beiliegen, die ihre Herkunft aus einer zugelassenen Zucht best\u00e4tigt; <\/p><p data-start=\"1823\" data-end=\"2256\">F) Gem\u00e4\u00df Artikel 544-ter des italienischen Strafgesetzbuches stellt die Qu\u00e4lerei eines Tieres (unabh\u00e4ngig von der Art) den Straftatbestand der &#8222;Tierqu\u00e4lerei&#8220; dar. Dies erfordert besondere Sorgfalt sowohl bei den Transportmethoden (Auswahl des am besten geeigneten Beh\u00e4lters, um die Tiere vor unvermeidlichen Ersch\u00fctterungen zu sch\u00fctzen und gleichzeitig eine angemessene Bel\u00fcftung zu gew\u00e4hrleisten) als auch bei der Freilassung von Lepidoptera (Freilassungen im Sp\u00e4therbst und Winter sind streng verboten). <\/p>\t\t\t\t\t\t\t\t<\/div>\n\t\t\t\t<\/div>\n\t\t\t\t\t<\/div>\n\t\t\t\t<\/div>\n\t\t<div class=\"elementor-element elementor-element-ad2a23a e-con-full e-flex e-con e-parent\" data-id=\"ad2a23a\" data-element_type=\"container\" data-e-type=\"container\">\n\t\t\t\t<div class=\"elementor-element elementor-element-794f0aa elementor-widget elementor-widget-shortcode\" data-id=\"794f0aa\" data-element_type=\"widget\" data-e-type=\"widget\" data-widget_type=\"shortcode.default\">\n\t\t\t\t<div class=\"elementor-widget-container\">\n\t\t\t\t\t\t\t<div class=\"elementor-shortcode\">\t\t<div data-elementor-type=\"container\" data-elementor-id=\"10551\" class=\"elementor elementor-10551 elementor-2624 elementor-2624\" data-elementor-post-type=\"elementor_library\">\n\t\t\t\t<div class=\"elementor-element elementor-element-b43722c e-con-full e-flex e-con e-parent\" data-id=\"b43722c\" data-element_type=\"container\" data-e-type=\"container\" data-settings=\"{&quot;background_background&quot;:&quot;classic&quot;}\">\n\t\t\t\t<div class=\"elementor-element elementor-element-c6df457 elementor-widget__width-inherit elementor-widget elementor-widget-text-editor\" data-id=\"c6df457\" data-element_type=\"widget\" data-e-type=\"widget\" data-widget_type=\"text-editor.default\">\n\t\t\t\t<div class=\"elementor-widget-container\">\n\t\t\t\t\t\t\t\t\t<h2 style=\"text-align: center;\">Sehen Sie, was wir anbieten<\/h2>\t\t\t\t\t\t\t\t<\/div>\n\t\t\t\t<\/div>\n\t\t\t\t<div class=\"elementor-element elementor-element-c9488b7 elementor-product-loop-item--align-center elementor-grid-2 elementor-widget__width-auto elementor-grid-mobile-1 elementor-grid-tablet-3 elementor-products-grid elementor-wc-products elementor-show-pagination-border-yes elementor-widget elementor-widget-woocommerce-products\" data-id=\"c9488b7\" data-element_type=\"widget\" data-e-type=\"widget\" data-widget_type=\"woocommerce-products.default\">\n\t\t\t\t<div class=\"elementor-widget-container\">\n\t\t\t\t\t<div class=\"woocommerce columns-2 \"><div class=\"woocommerce-notices-wrapper\"><\/div><ul class=\"products elementor-grid columns-2\">\n<li class=\"wvs-archive-product-wrapper product type-product post-10438 status-publish first instock product_cat-nicht-kategorisiert has-post-thumbnail taxable shipping-taxable product-type-variable\">\n\t<a href=\"https:\/\/butterflies4events.com\/de\/shop\/cloud-butterfly-release\/\" class=\"woocommerce-LoopProduct-link woocommerce-loop-product__link\"><img fetchpriority=\"high\" decoding=\"async\" width=\"300\" height=\"300\" src=\"https:\/\/butterflies4events.com\/wp-content\/uploads\/2024\/06\/1-300x300.jpg?wsr\" class=\"attachment-woocommerce_thumbnail size-woocommerce_thumbnail wvs-archive-product-image\" alt=\"Wolke Freigabe\" srcset=\"https:\/\/butterflies4events.com\/wp-content\/uploads\/2024\/06\/1-300x300.jpg 300w, https:\/\/butterflies4events.com\/wp-content\/uploads\/2024\/06\/1-100x100.jpg 100w, https:\/\/butterflies4events.com\/wp-content\/uploads\/2024\/06\/1-600x600.jpg 600w, https:\/\/butterflies4events.com\/wp-content\/uploads\/2024\/06\/1-1024x1024.jpg 1024w, https:\/\/butterflies4events.com\/wp-content\/uploads\/2024\/06\/1-150x150.jpg 150w, https:\/\/butterflies4events.com\/wp-content\/uploads\/2024\/06\/1-768x768.jpg 768w, https:\/\/butterflies4events.com\/wp-content\/uploads\/2024\/06\/1-1536x1536.jpg 1536w, https:\/\/butterflies4events.com\/wp-content\/uploads\/2024\/06\/1-2048x2048.jpg 2048w, https:\/\/butterflies4events.com\/wp-content\/uploads\/2024\/06\/1-50x50.jpg 50w, https:\/\/butterflies4events.com\/wp-content\/uploads\/2024\/06\/1-32x32.jpg 32w\" sizes=\"(max-width: 300px) 100vw, 300px\" \/><h2 class=\"woocommerce-loop-product__title\">Wolke Freigabe<\/h2>\n<\/a><div class=\"woocommerce-loop-product__buttons\"><a href=\"https:\/\/butterflies4events.com\/de\/shop\/cloud-butterfly-release\/\" aria-describedby=\"woocommerce_loop_add_to_cart_link_describedby_10438\" data-quantity=\"1\" class=\"button product_type_variable\" data-product_id=\"10438\" data-product_sku=\"\" aria-label=\"W\u00e4hle Optionen f\u00fcr \u201eWolke Freigabe\u201c\" rel=\"nofollow\">Entdecken Sie<\/a><\/div>\t<span id=\"woocommerce_loop_add_to_cart_link_describedby_10438\" class=\"screen-reader-text\">\n\t\t\t<\/span>\n<\/li>\n<li class=\"wvs-archive-product-wrapper product type-product post-10321 status-publish last instock product_cat-nicht-kategorisiert has-post-thumbnail taxable shipping-taxable product-type-variable\">\n\t<a href=\"https:\/\/butterflies4events.com\/de\/shop\/persoenliche-schmetterlingsfreigabe\/\" class=\"woocommerce-LoopProduct-link woocommerce-loop-product__link\"><img decoding=\"async\" width=\"300\" height=\"300\" src=\"https:\/\/butterflies4events.com\/wp-content\/uploads\/2024\/08\/1-1-300x300.png?wsr\" class=\"attachment-woocommerce_thumbnail size-woocommerce_thumbnail wvs-archive-product-image\" alt=\"Pers\u00f6nliche Freigabe\" srcset=\"https:\/\/butterflies4events.com\/wp-content\/uploads\/2024\/08\/1-1-300x300.png 300w, https:\/\/butterflies4events.com\/wp-content\/uploads\/2024\/08\/1-1-100x100.png 100w, https:\/\/butterflies4events.com\/wp-content\/uploads\/2024\/08\/1-1-600x600.png 600w, https:\/\/butterflies4events.com\/wp-content\/uploads\/2024\/08\/1-1-1024x1024.png 1024w, https:\/\/butterflies4events.com\/wp-content\/uploads\/2024\/08\/1-1-150x150.png 150w, https:\/\/butterflies4events.com\/wp-content\/uploads\/2024\/08\/1-1-768x768.png 768w, https:\/\/butterflies4events.com\/wp-content\/uploads\/2024\/08\/1-1-1536x1536.png 1536w, https:\/\/butterflies4events.com\/wp-content\/uploads\/2024\/08\/1-1-50x50.png 50w, https:\/\/butterflies4events.com\/wp-content\/uploads\/2024\/08\/1-1-32x32.png 32w, https:\/\/butterflies4events.com\/wp-content\/uploads\/2024\/08\/1-1.png 1620w\" sizes=\"(max-width: 300px) 100vw, 300px\" \/><h2 class=\"woocommerce-loop-product__title\">Pers\u00f6nliche Freigabe<\/h2>\n<\/a><div class=\"woocommerce-loop-product__buttons\"><a href=\"https:\/\/butterflies4events.com\/de\/shop\/persoenliche-schmetterlingsfreigabe\/\" aria-describedby=\"woocommerce_loop_add_to_cart_link_describedby_10321\" data-quantity=\"1\" class=\"button product_type_variable\" data-product_id=\"10321\" data-product_sku=\"\" aria-label=\"W\u00e4hle Optionen f\u00fcr \u201ePers\u00f6nliche Freigabe\u201c\" rel=\"nofollow\">Entdecken Sie<\/a><\/div>\t<span id=\"woocommerce_loop_add_to_cart_link_describedby_10321\" class=\"screen-reader-text\">\n\t\t\t<\/span>\n<\/li>\n<\/ul>\n<\/div>\t\t\t\t<\/div>\n\t\t\t\t<\/div>\n\t\t\t\t<div class=\"elementor-element elementor-element-3cf6ff1 elementor-widget elementor-widget-shortcode\" data-id=\"3cf6ff1\" data-element_type=\"widget\" data-e-type=\"widget\" data-widget_type=\"shortcode.default\">\n\t\t\t\t<div class=\"elementor-widget-container\">\n\t\t\t\t\t\t\t<div class=\"elementor-shortcode\">\t\t<div data-elementor-type=\"container\" data-elementor-id=\"10753\" class=\"elementor elementor-10753 elementor-9971 elementor-9971 elementor-9971\" data-elementor-post-type=\"elementor_library\">\n\t\t\t\t<div class=\"elementor-element elementor-element-110602d e-con-full e-flex e-con e-parent\" data-id=\"110602d\" data-element_type=\"container\" data-e-type=\"container\">\n\t\t\t\t<div class=\"elementor-element elementor-element-b45cbf3 elementor-align-center elementor-widget elementor-widget-button\" data-id=\"b45cbf3\" data-element_type=\"widget\" data-e-type=\"widget\" data-widget_type=\"button.default\">\n\t\t\t\t<div class=\"elementor-widget-container\">\n\t\t\t\t\t\t\t\t\t<div class=\"elementor-button-wrapper\">\n\t\t\t\t\t<a class=\"elementor-button elementor-button-link elementor-size-sm\" href=\"#elementor-action%3Aaction%3Dpopup%3Aopen%26settings%3DeyJpZCI6MTA1MjcsInRvZ2dsZSI6ZmFsc2V9\">\n\t\t\t\t\t\t<span class=\"elementor-button-content-wrapper\">\n\t\t\t\t\t\t\t\t\t<span class=\"elementor-button-text\">Anmelden um Preise zu sehen<\/span>\n\t\t\t\t\t<\/span>\n\t\t\t\t\t<\/a>\n\t\t\t\t<\/div>\n\t\t\t\t\t\t\t\t<\/div>\n\t\t\t\t<\/div>\n\t\t\t\t<\/div>\n\t\t\t\t<\/div>\n\t\t<\/div>\n\t\t\t\t\t\t<\/div>\n\t\t\t\t<\/div>\n\t\t\t\t<\/div>\n\t\t\t\t<\/div>\n\t\t<\/div>\n\t\t\t\t\t\t<\/div>\n\t\t\t\t<\/div>\n\t\t\t\t<\/div>\n\t\t<div class=\"elementor-element elementor-element-6d00d2d e-con-full e-flex e-con e-parent\" data-id=\"6d00d2d\" data-element_type=\"container\" data-e-type=\"container\">\n\t\t\t\t<div class=\"elementor-element elementor-element-4f625a3 elementor-widget elementor-widget-shortcode\" data-id=\"4f625a3\" data-element_type=\"widget\" data-e-type=\"widget\" data-widget_type=\"shortcode.default\">\n\t\t\t\t<div class=\"elementor-widget-container\">\n\t\t\t\t\t\t\t<div class=\"elementor-shortcode\">\t\t<div data-elementor-type=\"container\" data-elementor-id=\"10532\" class=\"elementor elementor-10532 elementor-9478 elementor-9478\" data-elementor-post-type=\"elementor_library\">\n\t\t\t\t<div class=\"elementor-element elementor-element-41f4cae e-flex e-con-boxed e-con e-child\" data-id=\"41f4cae\" data-element_type=\"container\" data-e-type=\"container\" data-settings=\"{&quot;background_background&quot;:&quot;classic&quot;}\">\n\t\t\t\t\t<div class=\"e-con-inner\">\n\t\t\t\t<div class=\"elementor-element elementor-element-0cb4b32 elementor-align-justify elementor-widget elementor-widget-button\" data-id=\"0cb4b32\" data-element_type=\"widget\" data-e-type=\"widget\" data-widget_type=\"button.default\">\n\t\t\t\t<div class=\"elementor-widget-container\">\n\t\t\t\t\t\t\t\t\t<div class=\"elementor-button-wrapper\">\n\t\t\t\t\t<a class=\"elementor-button elementor-button-link elementor-size-md\" href=\"https:\/\/butterflies4events.com\/de\/wie-es-funktioniert\/\">\n\t\t\t\t\t\t<span class=\"elementor-button-content-wrapper\">\n\t\t\t\t\t\t\t\t\t<span class=\"elementor-button-text\">Wie Sie Ihre Schmetterlinge empfangen<\/span>\n\t\t\t\t\t<\/span>\n\t\t\t\t\t<\/a>\n\t\t\t\t<\/div>\n\t\t\t\t\t\t\t\t<\/div>\n\t\t\t\t<\/div>\n\t\t\t\t<div class=\"elementor-element elementor-element-2f7852c elementor-align-center elementor-widget elementor-widget-button\" data-id=\"2f7852c\" data-element_type=\"widget\" data-e-type=\"widget\" data-widget_type=\"button.default\">\n\t\t\t\t<div class=\"elementor-widget-container\">\n\t\t\t\t\t\t\t\t\t<div class=\"elementor-button-wrapper\">\n\t\t\t\t\t<a class=\"elementor-button elementor-button-link elementor-size-md\" href=\"https:\/\/butterflies4events.com\/de\/foto-video-tipps\/\">\n\t\t\t\t\t\t<span class=\"elementor-button-content-wrapper\">\n\t\t\t\t\t\t\t\t\t<span class=\"elementor-button-text\">Entdecken Sie unsere Tipps f\u00fcr unvergessliche Fotos und Videos<\/span>\n\t\t\t\t\t<\/span>\n\t\t\t\t\t<\/a>\n\t\t\t\t<\/div>\n\t\t\t\t\t\t\t\t<\/div>\n\t\t\t\t<\/div>\n\t\t\t\t\t<\/div>\n\t\t\t\t<\/div>\n\t\t\t\t<\/div>\n\t\t<\/div>\n\t\t\t\t\t\t<\/div>\n\t\t\t\t<\/div>\n\t\t\t\t<\/div>\n\t\t\t\t<\/div>\n\t\t","protected":false},"excerpt":{"rendered":"<p>Rechtlicher Hinweis Vorbereitet von der Italienischen Liga f\u00fcr Vogelschutz (L.I.P.U.), Delegation Bologna und Metropolitan City A) Gem\u00e4\u00df Artikel 727, erster Absatz, des italienischen Strafgesetzbuches stellt das Aussetzen von nicht einheimischen Tierarten in das nationale Hoheitsgebiet den Straftatbestand des &#8222;Aussetzens von Tieren&#8220; dar; B) Gem\u00e4\u00df dem Regionalgesetz Nr. 5 vom 17. Februar 2005, Artikel 8, Absatz [&hellip;]<\/p>\n","protected":false},"author":1,"featured_media":0,"parent":0,"menu_order":0,"comment_status":"closed","ping_status":"closed","template":"","meta":{"_acf_changed":false,"footnotes":""},"folder":[260],"class_list":["post-10298","page","type-page","status-publish","hentry"],"acf":[],"_links":{"self":[{"href":"https:\/\/butterflies4events.com\/de\/wp-json\/wp\/v2\/pages\/10298","targetHints":{"allow":["GET"]}}],"collection":[{"href":"https:\/\/butterflies4events.com\/de\/wp-json\/wp\/v2\/pages"}],"about":[{"href":"https:\/\/butterflies4events.com\/de\/wp-json\/wp\/v2\/types\/page"}],"author":[{"embeddable":true,"href":"https:\/\/butterflies4events.com\/de\/wp-json\/wp\/v2\/users\/1"}],"replies":[{"embeddable":true,"href":"https:\/\/butterflies4events.com\/de\/wp-json\/wp\/v2\/comments?post=10298"}],"version-history":[{"count":3,"href":"https:\/\/butterflies4events.com\/de\/wp-json\/wp\/v2\/pages\/10298\/revisions"}],"predecessor-version":[{"id":11701,"href":"https:\/\/butterflies4events.com\/de\/wp-json\/wp\/v2\/pages\/10298\/revisions\/11701"}],"wp:attachment":[{"href":"https:\/\/butterflies4events.com\/de\/wp-json\/wp\/v2\/media?parent=10298"}],"wp:term":[{"taxonomy":"folder","embeddable":true,"href":"https:\/\/butterflies4events.com\/de\/wp-json\/wp\/v2\/folder?post=10298"}],"curies":[{"name":"wp","href":"https:\/\/api.w.org\/{rel}","templated":true}]}}