{"id":10292,"date":"2024-01-03T10:59:59","date_gmt":"2024-01-03T10:59:59","guid":{"rendered":"https:\/\/butterflies4events.com\/wissenschaftliche-anmerkungen\/"},"modified":"2026-01-19T17:00:18","modified_gmt":"2026-01-19T17:00:18","slug":"wissenschaftliche-anmerkungen","status":"publish","type":"page","link":"https:\/\/butterflies4events.com\/de\/wissenschaftliche-anmerkungen\/","title":{"rendered":"Wissenschaftliche Anmerkungen"},"content":{"rendered":"\t\t<div data-elementor-type=\"wp-page\" data-elementor-id=\"10292\" class=\"elementor elementor-10292 elementor-771\" data-elementor-post-type=\"page\">\n\t\t\t\t<div class=\"elementor-element elementor-element-6a01ae58 e-flex e-con-boxed e-con e-parent\" data-id=\"6a01ae58\" data-element_type=\"container\" data-e-type=\"container\">\n\t\t\t\t\t<div class=\"e-con-inner\">\n\t\t\t\t<div class=\"elementor-element elementor-element-9cf6724 elementor-widget elementor-widget-text-editor\" data-id=\"9cf6724\" data-element_type=\"widget\" data-e-type=\"widget\" data-widget_type=\"text-editor.default\">\n\t\t\t\t<div class=\"elementor-widget-container\">\n\t\t\t\t\t\t\t\t\t<h1>Technisch-wissenschaftliche Hinweise<\/h1>\t\t\t\t\t\t\t\t<\/div>\n\t\t\t\t<\/div>\n\t\t\t\t<div class=\"elementor-element elementor-element-ae98325 elementor-widget elementor-widget-text-editor\" data-id=\"ae98325\" data-element_type=\"widget\" data-e-type=\"widget\" data-widget_type=\"text-editor.default\">\n\t\t\t\t<div class=\"elementor-widget-container\">\n\t\t\t\t\t\t\t\t\t<h3 data-start=\"208\" data-end=\"1527\">1) Es darf sich nicht um eine fremde Spezies handeln.<\/h3><p data-start=\"208\" data-end=\"1527\">Die Freisetzung gebietsfremder (nicht einheimischer) Arten wirft zwei Hauptprobleme auf: \u00f6kologische und ethische. W\u00e4hrend einige wenige exotische Schmetterlinge, die in die freie Natur entlassen werden, vielleicht kein unmittelbares Problem darstellen, k\u00f6nnte eine weit verbreitete Praxis zu unvorhersehbaren Umweltrisiken f\u00fchren. Gebietsfremde Arten, die weltweit in Schmetterlingsfarmen gez\u00fcchtet werden, sind oft stark parasit\u00e4r und fungieren als \u00dcbertr\u00e4ger von Viren, Pilzen und Bakterien, die f\u00fcr die lokalen Populationen t\u00f6dlich sein k\u00f6nnen. Wenn sich eine gebietsfremde Art an die \u00f6rtliche Umwelt gew\u00f6hnt, kann sie au\u00dferdem das Aussterben einer oder mehrerer einheimischer Populationen verursachen, weil sie um dieselbe \u00f6kologische Nische konkurriert. Dies ist beispielsweise bereits beim asiatischen Marienk\u00e4fer (Harmonia axyridis) geschehen, der zur biologischen Sch\u00e4dlingsbek\u00e4mpfung in gro\u00dfem Umfang freigesetzt wurde und nun die einheimischen Marienk\u00e4ferarten verdr\u00e4ngt, wie in der wissenschaftlichen Literatur ausf\u00fchrlich dokumentiert ist. Diese Probleme treten nicht auf, wenn die Art im Freisetzungsgebiet einheimisch, wandernd, zahlreich und weit verbreitet ist. Die ethische Frage betrifft auch das wahrscheinlich kurze \u00dcberleben von Individuen aus exotischen Gebieten, die nicht an die lokale Umgebung angepasst sind. Gem\u00e4\u00df Artikel 727, erster Absatz, des italienischen Strafgesetzbuches stellt das Aussetzen von nicht einheimischen Tierarten auf nationalem Territorium den Straftatbestand des &#8222;Aussetzens von Tieren&#8220; dar.       <\/p><p data-start=\"208\" data-end=\"1527\"> <\/p><h3 data-start=\"1532\" data-end=\"2049\">2) Er muss in der Freisetzungsregion reichlich vorhanden und weit verbreitet sein.<\/h3><p data-start=\"1532\" data-end=\"2049\">Das mag paradox erscheinen, ist aber sehr wichtig. Unsere T\u00e4tigkeit zielt nicht darauf ab, ausgestorbene Arten wieder anzusiedeln oder schwache lokale Populationen zu st\u00e4rken. Das prim\u00e4re Ziel ist p\u00e4dagogisch und \u00e4sthetisch. Die Wiederansiedlung lokal ausgestorbener oder seltener Arten ohne angemessene Kriterien und gr\u00fcndliche wissenschaftliche Untersuchungen k\u00f6nnte deren Status verschlechtern. Umgekehrt wird eine reichhaltige und gut verteilte Population von der Freilassung gesunder, genetisch kompatibler Individuen profitieren.    <\/p><h3 data-start=\"2054\" data-end=\"2671\"> <\/h3><h3 data-start=\"2054\" data-end=\"2671\">3) Sie muss ein hohes Ausbreitungspotenzial haben, aber vorzugsweise keine spezifischen Migrationsrouten.<\/h3><p data-start=\"2054\" data-end=\"2671\">Eine starke Ausbreitung sorgt f\u00fcr genetische Homogenit\u00e4t, einheitliche Parasitenbelastung und konsistente Umweltanpassungen im gesamten Verbreitungsgebiet der Art. Dies verhindert eine starke Differenzierung zwischen den Populationen, die andernfalls der Einf\u00fchrung fremder Populationen (wenn auch derselben Art) \u00e4hneln k\u00f6nnte. Vorzugsweise sollten Arten mit Populationen, die unterschiedliche Migrationsrouten aufweisen, vermieden werden, da eine Vermischung dieser Routen die seit langem etablierten Migrationsmuster st\u00f6ren k\u00f6nnte (obwohl dies bei Lepidoptera nicht nachgewiesen wurde).  <\/p><h3 data-start=\"2676\" data-end=\"3272\"> <\/h3><h3 data-start=\"2676\" data-end=\"3272\">4) Die genetische Struktur der Populationen sollte einigerma\u00dfen gut bekannt sein, ohne dass es signifikante Unterschiede zwischen den Populationen gibt.<\/h3><p data-start=\"2676\" data-end=\"3272\">Die moderne Wissenschaft erm\u00f6glicht die Bewertung der Differenzierung von Populationen anhand spezifischer genetischer Marker. Die DNA-Sequenzierung kann den Grad der Differenzierung aufzeigen und den Genfluss zwischen Populationen quantifizieren. Projekte wie die DNA-Barcodierung stellen Datenbanken f\u00fcr mitochondriale Sequenzen bereit, die f\u00fcr solche Analysen n\u00fctzlich sind. Daher sollte eine Art, die f\u00fcr Freisetzungen verwendet wird, durch Studien zur genetischen Struktur unterst\u00fctzt werden, um geografische Gebiete zu identifizieren, in denen die Freisetzung von Individuen aus bestimmten Populationen m\u00f6glicherweise nicht angemessen ist.   <\/p><h3 data-start=\"3277\" data-end=\"3850\"> <\/h3><h3 data-start=\"3277\" data-end=\"3850\">5) Die Individuen m\u00fcssen aus einer Zuchtanlage mit geschlossenem Kreislauf stammen, nicht aus Wildf\u00e4ngen von Schmetterlingen oder Raupen.<\/h3><p data-start=\"3277\" data-end=\"3850\">Schmetterlinge m\u00fcssen gez\u00fcchtet und nicht aus Wildpopulationen entnommen werden. Dies ist f\u00fcr die Kontrolle von Krankheitserregern von entscheidender Bedeutung, da die Beschaffung aus dem Ausland das Krankheitsmanagement behindern w\u00fcrde. Um Inzuchtdepressionen und eine Anpassung an die Gefangenschaft zu verhindern, werden regelm\u00e4\u00dfig einige Wildf\u00e4nge in die Zuchtkolonien eingef\u00fchrt, wobei die genetische Regel &#8222;ein effektiver Migrant pro Generation&#8220; eingehalten wird. Dies verhindert eine lokale Anpassung an die Gefangenschaft, die das \u00dcberleben der Schmetterlinge in freier Wildbahn schw\u00e4chen k\u00f6nnte.   <\/p><h3 data-start=\"3855\" data-end=\"4591\"> <\/h3><h3 data-start=\"3855\" data-end=\"4591\">6) Sie m\u00fcssen f\u00fcr die h\u00e4ufigsten Parasiten (Mikrosporidien, Baculoviren, Bakterien) als &#8222;pathogenfrei&#8220; zertifiziert sein.<\/h3><p data-start=\"3855\" data-end=\"4591\">Wie alle lebenden Organismen k\u00f6nnen auch Schmetterlinge krank werden. In freier Wildbahn \u00fcberlebt etwa 1 von 100 Raupen bis zum Erwachsenenalter, haupts\u00e4chlich aufgrund von Krankheiten (eine nat\u00fcrliche Bedingung). Die Diagnose von Schmetterlingskrankheiten erfordert umfangreiches wissenschaftliches Fachwissen und artspezifische Studien. Ausgesetzte Schmetterlinge m\u00fcssen frei von wichtigen Krankheitserregern sein, die sich auf lokale Populationen auswirken k\u00f6nnten. Selbst eine Zuchtkolonie mit zirkulierenden Krankheitserregern w\u00e4re \u00fcber ein oder zwei Generationen hinaus nicht \u00fcberlebensf\u00e4hig. Unsere Schmetterlinge werden mit nicht-invasiven Mikroskopietechniken (die den Schmetterlingen nicht schaden) untersucht, um gesunde Kolonien zu erzeugen, und werden vor der Freilassung beprobt.     <\/p>\t\t\t\t\t\t\t\t<\/div>\n\t\t\t\t<\/div>\n\t\t\t\t\t<\/div>\n\t\t\t\t<\/div>\n\t\t<div class=\"elementor-element elementor-element-97b9b4d e-con-full e-flex e-con e-parent\" data-id=\"97b9b4d\" data-element_type=\"container\" data-e-type=\"container\">\n\t\t\t\t<div class=\"elementor-element elementor-element-690160d elementor-widget elementor-widget-shortcode\" data-id=\"690160d\" data-element_type=\"widget\" data-e-type=\"widget\" data-widget_type=\"shortcode.default\">\n\t\t\t\t<div class=\"elementor-widget-container\">\n\t\t\t\t\t\t\t<div class=\"elementor-shortcode\">\t\t<div data-elementor-type=\"container\" data-elementor-id=\"10551\" class=\"elementor elementor-10551 elementor-2624 elementor-2624\" data-elementor-post-type=\"elementor_library\">\n\t\t\t\t<div class=\"elementor-element elementor-element-b43722c e-con-full e-flex e-con e-parent\" data-id=\"b43722c\" data-element_type=\"container\" data-e-type=\"container\" data-settings=\"{&quot;background_background&quot;:&quot;classic&quot;}\">\n\t\t\t\t<div class=\"elementor-element elementor-element-c6df457 elementor-widget__width-inherit elementor-widget elementor-widget-text-editor\" data-id=\"c6df457\" data-element_type=\"widget\" data-e-type=\"widget\" data-widget_type=\"text-editor.default\">\n\t\t\t\t<div class=\"elementor-widget-container\">\n\t\t\t\t\t\t\t\t\t<h2 style=\"text-align: center;\">Sehen Sie, was wir anbieten<\/h2>\t\t\t\t\t\t\t\t<\/div>\n\t\t\t\t<\/div>\n\t\t\t\t<div class=\"elementor-element elementor-element-c9488b7 elementor-product-loop-item--align-center elementor-grid-2 elementor-widget__width-auto elementor-grid-mobile-1 elementor-grid-tablet-3 elementor-products-grid elementor-wc-products elementor-show-pagination-border-yes elementor-widget elementor-widget-woocommerce-products\" data-id=\"c9488b7\" data-element_type=\"widget\" data-e-type=\"widget\" data-widget_type=\"woocommerce-products.default\">\n\t\t\t\t<div class=\"elementor-widget-container\">\n\t\t\t\t\t<div class=\"woocommerce columns-2 \"><div class=\"woocommerce-notices-wrapper\"><\/div><ul class=\"products elementor-grid columns-2\">\n<li class=\"wvs-archive-product-wrapper product type-product post-10438 status-publish first instock product_cat-nicht-kategorisiert has-post-thumbnail taxable shipping-taxable product-type-variable\">\n\t<a href=\"https:\/\/butterflies4events.com\/de\/shop\/cloud-butterfly-release\/\" class=\"woocommerce-LoopProduct-link woocommerce-loop-product__link\"><img fetchpriority=\"high\" decoding=\"async\" width=\"300\" height=\"300\" src=\"https:\/\/butterflies4events.com\/wp-content\/uploads\/2024\/06\/1-300x300.jpg?wsr\" class=\"attachment-woocommerce_thumbnail size-woocommerce_thumbnail wvs-archive-product-image\" alt=\"Wolke Freigabe\" srcset=\"https:\/\/butterflies4events.com\/wp-content\/uploads\/2024\/06\/1-300x300.jpg 300w, https:\/\/butterflies4events.com\/wp-content\/uploads\/2024\/06\/1-100x100.jpg 100w, https:\/\/butterflies4events.com\/wp-content\/uploads\/2024\/06\/1-600x600.jpg 600w, https:\/\/butterflies4events.com\/wp-content\/uploads\/2024\/06\/1-1024x1024.jpg 1024w, https:\/\/butterflies4events.com\/wp-content\/uploads\/2024\/06\/1-150x150.jpg 150w, https:\/\/butterflies4events.com\/wp-content\/uploads\/2024\/06\/1-768x768.jpg 768w, https:\/\/butterflies4events.com\/wp-content\/uploads\/2024\/06\/1-1536x1536.jpg 1536w, https:\/\/butterflies4events.com\/wp-content\/uploads\/2024\/06\/1-2048x2048.jpg 2048w, https:\/\/butterflies4events.com\/wp-content\/uploads\/2024\/06\/1-50x50.jpg 50w, https:\/\/butterflies4events.com\/wp-content\/uploads\/2024\/06\/1-32x32.jpg 32w\" sizes=\"(max-width: 300px) 100vw, 300px\" \/><h2 class=\"woocommerce-loop-product__title\">Wolke Freigabe<\/h2>\n<\/a><div class=\"woocommerce-loop-product__buttons\"><a href=\"https:\/\/butterflies4events.com\/de\/shop\/cloud-butterfly-release\/\" aria-describedby=\"woocommerce_loop_add_to_cart_link_describedby_10438\" data-quantity=\"1\" class=\"button product_type_variable\" data-product_id=\"10438\" data-product_sku=\"\" aria-label=\"W\u00e4hle Optionen f\u00fcr \u201eWolke Freigabe\u201c\" rel=\"nofollow\">Entdecken Sie<\/a><\/div>\t<span id=\"woocommerce_loop_add_to_cart_link_describedby_10438\" class=\"screen-reader-text\">\n\t\t\t<\/span>\n<\/li>\n<li class=\"wvs-archive-product-wrapper product type-product post-10321 status-publish last instock product_cat-nicht-kategorisiert has-post-thumbnail taxable shipping-taxable product-type-variable\">\n\t<a href=\"https:\/\/butterflies4events.com\/de\/shop\/persoenliche-schmetterlingsfreigabe\/\" class=\"woocommerce-LoopProduct-link woocommerce-loop-product__link\"><img decoding=\"async\" width=\"300\" height=\"300\" src=\"https:\/\/butterflies4events.com\/wp-content\/uploads\/2024\/08\/1-1-300x300.png?wsr\" class=\"attachment-woocommerce_thumbnail size-woocommerce_thumbnail wvs-archive-product-image\" alt=\"Pers\u00f6nliche Freigabe\" srcset=\"https:\/\/butterflies4events.com\/wp-content\/uploads\/2024\/08\/1-1-300x300.png 300w, https:\/\/butterflies4events.com\/wp-content\/uploads\/2024\/08\/1-1-100x100.png 100w, https:\/\/butterflies4events.com\/wp-content\/uploads\/2024\/08\/1-1-600x600.png 600w, https:\/\/butterflies4events.com\/wp-content\/uploads\/2024\/08\/1-1-1024x1024.png 1024w, https:\/\/butterflies4events.com\/wp-content\/uploads\/2024\/08\/1-1-150x150.png 150w, https:\/\/butterflies4events.com\/wp-content\/uploads\/2024\/08\/1-1-768x768.png 768w, https:\/\/butterflies4events.com\/wp-content\/uploads\/2024\/08\/1-1-1536x1536.png 1536w, https:\/\/butterflies4events.com\/wp-content\/uploads\/2024\/08\/1-1-50x50.png 50w, https:\/\/butterflies4events.com\/wp-content\/uploads\/2024\/08\/1-1-32x32.png 32w, https:\/\/butterflies4events.com\/wp-content\/uploads\/2024\/08\/1-1.png 1620w\" sizes=\"(max-width: 300px) 100vw, 300px\" \/><h2 class=\"woocommerce-loop-product__title\">Pers\u00f6nliche Freigabe<\/h2>\n<\/a><div class=\"woocommerce-loop-product__buttons\"><a href=\"https:\/\/butterflies4events.com\/de\/shop\/persoenliche-schmetterlingsfreigabe\/\" aria-describedby=\"woocommerce_loop_add_to_cart_link_describedby_10321\" data-quantity=\"1\" class=\"button product_type_variable\" data-product_id=\"10321\" data-product_sku=\"\" aria-label=\"W\u00e4hle Optionen f\u00fcr \u201ePers\u00f6nliche Freigabe\u201c\" rel=\"nofollow\">Entdecken Sie<\/a><\/div>\t<span id=\"woocommerce_loop_add_to_cart_link_describedby_10321\" class=\"screen-reader-text\">\n\t\t\t<\/span>\n<\/li>\n<\/ul>\n<\/div>\t\t\t\t<\/div>\n\t\t\t\t<\/div>\n\t\t\t\t<div class=\"elementor-element elementor-element-3cf6ff1 elementor-widget elementor-widget-shortcode\" data-id=\"3cf6ff1\" data-element_type=\"widget\" data-e-type=\"widget\" data-widget_type=\"shortcode.default\">\n\t\t\t\t<div class=\"elementor-widget-container\">\n\t\t\t\t\t\t\t<div class=\"elementor-shortcode\">\t\t<div data-elementor-type=\"container\" data-elementor-id=\"10753\" class=\"elementor elementor-10753 elementor-9971 elementor-9971 elementor-9971\" data-elementor-post-type=\"elementor_library\">\n\t\t\t\t<div class=\"elementor-element elementor-element-110602d e-con-full e-flex e-con e-parent\" data-id=\"110602d\" data-element_type=\"container\" data-e-type=\"container\">\n\t\t\t\t<div class=\"elementor-element elementor-element-b45cbf3 elementor-align-center elementor-widget elementor-widget-button\" data-id=\"b45cbf3\" data-element_type=\"widget\" data-e-type=\"widget\" data-widget_type=\"button.default\">\n\t\t\t\t<div class=\"elementor-widget-container\">\n\t\t\t\t\t\t\t\t\t<div class=\"elementor-button-wrapper\">\n\t\t\t\t\t<a class=\"elementor-button elementor-button-link elementor-size-sm\" href=\"#elementor-action%3Aaction%3Dpopup%3Aopen%26settings%3DeyJpZCI6MTA1MjcsInRvZ2dsZSI6ZmFsc2V9\">\n\t\t\t\t\t\t<span class=\"elementor-button-content-wrapper\">\n\t\t\t\t\t\t\t\t\t<span class=\"elementor-button-text\">Anmelden um Preise zu sehen<\/span>\n\t\t\t\t\t<\/span>\n\t\t\t\t\t<\/a>\n\t\t\t\t<\/div>\n\t\t\t\t\t\t\t\t<\/div>\n\t\t\t\t<\/div>\n\t\t\t\t<\/div>\n\t\t\t\t<\/div>\n\t\t<\/div>\n\t\t\t\t\t\t<\/div>\n\t\t\t\t<\/div>\n\t\t\t\t<\/div>\n\t\t\t\t<\/div>\n\t\t<\/div>\n\t\t\t\t\t\t<\/div>\n\t\t\t\t<\/div>\n\t\t\t\t<\/div>\n\t\t<div class=\"elementor-element elementor-element-e505539 e-con-full e-flex e-con e-parent\" data-id=\"e505539\" data-element_type=\"container\" data-e-type=\"container\">\n\t\t\t\t<div class=\"elementor-element elementor-element-e9b22bd elementor-widget elementor-widget-shortcode\" data-id=\"e9b22bd\" data-element_type=\"widget\" data-e-type=\"widget\" data-widget_type=\"shortcode.default\">\n\t\t\t\t<div class=\"elementor-widget-container\">\n\t\t\t\t\t\t\t<div class=\"elementor-shortcode\">\t\t<div data-elementor-type=\"container\" data-elementor-id=\"10532\" class=\"elementor elementor-10532 elementor-9478 elementor-9478\" data-elementor-post-type=\"elementor_library\">\n\t\t\t\t<div class=\"elementor-element elementor-element-41f4cae e-flex e-con-boxed e-con e-child\" data-id=\"41f4cae\" data-element_type=\"container\" data-e-type=\"container\" data-settings=\"{&quot;background_background&quot;:&quot;classic&quot;}\">\n\t\t\t\t\t<div class=\"e-con-inner\">\n\t\t\t\t<div class=\"elementor-element elementor-element-0cb4b32 elementor-align-justify elementor-widget elementor-widget-button\" data-id=\"0cb4b32\" data-element_type=\"widget\" data-e-type=\"widget\" data-widget_type=\"button.default\">\n\t\t\t\t<div class=\"elementor-widget-container\">\n\t\t\t\t\t\t\t\t\t<div class=\"elementor-button-wrapper\">\n\t\t\t\t\t<a class=\"elementor-button elementor-button-link elementor-size-md\" href=\"https:\/\/butterflies4events.com\/de\/wie-es-funktioniert\/\">\n\t\t\t\t\t\t<span class=\"elementor-button-content-wrapper\">\n\t\t\t\t\t\t\t\t\t<span class=\"elementor-button-text\">Wie Sie Ihre Schmetterlinge empfangen<\/span>\n\t\t\t\t\t<\/span>\n\t\t\t\t\t<\/a>\n\t\t\t\t<\/div>\n\t\t\t\t\t\t\t\t<\/div>\n\t\t\t\t<\/div>\n\t\t\t\t<div class=\"elementor-element elementor-element-2f7852c elementor-align-center elementor-widget elementor-widget-button\" data-id=\"2f7852c\" data-element_type=\"widget\" data-e-type=\"widget\" data-widget_type=\"button.default\">\n\t\t\t\t<div class=\"elementor-widget-container\">\n\t\t\t\t\t\t\t\t\t<div class=\"elementor-button-wrapper\">\n\t\t\t\t\t<a class=\"elementor-button elementor-button-link elementor-size-md\" href=\"https:\/\/butterflies4events.com\/de\/foto-video-tipps\/\">\n\t\t\t\t\t\t<span class=\"elementor-button-content-wrapper\">\n\t\t\t\t\t\t\t\t\t<span class=\"elementor-button-text\">Entdecken Sie unsere Tipps f\u00fcr unvergessliche Fotos und Videos<\/span>\n\t\t\t\t\t<\/span>\n\t\t\t\t\t<\/a>\n\t\t\t\t<\/div>\n\t\t\t\t\t\t\t\t<\/div>\n\t\t\t\t<\/div>\n\t\t\t\t\t<\/div>\n\t\t\t\t<\/div>\n\t\t\t\t<\/div>\n\t\t<\/div>\n\t\t\t\t\t\t<\/div>\n\t\t\t\t<\/div>\n\t\t\t\t<\/div>\n\t\t\t\t<\/div>\n\t\t","protected":false},"excerpt":{"rendered":"<p>Technisch-wissenschaftliche Hinweise 1) Es darf sich nicht um eine fremde Spezies handeln. Die Freisetzung gebietsfremder (nicht einheimischer) Arten wirft zwei Hauptprobleme auf: \u00f6kologische und ethische. W\u00e4hrend einige wenige exotische Schmetterlinge, die in die freie Natur entlassen werden, vielleicht kein unmittelbares Problem darstellen, k\u00f6nnte eine weit verbreitete Praxis zu unvorhersehbaren Umweltrisiken f\u00fchren. Gebietsfremde Arten, die weltweit [&hellip;]<\/p>\n","protected":false},"author":1,"featured_media":0,"parent":0,"menu_order":0,"comment_status":"closed","ping_status":"closed","template":"","meta":{"_acf_changed":false,"footnotes":""},"folder":[260],"class_list":["post-10292","page","type-page","status-publish","hentry"],"acf":[],"_links":{"self":[{"href":"https:\/\/butterflies4events.com\/de\/wp-json\/wp\/v2\/pages\/10292","targetHints":{"allow":["GET"]}}],"collection":[{"href":"https:\/\/butterflies4events.com\/de\/wp-json\/wp\/v2\/pages"}],"about":[{"href":"https:\/\/butterflies4events.com\/de\/wp-json\/wp\/v2\/types\/page"}],"author":[{"embeddable":true,"href":"https:\/\/butterflies4events.com\/de\/wp-json\/wp\/v2\/users\/1"}],"replies":[{"embeddable":true,"href":"https:\/\/butterflies4events.com\/de\/wp-json\/wp\/v2\/comments?post=10292"}],"version-history":[{"count":4,"href":"https:\/\/butterflies4events.com\/de\/wp-json\/wp\/v2\/pages\/10292\/revisions"}],"predecessor-version":[{"id":11699,"href":"https:\/\/butterflies4events.com\/de\/wp-json\/wp\/v2\/pages\/10292\/revisions\/11699"}],"wp:attachment":[{"href":"https:\/\/butterflies4events.com\/de\/wp-json\/wp\/v2\/media?parent=10292"}],"wp:term":[{"taxonomy":"folder","embeddable":true,"href":"https:\/\/butterflies4events.com\/de\/wp-json\/wp\/v2\/folder?post=10292"}],"curies":[{"name":"wp","href":"https:\/\/api.w.org\/{rel}","templated":true}]}}