{"id":10286,"date":"2024-05-16T15:26:14","date_gmt":"2024-05-16T15:26:14","guid":{"rendered":"https:\/\/butterflies4events.com\/website-nutzungsbedingungen\/"},"modified":"2026-01-19T17:00:19","modified_gmt":"2026-01-19T17:00:19","slug":"website-nutzungsbedingungen","status":"publish","type":"page","link":"https:\/\/butterflies4events.com\/de\/website-nutzungsbedingungen\/","title":{"rendered":"Website-Nutzungsbedingungen"},"content":{"rendered":"\t\t<div data-elementor-type=\"wp-page\" data-elementor-id=\"10286\" class=\"elementor elementor-10286 elementor-2442\" data-elementor-post-type=\"page\">\n\t\t\t\t<div class=\"elementor-element elementor-element-1c4f99d e-flex e-con-boxed e-con e-parent\" data-id=\"1c4f99d\" data-element_type=\"container\" data-e-type=\"container\">\n\t\t\t\t\t<div class=\"e-con-inner\">\n\t\t\t\t<div class=\"elementor-element elementor-element-6224cb1f elementor-widget elementor-widget-text-editor\" data-id=\"6224cb1f\" data-element_type=\"widget\" data-e-type=\"widget\" data-widget_type=\"text-editor.default\">\n\t\t\t\t<div class=\"elementor-widget-container\">\n\t\t\t\t\t\t\t\t\t<h1>Allgemeine Gesch\u00e4ftsbedingungen f\u00fcr die Nutzung der Website<\/h1>\t\t\t\t\t\t\t\t<\/div>\n\t\t\t\t<\/div>\n\t\t\t\t<div class=\"elementor-element elementor-element-a53da97 elementor-widget elementor-widget-text-editor\" data-id=\"a53da97\" data-element_type=\"widget\" data-e-type=\"widget\" data-widget_type=\"text-editor.default\">\n\t\t\t\t<div class=\"elementor-widget-container\">\n\t\t\t\t\t\t\t\t\t<p><em>Bitte beachten Sie, dass dieses Dokument nur eine \u00dcbersetzung zu Informationszwecken ist. Die offizielle und rechtsverbindliche Version ist die italienische Version. <\/em><\/p><p> <\/p><p>Sehr geehrter Nutzer, bitte lesen Sie diese Nutzungsbedingungen (&#8222;Nutzungsbedingungen&#8220;) sorgf\u00e4ltig durch, bevor Sie die Website welcome.farfallexeventi.com (die &#8222;Website&#8220;) nutzen. Der Zugriff auf und die Nutzung dieser Website und der damit verbundenen Dienste setzt voraus, dass Sie diese Nutzungsbedingungen gelesen, verstanden und akzeptiert haben, die bei Bedarf in regelm\u00e4\u00dfigen Abst\u00e4nden aktualisiert werden k\u00f6nnen. Wenn Sie mit einer dieser Klauseln nicht einverstanden sind, sehen Sie bitte von der Nutzung unserer Website ab. Indem Sie auf die Website zugreifen, erkl\u00e4ren Sie au\u00dferdem, dass Sie vollj\u00e4hrig und handlungsf\u00e4hig sind.   <\/p><p>Die Website ist Eigentum und wird betrieben von SmartBugs s.s., mit Sitz in Via Cave, 66, Villorba (TV), Italien - USt.-Nr. 04659080263, R.E.A. Nr. TV-38727, im Folgenden &#8222;SB&#8220; oder &#8222;der Eigent\u00fcmer&#8220; genannt. Bitte beachten Sie, dass die Website Links zu Websites Dritter enthalten kann, die nicht von SB kontrolliert werden, und SB daher nicht f\u00fcr deren Inhalt verantwortlich gemacht werden kann.  <\/p><p>Auf dieser Website k\u00f6nnen Sie sich \u00fcber unsere Produkte und Dienstleistungen informieren und diese in unserem Online-Shop ausw\u00e4hlen und kaufen, vorbehaltlich der Allgemeinen Verkaufsbedingungen (die Sie vor Abschluss eines Kaufs lesen m\u00fcssen). Die gekauften Produkte\/Dienstleistungen werden innerhalb des nationalen Territoriums geliefert. Unser Kundenservice (info@farfallexeventi.com) steht Ihnen zur Verf\u00fcgung, wenn Sie Unterst\u00fctzung oder weitere Informationen zu unseren Produkten und Dienstleistungen ben\u00f6tigen.  <\/p><p>Diese Website ist als geistiges Werk gem\u00e4\u00df den geltenden Urheberrechtsgesetzen (insbesondere dem Gesetz Nr. 633\/1941 und nachfolgenden \u00c4nderungen) gesch\u00fctzt. Es ist Ihnen nicht gestattet, den Inhalt - einschlie\u00dflich der Domainnamen - oder die Dienstleistungen im Zusammenhang mit unserer Website ganz oder teilweise zu ver\u00e4ndern, zu ver\u00f6ffentlichen, zu vertreiben, Rechte zu vergeben, zu reproduzieren, zu modifizieren oder in irgendeiner Weise kommerziell zu nutzen. Dieses Verbot erstreckt sich auch auf die unbefugte Verwendung von Marken und anderen Unterscheidungsmerkmalen, die Eigentum von SB sind.  <\/p><p>Wir informieren Sie dar\u00fcber, dass die von Ihnen zur Verf\u00fcgung gestellten personenbezogenen Daten gem\u00e4\u00df der italienischen Gesetzgebung (Gesetzesdekret Nr. 196\/2003 und nachfolgende \u00c4nderungen, &#8222;Datenschutzgesetz&#8220;) und der europ\u00e4ischen Gesetzgebung (EU-Verordnung 2016\/679, &#8222;GDPR&#8220;) zum Schutz personenbezogener Daten gesch\u00fctzt werden. Weitere rechtliche Informationen finden Sie in unseren Abschnitten zum Datenschutz und zur Cookie-Richtlinie. <\/p><p>Sie k\u00f6nnen unseren Newsletter per E-Mail abonnieren, mit dem wir Sie \u00fcber Werbeaktionen, Veranstaltungen und Sonderangebote informieren. Ihre pers\u00f6nlichen Daten werden in \u00dcbereinstimmung mit unserer Datenschutzerkl\u00e4rung verarbeitet. <\/p>\t\t\t\t\t\t\t\t<\/div>\n\t\t\t\t<\/div>\n\t\t\t\t\t<\/div>\n\t\t\t\t<\/div>\n\t\t\t\t<\/div>\n\t\t","protected":false},"excerpt":{"rendered":"<p>Allgemeine Gesch\u00e4ftsbedingungen f\u00fcr die Nutzung der Website Bitte beachten Sie, dass dieses Dokument nur eine \u00dcbersetzung zu Informationszwecken ist. Die offizielle und rechtsverbindliche Version ist die italienische Version. Sehr geehrter Nutzer, bitte lesen Sie diese Nutzungsbedingungen (&#8222;Nutzungsbedingungen&#8220;) sorgf\u00e4ltig durch, bevor Sie die Website welcome.farfallexeventi.com (die &#8222;Website&#8220;) nutzen. Der Zugriff auf und die Nutzung dieser Website [&hellip;]<\/p>\n","protected":false},"author":1,"featured_media":0,"parent":0,"menu_order":0,"comment_status":"closed","ping_status":"closed","template":"","meta":{"_acf_changed":false,"footnotes":""},"folder":[260],"class_list":["post-10286","page","type-page","status-publish","hentry"],"acf":[],"_links":{"self":[{"href":"https:\/\/butterflies4events.com\/de\/wp-json\/wp\/v2\/pages\/10286","targetHints":{"allow":["GET"]}}],"collection":[{"href":"https:\/\/butterflies4events.com\/de\/wp-json\/wp\/v2\/pages"}],"about":[{"href":"https:\/\/butterflies4events.com\/de\/wp-json\/wp\/v2\/types\/page"}],"author":[{"embeddable":true,"href":"https:\/\/butterflies4events.com\/de\/wp-json\/wp\/v2\/users\/1"}],"replies":[{"embeddable":true,"href":"https:\/\/butterflies4events.com\/de\/wp-json\/wp\/v2\/comments?post=10286"}],"version-history":[{"count":3,"href":"https:\/\/butterflies4events.com\/de\/wp-json\/wp\/v2\/pages\/10286\/revisions"}],"predecessor-version":[{"id":12078,"href":"https:\/\/butterflies4events.com\/de\/wp-json\/wp\/v2\/pages\/10286\/revisions\/12078"}],"wp:attachment":[{"href":"https:\/\/butterflies4events.com\/de\/wp-json\/wp\/v2\/media?parent=10286"}],"wp:term":[{"taxonomy":"folder","embeddable":true,"href":"https:\/\/butterflies4events.com\/de\/wp-json\/wp\/v2\/folder?post=10286"}],"curies":[{"name":"wp","href":"https:\/\/api.w.org\/{rel}","templated":true}]}}