{"id":10057,"date":"2023-12-14T11:56:00","date_gmt":"2023-12-14T11:56:00","guid":{"rendered":"https:\/\/butterflies4events.com\/hochzeiten\/"},"modified":"2026-01-19T17:00:14","modified_gmt":"2026-01-19T17:00:14","slug":"hochzeiten","status":"publish","type":"page","link":"https:\/\/butterflies4events.com\/de\/hochzeiten\/","title":{"rendered":"Hochzeiten"},"content":{"rendered":"\t\t<div data-elementor-type=\"wp-page\" data-elementor-id=\"10057\" class=\"elementor elementor-10057 elementor-52\" data-elementor-post-type=\"page\">\n\t\t\t\t<div class=\"elementor-element elementor-element-d7cc84f e-con-full e-flex e-con e-parent\" data-id=\"d7cc84f\" data-element_type=\"container\" data-e-type=\"container\" data-settings=\"{&quot;background_background&quot;:&quot;classic&quot;}\">\n\t\t<div class=\"elementor-element elementor-element-6cb727e e-con-full e-flex e-con e-child\" data-id=\"6cb727e\" data-element_type=\"container\" data-e-type=\"container\" data-settings=\"{&quot;background_background&quot;:&quot;classic&quot;}\">\n\t\t\t\t<div class=\"elementor-element elementor-element-11132b1 elementor-widget elementor-widget-text-editor\" data-id=\"11132b1\" data-element_type=\"widget\" data-e-type=\"widget\" data-widget_type=\"text-editor.default\">\n\t\t\t\t<div class=\"elementor-widget-container\">\n\t\t\t\t\t\t\t\t\t<h4>W\u00e4hlen Sie Ihre Schmetterlinge<\/h4><h2>F\u00fcr Ihre Hochzeit<\/h2>\t\t\t\t\t\t\t\t<\/div>\n\t\t\t\t<\/div>\n\t\t\t\t<\/div>\n\t\t<div class=\"elementor-element elementor-element-933fc9b e-con-full e-flex e-con e-child\" data-id=\"933fc9b\" data-element_type=\"container\" data-e-type=\"container\" data-settings=\"{&quot;background_background&quot;:&quot;classic&quot;}\">\n\t\t\t\t<\/div>\n\t\t\t\t<\/div>\n\t\t<div class=\"elementor-element elementor-element-c952d60 e-flex e-con-boxed e-con e-parent\" data-id=\"c952d60\" data-element_type=\"container\" data-e-type=\"container\" data-settings=\"{&quot;background_background&quot;:&quot;classic&quot;}\">\n\t\t\t\t\t<div class=\"e-con-inner\">\n\t\t\t\t<div class=\"elementor-element elementor-element-64c4297 elementor-widget elementor-widget-text-editor\" data-id=\"64c4297\" data-element_type=\"widget\" data-e-type=\"widget\" data-widget_type=\"text-editor.default\">\n\t\t\t\t<div class=\"elementor-widget-container\">\n\t\t\t\t\t\t\t\t\t<h3 style=\"text-align: left;\">Schmetterlingsfreilassung &amp; Bomboniere<\/h3><p data-start=\"191\" data-end=\"356\">Eine Hochzeit ist ein Fest der Liebe und Einheit. Eine <strong>Schmetterlingsbefreiung<\/strong> verleiht der Zeremonie oder dem Empfang einen Hauch von Magie und Wunder. <\/p><p data-start=\"358\" data-end=\"551\">Stellen Sie sich vor, wie die Schmetterlinge in der Luft flattern, wenn Sie Ihr Eheversprechen abgeben. Das schafft eine m\u00e4rchenhafte Atmosph\u00e4re und unvergessliche Fotomotive. Es ist eine wundersch\u00f6ne Art, Ihre gemeinsame Reise zu beginnen. <\/p><p data-start=\"553\" data-end=\"659\">Bedanken Sie sich bei Ihren G\u00e4sten mit einer <strong data-start=\"578\" data-end=\"605\">Butterfly Dream Bomboniera<\/strong> - ein perfektes Erinnerungsst\u00fcck an Ihren besonderen Tag.<\/p>\t\t\t\t\t\t\t\t<\/div>\n\t\t\t\t<\/div>\n\t\t<div class=\"elementor-element elementor-element-f4fee72 e-con-full e-flex e-con e-child\" data-id=\"f4fee72\" data-element_type=\"container\" data-e-type=\"container\">\n\t\t\t\t<div class=\"elementor-element elementor-element-4b93b2c elementor-widget__width-initial elementor-widget-tablet__width-initial elementor-widget-mobile__width-inherit elementor-widget elementor-widget-video\" data-id=\"4b93b2c\" data-element_type=\"widget\" data-e-type=\"widget\" data-settings=\"{&quot;mute&quot;:&quot;yes&quot;,&quot;loop&quot;:&quot;yes&quot;,&quot;autoplay&quot;:&quot;yes&quot;,&quot;play_on_mobile&quot;:&quot;yes&quot;,&quot;video_type&quot;:&quot;hosted&quot;}\" data-widget_type=\"video.default\">\n\t\t\t\t<div class=\"elementor-widget-container\">\n\t\t\t\t\t\t\t<div class=\"e-hosted-video elementor-wrapper elementor-open-inline\">\n\t\t\t\t\t<video class=\"elementor-video\" src=\"https:\/\/butterflies4events.com\/wp-content\/uploads\/2025\/08\/FxE-Esempio-video-1.mp4\" autoplay=\"\" loop=\"\" muted=\"muted\" playsinline=\"\" controlsList=\"nodownload\"><\/video>\n\t\t\t\t<\/div>\n\t\t\t\t\t\t<\/div>\n\t\t\t\t<\/div>\n\t\t\t\t<div class=\"elementor-element elementor-element-28eb64c elementor-widget elementor-widget-text-editor\" data-id=\"28eb64c\" data-element_type=\"widget\" data-e-type=\"widget\" data-widget_type=\"text-editor.default\">\n\t\t\t\t<div class=\"elementor-widget-container\">\n\t\t\t\t\t\t\t\t\t<h3>F\u00fcr eine perfekte Hochzeit<\/h3><p>Ihr Gl\u00fcck ist unsere Priorit\u00e4t. Dank unserer jahrelangen Erfahrung wissen wir genau, was n\u00f6tig ist, um Ihre Hochzeit unvergesslich zu machen! <\/p><p>Wir empfehlen:<\/p><ul><li><h5><a href=\"https:\/\/butterflies4events.com\/shop\/cloud-butterfly-release\/\">Wolke Freigabe<\/a><\/h5><\/li><\/ul><p style=\"padding-left: 80px;\"><strong>100 wei\u00dfe Schmetterlinge (Pieris brassicae)<br><\/strong>Obwohl diese Schmetterlinge klein sind, reflektieren sie das Licht wundersch\u00f6n und erzeugen einen atemberaubenden visuellen Effekt. Wir empfehlen eine hohe Anzahl, um eine spektakul\u00e4re &#8222;Wolke&#8220; zu schaffen, die Ihre G\u00e4ste in Erstaunen versetzen wird. <\/p><ul><li><a href=\"https:\/\/butterflies4events.com\/shop\/personal-butterfly-release\/\">Pers\u00f6nliche Ver\u00f6ffentlichungen<\/a><\/li><\/ul><p style=\"padding-left: 80px;\"><strong>Bunter Schmetterling (Papilio machaon)<br><\/strong>Einer der gr\u00f6\u00dften Schmetterlinge Europas, perfekt, um ihn aus der N\u00e4he zu bewundern. Er schafft eine besondere Bindung zwischen dem Schmetterling und der Person, die ihn freil\u00e4sst, was das Erlebnis noch eindringlicher macht. Besonders beliebt bei Kindern.  <\/p><ul><li><a href=\"https:\/\/butterflies4events.com\/shop\/butterfly-dream-favor\/\">Butterfly Dream Bomboniere<\/a><\/li><\/ul><p style=\"padding-left: 80px;\"><strong>Bunter Schmetterling (<em data-start=\"1408\" data-end=\"1425\">Papilio machaon<\/em>) mit elfenbeinfarbener Geschenkbox<br><\/strong>Eine originelle und nachhaltige Wahl, ideal um G\u00e4ste mit einem exklusiven Geschenk zu \u00fcberraschen. Die Farbe Elfenbein harmoniert perfekt mit der Farbpalette Ihrer Hochzeit. Im Inneren verwandelt sich die Puppe einige Tage nach dem Ereignis in einen wundersch\u00f6nen Schmetterling.<\/p>\t\t\t\t\t\t\t\t<\/div>\n\t\t\t\t<\/div>\n\t\t\t\t<\/div>\n\t\t\t\t\t<\/div>\n\t\t\t\t<\/div>\n\t\t<div class=\"elementor-element elementor-element-b2bcc28 e-con-full e-flex e-con e-parent\" data-id=\"b2bcc28\" data-element_type=\"container\" data-e-type=\"container\" data-settings=\"{&quot;background_background&quot;:&quot;classic&quot;}\">\n\t\t\t\t<div class=\"elementor-element elementor-element-ddf60a7 elementor-widget elementor-widget-shortcode\" data-id=\"ddf60a7\" data-element_type=\"widget\" data-e-type=\"widget\" data-widget_type=\"shortcode.default\">\n\t\t\t\t<div class=\"elementor-widget-container\">\n\t\t\t\t\t\t\t<div class=\"elementor-shortcode\">\t\t<div data-elementor-type=\"container\" data-elementor-id=\"10551\" class=\"elementor elementor-10551 elementor-2624 elementor-2624\" data-elementor-post-type=\"elementor_library\">\n\t\t\t\t<div class=\"elementor-element elementor-element-b43722c e-con-full e-flex e-con e-parent\" data-id=\"b43722c\" data-element_type=\"container\" data-e-type=\"container\" data-settings=\"{&quot;background_background&quot;:&quot;classic&quot;}\">\n\t\t\t\t<div class=\"elementor-element elementor-element-c6df457 elementor-widget__width-inherit elementor-widget elementor-widget-text-editor\" data-id=\"c6df457\" data-element_type=\"widget\" data-e-type=\"widget\" data-widget_type=\"text-editor.default\">\n\t\t\t\t<div class=\"elementor-widget-container\">\n\t\t\t\t\t\t\t\t\t<h2 style=\"text-align: center;\">Sehen Sie, was wir anbieten<\/h2>\t\t\t\t\t\t\t\t<\/div>\n\t\t\t\t<\/div>\n\t\t\t\t<div class=\"elementor-element elementor-element-c9488b7 elementor-product-loop-item--align-center elementor-grid-2 elementor-widget__width-auto elementor-grid-mobile-1 elementor-grid-tablet-3 elementor-products-grid elementor-wc-products elementor-show-pagination-border-yes elementor-widget elementor-widget-woocommerce-products\" data-id=\"c9488b7\" data-element_type=\"widget\" data-e-type=\"widget\" data-widget_type=\"woocommerce-products.default\">\n\t\t\t\t<div class=\"elementor-widget-container\">\n\t\t\t\t\t<div class=\"woocommerce columns-2 \"><div class=\"woocommerce-notices-wrapper\"><\/div><ul class=\"products elementor-grid columns-2\">\n<li class=\"wvs-archive-product-wrapper product type-product post-10438 status-publish first instock product_cat-nicht-kategorisiert has-post-thumbnail taxable shipping-taxable product-type-variable\">\n\t<a href=\"https:\/\/butterflies4events.com\/de\/shop\/cloud-butterfly-release\/\" class=\"woocommerce-LoopProduct-link woocommerce-loop-product__link\"><img fetchpriority=\"high\" decoding=\"async\" width=\"300\" height=\"300\" src=\"https:\/\/butterflies4events.com\/wp-content\/uploads\/2024\/06\/1-300x300.jpg?wsr\" class=\"attachment-woocommerce_thumbnail size-woocommerce_thumbnail wvs-archive-product-image\" alt=\"Wolke Freigabe\" srcset=\"https:\/\/butterflies4events.com\/wp-content\/uploads\/2024\/06\/1-300x300.jpg 300w, https:\/\/butterflies4events.com\/wp-content\/uploads\/2024\/06\/1-100x100.jpg 100w, https:\/\/butterflies4events.com\/wp-content\/uploads\/2024\/06\/1-600x600.jpg 600w, https:\/\/butterflies4events.com\/wp-content\/uploads\/2024\/06\/1-1024x1024.jpg 1024w, https:\/\/butterflies4events.com\/wp-content\/uploads\/2024\/06\/1-150x150.jpg 150w, https:\/\/butterflies4events.com\/wp-content\/uploads\/2024\/06\/1-768x768.jpg 768w, https:\/\/butterflies4events.com\/wp-content\/uploads\/2024\/06\/1-1536x1536.jpg 1536w, https:\/\/butterflies4events.com\/wp-content\/uploads\/2024\/06\/1-2048x2048.jpg 2048w, https:\/\/butterflies4events.com\/wp-content\/uploads\/2024\/06\/1-50x50.jpg 50w, https:\/\/butterflies4events.com\/wp-content\/uploads\/2024\/06\/1-32x32.jpg 32w\" sizes=\"(max-width: 300px) 100vw, 300px\" \/><h2 class=\"woocommerce-loop-product__title\">Wolke Freigabe<\/h2>\n<\/a><div class=\"woocommerce-loop-product__buttons\"><a href=\"https:\/\/butterflies4events.com\/de\/shop\/cloud-butterfly-release\/\" aria-describedby=\"woocommerce_loop_add_to_cart_link_describedby_10438\" data-quantity=\"1\" class=\"button product_type_variable\" data-product_id=\"10438\" data-product_sku=\"\" aria-label=\"W\u00e4hle Optionen f\u00fcr \u201eWolke Freigabe\u201c\" rel=\"nofollow\">Entdecken Sie<\/a><\/div>\t<span id=\"woocommerce_loop_add_to_cart_link_describedby_10438\" class=\"screen-reader-text\">\n\t\t\t<\/span>\n<\/li>\n<li class=\"wvs-archive-product-wrapper product type-product post-10321 status-publish last instock product_cat-nicht-kategorisiert has-post-thumbnail taxable shipping-taxable product-type-variable\">\n\t<a href=\"https:\/\/butterflies4events.com\/de\/shop\/persoenliche-schmetterlingsfreigabe\/\" class=\"woocommerce-LoopProduct-link woocommerce-loop-product__link\"><img decoding=\"async\" width=\"300\" height=\"300\" src=\"https:\/\/butterflies4events.com\/wp-content\/uploads\/2024\/08\/1-1-300x300.png?wsr\" class=\"attachment-woocommerce_thumbnail size-woocommerce_thumbnail wvs-archive-product-image\" alt=\"Pers\u00f6nliche Freigabe\" srcset=\"https:\/\/butterflies4events.com\/wp-content\/uploads\/2024\/08\/1-1-300x300.png 300w, https:\/\/butterflies4events.com\/wp-content\/uploads\/2024\/08\/1-1-100x100.png 100w, https:\/\/butterflies4events.com\/wp-content\/uploads\/2024\/08\/1-1-600x600.png 600w, https:\/\/butterflies4events.com\/wp-content\/uploads\/2024\/08\/1-1-1024x1024.png 1024w, https:\/\/butterflies4events.com\/wp-content\/uploads\/2024\/08\/1-1-150x150.png 150w, https:\/\/butterflies4events.com\/wp-content\/uploads\/2024\/08\/1-1-768x768.png 768w, https:\/\/butterflies4events.com\/wp-content\/uploads\/2024\/08\/1-1-1536x1536.png 1536w, https:\/\/butterflies4events.com\/wp-content\/uploads\/2024\/08\/1-1-50x50.png 50w, https:\/\/butterflies4events.com\/wp-content\/uploads\/2024\/08\/1-1-32x32.png 32w, https:\/\/butterflies4events.com\/wp-content\/uploads\/2024\/08\/1-1.png 1620w\" sizes=\"(max-width: 300px) 100vw, 300px\" \/><h2 class=\"woocommerce-loop-product__title\">Pers\u00f6nliche Freigabe<\/h2>\n<\/a><div class=\"woocommerce-loop-product__buttons\"><a href=\"https:\/\/butterflies4events.com\/de\/shop\/persoenliche-schmetterlingsfreigabe\/\" aria-describedby=\"woocommerce_loop_add_to_cart_link_describedby_10321\" data-quantity=\"1\" class=\"button product_type_variable\" data-product_id=\"10321\" data-product_sku=\"\" aria-label=\"W\u00e4hle Optionen f\u00fcr \u201ePers\u00f6nliche Freigabe\u201c\" rel=\"nofollow\">Entdecken Sie<\/a><\/div>\t<span id=\"woocommerce_loop_add_to_cart_link_describedby_10321\" class=\"screen-reader-text\">\n\t\t\t<\/span>\n<\/li>\n<\/ul>\n<\/div>\t\t\t\t<\/div>\n\t\t\t\t<\/div>\n\t\t\t\t<div class=\"elementor-element elementor-element-3cf6ff1 elementor-widget elementor-widget-shortcode\" data-id=\"3cf6ff1\" data-element_type=\"widget\" data-e-type=\"widget\" data-widget_type=\"shortcode.default\">\n\t\t\t\t<div class=\"elementor-widget-container\">\n\t\t\t\t\t\t\t<div class=\"elementor-shortcode\">\t\t<div data-elementor-type=\"container\" data-elementor-id=\"10753\" class=\"elementor elementor-10753 elementor-9971 elementor-9971 elementor-9971\" data-elementor-post-type=\"elementor_library\">\n\t\t\t\t<div class=\"elementor-element elementor-element-110602d e-con-full e-flex e-con e-parent\" data-id=\"110602d\" data-element_type=\"container\" data-e-type=\"container\">\n\t\t\t\t<div class=\"elementor-element elementor-element-b45cbf3 elementor-align-center elementor-widget elementor-widget-button\" data-id=\"b45cbf3\" data-element_type=\"widget\" data-e-type=\"widget\" data-widget_type=\"button.default\">\n\t\t\t\t<div class=\"elementor-widget-container\">\n\t\t\t\t\t\t\t\t\t<div class=\"elementor-button-wrapper\">\n\t\t\t\t\t<a class=\"elementor-button elementor-button-link elementor-size-sm\" href=\"#elementor-action%3Aaction%3Dpopup%3Aopen%26settings%3DeyJpZCI6MTA1MjcsInRvZ2dsZSI6ZmFsc2V9\">\n\t\t\t\t\t\t<span class=\"elementor-button-content-wrapper\">\n\t\t\t\t\t\t\t\t\t<span class=\"elementor-button-text\">Anmelden um Preise zu sehen<\/span>\n\t\t\t\t\t<\/span>\n\t\t\t\t\t<\/a>\n\t\t\t\t<\/div>\n\t\t\t\t\t\t\t\t<\/div>\n\t\t\t\t<\/div>\n\t\t\t\t<\/div>\n\t\t\t\t<\/div>\n\t\t<\/div>\n\t\t\t\t\t\t<\/div>\n\t\t\t\t<\/div>\n\t\t\t\t<\/div>\n\t\t\t\t<\/div>\n\t\t<\/div>\n\t\t\t\t\t\t<\/div>\n\t\t\t\t<\/div>\n\t\t\t\t<\/div>\n\t\t<div class=\"elementor-element elementor-element-28ac33e e-con-full e-flex e-con e-parent\" data-id=\"28ac33e\" data-element_type=\"container\" data-e-type=\"container\">\n\t\t\t\t<div class=\"elementor-element elementor-element-5048b60 elementor-widget elementor-widget-shortcode\" data-id=\"5048b60\" data-element_type=\"widget\" data-e-type=\"widget\" data-widget_type=\"shortcode.default\">\n\t\t\t\t<div class=\"elementor-widget-container\">\n\t\t\t\t\t\t\t<div class=\"elementor-shortcode\">\t\t<div data-elementor-type=\"container\" data-elementor-id=\"10532\" class=\"elementor elementor-10532 elementor-9478 elementor-9478\" data-elementor-post-type=\"elementor_library\">\n\t\t\t\t<div class=\"elementor-element elementor-element-41f4cae e-flex e-con-boxed e-con e-child\" data-id=\"41f4cae\" data-element_type=\"container\" data-e-type=\"container\" data-settings=\"{&quot;background_background&quot;:&quot;classic&quot;}\">\n\t\t\t\t\t<div class=\"e-con-inner\">\n\t\t\t\t<div class=\"elementor-element elementor-element-0cb4b32 elementor-align-justify elementor-widget elementor-widget-button\" data-id=\"0cb4b32\" data-element_type=\"widget\" data-e-type=\"widget\" data-widget_type=\"button.default\">\n\t\t\t\t<div class=\"elementor-widget-container\">\n\t\t\t\t\t\t\t\t\t<div class=\"elementor-button-wrapper\">\n\t\t\t\t\t<a class=\"elementor-button elementor-button-link elementor-size-md\" href=\"https:\/\/butterflies4events.com\/de\/wie-es-funktioniert\/\">\n\t\t\t\t\t\t<span class=\"elementor-button-content-wrapper\">\n\t\t\t\t\t\t\t\t\t<span class=\"elementor-button-text\">Wie Sie Ihre Schmetterlinge empfangen<\/span>\n\t\t\t\t\t<\/span>\n\t\t\t\t\t<\/a>\n\t\t\t\t<\/div>\n\t\t\t\t\t\t\t\t<\/div>\n\t\t\t\t<\/div>\n\t\t\t\t<div class=\"elementor-element elementor-element-2f7852c elementor-align-center elementor-widget elementor-widget-button\" data-id=\"2f7852c\" data-element_type=\"widget\" data-e-type=\"widget\" data-widget_type=\"button.default\">\n\t\t\t\t<div class=\"elementor-widget-container\">\n\t\t\t\t\t\t\t\t\t<div class=\"elementor-button-wrapper\">\n\t\t\t\t\t<a class=\"elementor-button elementor-button-link elementor-size-md\" href=\"https:\/\/butterflies4events.com\/de\/foto-video-tipps\/\">\n\t\t\t\t\t\t<span class=\"elementor-button-content-wrapper\">\n\t\t\t\t\t\t\t\t\t<span class=\"elementor-button-text\">Entdecken Sie unsere Tipps f\u00fcr unvergessliche Fotos und Videos<\/span>\n\t\t\t\t\t<\/span>\n\t\t\t\t\t<\/a>\n\t\t\t\t<\/div>\n\t\t\t\t\t\t\t\t<\/div>\n\t\t\t\t<\/div>\n\t\t\t\t\t<\/div>\n\t\t\t\t<\/div>\n\t\t\t\t<\/div>\n\t\t<\/div>\n\t\t\t\t\t\t<\/div>\n\t\t\t\t<\/div>\n\t\t\t\t<\/div>\n\t\t\t\t<\/div>\n\t\t","protected":false},"excerpt":{"rendered":"<p>W\u00e4hlen Sie Ihre Schmetterlinge F\u00fcr Ihre Hochzeit Schmetterlingsfreilassung &amp; Bomboniere Eine Hochzeit ist ein Fest der Liebe und Einheit. Eine Schmetterlingsbefreiung verleiht der Zeremonie oder dem Empfang einen Hauch von Magie und Wunder. Stellen Sie sich vor, wie die Schmetterlinge in der Luft flattern, wenn Sie Ihr Eheversprechen abgeben. Das schafft eine m\u00e4rchenhafte Atmosph\u00e4re und [&hellip;]<\/p>\n","protected":false},"author":1,"featured_media":0,"parent":0,"menu_order":0,"comment_status":"closed","ping_status":"closed","template":"","meta":{"_acf_changed":false,"footnotes":""},"folder":[258],"class_list":["post-10057","page","type-page","status-publish","hentry"],"acf":[],"_links":{"self":[{"href":"https:\/\/butterflies4events.com\/de\/wp-json\/wp\/v2\/pages\/10057","targetHints":{"allow":["GET"]}}],"collection":[{"href":"https:\/\/butterflies4events.com\/de\/wp-json\/wp\/v2\/pages"}],"about":[{"href":"https:\/\/butterflies4events.com\/de\/wp-json\/wp\/v2\/types\/page"}],"author":[{"embeddable":true,"href":"https:\/\/butterflies4events.com\/de\/wp-json\/wp\/v2\/users\/1"}],"replies":[{"embeddable":true,"href":"https:\/\/butterflies4events.com\/de\/wp-json\/wp\/v2\/comments?post=10057"}],"version-history":[{"count":11,"href":"https:\/\/butterflies4events.com\/de\/wp-json\/wp\/v2\/pages\/10057\/revisions"}],"predecessor-version":[{"id":12000,"href":"https:\/\/butterflies4events.com\/de\/wp-json\/wp\/v2\/pages\/10057\/revisions\/12000"}],"wp:attachment":[{"href":"https:\/\/butterflies4events.com\/de\/wp-json\/wp\/v2\/media?parent=10057"}],"wp:term":[{"taxonomy":"folder","embeddable":true,"href":"https:\/\/butterflies4events.com\/de\/wp-json\/wp\/v2\/folder?post=10057"}],"curies":[{"name":"wp","href":"https:\/\/api.w.org\/{rel}","templated":true}]}}